{"id":35340,"date":"2017-11-25T07:35:15","date_gmt":"2017-11-25T07:35:15","guid":{"rendered":"https:\/\/www.lineandjo.com\/about-linejo\/"},"modified":"2026-03-11T13:22:23","modified_gmt":"2026-03-11T12:22:23","slug":"om-os","status":"publish","type":"page","link":"https:\/\/www.linehallberg.com\/da\/om-os\/","title":{"rendered":"OM OS"},"content":{"rendered":"<p>[vc_row content_placement=&#8221;middle&#8221; el_class=&#8221;wrapper-page&#8221;][vc_column mobile_margin_left=&#8221;20px&#8221; mobile_margin_right=&#8221;20px&#8221;][vc_column_text]<\/p>\n<h1 style=\"text-align: left;\">Om os<\/h1>\n<p>[\/vc_column_text][vc_single_image image=&#8221;82448&#8243; img_size=&#8221;full&#8221; alignment=&#8221;center&#8221; el_class=&#8221;respon-img mobile&#8221;][vc_empty_space height=&#8221;35px&#8221;][vc_column_text el_class=&#8221;respon-img mobile&#8221;]<\/p>\n<p style=\"text-align: left;\">Efter flere \u00e5r som LINE&amp;JO er en ny \u00e6ra under navnet LINE HALLBERG Atelier begyndt. Et samlingspunkt for bespoke og fine jewellery, kreativitet og individualitet.<\/p>\n<p style=\"text-align: left;\">LINE HALLBERG Atelier er fysisk og online universe, hvor du kan g\u00e5 p\u00e5 opdagelse i det ypperste udvalg af LINE&amp;JO Fine Jewellery, luksus piercingsmykker og nye unikke bespoke og fine jewellery designs skabt af Line Hallberg. Som en naturlig forl\u00e6ngelse finder du vores eksklusive piercing salon, hvor vi, gennem dedikeret og personlig vejledning, \u00f8nsker at g\u00f8re alle dine piercing og styling dr\u00f8mme til virkelighed.<\/p>\n<p>Med LINE HALLBERG Atelier fremh\u00e6ver og hylder vi det h\u00e5ndv\u00e6rket og den historie, der i dag b\u00e6res af guldsmed, stifter og kreativ direkt\u00f8r, Line Hallberg. P\u00e5 denne m\u00e5de sikres videref\u00f8relsen af den arv og de designs, du kender og elsker, samtidigt med at vores fortsatte dedikation til at tilbyde det h\u00f8jeste niveau inden for kvalitet, service og vejledning markeres.<\/p>\n<p>Ved at dyrke det f\u00e6llesskab, de oplevelser og minder, der deles gennem piercinger, bespoke og fine jewellery, er LINE HALLBERG Atelier et udtryk for at bringe mennesker sammen og hylde fortiden, nutiden og fremtiden. Hvert smykke skabes ud fra de mest elegante guldsmedeteknikker, der drives af en konstant nysgerrighed og s\u00f8gen efter at opn\u00e5 det ypperste formsprog. P\u00e5 denne m\u00e5de forenes de klassiske linjer fra LINE&amp;JO med Line Hallbergs egen passion for at skabe smykker, der binder mennesker sammen. Synergier, der forener guldsmeden med smykkeb\u00e6reren og forst\u00e6rker minder, indre styrke og sk\u00f8nhed gennem traditionerne og symbolismen bag hvert smykke.<\/p>\n<p style=\"text-align: left;\">Vi byder dig velkommen til LINE HALLBERG Atelier.<\/p>\n<p>[\/vc_column_text][vc_row_inner][vc_column_inner width=&#8221;1\/2&#8243;][vc_column_text css=&#8221;.vc_custom_1773231613833{padding-left: 100px !important;}&#8221; el_class=&#8221;respon-img desktop&#8221;]<\/p>\n<p style=\"text-align: left;\">Efter flere \u00e5r som LINE&amp;JO er en ny \u00e6ra under navnet LINE HALLBERG Atelier begyndt. Et samlingspunkt for bespoke og fine jewellery, kreativitet og individualitet.<\/p>\n<p style=\"text-align: left;\">LINE HALLBERG Atelier er fysisk og online universe, hvor du kan g\u00e5 p\u00e5 opdagelse i det ypperste udvalg af LINE&amp;JO Fine Jewellery, luksus piercingsmykker og nye unikke bespoke og fine jewellery designs skabt af Line Hallberg. Som en naturlig forl\u00e6ngelse finder du vores eksklusive piercing salon, hvor vi, gennem dedikeret og personlig vejledning, \u00f8nsker at g\u00f8re alle dine piercing og styling dr\u00f8mme til virkelighed.<\/p>\n<p>Med LINE HALLBERG Atelier fremh\u00e6ver og hylder vi det h\u00e5ndv\u00e6rket og den historie, der i dag b\u00e6res af guldsmed, stifter og kreativ direkt\u00f8r, Line Hallberg. P\u00e5 denne m\u00e5de sikres videref\u00f8relsen af den arv og de designs, du kender og elsker, samtidigt med at vores fortsatte dedikation til at tilbyde det h\u00f8jeste niveau inden for kvalitet, service og vejledning markeres.<\/p>\n<p>Ved at dyrke det f\u00e6llesskab, de oplevelser og minder, der deles gennem piercinger, bespoke og fine jewellery, er LINE HALLBERG Atelier et udtryk for at bringe mennesker sammen og hylde fortiden, nutiden og fremtiden. Hvert smykke skabes ud fra de mest elegante guldsmedeteknikker, der drives af en konstant nysgerrighed og s\u00f8gen efter at opn\u00e5 det ypperste formsprog. P\u00e5 denne m\u00e5de forenes de klassiske linjer fra LINE&amp;JO med Line Hallbergs egen passion for at skabe smykker, der binder mennesker sammen. Synergier, der forener guldsmeden med smykkeb\u00e6reren og forst\u00e6rker minder, indre styrke og sk\u00f8nhed gennem traditionerne og symbolismen bag hvert smykke.<\/p>\n<p style=\"text-align: left;\">Vi byder dig velkommen til LINE HALLBERG Atelier.<\/p>\n<p>[\/vc_column_text][\/vc_column_inner][vc_column_inner width=&#8221;1\/2&#8243;][vc_single_image image=&#8221;82448&#8243; img_size=&#8221;full&#8221; css=&#8221;.vc_custom_1773231626005{padding-right: 100px !important;}&#8221; el_class=&#8221;respon-img desktop&#8221;][\/vc_column_inner][\/vc_row_inner][vc_column_text]<\/p>\n<h2 class=\"content-heading-bg\" style=\"text-align: left;\">GULDSMEDEKUNST<\/h2>\n<p style=\"text-align: left;\">LINE HALLBERG Atelier bygger videre p\u00e5 LINE&amp;JO-arven, der blev skabt ud fra visionen om at kombinere den unikke nordiske designtradition og dens minimalistiske \u00e6stetik med de evigt foranderlige silhuetter og konturer fra mode og design, for s\u00e5ledes at frembringe et nyt univers af tidl\u00f8s og edgy guldsmedekunst og smykker.<\/p>\n<p style=\"text-align: left;\">Fra begyndelsen i 2007 har LINE&amp;JO v\u00e6ret pioneren, der br\u00f8d med guldsmedefagets restriktioner og opfattelsen af \u00e6gte smykker som v\u00e6rende klassiske diamantringe, perlehalsk\u00e6der og symmetriske s\u00e6t af \u00f8reringe. Ved at insistere p\u00e5 at researche og eksperimentere i v\u00e6rkstedet blev designs skabt over tid, hvor innovationen og formgivningen af smykkerne var i fokus. Herved blev et avantgarde design med en st\u00e6rk \u00e6stetik sikret. Udgangspunktet var, at alle kvinder selv kunne sammens\u00e6tte sit individuelle look og over tid sammens\u00e6tte en eksklusiv, personlig smykkesamling som kunne g\u00e5 i arv til n\u00e6ste generation.<\/p>\n<p style=\"text-align: left;\">Alle smykker fra LINE HALLBERG Atelier og LINE&amp;JO by Line Hallberg er h\u00e5ndlavet af professionelt uddannede guldsmede med en stolt tradition for guldsmedeh\u00e5ndv\u00e6rk. Hvert nyt design begynder med udf\u00e6rdigelsen af delikate h\u00e5ndtegninger og voksmodeller, f\u00f8r det endelige, smukke smykke ser dagens lys.<\/p>\n<p style=\"text-align: left;\">Vi fremstiller udelukkende smykker i de fineste materialer:<\/p>\n<p style=\"text-align: left;\">\u00b7 Sterlings\u00f8lv 925s<\/p>\n<p>\u00b7 14 karat, 18 og 22 karat massivt guld<\/p>\n<p>\u00b7 Brilliantslebne diamanter af h\u00f8jeste kvalitet<\/p>\n<p>\u00b7 Multifarvede safirer<\/p>\n<p>\u00b7 \u00c6gte perler, koraller, opaler, turkiser og lapis lazuli<\/p>\n<p>\u00b7 \u00c6gte h\u00e5ndlavet italiensk Murano glas<\/p>\n<h2 class=\"content-heading-bg\" style=\"text-align: left;\">METALLETS HEMMELIGHED<\/h2>\n<p style=\"text-align: left;\">Et s\u00e6rligt karakteristika for vores smykker er den opm\u00e6rksomhed, der gives \u00e6delmetallerne. Ved hj\u00e6lp af klassiske guldsmedeteknikker omdannes metallerne til skarpe, grafiske former med knivskarpe detaljer, hvorefter hvert design yderligere fremh\u00e6ves med en silkemat eller poleret overflade. Resultatet er smykker, der fremst\u00e5r som sm\u00e5 kunstv\u00e6rker.<\/p>\n<h2 style=\"text-align: left;\">SILKEMATTE S\u00d8LVSMYKKER<\/h2>\n<p style=\"text-align: left;\">Ved at bekl\u00e6de sterlings\u00f8lvet med gr\u00e5 ruthenium skaber Line Hallberg en silkemat, subtil og sofistikeret gr\u00e5 overflade. Resultatet er et karakteristisk cool, kantet og avant-garde look, der fremh\u00e6ver hvert enkelt smykkedesign.<\/p>\n<h2 style=\"text-align: left;\"><img class=\"aligncenter wp-image-74424 size-full\" title=\"ROYCE grey diamond A 150ppi\" src=\"https:\/\/www.linehallberg.com\/wp-content\/uploads\/2019\/05\/RABORN-grey_A_150ppi.jpg\" alt=\"RABORN grey\" width=\"500\" height=\"500\" \/>POLEREDE SK\u00d8NHEDER<\/h2>\n<p style=\"text-align: left;\">Den antikke overflade er skinnende blank. Sterlings\u00f8lvet bel\u00e6gges med ruthenium hvorefter det n\u00e6nsomt poleres. Denne unikke behandling frembringer en leg med lys og skygge, der fremh\u00e6ver detaljerne i designet og giver hvert enkelt smykke en unik dybde og et enest\u00e5ende liv.<img class=\"aligncenter wp-image-59433\" title=\"RUBIO antique 1 1 e1644488831397 1\" src=\"https:\/\/www.linehallberg.com\/da\/wp-content\/uploads\/2022\/06\/RUBIO-antique-1-1-e1644488831397-1.jpg\" alt=\"RUBIO antique\" width=\"500\" height=\"500\" \/><\/p>\n<h2 style=\"text-align: left;\">EN S\u00c6RLIG GULDTONE<\/h2>\n<p style=\"text-align: left;\">Vi har udviklet en helt unik guldlegering med en smuk og elegant lys farve. Den s\u00e6rlige blanding af finguld, kobber og sterlings\u00f8lv skaber den karakteristiske farve, der er fremst\u00e5r smuk op ad enhver hudtone. LINE HALLBERG Atelier og LINE&amp;JO by Line Hallberg smykker i massiv guld har enten silkematte eller polerede overflader.<\/p>\n<p style=\"text-align: left;\"><img class=\"aligncenter wp-image-60878\" title=\"MISS RAVENNA gold diamond\" src=\"https:\/\/www.linehallberg.com\/da\/wp-content\/uploads\/2022\/06\/MISS-RAVENNA-gold-diamond.png\" alt=\"MISS RAVENNA gold diamond\" width=\"500\" height=\"500\" \/><\/p>\n<h2 class=\"content-heading-bg\" style=\"text-align: left;\">EN SMYKKESAMLING TIL HELE LIVET<\/h2>\n<p style=\"text-align: left;\">Hver LINE HALLBERG Atelier og LINE&amp;JO by Line Hallberg kollektion er n\u00f8je designet til at komplementere det eksisterende univers. P\u00e5 den m\u00e5de sikres det, at hvert nyt smykke, der tilf\u00f8jes til din samling, passer ind og giver dine gamle smykker nyt liv.<br \/>\nForm\u00e5let er at give alle mulighed for at skabe en bevaringsv\u00e6rdig samling af LINE HALLBERG Atelier og LINE&amp;JO by Line Hallberg smykker, der p\u00e5 fineste vis repr\u00e6senterer de vigtigste minder i livet.<\/p>\n<p style=\"text-align: left;\">Udforsk vores smykker i <a href=\"https:\/\/www.linehallberg.com\/materials\/solid-gold\/\">guld<\/a>, <a href=\"https:\/\/www.linehallberg.com\/materials\/solid-white-gold\/\">hvidguld<\/a>, <a href=\"https:\/\/www.linehallberg.com\/materials\/high-polished-sterling-silver\/\">s\u00f8lv<\/a> eller vores helt s\u00e6rlige <a href=\"https:\/\/www.linehallberg.com\/materials\/silk-matte-sterling-silver\/\">silkematte grey sterlings\u00f8lv<\/a>.<\/p>\n<p>&nbsp;<\/p>\n<p style=\"text-align: center;\"><img class=\"wp-image-58961 aligncenter\" src=\"https:\/\/www.linehallberg.com\/da\/wp-content\/uploads\/2022\/07\/version-1.4.png\" alt=\"With love, Line Hallberg signature\" width=\"253\" \/><\/p>\n<p>[\/vc_column_text][\/vc_column][\/vc_row][vc_row][vc_column][vc_empty_space height=&#8221;70px&#8221;][\/vc_column][\/vc_row]<\/p>\n","protected":false},"excerpt":{"rendered":"<p>[vc_row content_placement=&#8221;middle&#8221; el_class=&#8221;wrapper-page&#8221;][vc_column mobile_margin_left=&#8221;20px&#8221; mobile_margin_right=&#8221;20px&#8221;][vc_column_text] Om os [\/vc_column_text][vc_single_image image=&#8221;82448&#8243; img_size=&#8221;full&#8221; alignment=&#8221;center&#8221; el_class=&#8221;respon-img mobile&#8221;][vc_empty_space height=&#8221;35px&#8221;][vc_column_text el_class=&#8221;respon-img mobile&#8221;] Efter flere \u00e5r som&#8230;<\/p>\n","protected":false},"author":62,"featured_media":0,"parent":0,"menu_order":0,"comment_status":"closed","ping_status":"closed","template":"","meta":[],"yst_prominent_words":[1277,1286,1486,1293,1294,1282,1291,1278,1484,1289,1284,1274,1290,1283,1285,1287,1485,1281,1292],"acf":[],"_links":{"self":[{"href":"https:\/\/www.linehallberg.com\/da\/wp-json\/wp\/v2\/pages\/35340"}],"collection":[{"href":"https:\/\/www.linehallberg.com\/da\/wp-json\/wp\/v2\/pages"}],"about":[{"href":"https:\/\/www.linehallberg.com\/da\/wp-json\/wp\/v2\/types\/page"}],"author":[{"embeddable":true,"href":"https:\/\/www.linehallberg.com\/da\/wp-json\/wp\/v2\/users\/62"}],"replies":[{"embeddable":true,"href":"https:\/\/www.linehallberg.com\/da\/wp-json\/wp\/v2\/comments?post=35340"}],"version-history":[{"count":48,"href":"https:\/\/www.linehallberg.com\/da\/wp-json\/wp\/v2\/pages\/35340\/revisions"}],"predecessor-version":[{"id":82453,"href":"https:\/\/www.linehallberg.com\/da\/wp-json\/wp\/v2\/pages\/35340\/revisions\/82453"}],"wp:attachment":[{"href":"https:\/\/www.linehallberg.com\/da\/wp-json\/wp\/v2\/media?parent=35340"}],"wp:term":[{"taxonomy":"yst_prominent_words","embeddable":true,"href":"https:\/\/www.linehallberg.com\/da\/wp-json\/wp\/v2\/yst_prominent_words?post=35340"}],"curies":[{"name":"wp","href":"https:\/\/api.w.org\/{rel}","templated":true}]}}