{"id":35347,"date":"2017-11-25T07:36:15","date_gmt":"2017-11-25T07:36:15","guid":{"rendered":"https:\/\/www.lineandjo.com\/retailers\/"},"modified":"2026-03-18T10:51:02","modified_gmt":"2026-03-18T09:51:02","slug":"boutique","status":"publish","type":"page","link":"https:\/\/www.linehallberg.com\/da\/boutique\/","title":{"rendered":"BOUTIQUE"},"content":{"rendered":"<p>[vc_row][vc_column][vc_column_text]<\/p>\n<h1 style=\"text-align: center;\">Boutique<\/h1>\n<p style=\"text-align: left;\">G\u00e5 p\u00e5 opdagelse i det komplette LINE HALLBERG Atelier univers i vores flagship boutique i K\u00f8benhavn.<\/p>\n<p>[\/vc_column_text][\/vc_column][\/vc_row][vc_row][vc_column][vc_empty_space height=&#8221;30px&#8221;][vc_single_image image=&#8221;67883&#8243; img_size=&#8221;full&#8221; el_class=&#8221;respon-img cph&#8221; css=&#8221;.vc_custom_1756807571277{margin-right: 80px !important;margin-left: 80px !important;}&#8221;][vc_empty_space height=&#8221;30px&#8221;][vc_column_text css=&#8221;.vc_custom_1773827220550{padding-top: 20px !important;}&#8221;]<\/p>\n<h2 style=\"text-align: left;\">K\u00d8BENHAVN<\/h2>\n<p style=\"text-align: left;\">Gothersgade 31<br \/>\n1123 K\u00f8benhavn K<br \/>\n+45 35 14 14 99<br \/>\n<span style=\"text-decoration: underline;\"><a href=\"mailto:customercare@linehallberg.com\">customercare@linehallberg.com<\/a><\/span><\/p>\n<p>&nbsp;<\/p>\n<h4 style=\"text-align: left;\">Boutique:<\/h4>\n<p style=\"text-align: left;\">Mandag &#8211; Torsdag: 11.00 &#8211; 17.30<br \/>\nFredag: 11.00 &#8211; 18.00<br \/>\nL\u00f8rdag: 11.00 &#8211; 15.00<br \/>\nS\u00f8n- og helligdage: Lukket<\/p>\n<div><\/div>\n<p>&nbsp;<\/p>\n<h4 style=\"text-align: left;\">Piercing Salon:<\/h4>\n<p style=\"text-align: left;\">Mandag: 11.30 &#8211; 17.30<br \/>\nTirsdag: 11.30 &#8211; 17.30<br \/>\nOnsdag: Lukket<br \/>\nTorsdag: 11.30 &#8211; 17.30<br \/>\nFredag: 11.30 &#8211; 18.00<br \/>\nL\u00f8rdag: 11.00 &#8211; 15.00<br \/>\nS\u00f8n- og helligdage: Lukket<\/p>\n<p><em>For at sikre dig en tid i vores Piercing Salon, anbefaler vi, at du <a href=\"https:\/\/www.linehallberg.com\/da\/book-en-piercing\/\"><span style=\"text-decoration: underline;\">booker online<\/span><\/a>. Ankom venligst ikke mere end 10 minutter f\u00f8r din piercingaftale, da vores piercing salon kun kan betjene \u00e9n piercingkunde ad gangen.<\/em>[\/vc_column_text][vc_empty_space height=&#8221;30px&#8221;][\/vc_column][\/vc_row]<\/p>\n","protected":false},"excerpt":{"rendered":"<p>[vc_row][vc_column][vc_column_text] Boutique G\u00e5 p\u00e5 opdagelse i det komplette LINE HALLBERG Atelier univers i vores flagship boutique i K\u00f8benhavn. [\/vc_column_text][\/vc_column][\/vc_row][vc_row][vc_column][vc_empty_space height=&#8221;30px&#8221;][vc_single_image&#8230;<\/p>\n","protected":false},"author":62,"featured_media":0,"parent":0,"menu_order":0,"comment_status":"closed","ping_status":"closed","template":"","meta":[],"yst_prominent_words":[1046,1909,1209,1047,1720,1717,1757,1919,1658,1719,1716],"acf":[],"_links":{"self":[{"href":"https:\/\/www.linehallberg.com\/da\/wp-json\/wp\/v2\/pages\/35347"}],"collection":[{"href":"https:\/\/www.linehallberg.com\/da\/wp-json\/wp\/v2\/pages"}],"about":[{"href":"https:\/\/www.linehallberg.com\/da\/wp-json\/wp\/v2\/types\/page"}],"author":[{"embeddable":true,"href":"https:\/\/www.linehallberg.com\/da\/wp-json\/wp\/v2\/users\/62"}],"replies":[{"embeddable":true,"href":"https:\/\/www.linehallberg.com\/da\/wp-json\/wp\/v2\/comments?post=35347"}],"version-history":[{"count":129,"href":"https:\/\/www.linehallberg.com\/da\/wp-json\/wp\/v2\/pages\/35347\/revisions"}],"predecessor-version":[{"id":82528,"href":"https:\/\/www.linehallberg.com\/da\/wp-json\/wp\/v2\/pages\/35347\/revisions\/82528"}],"wp:attachment":[{"href":"https:\/\/www.linehallberg.com\/da\/wp-json\/wp\/v2\/media?parent=35347"}],"wp:term":[{"taxonomy":"yst_prominent_words","embeddable":true,"href":"https:\/\/www.linehallberg.com\/da\/wp-json\/wp\/v2\/yst_prominent_words?post=35347"}],"curies":[{"name":"wp","href":"https:\/\/api.w.org\/{rel}","templated":true}]}}