{"id":35350,"date":"2018-03-13T23:26:29","date_gmt":"2018-03-13T22:26:29","guid":{"rendered":"https:\/\/www.lineandjo.com\/care-advice\/"},"modified":"2025-12-05T15:36:31","modified_gmt":"2025-12-05T14:36:31","slug":"smykkepleje","status":"publish","type":"page","link":"https:\/\/www.linehallberg.com\/da\/smykkepleje\/","title":{"rendered":"SMYKKEPLEJE"},"content":{"rendered":"<p>[vc_row][vc_column offset=&#8221;vc_col-md-offset-2 vc_col-md-8 vc_col-sm-offset-0 vc_col-xs-12&#8243;][vc_column_text]<\/p>\n<h1 style=\"text-align: left;\">SMYKKEPLEJE<\/h1>\n<p style=\"text-align: left;\">Hos LINE HALLBERG Atelier designes alle smykker af guldsmed og kreativ direkt\u00f8r, Line Hallberg. For at sikre smykkernes levetid, opfordrer vi til at f\u00f8lge nedenst\u00e5ende r\u00e5d for smykkepleje.<\/p>\n<p style=\"text-align: left;\">Alle LINE HALLBERG Atelier smykker er fremstillet i \u00e6delmetaller &#8211; enten sterlings\u00f8lv 925S eller massivt guld (14, 18 eller 22 karat). \u00c6delmetaller er bl\u00f8de og t\u00e5ler hverken st\u00f8d, slag eller h\u00f8je temperaturer. Samme g\u00f8r sig g\u00e6ldende for perler, koraller, turkiser, opaler og lapis lazuli, hvorfor al un\u00f8dig skade b\u00f8r undg\u00e5s, da disse ikke kan repareres. H\u00e5rspray, parfume, makeup og andre kemikalier p\u00e5virker ligeledes smykkers levetid, hvorfor vi altid anbefaler, at man tager sine smykker p\u00e5 som det sidste, samt tager dem af f\u00f8r bad, sport, manuelt arbejde eller s\u00f8vn. P\u00e5 den m\u00e5de undg\u00e5r man bl.a. at uds\u00e6tte sine smykker for s\u00e6berester, snavs og sved. Dette er med undtagelse for vores twist\u00f8reringe og L. COLLECTION piercingsmykker, da disse er designet til at blive b\u00e5ret d\u00f8gnet rundt.<\/p>\n<p>&nbsp;<\/p>\n<h2 style=\"text-align: left;\">OPBEVARING<\/h2>\n<p style=\"text-align: left;\">Foruden k\u00e6rlig behandling, udg\u00f8r opbevaringen af smykker ogs\u00e5 en v\u00e6sentlig del af smykkepleje. Vi anbefaler altid, at man opbevarer sine smykker i deres originale smykke\u00e6sker og gerne hver for sig, s\u00e5ledes de ikke ridser hinanden eller vikler sig sammen. S\u00e6rligt polerede overflader og overflader med rutheniumbel\u00e6gning er netop s\u00e5rbare overfor ridser, hvilket p\u00e5virker smykkets udseende.<\/p>\n<p>&nbsp;<\/p>\n<h2 style=\"text-align: left;\">VEDLIGEHOLDELSE<\/h2>\n<h3 style=\"text-align: left;\">Klik-\u00f8reringe<\/h3>\n<p style=\"text-align: left;\">klik-\u00f8reringe kan blive for stramme til at inds\u00e6tte i l\u00e5sen eller for l\u00f8se til at sidde godt fast i l\u00e5sen, efter noget tid. Der er heldigvis en meget nem l\u00f8sning p\u00e5 dette problem, som du selv kan udf\u00f8re.<\/p>\n<p style=\"text-align: left;\"><span style=\"text-decoration: underline;\"><strong><a href=\"https:\/\/www.linehallberg.com\/da\/guide-saadan-reparerer-du-din-klik-oerering\/\">F\u00f8lg vores guide til at reparere din klik-\u00f8rering.<\/a><\/strong><\/span><\/p>\n<p style=\"text-align: left;\">Hvis du stadig har problemer efter at have fulgt vores guide, er du velkommen til at bes\u00f8ge vores butik i K\u00f8benhavn, hvor vores personale vil v\u00e6re glade for at hj\u00e6lpe dig.<\/p>\n<p>&nbsp;<\/p>\n<h3 style=\"text-align: left;\">MASSIVT GULD, STERLINGS\u00d8LV OG DIAMANTER<\/h3>\n<p style=\"text-align: left;\">L\u00e6g smykkerne i lunkent vand tilsat en smule opvaskemiddel uden parfume og farve. Benyt en ren, bl\u00f8d tandb\u00f8rste til at fjerne snavs fra smykkerne. Rens smykkerne grundigt i rent vand og t\u00f8r n\u00e6nsomt efter med en bl\u00f8d klud.<\/p>\n<p>&nbsp;<\/p>\n<h3 style=\"text-align: left;\">POLERET STERLINGS\u00d8LV<\/h3>\n<p style=\"text-align: left;\">Sterlings\u00f8lv anl\u00f8ber og skal derfor pudses for at forblive smukt og blankt igen. Puds polerede smykker med en s\u00f8lvpudseklud &#8211; hvis smykkerne er meget anl\u00f8bet, kan silverclean benyttes.<\/p>\n<p>&nbsp;<\/p>\n<h3 style=\"text-align: left;\">RUTHENIUMBELAGT STERLINGS\u00d8LV<\/h3>\n<p style=\"text-align: left;\">Rutheniumbel\u00e6gningen p\u00e5 silkematte s\u00f8lvsmykker slides naturligt af, n\u00e5r smykket bruges. Dette er en del af\u00a0 designet, da smykkets overflade bliver fremh\u00e6vet og f\u00e5r liv, i takt med at det lyse sterlings\u00f8lv under det m\u00f8rke ruthenium tr\u00e6der frem. \u00d8nskes den oprindelige rutheniumbel\u00e6gningen genskabt, kontakt da venligst customercare@linehallberg.com for yderligere information eller bes\u00f8g vores butik.<\/p>\n<p>&nbsp;<\/p>\n<h3 style=\"text-align: left;\">SILKEMAT MASSIVT GULD<\/h3>\n<p style=\"text-align: left;\">Silkematte overflader p\u00e5 massive guldsmykker bliver gradvist blanke, som smykkerne bruges. Dette er en del af\u00a0 designet, da kontrasten mellem mat og blankt guld fremh\u00e6ver detaljerne i smykkets overflade og understreger smykkets sk\u00f8nhed. \u00d8nskes den oprindelige matte overflade genskabt, kontakt da venligst customercare@linehallberg.com for yderligere information eller bes\u00f8g <a href=\"https:\/\/www.linehallberg.com\/da\/boutiques\/\">vores butik<\/a>.<\/p>\n<p>&nbsp;<\/p>\n<h3 style=\"text-align: left;\">PERLER<\/h3>\n<p style=\"text-align: left;\">Rens n\u00e6nsomt med en let fugtig klud. Brug aldrig en b\u00f8rste eller nogen form for s\u00e6be eller kemikalier.<br \/>\nEjer man en LINE HALLBERG Atelier perlehalsk\u00e6de, skal man v\u00e6re opm\u00e6rksom p\u00e5 eventuel misfarvning, \u00e6ndring eller l\u00f8shed af k\u00e6dens snor, da dette kan indikere tid til at f\u00e5 trukket sin perlehalsk\u00e6de om. \u00d8nskes perlehalsk\u00e6den at blive trukket om, kontakt da venligst customercare@linehallberg.com for yderligere information eller bes\u00f8g <a href=\"https:\/\/www.linehallberg.com\/da\/boutiques\/\">vores butik<\/a>.<\/p>\n<p>&nbsp;<\/p>\n<h3 style=\"text-align: left;\">KORALLER, OPALER, TURKISER OG LAPIS LAZULI<\/h3>\n<p style=\"text-align: left;\">Rens n\u00e6nsomt koraller, opaler, turkiser og lapis lazuli med en let fugtig klud. Benyt aldrig b\u00f8rste, s\u00e6be eller kemikalier.<\/p>\n<p>&nbsp;<\/p>\n<h2 style=\"text-align: left;\">\u00c5RLIGT SMYKKETJEK<\/h2>\n<p style=\"text-align: left;\">Vi anbefaler, at man f\u00e5r sine smykker tjekket og professionelt renset mindst \u00e9n gang om \u00e5ret. S\u00e6rligt k\u00e6der, l\u00e5se, \u00f8skner og stenfatninger b\u00f8r tjekkes, da disse er s\u00e6rligt s\u00e5rbare over for slid. Vi hj\u00e6lper gerne med b\u00e5de tjek og rens \u2013 kontakt venligst customercare@linehallberg.com for yderligere information eller bes\u00f8g <a href=\"https:\/\/www.linehallberg.com\/da\/boutiques\/\">vores butik<\/a>.<\/p>\n<p>[\/vc_column_text][vc_empty_space height=&#8221;100px&#8221;][\/vc_column][\/vc_row]<\/p>\n","protected":false},"excerpt":{"rendered":"<p>[vc_row][vc_column offset=&#8221;vc_col-md-offset-2 vc_col-md-8 vc_col-sm-offset-0 vc_col-xs-12&#8243;][vc_column_text] SMYKKEPLEJE Hos LINE HALLBERG Atelier designes alle smykker af guldsmed og kreativ direkt\u00f8r, Line Hallberg&#8230;.<\/p>\n","protected":false},"author":62,"featured_media":0,"parent":0,"menu_order":0,"comment_status":"closed","ping_status":"closed","template":"","meta":[],"yst_prominent_words":[1306,1300,1303,1298,1305,1302,1297,1304,1299,1301],"acf":[],"_links":{"self":[{"href":"https:\/\/www.linehallberg.com\/da\/wp-json\/wp\/v2\/pages\/35350"}],"collection":[{"href":"https:\/\/www.linehallberg.com\/da\/wp-json\/wp\/v2\/pages"}],"about":[{"href":"https:\/\/www.linehallberg.com\/da\/wp-json\/wp\/v2\/types\/page"}],"author":[{"embeddable":true,"href":"https:\/\/www.linehallberg.com\/da\/wp-json\/wp\/v2\/users\/62"}],"replies":[{"embeddable":true,"href":"https:\/\/www.linehallberg.com\/da\/wp-json\/wp\/v2\/comments?post=35350"}],"version-history":[{"count":15,"href":"https:\/\/www.linehallberg.com\/da\/wp-json\/wp\/v2\/pages\/35350\/revisions"}],"predecessor-version":[{"id":81427,"href":"https:\/\/www.linehallberg.com\/da\/wp-json\/wp\/v2\/pages\/35350\/revisions\/81427"}],"wp:attachment":[{"href":"https:\/\/www.linehallberg.com\/da\/wp-json\/wp\/v2\/media?parent=35350"}],"wp:term":[{"taxonomy":"yst_prominent_words","embeddable":true,"href":"https:\/\/www.linehallberg.com\/da\/wp-json\/wp\/v2\/yst_prominent_words?post=35350"}],"curies":[{"name":"wp","href":"https:\/\/api.w.org\/{rel}","templated":true}]}}