{"id":37078,"date":"2019-01-21T11:57:51","date_gmt":"2019-01-21T10:57:51","guid":{"rendered":"https:\/\/www.lineandjo.com\/delivery-and-returns\/"},"modified":"2026-01-08T15:02:34","modified_gmt":"2026-01-08T14:02:34","slug":"levering-og-retur","status":"publish","type":"page","link":"https:\/\/www.linehallberg.com\/da\/levering-og-retur\/","title":{"rendered":"Levering og retur"},"content":{"rendered":"<p>[vc_row][vc_column][vc_column_text]<\/p>\n<h1 style=\"text-align: center;\">Levering &amp; retur<\/h1>\n<p>[\/vc_column_text][\/vc_column][\/vc_row][vc_row][vc_column width=&#8221;1\/2&#8243;][vc_single_image image=&#8221;78503&#8243; img_size=&#8221;full&#8221; el_class=&#8221;respon-img&#8221;][\/vc_column][vc_column width=&#8221;1\/2&#8243;][vc_column_text css=&#8221;.vc_custom_1738760804210{margin-top: 15px !important;}&#8221;]<\/p>\n<h3 style=\"text-align: left;\">Forsendelse<\/h3>\n<p>[\/vc_column_text][vc_tta_accordion section_title_tag=&#8221;h2&#8243; style=&#8221;modern&#8221; color=&#8221;grey&#8221; gap=&#8221;5&#8243; active_section=&#8221;18989&#8243; collapsible_all=&#8221;true&#8221;][vc_tta_section title=&#8221;Hvor lang tid tager forsendelse?&#8221; tab_id=&#8221;1738758419590-e1c6bb2b-8897&#8243;][vc_column_text]<\/p>\n<p style=\"text-align: left;\">Vi bestr\u00e6ber os p\u00e5 at afsende alle ordrer indenfor 1-2 arbejdsdage efter at bestillingen g\u00e5r igennem. I s\u00e6rlige perioder kan ordrebehandling dog tage op til fem arbejdsdage. Arbejdsdage t\u00e6lles fra mandag-fredag med undtagelse af danske helligdage.<\/p>\n<p>&nbsp;<\/p>\n<p style=\"text-align: left;\">Alle danske ordrer leveres med Postnord til n\u00e6rmeste Postnord pakkeshop. Internationale ordrer leveres med UPS el. GLS. Leveringstiden inden for EU er almindeligvis 1-3 arbejdsdage. Leveringstiden for alle \u00f8vrige lande varierer mellem 2-10 arbejdsdage afh\u00e6ngig af destination og evt. toldklarering (se venligst eksempler p\u00e5 leveringstider nedenfor).<\/p>\n<div>&nbsp;<\/div>\n<p style=\"text-align: left;\">Australien: 3 \u2013 8 arbejdsdage<br \/>\nDanmark: 1 \u2013 2 arbejdsdage<br \/>\nNorge: 1 \u2013 5 arbejdsdage<br \/>\nSverige: 1 \u2013 4 arbejdsdage<br \/>\nEngland: 1 \u2013 3 arbejdsdage<br \/>\nUSA: 1 \u2013 6 arbejdsdage<\/p>\n<div>&nbsp;<\/div>\n<p style=\"text-align: left;\">Har du yderligere sp\u00f8rgsm\u00e5l til levering og leveringstider, er du velkommen til at kontakte <a href=\"mailto:customercare@linehallberg.com\">customercare@linehallberg.com<\/a> eller ringe p\u00e5 +45 35 14 14 99.<\/p>\n<p>[\/vc_column_text][\/vc_tta_section][vc_tta_section title=&#8221;Hvad er prisen p\u00e5 fragt?&#8221; tab_id=&#8221;1738758419590-c05db639-951e&#8221;][vc_column_text]<\/p>\n<p style=\"text-align: left;\"><strong>Danmark<\/strong><br \/>\nFragt for ordrer under DKK 699 = DKK 79 (Postnord pakkeshop)<br \/>\nFragt for ordrer over DKK 699 = Fri fragt (Postnord pakkeshop)<br \/>\nPick-up in store = Gratis (KBH)<\/p>\n<p style=\"text-align: left;\"><strong>Europa<\/strong><br \/>\nFragt for ordrer under DKK 7999 = DKK 300 (UPS)<br \/>\nFragt for ordrer over DKK 7999 = Fri fragt (UPS)<\/p>\n<p style=\"text-align: left;\"><strong>Resten af verden<\/strong><br \/>\nFragt for ordrer under DKK 7999 = DKK 600 (UPS)<br \/>\nFragt for ordrer over DKK 7999 = Fri fragt (UPS)<\/p>\n<p>[\/vc_column_text][\/vc_tta_section][vc_tta_section title=&#8221;Kan jeg afhente min ordre i butik?&#8221; tab_id=&#8221;1738758881097-7027d486-df34&#8243;][vc_column_text]<\/p>\n<p style=\"text-align: left;\">Du har mulighed for at afhente din ordre i vores butik i K\u00f8benhavn, hvilket er helt gratis. Vi sender dig en SMS, n\u00e5r din ordre er klar til afhentning.<\/p>\n<p style=\"text-align: left;\">Pick-up i K\u00f8benhavn: Gothersgade 31, 1123 K\u00f8benhavn K.<\/p>\n<p>[\/vc_column_text][\/vc_tta_section][vc_tta_section title=&#8221;Kan jeg spore min pakke?&#8221; tab_id=&#8221;1738758983624-c5a435e6-39b3&#8243;][vc_column_text]<\/p>\n<p style=\"text-align: left;\">Den dag din pakke afsendes, vil du modtage en mail fra vores partner, SEKO Logistics, med informationer til at spore din pakke. Husk at tjekke din spam-mappe, hvis ikke du kan finde din mail.<\/p>\n<p>[\/vc_column_text][\/vc_tta_section][vc_tta_section title=&#8221;P\u00e5l\u00e6gges min levering told, skat og andre afgifter?&#8221; tab_id=&#8221;1738759040207-ad6e8ede-da82&#8243;][vc_column_text]<\/p>\n<p style=\"text-align: left;\">Internationale ordrer kan blive p\u00e5lagt told, skat og afgifter. Desv\u00e6rre kan vi ikke kontrollere dette eller forudsige, hvad en eventuelt udgift vil blive, da disse varierer fra land til land.<\/p>\n<p style=\"text-align: left;\">Er du i tvivl om hvorvidt din pakke vil blive p\u00e5lagt told, skat og afgifter, opfordrer vi dig til at kontakte dine lokale myndigheder.<\/p>\n<p>[\/vc_column_text][\/vc_tta_section][vc_tta_section title=&#8221;Jeg kan ikke v\u00e6lge det land, jeg \u00f8nsker at f\u00e5 leveret til. Hvad g\u00f8r jeg?&#8221; tab_id=&#8221;1738759089544-cbe9f4ba-564b&#8221;][vc_column_text]<\/p>\n<p style=\"text-align: left;\">Hvis det \u00f8nskede leveringsland ikke viser sig ved checkout, bedes du kontakte os direkte p\u00e5 <a href=\"mailto:customercare@linehallberg.com\">customercare@linehallberg.com<\/a>, s\u00e5 vi kan arrangere leveringen.<\/p>\n<p>[\/vc_column_text][\/vc_tta_section][vc_tta_section title=&#8221;Kan jeg omdirigere min pakke?&#8221; tab_id=&#8221;1738759137464-56882815-9b11&#8243;][vc_column_text]<\/p>\n<p style=\"text-align: left;\">Af sikkerhedsm\u00e6ssige \u00e5rsager er det ikke muligt at omdirigere en pakke, s\u00e5 snart den er afsendt fra os.<\/p>\n<p>[\/vc_column_text][\/vc_tta_section][\/vc_tta_accordion][\/vc_column][\/vc_row][vc_row][vc_column width=&#8221;1\/2&#8243;][vc_column_text css=&#8221;.vc_custom_1738760812425{margin-top: 15px !important;}&#8221;]<\/p>\n<h3 style=\"text-align: left;\">Retur &amp; ombytning<\/h3>\n<p>[\/vc_column_text][vc_tta_accordion section_title_tag=&#8221;h2&#8243; style=&#8221;modern&#8221; color=&#8221;grey&#8221; gap=&#8221;5&#8243; active_section=&#8221;18989&#8243; collapsible_all=&#8221;true&#8221;][vc_tta_section title=&#8221;Hvad er jeres returregler?&#8221; tab_id=&#8221;1738759181222-fca4e45e-8504&#8243;][vc_column_text]<\/p>\n<p style=\"text-align: left;\">LINE HALLBERG Atelier har 14 dages returret. Bem\u00e6rk venligst at et evt. fragtgebyr og gaveindpakning ikke refunderes. Varer tages kun retur s\u00e5fremt det vurderes, at varen er returneret inden for rimelig tid og i original stand, dvs. intakt, uden skader, ubrugt og med ubrudt plomberingsm\u00e6rke. S\u00e5fremt disse kriterier ikke opfyldes, kan returen ikke accepteres.<\/p>\n<p style=\"text-align: left;\">Returnering sker for k\u00f8bers egen regning, ligesom at det er k\u00f8bers ansvar at sikre, at varen n\u00e5r frem til LINE&amp;JO i god stand. Vi anbefaler, at returvarer sendes med tracking og forsikring, da LINE HALLBERG Atelier ikke st\u00e5r til ansvar for eventuelle beskadigede eller bortkomne returvarer.<\/p>\n<p style=\"text-align: left;\">Refundering af k\u00f8bsbel\u00f8bet vil ske inden for 30 dage efter vi modtager returvaren.<\/p>\n<p>[\/vc_column_text][\/vc_tta_section][vc_tta_section title=&#8221;Hvordan returnerer jeg en vare?&#8221; tab_id=&#8221;1738759181222-8d57ac64-9081&#8243;][vc_column_text]<\/p>\n<p style=\"text-align: left;\">F\u00f8lg venligst nedenst\u00e5ende anvisninger for at foretage en retur:<\/p>\n<p style=\"text-align: left;\">1. Udfyld venligst skemaet p\u00e5 den <strong><a href=\"https:\/\/www.linehallberg.com\/da\/wp-content\/uploads\/2025\/08\/returseddel_DK.pdf\" target=\"_blank\" rel=\"noopener\">returseddel<\/a>,<\/strong> du modtog sammen med din faktura i pakken.<\/p>\n<p style=\"text-align: left;\">2. Returner smykkerne i original emballage sammen med den udfyldte returseddel og din faktura. S\u00f8rg for at smykkerne er forsvarligt pakket ind, s\u00e5 de ikke skades under fragten.<\/p>\n<p style=\"text-align: left;\">3. Indsend returpakken til ovenst\u00e5ende adresse.<\/p>\n<p style=\"text-align: left;\">OBS: K\u00f8bsbel\u00f8bet vil blive refunderet til det betalingskort, der blev benyttet ved betaling.<\/p>\n<p style=\"text-align: left;\"><strong>Returvarer sendes til:<\/strong><\/p>\n<p style=\"text-align: left;\">LINE HALLBERG Atelier<br \/>\nGothersgade 31<br \/>\n1123 Copenhagen K<br \/>\nAtt: Customer Care[\/vc_column_text][\/vc_tta_section][vc_tta_section title=&#8221;Kan jeg returnere en vare k\u00f8bt online i fysisk butik?&#8221; tab_id=&#8221;1738759181223-45c3b0ad-4a65&#8243;][vc_column_text]<\/p>\n<p style=\"text-align: left;\">Du er meget velkommen til at returnere varer k\u00f8bt p\u00e5 www.linehallberg.com i vores boutique i K\u00f8benhavn. Husk venligst at medbringe din returseddel og original faktura. V\u00e6r venligst opm\u00e6rksom p\u00e5, at k\u00f8bsbel\u00f8bet vil blive refunderet til det betalingskort, der blev benyttet ved betaling. Dette g\u00e6lder ogs\u00e5, hvis du returnerer en gave.<\/p>\n<p>[\/vc_column_text][\/vc_tta_section][vc_tta_section title=&#8221;Kan jeg returnere en vare k\u00f8bt i jeres fysisk boutique vha. jeres webshop?&#8221; tab_id=&#8221;1738759181223-e3af0066-3a03&#8243;][vc_column_text]<\/p>\n<p style=\"text-align: left;\">Alle varer k\u00f8bt i vores fysiske boutique skal ombyttes i vores fysiske boutique. Vi kan desv\u00e6rre ikke tage imod disse via webshoppen. V\u00e6r venligst opm\u00e6rksom p\u00e5 at vores boutique udelukkende ombytter varer &#8211; returnering af varer k\u00f8bt i vores boutique er ikke muligt.<\/p>\n<p>[\/vc_column_text][\/vc_tta_section][vc_tta_section title=&#8221;P\u00e5l\u00e6gges min levering told, skat og andre afgifter?&#8221; tab_id=&#8221;1738759181224-f5bfbc03-d9e9&#8243;][vc_column_text]<\/p>\n<p style=\"text-align: left;\">Internationale ordrer kan blive p\u00e5lagt told, skat og afgifter. Desv\u00e6rre kan vi ikke kontrollere dette eller forudsige, hvad en eventuelt udgift vil blive, da disse varierer fra land til land.<\/p>\n<p style=\"text-align: left;\">Er du i tvivl om hvorvidt din pakke vil blive p\u00e5lagt told, skat og afgifter, opfordrer vi dig til at kontakte dine lokale myndigheder.<\/p>\n<p>[\/vc_column_text][\/vc_tta_section][vc_tta_section title=&#8221;Hvordan ombytter jeg en vare k\u00f8bt p\u00e5 linehallberg.com?&#8221; tab_id=&#8221;1738759181224-172adfd5-a314&#8243;][vc_column_text]<\/p>\n<p style=\"text-align: left;\">Ringe k\u00f8bt p\u00e5 linehallberg.com kan ombyttes i st\u00f8rrelsen, ligesom at \u00f8reringe kan ombyttes h\u00f8jre\/venstre. F\u00f8lg venligst samme anvisninger, som hvis du skulle returnere en vare. Husk at notere p\u00e5 retursedlen, at du \u00f8nsker at ombytte en vare og til hvilken st\u00f8rrelse\/h\u00f8jre\/venstre.<\/p>\n<p style=\"text-align: left;\">Da vi af sikkerhedsm\u00e6ssige \u00e5rsager ikke opbevarer betalingsinformationer, kan linehallberg.com ikke tilbyde at ombytte fra en vare til en anden. Hvis du \u00f8nsker at modtage en anden vare end den bestilte, er du velkommen til at foretage ombytningen i en af vores butikker eller til at returnere produktet og l\u00e6gge en ny ordre.<\/p>\n<p>[\/vc_column_text][\/vc_tta_section][vc_tta_section title=&#8221;Hvem d\u00e6kker fragtomkostninger forbundet med returnering\/ombytning af en vare k\u00f8bt p\u00e5 linehallberg.com?&#8221; tab_id=&#8221;1738759181225-4fac08d3-cc32&#8243;][vc_column_text]<\/p>\n<p style=\"text-align: left;\">I tilf\u00e6lde af at det modtagne produkt er defekt ved modtagelsen, d\u00e6kker vi fragtomkostningerne forbundet med retur.<\/p>\n<p style=\"text-align: left;\">I tilf\u00e6lde af en almindelig returnering eller ombytning d\u00e6kker vi ikke fragtomkostningerne forbundet med retur.<\/p>\n<p>[\/vc_column_text][\/vc_tta_section][vc_tta_section title=&#8221;Jeg har modtaget et defekt produkt. Hvad g\u00f8r jeg?&#8221; tab_id=&#8221;1738760555448-6fd543d0-70c6&#8243;][vc_column_text]<\/p>\n<p style=\"text-align: left;\">V\u00e6r venligst opm\u00e6rksom p\u00e5 at alle smykker er h\u00e5ndlavede og at sm\u00e5 uregelm\u00e6ssigheder derfor kan forekomme, da hvert smykke er unikt.<\/p>\n<p style=\"text-align: left;\">Et produkt betegnes som defekt, hvis det er beskadiget eller i stykker ved modtagelsen eller hvis en produktionsfejl viser sig inden for 6 m\u00e5neder efter k\u00f8b.<\/p>\n<p style=\"text-align: left;\">V\u00e6r venligst opm\u00e6rksom p\u00e5, at produkter, der bliver beskadiget eller g\u00e5r i stykker p\u00e5 grund af slid, ikke betegnes som defekte.<\/p>\n<p style=\"text-align: left;\">Hvis du mener at dit smykke er defekt, s\u00e5 send os venligst en mail via <a href=\"mailto:customercare@linehallberg.com\">customercare@linehallberg.com<\/a>. Mailen b\u00f8r indeholde tydelige billeder af dit smykke og defekten, dine kontaktinformationer og en kopi af din originale kvittering eller faktura, hvis varen er k\u00f8bt online.<\/p>\n<p style=\"text-align: left;\">P\u00e5 baggrund af de indsendte billeder vil en professionel guldsmed vurdere smykket, f\u00f8r vi vender tilbage med informationer om den videre reparations-\/reklamationsproces.<\/p>\n<p>[\/vc_column_text][\/vc_tta_section][vc_tta_section title=&#8221;Jeg har modtaget et forkert produkt. Hvad g\u00f8r jeg?&#8221; tab_id=&#8221;1738760616934-3642ea5d-e82b&#8221;][vc_column_text]<\/p>\n<p style=\"text-align: left;\">S\u00e5fremt du har modtaget et andet produkt end det bestilte, kontakt da venligst <a href=\"mailto:customercare@linehallberg.com\">customercare@linehallberg.com<\/a>. Din mail b\u00f8r indeholde dit ordrenummer, dine kontaktinformationer, detaljer om det forkerte produkt samt informationer om hvorvidt du \u00f8nsker at modtage et nyt produkt eller at f\u00e5 dine penge refunderet.<br \/>\nP\u00e5 baggrund af din mail vil vi vende tilbage med den videre fremgangsm\u00e5de.[\/vc_column_text][\/vc_tta_section][\/vc_tta_accordion][\/vc_column][vc_column width=&#8221;1\/2&#8243;][vc_single_image image=&#8221;78505&#8243; img_size=&#8221;full&#8221; el_class=&#8221;respon-img&#8221;][\/vc_column][\/vc_row]<\/p>\n","protected":false},"excerpt":{"rendered":"<p>[vc_row][vc_column][vc_column_text] Levering &amp; retur [\/vc_column_text][\/vc_column][\/vc_row][vc_row][vc_column width=&#8221;1\/2&#8243;][vc_single_image image=&#8221;78503&#8243; img_size=&#8221;full&#8221; el_class=&#8221;respon-img&#8221;][\/vc_column][vc_column width=&#8221;1\/2&#8243;][vc_column_text css=&#8221;.vc_custom_1738760804210{margin-top: 15px !important;}&#8221;] Forsendelse [\/vc_column_text][vc_tta_accordion section_title_tag=&#8221;h2&#8243; style=&#8221;modern&#8221; color=&#8221;grey&#8221; gap=&#8221;5&#8243; active_section=&#8221;18989&#8243;&#8230;<\/p>\n","protected":false},"author":62,"featured_media":0,"parent":0,"menu_order":0,"comment_status":"closed","ping_status":"closed","template":"","meta":[],"yst_prominent_words":[1768,1767,1254,1763,1761,1282,1256,1249,1246,1764,1769,1253,1252,1255,1762,1247,1245,1248],"acf":[],"_links":{"self":[{"href":"https:\/\/www.linehallberg.com\/da\/wp-json\/wp\/v2\/pages\/37078"}],"collection":[{"href":"https:\/\/www.linehallberg.com\/da\/wp-json\/wp\/v2\/pages"}],"about":[{"href":"https:\/\/www.linehallberg.com\/da\/wp-json\/wp\/v2\/types\/page"}],"author":[{"embeddable":true,"href":"https:\/\/www.linehallberg.com\/da\/wp-json\/wp\/v2\/users\/62"}],"replies":[{"embeddable":true,"href":"https:\/\/www.linehallberg.com\/da\/wp-json\/wp\/v2\/comments?post=37078"}],"version-history":[{"count":39,"href":"https:\/\/www.linehallberg.com\/da\/wp-json\/wp\/v2\/pages\/37078\/revisions"}],"predecessor-version":[{"id":81880,"href":"https:\/\/www.linehallberg.com\/da\/wp-json\/wp\/v2\/pages\/37078\/revisions\/81880"}],"wp:attachment":[{"href":"https:\/\/www.linehallberg.com\/da\/wp-json\/wp\/v2\/media?parent=37078"}],"wp:term":[{"taxonomy":"yst_prominent_words","embeddable":true,"href":"https:\/\/www.linehallberg.com\/da\/wp-json\/wp\/v2\/yst_prominent_words?post=37078"}],"curies":[{"name":"wp","href":"https:\/\/api.w.org\/{rel}","templated":true}]}}