{"id":47884,"date":"2021-08-24T14:08:54","date_gmt":"2021-08-24T12:08:54","guid":{"rendered":"https:\/\/www.lineandjo.com\/styling-salon\/"},"modified":"2025-09-09T14:13:03","modified_gmt":"2025-09-09T12:13:03","slug":"styling-salon","status":"publish","type":"page","link":"https:\/\/www.linehallberg.com\/da\/styling-salon\/","title":{"rendered":"Styling Salon"},"content":{"rendered":"<p>[vc_row gap=&#8221;10&#8243;][vc_column][vc_column_text]<\/p>\n<h1 style=\"text-align: center;\">Styling salon<\/h1>\n<p>[\/vc_column_text]<div class=\"gem-video gem-wrapbox gem-wrapbox-style-no-style rounded-corners gem-wrapbox-position-below\" style=\"width: 100%;\"><div class=\"gem-wrapbox-inner video-block gem-ratio-style\" style=\"padding-top: 56.25%\"><video width=\"100%\" height=\"100%\" controls=\"controls\" src=\"https:\/\/www.linehallberg.com\/wp-content\/uploads\/2022\/02\/2654113822.mp4\"  poster=\"https:\/\/www.linehallberg.com\/da\/wp-content\/uploads\/2022\/02\/Skaermbillede-2022-02-07-kl.-11.15.55.png\" preload=\"none\"><\/video><\/div><\/div>[vc_column_text]<\/p>\n<p class=\"p1\" style=\"text-align: left;\">Hjerteligt velkommen i vores styling salon i K\u00f8benhavn.<\/p>\n<p class=\"p1\" style=\"text-align: left;\">Har du brug for inspiration til, hvordan du sammens\u00e6tter de rigtige \u00f8reringe, kombinerer dine ringe eller styler dine halsk\u00e6der, s\u00e5 kan vi hj\u00e6lpe dig. Book en gratis styling session p\u00e5 30 min. med en af vores dedikerede stylister og f\u00e5 hj\u00e6lp til at sammens\u00e6tte dit personlige LINE HALLBERG Atelier look.<\/p>\n<p class=\"p1\" style=\"text-align: left;\">Vi gl\u00e6der os til at se dig.<\/p>\n<p>&nbsp;<\/p>\n<p>Kontakt os p\u00e5 <span style=\"text-decoration: underline;\"><a href=\"mailto:cph-shop@linehallberg.com\">cph-shop@linehallberg.com<\/a><\/span> for at booke en styling session.<\/p>\n<p>&nbsp;[\/vc_column_text][\/vc_column][\/vc_row][vc_row][vc_column][vc_raw_html]JTNDcCUyMHN0eWxlJTNEJTIydGV4dC1hbGlnbiUzQSUyMGNlbnRlciUzQiUyMiUzRSUzQ2ltZyUyMGNsYXNzJTNEJTIyJTIwd3AtaW1hZ2UtNTg5NjElMjBhbGlnbmNlbnRlciUyMiUyMHNyYyUzRCUyMmh0dHBzJTNBJTJGJTJGd3d3LmxpbmVhbmRqby5jb20lMkZkYSUyRndwLWNvbnRlbnQlMkZ1cGxvYWRzJTJGMjAyMiUyRjA3JTJGdmVyc2lvbi0xLjQucG5nJTIyJTIwYWx0JTNEJTIyV2l0aCUyMGxvdmUlMkMlMjBMaW5lJTIwSGFsbGJlcmclMjBzaWduYXR1cmUlMjIlMjB3aWR0aCUzRCUyMjI1MyUyMiUyMCUyRiUzRSUzQyUyRnAlM0UlMEE=[\/vc_raw_html][\/vc_column][\/vc_row]<\/p>\n","protected":false},"excerpt":{"rendered":"<p>[vc_row gap=&#8221;10&#8243;][vc_column][vc_column_text] Styling salon [\/vc_column_text][vc_column_text] Hjerteligt velkommen i vores styling salon i K\u00f8benhavn. Har du brug for inspiration til, hvordan&#8230;<\/p>\n","protected":false},"author":62,"featured_media":0,"parent":0,"menu_order":0,"comment_status":"closed","ping_status":"closed","template":"","meta":[],"yst_prominent_words":[1506,1264,1282,1257,1508,2057,1509,1263,1269,1265],"acf":[],"_links":{"self":[{"href":"https:\/\/www.linehallberg.com\/da\/wp-json\/wp\/v2\/pages\/47884"}],"collection":[{"href":"https:\/\/www.linehallberg.com\/da\/wp-json\/wp\/v2\/pages"}],"about":[{"href":"https:\/\/www.linehallberg.com\/da\/wp-json\/wp\/v2\/types\/page"}],"author":[{"embeddable":true,"href":"https:\/\/www.linehallberg.com\/da\/wp-json\/wp\/v2\/users\/62"}],"replies":[{"embeddable":true,"href":"https:\/\/www.linehallberg.com\/da\/wp-json\/wp\/v2\/comments?post=47884"}],"version-history":[{"count":19,"href":"https:\/\/www.linehallberg.com\/da\/wp-json\/wp\/v2\/pages\/47884\/revisions"}],"predecessor-version":[{"id":80766,"href":"https:\/\/www.linehallberg.com\/da\/wp-json\/wp\/v2\/pages\/47884\/revisions\/80766"}],"wp:attachment":[{"href":"https:\/\/www.linehallberg.com\/da\/wp-json\/wp\/v2\/media?parent=47884"}],"wp:term":[{"taxonomy":"yst_prominent_words","embeddable":true,"href":"https:\/\/www.linehallberg.com\/da\/wp-json\/wp\/v2\/yst_prominent_words?post=47884"}],"curies":[{"name":"wp","href":"https:\/\/api.w.org\/{rel}","templated":true}]}}