{"id":58923,"date":"2022-06-21T15:09:49","date_gmt":"2022-06-21T13:09:49","guid":{"rendered":"http:\/\/lineandjo.chost.cloud\/da\/?page_id=58923"},"modified":"2026-01-20T14:25:01","modified_gmt":"2026-01-20T13:25:01","slug":"piercingpleje","status":"publish","type":"page","link":"https:\/\/www.linehallberg.com\/da\/piercing-salon\/piercingpleje\/","title":{"rendered":"PIERCINGPLEJE"},"content":{"rendered":"<p>[vc_row][vc_column]<div id=\"fullwidth-block-69e7a7e39384b\" class=\"fullwidth-block clearfix\"  style=\"\"><script type=\"text\/javascript\">if (typeof(gem_fix_fullwidth_position) == \"function\") { gem_fix_fullwidth_position(document.getElementById(\"fullwidth-block-69e7a7e39384b\")); }<\/script><div class=\"fullwidth-block-background\" style=\"background-image: url(https:\/\/www.linehallberg.com\/da\/wp-content\/uploads\/2024\/03\/Bla\u030a-v2.png);background-repeat: no-repeat; background-size: cover;background-position: center top;\"><\/div><div class=\"fullwidth-block-inner\">[vc_column_text]<\/p>\n<h1>PIERCINGPLEJE<\/h1>\n<p>[\/vc_column_text]<div class=\"gem-button-container gem-button-position-left thegem-button-69e7a7e3939015396 gettimely-booking-button\"  ><a title=\"PIERCINGPLEJE KIT\" class=\"gem-button gem-button-size-small gem-button-style-flat gem-button-text-weight-normal\" data-ll-effect=\"drop-right-without-wrap\" style=\"border-radius: 3px;background-color: #000000;color: #ffffff;\" onmouseleave=\"this.style.backgroundColor='#000000';this.style.color='#ffffff';\" onmouseenter=\"\" href=\"https:\/\/www.linehallberg.com\/da\/vare\/piercingpleje-kit\/\" target=\"_self\">K\u00d8B PIERCINGPLEJE<\/a><\/div> [vc_empty_space height=&#8221;20px&#8221;]<\/div><\/div>[\/vc_column][\/vc_row][vc_row][vc_column][vc_column_text]<\/p>\n<h2 style=\"text-align: left;\">Forvent at have (og l\u00e6re AF) din EGEN helingsrejse<\/h2>\n<p style=\"text-align: left;\">F\u00f8r beslutter dig for at f\u00e5 en ny piercing, er der flere ting, du b\u00f8r overveje.<\/p>\n<p style=\"text-align: left;\">Selvom alle mennesker er forskellige og helingstid kan variere fra person til person, spiller din livsstil ogs\u00e5 en stor rolle i din helingsprocess. For eksempel kan ydre faktorer skabe et vanskeligt milj\u00f8 for din piercing at hele i, s\u00e5som hvis du ofte har hjelm p\u00e5, laver mange armb\u00f8jninger eller sv\u00f8mmer flere gange i ugen. Ydermere er en sund livsstil vigtigt &#8211; is\u00e6r i forhold til s\u00f8vn, n\u00e6ring og motion. Fors\u00f8mmelse af disse aspekter i livet kan have en negativ indflydelse p\u00e5 immunfunktionen og dermed forsinke helingen.<\/p>\n<p style=\"text-align: left;\">F\u00f8r du booker en piercing, b\u00f8r du t\u00e6nke over \u00e5rstiden, dit skema og dine vaner. Du sv\u00f8mmer m\u00e5ske hver dag om sommeren og p\u00e5 ferier, og b\u00f8r derfor vente til efter\u00e5ret. Hvis du spiller sport, hvor dine piercinger risikerer at blive hevet i eller st\u00f8dt ind i, b\u00f8r du m\u00e5ske planl\u00e6gge din piercing omkring din sportss\u00e6son.<\/p>\n<p style=\"text-align: left;\">For yderligere information om helingsprocessen og piercingpleje, r\u00e5der vil til at bes\u00f8ge <a href=\"https:\/\/safepiercing.org\/aftercare\/\">the Association of Professional Piercers<\/a>.<\/p>\n<p>[\/vc_column_text][vc_row_inner][vc_column_inner][vc_column_text]<\/p>\n<h2 style=\"text-align: left;\">HVad KAN JEG forvente af MIN helingsproces?<\/h2>\n<p>[\/vc_column_text][vc_column_text css=&#8221;.vc_custom_1768915383839{margin-top: 10px !important;margin-right: 20px !important;margin-bottom: 10px !important;margin-left: 20px !important;padding-top: 10px !important;padding-right: 20px !important;padding-bottom: 10px !important;padding-left: 20px !important;background-position: center !important;background-repeat: no-repeat !important;background-size: cover !important;}&#8221;]<\/p>\n<p style=\"text-align: left; font-size: 120%!important; font-weight: 600; text-transform: uppercase;\">Lige efter piercingen er blevet lavet<\/p>\n<p style=\"text-align: left;\">Let bl\u00f8dning, lokal h\u00e6velse, \u00f8mhed eller bl\u00e5 m\u00e6rker.<\/p>\n<p>[\/vc_column_text][vc_column_text css=&#8221;.vc_custom_1768915395405{margin-top: 10px !important;margin-right: 20px !important;margin-bottom: 10px !important;margin-left: 20px !important;padding-top: 10px !important;padding-right: 20px !important;padding-bottom: 10px !important;padding-left: 20px !important;background-position: center !important;background-repeat: no-repeat !important;background-size: cover !important;}&#8221;]<\/p>\n<p style=\"text-align: left; font-size: 120%!important; font-weight: 600; text-transform: uppercase;\">Under helingen af piercingen<\/p>\n<p style=\"text-align: left;\">Let r\u00f8dme, kl\u00f8e, sekretion af en hvidgul v\u00e6ske (ikke pus), der vil danne en skorpe p\u00e5 smykket. V\u00e6vet kan stramme rundt om smykket, efterh\u00e5nden som det heler.<\/p>\n<p>[\/vc_column_text][vc_column_text css=&#8221;.vc_custom_1768915423308{margin-top: 10px !important;margin-right: 20px !important;margin-bottom: 10px !important;margin-left: 20px !important;padding-top: 10px !important;padding-right: 20px !important;padding-bottom: 10px !important;padding-left: 20px !important;background-position: center !important;background-repeat: no-repeat !important;background-size: cover !important;}&#8221;]<\/p>\n<p style=\"text-align: left; font-size: 120%!important; font-weight: 600; text-transform: uppercase;\">N\u00e5r piercingen er helet<\/p>\n<p style=\"text-align: left;\">Smykkerne m\u00e5 ikke bev\u00e6ge sig frit i piercingen. Hvis du undlader at inkludere rensning af din piercing som en del af din daglige hygiejnerutine, kan der ophobes sekreter omkring smykket.<\/p>\n<p style=\"text-align: left;\">En piercing kan virke helet inden helingsprocessen er helt f\u00e6rdig. Dette skyldes, at v\u00e6v heler udefra og ind og selvom det f\u00f8les fint, forbliver det indre v\u00e6v skr\u00f8beligt. V\u00e6r t\u00e5lmodig og forts\u00e6t med at g\u00f8re rent omkring piercingen, gennem hele helingsperioden. Selv helede piercinger kan krympe eller lukke p\u00e5 f\u00e5 minutter efter at have v\u00e6ret der i \u00e5revis. Dette varierer fra person til person. Hvis du kan lide din piercing, s\u00e5 behold smykket i.<\/p>\n<p>[\/vc_column_text][\/vc_column_inner][\/vc_row_inner][\/vc_column][\/vc_row][vc_row][vc_column][vc_column_text]<\/p>\n<h2 style=\"text-align: left;\">S\u00c5DAN PASSER DU P\u00c5 DIN PIERCING<\/h2>\n<p>Vask dine h\u00e6nder, inden du r\u00f8r ved piercingen. Lad den v\u00e6re i fred undtagen ved rensning. Under heling er det ikke n\u00f8dvendigt at rotere dine smykker.<\/p>\n<p>Motion under helingen er fint, men lyt til din krop.<\/p>\n<p>S\u00f8rg for, at dit senget\u00f8j bliver vasket regelm\u00e6ssigt.<\/p>\n<p>Brusebade er mere sikre end karbade, da disse rummer flere bakterier. Hvis du bader i et kar, skal du rense det godt f\u00f8r brug og skylle din piercing af, n\u00e5r du er f\u00e6rdig.<\/p>\n<p>Til kropspiercinger: B\u00e6r rent, behageligt og \u00e5ndbart t\u00f8j, der beskytter din piercing, mens du sover.<\/p>\n<p>Hvis du skal ud og sv\u00f8mme i din helingsperiode, pr\u00f8v da at holde din piercing over vandet. Hvis dette ikke kan lade sig g\u00f8re, s\u00f8rg da for at rense din piercing grundigt bagefter.[\/vc_column_text][vc_empty_space][vc_column_text]<\/p>\n<h3 style=\"text-align: left;\">HVORDAN RENSER JEG MIN PIERCING?<\/h3>\n<p style=\"text-align: left;\"><strong>VASK<br \/>\n<\/strong>Vask dine h\u00e6nder grundigt, inden du reng\u00f8r eller r\u00f8r ved dine piercinger.<\/p>\n<p style=\"text-align: left;\"><strong>SALTVANDSSKYL<\/strong><br \/>\nSaltvandsskyl benyttes dagligt under helingen. For visse piercinger kan det v\u00e6re lettere at p\u00e5f\u00f8re med en vatpind, der er m\u00e6ttet med saltvandsopl\u00f8sningen. Skyl efter med vand for at fjerne eventuelle rester. Undg\u00e5 at bruge h\u00e5rde s\u00e6ber eller s\u00e6ber med farvestoffer eller triclosan.<\/p>\n<p style=\"text-align: left;\"><strong>SKYL<br \/>\n<\/strong>Skyl grundigt for at fjerne alle spor af s\u00e6berester fra piercingen. Det er ikke n\u00f8dvendigt at dreje eller r\u00f8re ved piercingen.<\/p>\n<p style=\"text-align: left;\"><strong>T\u00d8R<\/strong><br \/>\nT\u00f8r forsigtigt omkring piercingen, ved at bruge vatrondeller eller andre engangspapirprodukter efter vask. Stofh\u00e5ndkl\u00e6der kan rumme bakterier og s\u00e6tte sig fast i smykker og for\u00e5rsage skade.[\/vc_column_text]<div class=\"gem-button-container gem-button-position-left thegem-button-69e7a7e39393b2088 gettimely-booking-button white-bdr\"  ><a title=\"PIERCINGPLEJE KIT\" class=\"gem-button gem-button-size-small gem-button-style-flat gem-button-text-weight-normal\" data-ll-effect=\"drop-right-without-wrap\" style=\"border-radius: 3px;background-color: #000000;color: #ffffff;\" onmouseleave=\"this.style.backgroundColor='#000000';this.style.color='#ffffff';\" onmouseenter=\"\" href=\"https:\/\/www.linehallberg.com\/da\/vare\/piercingpleje-kit\/\" target=\"_self\">K\u00d8B saltvandsopl\u00f8sning<\/a><\/div> [vc_column_text]<\/p>\n<h3 style=\"text-align: left;\">HVAD b\u00f8r JEG UNDG\u00c5?<\/h3>\n<p style=\"text-align: left;\"><strong>RENSEOPL\u00d8SNINGER: <\/strong>Undg\u00e5 reng\u00f8ring med alkohol, hyfrogenperoxid, antibakterielle s\u00e6ber, jod eller andre skrappe produkter, da disse kan beskadige cellerne. Undg\u00e5 ogs\u00e5 salver, da de forhindrer n\u00f8dvendig luftcirkulation. Undg\u00e5 Bactine\u00ae til piercinger samt andre produkter, der indeholder benzalkoniumchlorid (BZK). Disse kan v\u00e6re irriterende og er ikke beregnede til langvarig s\u00e5rpleje.<\/p>\n<p style=\"text-align: left;\"><strong>H\u00c5NDTERING AF PIERCINGEN: <\/strong>Undg\u00e5 overrensning. Dette kan forsinke din heling og irritere din piercing. Undg\u00e5 un\u00f8dige traumer s\u00e5som friktion fra t\u00f8j, overdreven bev\u00e6gelse af omr\u00e5det eller leg med smykkerne. Disse aktiviteter kan for\u00e5rsage dannelse af deformt og ubehageligt arv\u00e6v, langvarig heling og komplikationer. Undg\u00e5 al oral kontakt og kontakt med andres kropsv\u00e6sker p\u00e5 eller i n\u00e6rheden af din piercing under helingen.<\/p>\n<p style=\"text-align: left;\"><strong>LIVSSTIL: <\/strong>Undg\u00e5 stress og rekreativt stofbrug, herunder overdreven brug af koffein, nikotin og alkohol. Undg\u00e5 at uds\u00e6tte piercingen for uhygiejniske vandmasser s\u00e5som s\u00f8er, pools, boblebade etc., eller beskyt din piercing med et vandt\u00e6t s\u00e5rforseglingsplaster. Disse er tilg\u00e6ngelige hos de fleste apoteker og fungerer bedst til placering p\u00e5 navle og overfladepiercinger. Undg\u00e5 alle sk\u00f8nhedsprodukter og produkter til personlig pleje p\u00e5 eller omkring piercingen, inklusiv kosmetik, lotion og sprays etc. H\u00e6ng ikke charms, vedh\u00e6ng eller nogen genstande fra dine smykker, f\u00f8r piercingen er helt helet. At sove direkte p\u00e5 en helende bruskpiercing kan for\u00e5rsage irritation, endda forskydninger i piercingens vinkel. At placere en rejsepude oven p\u00e5 din pude og derefter placere dit \u00f8re i \u00e5bningen kan v\u00e6re nyttigt for at undg\u00e5 dette.<\/p>\n<p>[\/vc_column_text][\/vc_column][\/vc_row][vc_row][vc_column][vc_column_text]<\/p>\n<h2 style=\"text-align: left;\">TIPS &amp; tRICKS<\/h2>\n<p>[\/vc_column_text][vc_column_text el_class=&#8221;left-txt&#8221;]<\/p>\n<h3 style=\"text-align: left;\">Smykkerne<\/h3>\n<p style=\"text-align: left;\">Medmindre der er et problem med st\u00f8rrelsen, stilen eller materialet af det f\u00f8rste smykke, du f\u00e5r sat i, skal du lade det sidde i gennem hele helingsperioden. Kontakt din piercer for et ikke-metallisk smykkealternativ, hvis dine metalsmykker skal fjernes midlertidigt (f.eks. ved en medicinsk procedure).<\/p>\n<p style=\"text-align: left;\">Efterlad smykkerne i hele tiden. Selv helede piercinger, som du har haft i, i \u00e5revis, kan skrumpe eller lukke p\u00e5 f\u00e5 minutter uden smykke. Hvis smykket fjernes, kan geninds\u00e6ttelsen v\u00e6re vanskelig eller umulig. Med rene h\u00e6nder eller papirprodukter skal du s\u00f8rge for at regelm\u00e6ssigt at kontrollere at gevindet er skruet godt nok ind i selve frontsmykket.<\/p>\n<p style=\"text-align: left;\">Hvis du beslutter dig for ikke l\u00e6ngere at ville have en piercing, skal du blot fjerne smykket (eller f\u00e5 en professionel piercer til at fjerne det) og forts\u00e6tte med at rense piercingen, indtil hullet lukker. I de fleste tilf\u00e6lde vil der kun v\u00e6re et lille m\u00e6rke tilbage. En sj\u00e6lden gang, n\u00e5r smykket fjernes, lukker overfladecellerne sig, hvilket kan forsegle infektionen inde i piercing-kanalen og resultere i en byld.<\/p>\n<p>[\/vc_column_text][vc_column_text]<\/p>\n<h3 style=\"text-align: left;\">Alt efter placering<\/h3>\n<p>[\/vc_column_text][vc_column_text css=&#8221;.vc_custom_1768915446109{margin-top: 10px !important;margin-right: 20px !important;margin-bottom: 10px !important;margin-left: 20px !important;padding-top: 10px !important;padding-right: 20px !important;padding-bottom: 10px !important;padding-left: 20px !important;background-position: center !important;background-repeat: no-repeat !important;background-size: cover !important;}&#8221;]<\/p>\n<p style=\"font-size: 100%; text-align: left;\"><strong>\u00d8RE &amp; ANSIGTSPIERCING<\/strong><\/p>\n<p style=\"text-align: left;\">N\u00e5r du skal sove, kan du benytte T-shirt-tricket: Kl\u00e6d din hovedpude i en stor, ren T-shirt og vend den hver aften. Den rene T-shirt kan give fire rene overflader at sove p\u00e5. S\u00f8rg for at holde alle elementer, der kommer i kontakt med \u00f8ret, rene; det g\u00e6lder telefon, hovedtelefoner, briller, hjelme, hatte\/huer, etc. V\u00e6r forsigtig n\u00e5r du styler dit h\u00e5r og s\u00f8rg altid for at informere din fris\u00f8r om nye eller helende piercinger.<\/p>\n<p>[\/vc_column_text][vc_column_text css=&#8221;.vc_custom_1768915458642{margin-top: 10px !important;margin-right: 20px !important;margin-bottom: 10px !important;margin-left: 20px !important;padding-top: 10px !important;padding-right: 20px !important;padding-bottom: 10px !important;padding-left: 20px !important;background-position: center !important;background-repeat: no-repeat !important;background-size: cover !important;}&#8221;]<\/p>\n<p style=\"font-size: 100%; text-align: left;\"><strong>NAVLEPIERCING<\/strong><\/p>\n<p style=\"text-align: left;\">Det er muligt at k\u00f8be et h\u00e5rdt og ventileret plaster p\u00e5 apoteket, hvis der er behov for ekstra beskyttelse af piercingen. Ekstra beskyttelse kan v\u00e6re n\u00f8dvendigt, hvis du b\u00e6rer meget stramt t\u00f8j eller dyrker fysiske aktiviteter, s\u00e5som kontaktsport. Du kan altid r\u00e5dgive dig hos din piercer, hvis du er i tvivl.<\/p>\n<p>[\/vc_column_text][vc_column_text css=&#8221;.vc_custom_1768915476540{margin-top: 10px !important;margin-right: 20px !important;margin-bottom: 10px !important;margin-left: 20px !important;padding-top: 10px !important;padding-right: 20px !important;padding-bottom: 10px !important;padding-left: 20px !important;background-position: center !important;background-repeat: no-repeat !important;background-size: cover !important;}&#8221;]<\/p>\n<p style=\"font-size: 100%; text-align: left;\"><strong>BRYSTVORTEPIERCING<\/strong><\/p>\n<p style=\"text-align: left;\">Inden du skal sove kan det v\u00e6re en god id\u00e9 at tage en stram bomuldstr\u00f8je eller en sports-bh p\u00e5, der kan beskytte omr\u00e5det imens du sover.<\/p>\n<p>[\/vc_column_text][vc_empty_space][\/vc_column][\/vc_row][vc_row][vc_column][vc_column_text css=&#8221;.vc_custom_1768915494472{padding-top: 20px !important;padding-right: 20px !important;padding-bottom: 20px !important;padding-left: 20px !important;background-color: #000000 !important;}&#8221;]<\/p>\n<p style=\"text-align: left;\"><span style=\"color: #ffffff;\"><strong>SP\u00d8RGSM\u00c5L?<\/strong><\/span><\/p>\n<p style=\"text-align: left;\"><span style=\"color: #ffffff;\">Hvis du har sp\u00f8rgsm\u00e5l, er du velkommen til at kontakte vores professionelle piercer p\u00e5 <span style=\"text-decoration: underline;\"><a style=\"color: #ffffff; text-decoration: underline;\" href=\"mailto:piercingsalon@linehallberg.com\">piercingsalon@linehallberg.com<\/a> <\/span>eller bes\u00f8ge vores\u00a0<a style=\"color: #ffffff; font-weight: 700!important;\" href=\"https:\/\/www.linehallberg.com\/da\/piercing-salon\/piercing-salon-faq\/\">Piercing Salon FAQ<\/a>.<\/span><\/p>\n<p>[\/vc_column_text][vc_empty_space][\/vc_column][\/vc_row]<\/p>\n","protected":false},"excerpt":{"rendered":"<p>[vc_row][vc_column][\/vc_column][\/vc_row][vc_row][vc_column][vc_column_text] Forvent at have (og l\u00e6re AF) din EGEN helingsrejse F\u00f8r beslutter dig for at f\u00e5 en ny piercing, er&#8230;<\/p>\n","protected":false},"author":62,"featured_media":0,"parent":44820,"menu_order":0,"comment_status":"closed","ping_status":"closed","template":"","meta":[],"yst_prominent_words":[1909,1671,1264,1282,2067,2070,1278,2068,2069,1508,1270,1520,1658,2065,1660,1269],"acf":[],"_links":{"self":[{"href":"https:\/\/www.linehallberg.com\/da\/wp-json\/wp\/v2\/pages\/58923"}],"collection":[{"href":"https:\/\/www.linehallberg.com\/da\/wp-json\/wp\/v2\/pages"}],"about":[{"href":"https:\/\/www.linehallberg.com\/da\/wp-json\/wp\/v2\/types\/page"}],"author":[{"embeddable":true,"href":"https:\/\/www.linehallberg.com\/da\/wp-json\/wp\/v2\/users\/62"}],"replies":[{"embeddable":true,"href":"https:\/\/www.linehallberg.com\/da\/wp-json\/wp\/v2\/comments?post=58923"}],"version-history":[{"count":77,"href":"https:\/\/www.linehallberg.com\/da\/wp-json\/wp\/v2\/pages\/58923\/revisions"}],"predecessor-version":[{"id":81941,"href":"https:\/\/www.linehallberg.com\/da\/wp-json\/wp\/v2\/pages\/58923\/revisions\/81941"}],"up":[{"embeddable":true,"href":"https:\/\/www.linehallberg.com\/da\/wp-json\/wp\/v2\/pages\/44820"}],"wp:attachment":[{"href":"https:\/\/www.linehallberg.com\/da\/wp-json\/wp\/v2\/media?parent=58923"}],"wp:term":[{"taxonomy":"yst_prominent_words","embeddable":true,"href":"https:\/\/www.linehallberg.com\/da\/wp-json\/wp\/v2\/yst_prominent_words?post=58923"}],"curies":[{"name":"wp","href":"https:\/\/api.w.org\/{rel}","templated":true}]}}