{"id":65063,"date":"2022-10-05T10:58:09","date_gmt":"2022-10-05T08:58:09","guid":{"rendered":"https:\/\/www.lineandjo.com\/da\/?page_id=65063"},"modified":"2024-10-21T13:03:26","modified_gmt":"2024-10-21T11:03:26","slug":"behind-linejo-head-of-piercings-filipa","status":"publish","type":"page","link":"https:\/\/www.linehallberg.com\/da\/linejo-stories\/behind-linejo-head-of-piercings-filipa\/","title":{"rendered":"Behind LINE&#038;JO: Head of Piercings, Filipa"},"content":{"rendered":"<p>[vc_row][vc_column][vc_row_inner][vc_column_inner][vc_column_text]<\/p>\n<h1 class=\"cta-h1\">BEHIND LINE&amp;JO:<br \/>\nHead of Piercing, Filipa<\/h1>\n<p class=\"cta-p\">Vores Head of Piercing,<br \/>\nFilipa, er en meget energisk,<br \/>\ntalentfuld og kreativ sj\u00e6l.<\/p>\n<p>[\/vc_column_text][vc_single_image image=&#8221;65422&#8243; img_size=&#8221;full&#8221; alignment=&#8221;center&#8221; el_class=&#8221;respon-img&#8221;][vc_empty_space height=&#8221;20px&#8221;][\/vc_column_inner][\/vc_row_inner][\/vc_column][\/vc_row][vc_row el_disable_mobile=&#8221;1&#8243;][vc_column][vc_row_inner gap=&#8221;35&#8243;][vc_column_inner width=&#8221;1\/2&#8243; offset=&#8221;vc_hidden-xs&#8221;][vc_column_text css=&#8221;.vc_custom_1729078315016{margin-right: 10px !important;margin-left: 10px !important;}&#8221;]<\/p>\n<p style=\"text-align: left;\"><span lang=\"EN-US\">&#8220;Jeg ansatte Filipa tilbage i 2019 for at starte vores Piercing Salon op sammen med mig, og vi har udvekslet id\u00e9er og metoder lige siden.<\/span><\/p>\n<p style=\"text-align: left;\">Mit passionerede smykkeunivers indeholder sm\u00e5 \u00e6stetiske historier lavet af de mest eksklusive materialer s\u00e5som massiv guld og diamanter.<\/p>\n<p style=\"text-align: left;\">Filipas fantasifulde m\u00e5de at dekorere og udfordre vores kunder er en raffineret udvidelse af mit smykkeunivers og samler to oldtidsh\u00e5ndv\u00e6rker i et nutidigt univers. Klassiske traditioner bliver udfordret i et eksklusivt univers af smykker er piercinger i en smuk cocktail som reflekteres i hver eneste person, som bliver piercet hos os.&#8221;<\/p>\n<p style=\"text-align: left;\"><strong>&#8211; Line, Guldsmed &amp; Creative Director<\/strong><\/p>\n<p>[\/vc_column_text][vc_empty_space height=&#8221;30px&#8221;][vc_single_image image=&#8221;65068&#8243; img_size=&#8221;full&#8221; alignment=&#8221;center&#8221; onclick=&#8221;custom_link&#8221; link=&#8221;https:\/\/www.linehallberg.com\/linejo-stories\/behind-linejo-head-of-piercings-filipa\/&#8221;]<div class=\"gem-button-container gem-button-position-center thegem-button-69fa183630d013540 gettimely-booking-button\"  ><a class=\"gem-button gem-button-size-small gem-button-style-flat gem-button-text-weight-normal\" data-ll-effect=\"drop-right-without-wrap\" style=\"border-radius: 3px;\" onmouseleave=\"\" onmouseenter=\"\" href=\"https:\/\/bookings.gettimely.com\/linejo\/bb\/book?staff=320952\" target=\"_self\">Book Filipa<\/a><\/div> [\/vc_column_inner][vc_column_inner width=&#8221;1\/2&#8243; offset=&#8221;vc_hidden-xs&#8221;][vc_single_image image=&#8221;65067&#8243; img_size=&#8221;full&#8221; alignment=&#8221;center&#8221; onclick=&#8221;custom_link&#8221; link=&#8221;https:\/\/www.linehallberg.com\/linejo-stories\/my-piercing-salon-story-veneda-terry\/&#8221;][vc_empty_space height=&#8221;30px&#8221;][vc_column_text css=&#8221;.vc_custom_1729078304344{margin-right: 10px !important;margin-left: 10px !important;}&#8221;]<\/p>\n<p style=\"text-align: left;\"><strong>Hvad er din baggrund?<\/strong><\/p>\n<p style=\"text-align: left;\">Jeg kommer fra en meget lille landsby i Portugal, hvor mit liv stort set var det omvendte af det, jeg har i dag. Jeg voksede op blandt meget katolske og ikke-forst\u00e5ende mennesker, s\u00e5 jeg f\u00f8lte aldrig rigtigt, at jeg kunne v\u00e6re mig selv d\u00e9r. I en ung alder havde jeg allerede et par tatoveringer og piercinger, og jeg var overhovedet ikke accepteret. Da jeg flyttede til K\u00f8benhavn for 6 \u00e5r siden, var folk fuldst\u00e6ndig ligeglade med, hvordan jeg s\u00e5 ud, og jeg f\u00f8lte mig mere hjemme.<\/p>\n<p>&nbsp;<\/p>\n<p style=\"text-align: left;\"><strong>Hvorn\u00e5r begyndte du at pierce?<\/strong><\/p>\n<p style=\"text-align: left;\">Jeg startede rigtigt med at pierce for omkring 7 \u00e5r siden, men jeg har altid v\u00e6ret super interesseret i piercinger og kropsmodifikationer, fordi jeg synes, at det er en cool m\u00e5de at udtrykke sig p\u00e5, og det f\u00e5r mig til at f\u00f8le mig mere som mig selv. Det hele startede da jeg rejste til Lisabon for at tage et kort praktikantforl\u00f8b med en af de bedste piercere i Portugal. Siden da er jeg blevet uddannet og har arbejdet meget konsistent med piercinger lige siden.<\/p>\n<p>&nbsp;<\/p>\n<p style=\"text-align: left;\">\n<p style=\"text-align: left;\"><strong>Hvad er den bedste del af dit arbejde?<\/strong><\/p>\n<p style=\"text-align: left;\">Jeg elsker at have konsultationer med mine klienter her ved LINE&amp;JO, hvor jeg f\u00e5r lov at hj\u00e6lpe dem med at udforske hvor mange forskellige piercinger, man kan f\u00e5, og r\u00e5dgive dem i hvilke piercinger, der passer bedst til lige netop deres anatomi. P\u00e5 den m\u00e5de f\u00e5r vi altid de bedste resultater, hvor piercingen og smykket sidder perfekt. Det g\u00f8r mig stolt og ydmyg at have et arbejde, hvor folk stoler p\u00e5 mig til at modificere deres kroppe i en s\u00e5dan m\u00e5de som styrker dem.<\/p>\n<p>[\/vc_column_text][\/vc_column_inner][\/vc_row_inner][vc_empty_space][\/vc_column][\/vc_row][vc_row el_disable_desktop=&#8221;1&#8243; el_disable_tablet=&#8221;1&#8243;][vc_column][vc_column_text css=&#8221;.vc_custom_1729078451679{margin-right: 10px !important;margin-left: 10px !important;}&#8221;]<\/p>\n<p style=\"text-align: left;\"><span lang=\"EN-US\">&#8220;Jeg ansatte Filipa tilbage i 2019 for at starte vores Piercing Salon op sammen med mig, og vi har udvekslet id\u00e9er og metoder lige siden.<\/span><\/p>\n<p style=\"text-align: left;\">Mit passionerede smykkeunivers indeholder sm\u00e5 \u00e6stetiske historier lavet af de mest eksklusive materialer s\u00e5som massiv guld og diamanter.<\/p>\n<p style=\"text-align: left;\">Filipas fantasifulde m\u00e5de at dekorere og udfordre vores kunder er en raffineret udvidelse af mit smykkeunivers og samler to oldtidsh\u00e5ndv\u00e6rker i et nutidigt univers. Klassiske traditioner bliver udfordret i et eksklusivt univers af smykker er piercinger i en smuk cocktail som reflekteres i hver eneste person, som bliver piercet hos os.&#8221;<\/p>\n<p style=\"text-align: left;\"><strong>&#8211; Line, Guldsmed &amp; Creative Director<\/strong><\/p>\n<p>[\/vc_column_text][vc_empty_space height=&#8221;30px&#8221;][vc_single_image image=&#8221;65068&#8243; img_size=&#8221;full&#8221; alignment=&#8221;center&#8221; onclick=&#8221;custom_link&#8221; link=&#8221;https:\/\/www.linehallberg.com\/linejo-stories\/behind-linejo-head-of-piercings-filipa\/&#8221;][vc_empty_space height=&#8221;30px&#8221;][vc_column_text css=&#8221;.vc_custom_1729078437934{margin-right: 10px !important;margin-left: 10px !important;}&#8221;]<\/p>\n<p style=\"text-align: left;\"><strong>Hvad er din baggrund?<\/strong><\/p>\n<p style=\"text-align: left;\">Jeg kommer fra en meget lille landsby i Portugal, hvor mit liv stort set var det omvendte af det, jeg har i dag. Jeg voksede op blandt meget katolske og ikke-forst\u00e5ende mennesker, s\u00e5 jeg f\u00f8lte aldrig rigtigt, at jeg kunne v\u00e6re mig selv d\u00e9r. I en ung alder havde jeg allerede et par tatoveringer og piercinger, og jeg var overhovedet ikke accepteret. Da jeg flyttede til K\u00f8benhavn for 6 \u00e5r siden, var folk fuldst\u00e6ndig ligeglade med, hvordan jeg s\u00e5 ud, og jeg f\u00f8lte mig mere hjemme.<\/p>\n<p style=\"text-align: left;\"><strong>Hvorn\u00e5r begyndte du at pierce?<\/strong><\/p>\n<p style=\"text-align: left;\">Jeg startede rigtigt med at pierce for omkring 7 \u00e5r siden, men jeg har altid v\u00e6ret super interesseret i piercinger og kropsmodifikationer, fordi jeg synes, at det er en cool m\u00e5de at udtrykke sig p\u00e5, og det f\u00e5r mig til at f\u00f8le mig mere som mig selv. Det hele startede da jeg rejste til Lisabon for at tage et kort praktikantforl\u00f8b med en af de bedste piercere i Portugal. Siden da er jeg blevet uddannet og har arbejdet meget konsistent med piercinger lige siden.<\/p>\n<p style=\"text-align: left;\"><strong>Hvad er den bedste del af dit arbejde?<\/strong><\/p>\n<p style=\"text-align: left;\">Jeg elsker at have konsultationer med mine klienter her ved LINE&amp;JO, hvor jeg f\u00e5r lov at hj\u00e6lpe dem med at udforske hvor mange forskellige piercinger, man kan f\u00e5, og r\u00e5dgive dem i hvilke piercinger, der passer bedst til lige netop deres anatomi. P\u00e5 den m\u00e5de f\u00e5r vi altid de bedste resultater, hvor piercingen og smykket sidder perfekt. Det g\u00f8r mig stolt og ydmyg at have et arbejde, hvor folk stoler p\u00e5 mig til at modificere deres kroppe i en s\u00e5dan m\u00e5de som styrker dem.<\/p>\n<p>[\/vc_column_text][vc_empty_space height=&#8221;30px&#8221;][vc_single_image image=&#8221;65067&#8243; img_size=&#8221;full&#8221; alignment=&#8221;center&#8221; onclick=&#8221;custom_link&#8221; link=&#8221;https:\/\/www.linehallberg.com\/linejo-stories\/my-piercing-salon-story-veneda-terry\/&#8221;]<div class=\"gem-button-container gem-button-position-center thegem-button-69fa183630d589545 gettimely-booking-button\"  ><a class=\"gem-button gem-button-size-small gem-button-style-flat gem-button-text-weight-normal\" data-ll-effect=\"drop-right-without-wrap\" style=\"border-radius: 3px;\" onmouseleave=\"\" onmouseenter=\"\" href=\"https:\/\/bookings.gettimely.com\/linejo\/bb\/book?staff=320952\" target=\"_self\">Book Filipa<\/a><\/div> [\/vc_column][\/vc_row]<\/p>\n","protected":false},"excerpt":{"rendered":"<p>[vc_row][vc_column][vc_row_inner][vc_column_inner][vc_column_text] BEHIND LINE&amp;JO: Head of Piercing, Filipa Vores Head of Piercing, Filipa, er en meget energisk, talentfuld og kreativ sj\u00e6l&#8230;.<\/p>\n","protected":false},"author":62,"featured_media":0,"parent":65045,"menu_order":0,"comment_status":"closed","ping_status":"closed","template":"templates\/page-template.php","meta":[],"yst_prominent_words":[1909,1671,1264,1282,2067,2070,1278,2068,2069,1508,1270,1520,1658,2065,1660,1269],"acf":[],"_links":{"self":[{"href":"https:\/\/www.linehallberg.com\/da\/wp-json\/wp\/v2\/pages\/65063"}],"collection":[{"href":"https:\/\/www.linehallberg.com\/da\/wp-json\/wp\/v2\/pages"}],"about":[{"href":"https:\/\/www.linehallberg.com\/da\/wp-json\/wp\/v2\/types\/page"}],"author":[{"embeddable":true,"href":"https:\/\/www.linehallberg.com\/da\/wp-json\/wp\/v2\/users\/62"}],"replies":[{"embeddable":true,"href":"https:\/\/www.linehallberg.com\/da\/wp-json\/wp\/v2\/comments?post=65063"}],"version-history":[{"count":24,"href":"https:\/\/www.linehallberg.com\/da\/wp-json\/wp\/v2\/pages\/65063\/revisions"}],"predecessor-version":[{"id":76387,"href":"https:\/\/www.linehallberg.com\/da\/wp-json\/wp\/v2\/pages\/65063\/revisions\/76387"}],"up":[{"embeddable":true,"href":"https:\/\/www.linehallberg.com\/da\/wp-json\/wp\/v2\/pages\/65045"}],"wp:attachment":[{"href":"https:\/\/www.linehallberg.com\/da\/wp-json\/wp\/v2\/media?parent=65063"}],"wp:term":[{"taxonomy":"yst_prominent_words","embeddable":true,"href":"https:\/\/www.linehallberg.com\/da\/wp-json\/wp\/v2\/yst_prominent_words?post=65063"}],"curies":[{"name":"wp","href":"https:\/\/api.w.org\/{rel}","templated":true}]}}