{"id":65249,"date":"2022-10-27T12:40:52","date_gmt":"2022-10-27T10:40:52","guid":{"rendered":"https:\/\/www.lineandjo.com\/da\/?page_id=65249"},"modified":"2024-10-17T12:43:41","modified_gmt":"2024-10-17T10:43:41","slug":"my-piercing-salon-story-maria-jernov","status":"publish","type":"page","link":"https:\/\/www.linehallberg.com\/da\/linejo-stories\/my-piercing-salon-story-maria-jernov\/","title":{"rendered":"My Piercing Salon story: Maria Jernov"},"content":{"rendered":"<p>[vc_row][vc_column][vc_row_inner][vc_column_inner][vc_column_text]<\/p>\n<h1 style=\"text-align: center;\">MY PIERCING SALON STORY:<br \/>\nMaria Jernov<\/h1>\n<p>[\/vc_column_text][vc_single_image image=&#8221;65415&#8243; img_size=&#8221;full&#8221; alignment=&#8221;center&#8221; el_class=&#8221;respon-img top-img&#8221;][vc_empty_space height=&#8221;20px&#8221;][\/vc_column_inner][\/vc_row_inner][\/vc_column][\/vc_row][vc_row el_disable_mobile=&#8221;1&#8243; el_class=&#8221;hide-on-mob&#8221;][vc_column][vc_row_inner gap=&#8221;35&#8243;][vc_column_inner width=&#8221;1\/2&#8243;][vc_column_text]<\/p>\n<p style=\"text-align: left;\"><b>Kan du huske din f\u00f8rste piercing?<\/b><\/p>\n<p style=\"text-align: left;\">Ja, meget tydeligt! Jeg husker, at det var en stor ting for mig, fordi jeg havde det synspunkt, at piercinger ikke var for mig, da jeg aldrig havde f\u00f8lt mig som &#8220;en af de seje piger&#8221;. Men s\u00e5 havde jeg et lille rebelsk \u00f8jeblik og s\u00e5 gjorde jeg det!<\/p>\n<p style=\"text-align: left;\">Jeg var MEGET stolt af mig selv!<\/p>\n<p>&nbsp;<\/p>\n<p style=\"text-align: left;\"><b>Har nogle af dine piercinger en speciel betydning for dig?<\/b><\/p>\n<p style=\"text-align: left;\">Det har de alle. Det har v\u00e6ret et stort skridt for mig personligt, at give mig selv lov til at blive piercet og finde min egen stil. Jeg elsker diamanter og guld og elskede at finde ud af, at man stort set kan f\u00e5 hvilken som helst slags, man \u00f8nsker.<\/p>\n<p style=\"text-align: left;\">Det er s\u00e5dan en cool rejse at v\u00e6re p\u00e5 inden for min egen personlige stil.<\/p>\n<p>[\/vc_column_text][vc_empty_space height=&#8221;30px&#8221;][vc_single_image image=&#8221;65252&#8243; img_size=&#8221;width: 700px;&#8221; alignment=&#8221;center&#8221; onclick=&#8221;custom_link&#8221; link=&#8221;https:\/\/www.linehallberg.com\/linejo-stories\/behind-linejo-head-of-piercings-filipa\/&#8221;][\/vc_column_inner][vc_column_inner width=&#8221;1\/2&#8243;][vc_single_image image=&#8221;65251&#8243; img_size=&#8221;full&#8221; alignment=&#8221;center&#8221; onclick=&#8221;custom_link&#8221; link=&#8221;https:\/\/www.linehallberg.com\/linejo-stories\/my-piercing-salon-story-veneda-terry\/&#8221;][vc_empty_space height=&#8221;30px&#8221;][vc_column_text]<\/p>\n<p style=\"text-align: left;\"><b>Hvordan har du det efter at v\u00e6re blevet piercet?<\/b><\/p>\n<p style=\"text-align: left;\">Jeg har det fantastisk! Fuld af styrke, som om jeg kan g\u00f8re hvadsomhelst. For eksempel, er jeg virkelig bange for h\u00f8jder, og jeg husker den her ene gang, hvor jeg fik en piercing, og jeg t\u00e6nkte for mig selv bagefter: &#8220;hvis nogen bad mig om at bungee jump lige nu, s\u00e5 ville jeg g\u00f8re det!&#8221;<\/p>\n<p>[\/vc_column_text][vc_column_text css=&#8221;.vc_custom_1729161753800{margin-bottom: 30px !important;}&#8221;]<\/p>\n<p style=\"text-align: left;\"><a href=\"https:\/\/www.instagram.com\/mariajernov\">@mariajernov<\/a><\/p>\n<p>[\/vc_column_text]<div class=\"gem-button-container gem-button-position-left thegem-button-6a0390092c62b3378 gettimely-booking-button\"  ><a title=\"BOOK EN PIERCING\" class=\"gem-button gem-button-size-small gem-button-style-flat gem-button-text-weight-normal\" data-ll-effect=\"drop-right-without-wrap\" style=\"border-radius: 3px;\" onmouseleave=\"\" onmouseenter=\"\" href=\"https:\/\/www.linehallberg.com\/da\/book-en-piercing\/\" target=\"_self\">Book piercing<\/a><\/div> [\/vc_column_inner][\/vc_row_inner][vc_empty_space][\/vc_column][\/vc_row][vc_row el_disable_desktop=&#8221;1&#8243; el_disable_tablet=&#8221;1&#8243; el_class=&#8221;hide-on-desk&#8221;][vc_column][vc_row_inner gap=&#8221;35&#8243;][vc_column_inner width=&#8221;1\/2&#8243;][vc_column_text css=&#8221;.vc_custom_1729161818041{margin-right: 10px !important;margin-left: 10px !important;}&#8221;]<\/p>\n<p style=\"text-align: left;\"><b>Kan du huske din f\u00f8rste piercing?<\/b><\/p>\n<p style=\"text-align: left;\">Ja, meget tydeligt! Jeg husker, at det var en stor ting for mig, fordi jeg havde det synspunkt, at piercinger ikke var for mig, da jeg aldrig havde f\u00f8lt mig som &#8220;en af de seje piger&#8221;. Men s\u00e5 havde jeg et lille rebelsk \u00f8jeblik og s\u00e5 gjorde jeg det!<\/p>\n<p style=\"text-align: left;\">Jeg var MEGET stolt af mig selv!<\/p>\n<p>&nbsp;<\/p>\n<p style=\"text-align: left;\"><b>Har nogle af dine piercinger en speciel betydning for dig?<\/b><\/p>\n<p style=\"text-align: left;\">Det har de alle. Det har v\u00e6ret et stort skridt for mig personligt, at give mig selv lov til at blive piercet og finde min egen stil. Jeg elsker diamanter og guld og elskede at finde ud af, at man stort set kan f\u00e5 hvilken som helst slags, man \u00f8nsker.<\/p>\n<p style=\"text-align: left;\">Det er s\u00e5dan en cool rejse at v\u00e6re p\u00e5 inden for min egen personlige stil.<\/p>\n<p>[\/vc_column_text][vc_empty_space height=&#8221;30px&#8221;][vc_single_image image=&#8221;65251&#8243; img_size=&#8221;width: 700px;&#8221; alignment=&#8221;center&#8221; onclick=&#8221;custom_link&#8221; link=&#8221;https:\/\/www.linehallberg.com\/linejo-stories\/behind-linejo-head-of-piercings-filipa\/&#8221; el_class=&#8221;respon-img&#8221;][vc_column_text css=&#8221;.vc_custom_1729161775958{margin-top: 40px !important;margin-right: 10px !important;margin-left: 10px !important;}&#8221;]<\/p>\n<p style=\"text-align: left;\"><b>Hvordan har du det efter at v\u00e6re blevet piercet?<\/b><\/p>\n<p style=\"text-align: left;\">Jeg har det fantastisk! Fuld af styrke, som om jeg kan g\u00f8re hvadsomhelst. For eksempel, er jeg virkelig bange for h\u00f8jder, og jeg husker den her ene gang, hvor jeg fik en piercing, og jeg t\u00e6nkte for mig selv bagefter: &#8220;hvis nogen bad mig om at bungee jump lige nu, s\u00e5 ville jeg g\u00f8re det!&#8221;<\/p>\n<p>[\/vc_column_text][\/vc_column_inner][vc_column_inner width=&#8221;1\/2&#8243;][vc_single_image image=&#8221;65252&#8243; img_size=&#8221;full&#8221; alignment=&#8221;center&#8221; onclick=&#8221;custom_link&#8221; link=&#8221;https:\/\/www.linehallberg.com\/linejo-stories\/my-piercing-salon-story-veneda-terry\/&#8221; el_class=&#8221;respon-img&#8221;][vc_empty_space height=&#8221;30px&#8221;][vc_column_text]<a href=\"https:\/\/www.instagram.com\/mariajernov\">@mariajernov<\/a>[\/vc_column_text]<div class=\"gem-button-container gem-button-position-center thegem-button-6a0390092c657526 gettimely-booking-button\"  ><a title=\"BOOK EN PIERCING\" class=\"gem-button gem-button-size-small gem-button-style-flat gem-button-text-weight-normal\" data-ll-effect=\"drop-right-without-wrap\" style=\"border-radius: 3px;\" onmouseleave=\"\" onmouseenter=\"\" href=\"https:\/\/www.linehallberg.com\/da\/book-en-piercing\/\" target=\"_self\">Book piercing<\/a><\/div> [\/vc_column_inner][\/vc_row_inner][\/vc_column][\/vc_row]<\/p>\n","protected":false},"excerpt":{"rendered":"<p>[vc_row][vc_column][vc_row_inner][vc_column_inner][vc_column_text] MY PIERCING SALON STORY: Maria Jernov [\/vc_column_text][vc_single_image image=&#8221;65415&#8243; img_size=&#8221;full&#8221; alignment=&#8221;center&#8221; el_class=&#8221;respon-img top-img&#8221;][vc_empty_space height=&#8221;20px&#8221;][\/vc_column_inner][\/vc_row_inner][\/vc_column][\/vc_row][vc_row el_disable_mobile=&#8221;1&#8243; el_class=&#8221;hide-on-mob&#8221;][vc_column][vc_row_inner gap=&#8221;35&#8243;][vc_column_inner width=&#8221;1\/2&#8243;][vc_column_text] Kan du&#8230;<\/p>\n","protected":false},"author":62,"featured_media":0,"parent":65045,"menu_order":0,"comment_status":"closed","ping_status":"closed","template":"","meta":[],"yst_prominent_words":[1909,1671,1264,1282,2067,2070,1278,2068,2069,1508,1270,1520,1658,2065,1660,1269],"acf":[],"_links":{"self":[{"href":"https:\/\/www.linehallberg.com\/da\/wp-json\/wp\/v2\/pages\/65249"}],"collection":[{"href":"https:\/\/www.linehallberg.com\/da\/wp-json\/wp\/v2\/pages"}],"about":[{"href":"https:\/\/www.linehallberg.com\/da\/wp-json\/wp\/v2\/types\/page"}],"author":[{"embeddable":true,"href":"https:\/\/www.linehallberg.com\/da\/wp-json\/wp\/v2\/users\/62"}],"replies":[{"embeddable":true,"href":"https:\/\/www.linehallberg.com\/da\/wp-json\/wp\/v2\/comments?post=65249"}],"version-history":[{"count":16,"href":"https:\/\/www.linehallberg.com\/da\/wp-json\/wp\/v2\/pages\/65249\/revisions"}],"predecessor-version":[{"id":75939,"href":"https:\/\/www.linehallberg.com\/da\/wp-json\/wp\/v2\/pages\/65249\/revisions\/75939"}],"up":[{"embeddable":true,"href":"https:\/\/www.linehallberg.com\/da\/wp-json\/wp\/v2\/pages\/65045"}],"wp:attachment":[{"href":"https:\/\/www.linehallberg.com\/da\/wp-json\/wp\/v2\/media?parent=65249"}],"wp:term":[{"taxonomy":"yst_prominent_words","embeddable":true,"href":"https:\/\/www.linehallberg.com\/da\/wp-json\/wp\/v2\/yst_prominent_words?post=65249"}],"curies":[{"name":"wp","href":"https:\/\/api.w.org\/{rel}","templated":true}]}}