{"id":66127,"date":"2022-12-19T13:45:56","date_gmt":"2022-12-19T12:45:56","guid":{"rendered":"https:\/\/www.lineandjo.com\/da\/?page_id=66127"},"modified":"2024-10-17T12:28:58","modified_gmt":"2024-10-17T10:28:58","slug":"my-piercing-salon-story-marie-thomsen","status":"publish","type":"page","link":"https:\/\/www.linehallberg.com\/da\/linejo-stories\/my-piercing-salon-story-marie-thomsen\/","title":{"rendered":"My Piercing Salon story: Marie Thomsen"},"content":{"rendered":"<p>[vc_row][vc_column][vc_row_inner][vc_column_inner][vc_column_text]<\/p>\n<h1 style=\"text-align: center;\">MY PIERCING SALON STORY:<br \/>\nMarie Thomsen<\/h1>\n<p style=\"text-align: left;\">I November havde vi bes\u00f8g af den dygtige make-up artist, Marie Thomsen, i vores piercing salon i K\u00f8benhavn. Marie \u00f8nskede at udvide sin kollektion af piercinger med lidt ekstra bling inden \u00e5rets julefester. Oprindeligt var Marie nysgerrig p\u00e5 at f\u00e5 \u00e5bnet sin gamle helix piercing samt tilf\u00f8je et ekstra hul i \u00f8reflippen, men efter kyndig vejledning fra vores Head of Piercings, Filipa, endte Marie med to unikt kuraterede piercinger til sin samling.<br \/>\nUnder Maries bes\u00f8g fik vi en snak om hendes egen kreative process, samt hvordan hun udtrykker sig gennem sine piercinger.<\/p>\n<p>[\/vc_column_text][vc_empty_space height=&#8221;20px&#8221;][vc_single_image image=&#8221;66129&#8243; img_size=&#8221;full&#8221; alignment=&#8221;center&#8221; el_class=&#8221;respon-img top-img&#8221;][vc_empty_space height=&#8221;20px&#8221;][\/vc_column_inner][\/vc_row_inner][\/vc_column][\/vc_row][vc_row el_disable_mobile=&#8221;1&#8243; el_class=&#8221;hide-on-mob&#8221;][vc_column][vc_row_inner gap=&#8221;35&#8243;][vc_column_inner width=&#8221;1\/2&#8243;][vc_column_text]<\/p>\n<p style=\"text-align: left;\"><span><strong>Hvordan udtrykker du dig selv kreativt, udenfor dit arbejde?<\/span><\/strong><\/p>\n<p style=\"text-align: left;\">Jeg er meget bevidst om, hvad jeg kan lide, og hvad jeg ikke kan lide. Jeg har en bestemt stil, og d\u00e9t bliver en kreativ udtryksform for mig. Det er ikke fordi, den er mega crazy, den er faktisk ret sikker. Jeg har altid jeans p\u00e5 &#8211; og altid pandeh\u00e5r, s\u00e5 jeg er ikke rigtigt eksperimenterende p\u00e5 den m\u00e5de. Det var jeg, da jeg var yngre, men nu er jeg meget mere til alt, der er naturligt, selvom det m\u00e5ske lyder lidt kedeligt. M\u00e5ske det er en skandinavisk ting? Det har nok ogs\u00e5 noget at g\u00f8re med min alder. Nu er jeg 42, og der sker i forvejen en masse udseendem\u00e6ssigt, og hvis jeg s\u00e5 ogs\u00e5 begynder at bruge lidt for tung makeup, s\u00e5 kan det n\u00e6sten blive lidt for meget. Keeping it simple &#8211; ogs\u00e5 n\u00e5r det kommer til smykker.<\/span> <span class=\"\">Jeg glemmer for eksempel fuldst\u00e6ndigt, at jeg har en n\u00e6sepiercing. Det t\u00e6nker jeg slet ikke over. Det er n\u00e6rmest bare blevet en del af mig. Ellers g\u00e5r jeg altid med de samme smykker. Samme ringe, \u00f8reringe og halsk\u00e6der. Der er lidt LINE&amp;JO og lidt andet blandet dansk design. Jeg finder noget, jeg rigtig godt kan lide, og som jeg bliver glad af at kigge p\u00e5 hver eneste dag, og s\u00e5 bliver det bare en integreret del af mit udtryk &#8211; p\u00e5 samme m\u00e5de som mit h\u00e5r og t\u00f8j. Det beh\u00f8ver ikke n\u00f8dvendigvis at have en s\u00e6rlig betydning, noget af det har, men ikke alt. Min halsk\u00e6de har for eksempel betydning og historie bag sig, men mine ringe og \u00f8reringe har jeg valgt p\u00e5 baggrund af \u00e6stetik. De er enkle uden at v\u00e6re klassiske.<\/p>\n<p>[\/vc_column_text][vc_single_image image=&#8221;66202&#8243; img_size=&#8221;full&#8221; alignment=&#8221;center&#8221; onclick=&#8221;custom_link&#8221; link=&#8221;https:\/\/www.linehallberg.com\/linejo-stories\/my-piercing-salon-story-veneda-terry\/&#8221;][vc_empty_space height=&#8221;30px&#8221;][vc_column_text]<a href=\"https:\/\/www.instagram.com\/mariethomsenbaby\">@mariathomsenbaby<\/a>[\/vc_column_text]<div class=\"gem-button-container gem-button-position-center thegem-button-6a03569b906e73443 gettimely-booking-button\"  ><a title=\"BOOK EN PIERCING\" class=\"gem-button gem-button-size-small gem-button-style-flat gem-button-text-weight-normal\" data-ll-effect=\"drop-right-without-wrap\" style=\"border-radius: 3px;\" onmouseleave=\"\" onmouseenter=\"\" href=\"https:\/\/www.linehallberg.com\/da\/book-en-piercing\/\" target=\"_self\">Book piercing<\/a><\/div> [\/vc_column_inner][vc_column_inner width=&#8221;1\/2&#8243;][vc_single_image image=&#8221;66130&#8243; img_size=&#8221;full&#8221; alignment=&#8221;center&#8221; onclick=&#8221;custom_link&#8221; link=&#8221;https:\/\/www.linehallberg.com\/linejo-stories\/my-piercing-salon-story-veneda-terry\/&#8221;][vc_empty_space height=&#8221;30px&#8221;][vc_column_text]<\/p>\n<p style=\"text-align: left;\"><strong>G\u00f8r du dig nogle s\u00e6rlige overvejelser, inden du f\u00e5r lavet piercinger?<\/strong><\/p>\n<p style=\"text-align: left;\">Jeg fik min f\u00f8rste n\u00e6sepiercing, da jeg var 14 \u00e5r. Den fik jeg ikke lov til at beholde, da min familie syntes, at det var lidt for meget. S\u00e5 fik jeg den s\u00e5 igen, da jeg var 17 \u00e5r, og s\u00e5 har jeg egentlig haft den siden. Der har selvf\u00f8lgelig v\u00e6ret nogle perioder, hvor jeg ikke har haft den i, men s\u00e5 for et par \u00e5r siden t\u00e6nkte jeg \u201cej, det vil jeg egentligt gerne igen\u201d. Nu har jeg haft den i igen i en del \u00e5r, og s\u00e5 bliver den ligesom meget hurtigt en del af mig. Jeg f\u00f8ler heller ikke, at der er s\u00e5 mange omkring mig, som l\u00e6gger m\u00e6rke til den mere &#8211; den h\u00f8rer bare til i mit udtryk. S\u00e5 piercinger er absolut noget, jeg t\u00e6nker over. I dag var det lidt mere spontant, hvad det blev til, for jeg havde egentlig t\u00e6nkt m\u00e5ske bare at f\u00e5 \u00e5bnet min gamle helix piercing igen, og s\u00e5 en ekstra i \u00f8reflippen, men s\u00e5 blev det til noget helt andet. Det gik fra to nok meget klassiske piercinger til noget, Filipa ikke havde lavet f\u00f8r. Og hvis man g\u00e5r ind til en, som man ved, er rigtig dygtig, s\u00e5 m\u00e5 man ogs\u00e5 stole p\u00e5 dem, n\u00e5r de siger \u201chey, det her ville faktisk blive vildt flot\u201d. Det er lidt ligesom, hvis jeg skal l\u00e6gge make up p\u00e5 en, og de s\u00e5 siger, at de vildt gerne vil have gr\u00f8n \u00f8jenskygge, og jeg s\u00e5 siger, du er flottere med bl\u00e5. At man ligesom g\u00e5r ud fra, at hvis det er rigtigt dygtige folk, man arbejder med, s\u00e5 m\u00e5 man ogs\u00e5 give dem den tillid, at de ved, hvad de taler om. Det var det jeg t\u00e6nkte. Det var slet ikke de her piercinger, jeg gik ind med tanke om, men hun ved jo ogs\u00e5, hvad hun snakker om, og man kan jo altid tage dem ud igen. Men jeg er meget glad for, at det endte med, hvad det gjorde. Det havde jeg aldrig fundet p\u00e5 selv!<\/p>\n<p>[\/vc_column_text][\/vc_column_inner][\/vc_row_inner][vc_empty_space][\/vc_column][\/vc_row][vc_row el_disable_desktop=&#8221;1&#8243; el_disable_tablet=&#8221;1&#8243; el_class=&#8221;hide-on-desk&#8221;][vc_column][vc_row_inner][vc_column_inner width=&#8221;1\/2&#8243;][vc_column_text]<\/p>\n<div class=\"\" style=\"text-align: center;\">\n<div class=\"\" style=\"text-align: center;\">\n<div class=\"\">\n<div class=\"\" style=\"text-align: center;\">\n<div class=\"\">\n<div class=\"\">\n<p style=\"text-align: left;\"><strong>Hvordan udtrykker du dig selv kreativt, udenfor dit arbejde?<\/strong><\/p>\n<p style=\"text-align: left;\">Jeg er meget bevidst om, hvad jeg kan lide, og hvad jeg ikke kan lide. Jeg har en bestemt stil, og d\u00e9t bliver en kreativ udtryksform for mig. Det er ikke fordi, den er mega crazy, den er faktisk ret sikker. Jeg har altid jeans p\u00e5 &#8211; og altid pandeh\u00e5r, s\u00e5 jeg er ikke rigtigt eksperimenterende p\u00e5 den m\u00e5de. Det var jeg, da jeg var yngre, men nu er jeg meget mere til alt, der er naturligt, selvom det m\u00e5ske lyder lidt kedeligt. M\u00e5ske det er en skandinavisk ting? Det har nok ogs\u00e5 noget at g\u00f8re med min alder. Nu er jeg 42, og der sker i forvejen en masse udseendem\u00e6ssigt, og hvis jeg s\u00e5 ogs\u00e5 begynder at bruge lidt for tung makeup, s\u00e5 kan det n\u00e6sten blive lidt for meget. Keeping it simple &#8211; ogs\u00e5 n\u00e5r det kommer til smykker. <span class=\"\">Jeg glemmer for eksempel fuldst\u00e6ndigt, at jeg har en n\u00e6sepiercing. Det t\u00e6nker jeg slet ikke over. Det er n\u00e6rmest bare blevet en del af mig. Ellers g\u00e5r jeg altid med de samme smykker. Samme ringe, \u00f8reringe og halsk\u00e6der. Der er lidt LINE&amp;JO og lidt andet blandet dansk design. Jeg finder noget, jeg rigtig godt kan lide, og som jeg bliver glad af at kigge p\u00e5 hver eneste dag, og s\u00e5 bliver det bare en integreret del af mit udtryk &#8211; p\u00e5 samme m\u00e5de som mit h\u00e5r og t\u00f8j. Det beh\u00f8ver ikke n\u00f8dvendigvis at have en s\u00e6rlig betydning, noget af det har, men ikke alt. Min halsk\u00e6de har for eksempel betydning og historie bag sig, men mine ringe og \u00f8reringe har jeg valgt p\u00e5 baggrund af \u00e6stetik. De er enkle uden at v\u00e6re klassiske.<\/span><\/p>\n<\/div>\n<\/div>\n<\/div>\n<\/div>\n<\/div>\n<\/div>\n<p>[\/vc_column_text][vc_empty_space height=&#8221;30px&#8221;][vc_single_image image=&#8221;66130&#8243; img_size=&#8221;full&#8221; alignment=&#8221;center&#8221; onclick=&#8221;custom_link&#8221; link=&#8221;https:\/\/www.linehallberg.com\/linejo-stories\/behind-linejo-head-of-piercings-filipa\/&#8221; el_class=&#8221;respon-img&#8221;][vc_column_text css=&#8221;.vc_custom_1729160934197{margin-top: 40px !important;}&#8221;]<\/p>\n<div class=\"\" style=\"text-align: center;\">\n<div class=\"\">\n<div class=\"\" style=\"text-align: center;\">\n<div class=\"\">\n<div class=\"\">\n<p style=\"text-align: left;\"><strong>G\u00f8r du dig nogle s\u00e6rlige overvejelser, inden du f\u00e5r lavet piercinger?<\/strong><\/p>\n<p style=\"text-align: left;\">Jeg fik min f\u00f8rste n\u00e6sepiercing, da jeg var 14 \u00e5r. Den fik jeg ikke lov til at beholde, da min familie syntes, at det var lidt for meget. S\u00e5 fik jeg den s\u00e5 igen, da jeg var 17 \u00e5r, og s\u00e5 har jeg egentlig haft den siden. Der har selvf\u00f8lgelig v\u00e6ret nogle perioder, hvor jeg ikke har haft den i, men s\u00e5 for et par \u00e5r siden t\u00e6nkte jeg \u201cej, det vil jeg egentligt gerne igen\u201d. Nu har jeg haft den i igen i en del \u00e5r, og s\u00e5 bliver den ligesom meget hurtigt en del af mig. Jeg f\u00f8ler heller ikke, at der er s\u00e5 mange omkring mig, som l\u00e6gger m\u00e6rke til den mere &#8211; den h\u00f8rer bare til i mit udtryk. S\u00e5 piercinger er absolut noget, jeg t\u00e6nker over. I dag var det lidt mere spontant, hvad det blev til, for jeg havde egentlig t\u00e6nkt m\u00e5ske bare at f\u00e5 \u00e5bnet min gamle helix piercing igen, og s\u00e5 en ekstra i \u00f8reflippen, men s\u00e5 blev det til noget helt andet. Det gik fra to nok meget klassiske piercinger til noget, Filipa ikke havde lavet f\u00f8r. Og hvis man g\u00e5r ind til en, som man ved, er rigtig dygtig, s\u00e5 m\u00e5 man ogs\u00e5 stole p\u00e5 dem, n\u00e5r de siger \u201chey, det her ville faktisk blive vildt flot\u201d. Det er lidt ligesom, hvis jeg skal l\u00e6gge make up p\u00e5 en, og de s\u00e5 siger, at de vildt gerne vil have gr\u00f8n \u00f8jenskygge, og jeg s\u00e5 siger, du er flottere med bl\u00e5. At man ligesom g\u00e5r ud fra, at hvis det er rigtigt dygtige folk, man arbejder med, s\u00e5 m\u00e5 man ogs\u00e5 give dem den tillid, at de ved, hvad de taler om. Det var det jeg t\u00e6nkte. Det var slet ikke de her piercinger, jeg gik ind med tanke om, men hun ved jo ogs\u00e5, hvad hun snakker om, og man kan jo altid tage dem ud igen. Men jeg er meget glad for, at det endte med, hvad det gjorde. Det havde jeg aldrig fundet p\u00e5 selv!<\/p>\n<\/div>\n<\/div>\n<\/div>\n<\/div>\n<\/div>\n<p>[\/vc_column_text][\/vc_column_inner][vc_column_inner width=&#8221;1\/2&#8243;][vc_single_image image=&#8221;66202&#8243; img_size=&#8221;full&#8221; alignment=&#8221;center&#8221; onclick=&#8221;custom_link&#8221; link=&#8221;https:\/\/www.linehallberg.com\/linejo-stories\/behind-linejo-head-of-piercings-filipa\/&#8221; el_class=&#8221;respon-img&#8221;][vc_empty_space height=&#8221;30px&#8221;][vc_column_text]<a href=\"https:\/\/www.instagram.com\/mariethomsenbaby\">@mariathomsenbaby<\/a>[\/vc_column_text]<div class=\"gem-button-container gem-button-position-center thegem-button-6a03569b907116562 gettimely-booking-button\"  ><a title=\"BOOK EN PIERCING\" class=\"gem-button gem-button-size-small gem-button-style-flat gem-button-text-weight-normal\" data-ll-effect=\"drop-right-without-wrap\" style=\"border-radius: 3px;\" onmouseleave=\"\" onmouseenter=\"\" href=\"https:\/\/www.linehallberg.com\/da\/book-en-piercing\/\" target=\"_self\">Book piercing<\/a><\/div> [\/vc_column_inner][\/vc_row_inner][\/vc_column][\/vc_row]<\/p>\n","protected":false},"excerpt":{"rendered":"<p>[vc_row][vc_column][vc_row_inner][vc_column_inner][vc_column_text] MY PIERCING SALON STORY: Marie Thomsen I November havde vi bes\u00f8g af den dygtige make-up artist, Marie Thomsen, i&#8230;<\/p>\n","protected":false},"author":62,"featured_media":0,"parent":65045,"menu_order":0,"comment_status":"closed","ping_status":"closed","template":"","meta":[],"yst_prominent_words":[1909,1671,1264,1282,2067,2070,1278,2068,2069,1508,1270,1520,1658,2065,1660,1269],"acf":[],"_links":{"self":[{"href":"https:\/\/www.linehallberg.com\/da\/wp-json\/wp\/v2\/pages\/66127"}],"collection":[{"href":"https:\/\/www.linehallberg.com\/da\/wp-json\/wp\/v2\/pages"}],"about":[{"href":"https:\/\/www.linehallberg.com\/da\/wp-json\/wp\/v2\/types\/page"}],"author":[{"embeddable":true,"href":"https:\/\/www.linehallberg.com\/da\/wp-json\/wp\/v2\/users\/62"}],"replies":[{"embeddable":true,"href":"https:\/\/www.linehallberg.com\/da\/wp-json\/wp\/v2\/comments?post=66127"}],"version-history":[{"count":15,"href":"https:\/\/www.linehallberg.com\/da\/wp-json\/wp\/v2\/pages\/66127\/revisions"}],"predecessor-version":[{"id":75933,"href":"https:\/\/www.linehallberg.com\/da\/wp-json\/wp\/v2\/pages\/66127\/revisions\/75933"}],"up":[{"embeddable":true,"href":"https:\/\/www.linehallberg.com\/da\/wp-json\/wp\/v2\/pages\/65045"}],"wp:attachment":[{"href":"https:\/\/www.linehallberg.com\/da\/wp-json\/wp\/v2\/media?parent=66127"}],"wp:term":[{"taxonomy":"yst_prominent_words","embeddable":true,"href":"https:\/\/www.linehallberg.com\/da\/wp-json\/wp\/v2\/yst_prominent_words?post=66127"}],"curies":[{"name":"wp","href":"https:\/\/api.w.org\/{rel}","templated":true}]}}