{"id":66682,"date":"2023-02-06T15:03:40","date_gmt":"2023-02-06T14:03:40","guid":{"rendered":"https:\/\/www.lineandjo.com\/da\/?page_id=66682"},"modified":"2026-03-10T16:18:19","modified_gmt":"2026-03-10T15:18:19","slug":"boern-mindreaarige","status":"publish","type":"page","link":"https:\/\/www.linehallberg.com\/da\/piercing-salon\/boern-mindreaarige\/","title":{"rendered":"MINDRE\u00c5RIGE"},"content":{"rendered":"<p>[vc_row][vc_column]<div id=\"fullwidth-block-69e8f9c5eaff8\" class=\"fullwidth-block clearfix\"  style=\"\"><script type=\"text\/javascript\">if (typeof(gem_fix_fullwidth_position) == \"function\") { gem_fix_fullwidth_position(document.getElementById(\"fullwidth-block-69e8f9c5eaff8\")); }<\/script><div class=\"fullwidth-block-background\" style=\"background-image: url(https:\/\/www.linehallberg.com\/da\/wp-content\/uploads\/2024\/03\/Bla\u030a-v2.png);background-repeat: no-repeat; background-size: cover;background-position: center top;\"><\/div><div class=\"fullwidth-block-inner\">[vc_column_text]<\/p>\n<h1 style=\"text-align: center;\">Mindre\u00e5rige<\/h1>\n<p>[\/vc_column_text]<\/div><\/div>[vc_empty_space][vc_single_image image=&#8221;80641&#8243; img_size=&#8221;full&#8221; alignment=&#8221;center&#8221;][vc_empty_space][vc_column_text]<\/p>\n<h2 style=\"text-align: left;\">6 &#8211; 12 \u00e5r<\/h2>\n<p style=\"text-align: left;\">Det kan v\u00e6re skr\u00e6mmende for et barn at f\u00e5 huller i \u00f8rerne, hvis ikke det bliver h\u00e5ndteret p\u00e5 en ordentlig m\u00e5de. Vi har valgt at forl\u00e6nge vores booking for b\u00f8rns f\u00f8rste huller i \u00f8rerne til 45 minutter, i stedet for de normale 30 minutter, s\u00e5 vores piercer har masser af tid til at g\u00f8re piercingoplevelsen s\u00e5 behagelig som mulig.<\/p>\n<p>[\/vc_column_text]<div class=\"gem-button-container gem-button-position-left thegem-button-69e8f9c5eb06c5883 gettimely-booking-button\"  ><a class=\"gem-button gem-button-size-small gem-button-style-flat gem-button-text-weight-normal\" data-ll-effect=\"drop-right-without-wrap\" style=\"border-radius: 3px;\" onmouseleave=\"\" onmouseenter=\"\" href=\"https:\/\/bookings.gettimely.com\/linejo\/bb\/book?product=3017612%3ASV\" target=\"_self\">Book piercingtid til barn<\/a><\/div> [vc_column_text]<\/p>\n<p style=\"text-align: left;\">Er dit barn nerv\u00f8s eller bange, anbefaler vi, at man kommer ind til en kort konsultation forinden piercingaftalen.\u00a0 Her har barn og piercer mulighed for at m\u00f8de hinanden og skabe tillid, mens barnet kan blive bekendt med omgivelserne og introduceret til piercingproceduren. Dette er ikke obligatorisk, men kan v\u00e6re en hj\u00e6lp, s\u00e5 dit barn f\u00e5r den bedst mulige oplevelse i vores piercing salon.<\/p>\n<p>[\/vc_column_text]<div class=\"gem-button-container gem-button-position-left thegem-button-69e8f9c5eb0934684 gettimely-booking-button\"  ><a class=\"gem-button gem-button-size-small gem-button-style-flat gem-button-text-weight-normal\" data-ll-effect=\"drop-right-without-wrap\" style=\"border-radius: 3px;\" onmouseleave=\"\" onmouseenter=\"\" href=\"https:\/\/bookings.gettimely.com\/linejo\/bb\/book?product=4801472%3ASV\" target=\"_self\">Book konsultation til barns f\u00f8rste huller i \u00f8rerne<\/a><\/div> [vc_column_text]<\/p>\n<ul>\n<li style=\"text-align: left;\">\n<p class=\"styled-subtitle\">Vi piercer ikke b\u00f8rn under 6 \u00e5r, da deres anatomi stadig er under udvikling. Dette er for at undg\u00e5 ubalancerede eller migrerede piercinger, idet disse kan \u00e6ndre placering i takt med at barnet vokser.<\/p>\n<\/li>\n<li style=\"text-align: left;\">\n<p class=\"styled-subtitle\">Barnet skal have mulighed for at give samtykke til at blive piercet.<\/p>\n<\/li>\n<li style=\"text-align: left;\">\n<p class=\"styled-subtitle\">Vi piercer\u00a0ikke, hvis der er blevet brugt bed\u00f8velsescreme, der hvor barnet skal pierces. L\u00e6s mere om dette i vores <a href=\"https:\/\/www.linehallberg.com\/da\/piercing-salon\/piercing-salon-faq\/\"><span style=\"text-decoration: underline;\">Piercing Salon FAQ<\/span><\/a>.<\/p>\n<\/li>\n<\/ul>\n<p style=\"text-align: left;\">Hos LINE HALLBERG Piercing Salon er alle produkter, som kommer i kontakt med vores klienter under en piercingprocedure, steriliseret i en autoklave, som bliver h\u00e5ndteret af vores dygtige personale. Vores piercingmetoder inkluderer engangsv\u00e6rkt\u00f8j, sterile n\u00e5le, implant grade titanium eller 14 karat massivt guld. Ved udelukkende at bruge sterile og biokompatible\/hypoallergene materiale, kan vi forsikre om et rent og sikkert milj\u00f8 for vores klienter.<\/p>\n<p>&nbsp;[\/vc_column_text][vc_empty_space][vc_column_text]<\/p>\n<h2 style=\"text-align: left;\">13 &#8211; 16 \u00e5r<\/h2>\n<p style=\"text-align: left;\">Der er ingen lovpligtige restriktioner i forbindelse med piercinger for mindre\u00e5rige eller unge voksne. Hos LINE HALLBERG piercing salon kr\u00e6ver vi dog for\u00e6ldresamtykke for alle personer under 16 \u00e5r. Dette g\u00e6lder uanset, om du er blevet piercet f\u00f8r, og er uden undtagelser.<\/p>\n<p style=\"text-align: left;\">Hvis du har brug for mere tid, anbefaler vi, at du booker en tid til b\u00f8rn mellem 6 &#8211; 12 \u00e5r. Med denne booking er der mere tid til at besvare alle de sp\u00f8rgsm\u00e5l, du m\u00e5tte have.<\/p>\n<p style=\"text-align: left;\">Hvis der er en specifik bekymring eller grund til, at du har valgt den l\u00e6ngere booking, s\u00e5 specific\u00e9r gerne dette i bookingnoterne.<\/p>\n<p>[\/vc_column_text]<div class=\"gem-button-container gem-button-position-left thegem-button-69e8f9c5eb0ae7362 gettimely-booking-button\"  ><a class=\"gem-button gem-button-size-small gem-button-style-flat gem-button-text-weight-normal\" data-ll-effect=\"drop-right-without-wrap\" style=\"border-radius: 3px;\" onmouseleave=\"\" onmouseenter=\"\" href=\"https:\/\/www.linehallberg.com\/da\/book-en-piercing\/\" target=\"_self\">Book piercingtid<\/a><\/div> [\/vc_column][\/vc_row][vc_row][vc_column][vc_empty_space][vc_column_text css=&#8221;.vc_custom_1768915637993{padding-top: 20px !important;padding-right: 20px !important;padding-bottom: 20px !important;padding-left: 20px !important;background-color: #000000 !important;}&#8221;]<\/p>\n<p style=\"text-align: left;\"><span style=\"color: #ffffff;\"><strong>SP\u00d8RGSM\u00c5L?<\/strong><\/span><\/p>\n<p style=\"text-align: left;\"><span style=\"color: #ffffff;\">Hvis du har sp\u00f8rgsm\u00e5l, er du velkommen til at kontakte vores professionelle piercer p\u00e5 <span style=\"text-decoration: underline;\"><a style=\"color: #ffffff; text-decoration: underline;\" href=\"mailto:piercingsalon@linehallberg.com\">piercingsalon@linehallberg.com<\/a><\/span> eller bes\u00f8ge vores\u00a0<a style=\"color: #ffffff; font-weight: 700!important;\" href=\"https:\/\/www.linehallberg.com\/da\/piercing-salon\/piercing-salon-faq\/\">Piercing Salon FAQ<\/a>.<\/span><\/p>\n<p>[\/vc_column_text][\/vc_column][\/vc_row]<\/p>\n","protected":false},"excerpt":{"rendered":"<p>[vc_row][vc_column][vc_empty_space][vc_single_image image=&#8221;80641&#8243; img_size=&#8221;full&#8221; alignment=&#8221;center&#8221;][vc_empty_space][vc_column_text] 6 &#8211; 12 \u00e5r Det kan v\u00e6re skr\u00e6mmende for et barn at f\u00e5 huller i \u00f8rerne,&#8230;<\/p>\n","protected":false},"author":62,"featured_media":0,"parent":44820,"menu_order":0,"comment_status":"closed","ping_status":"closed","template":"","meta":[],"yst_prominent_words":[1909,1671,1264,1282,2067,2070,1278,2068,2069,1508,1270,1520,1658,2065,1660,1269],"acf":[],"_links":{"self":[{"href":"https:\/\/www.linehallberg.com\/da\/wp-json\/wp\/v2\/pages\/66682"}],"collection":[{"href":"https:\/\/www.linehallberg.com\/da\/wp-json\/wp\/v2\/pages"}],"about":[{"href":"https:\/\/www.linehallberg.com\/da\/wp-json\/wp\/v2\/types\/page"}],"author":[{"embeddable":true,"href":"https:\/\/www.linehallberg.com\/da\/wp-json\/wp\/v2\/users\/62"}],"replies":[{"embeddable":true,"href":"https:\/\/www.linehallberg.com\/da\/wp-json\/wp\/v2\/comments?post=66682"}],"version-history":[{"count":44,"href":"https:\/\/www.linehallberg.com\/da\/wp-json\/wp\/v2\/pages\/66682\/revisions"}],"predecessor-version":[{"id":82437,"href":"https:\/\/www.linehallberg.com\/da\/wp-json\/wp\/v2\/pages\/66682\/revisions\/82437"}],"up":[{"embeddable":true,"href":"https:\/\/www.linehallberg.com\/da\/wp-json\/wp\/v2\/pages\/44820"}],"wp:attachment":[{"href":"https:\/\/www.linehallberg.com\/da\/wp-json\/wp\/v2\/media?parent=66682"}],"wp:term":[{"taxonomy":"yst_prominent_words","embeddable":true,"href":"https:\/\/www.linehallberg.com\/da\/wp-json\/wp\/v2\/yst_prominent_words?post=66682"}],"curies":[{"name":"wp","href":"https:\/\/api.w.org\/{rel}","templated":true}]}}