{"id":68431,"date":"2023-06-13T14:26:01","date_gmt":"2023-06-13T12:26:01","guid":{"rendered":"https:\/\/www.lineandjo.com\/?page_id=68431"},"modified":"2024-02-07T11:08:47","modified_gmt":"2024-02-07T10:08:47","slug":"home","status":"publish","type":"page","link":"https:\/\/www.linehallberg.com\/da\/home\/","title":{"rendered":"HOME"},"content":{"rendered":"<p>[vc_row content_placement=&#8221;middle&#8221;][vc_column css=&#8221;.vc_custom_1697797556402{background-color: rgba(255,255,255,0.01) !important;*background-color: rgb(255,255,255) !important;}&#8221;]<div id=\"fullwidth-block-6a04995abbc2c\" class=\"fullwidth-block clearfix\"  style=\"background-color: #000000;\"><script type=\"text\/javascript\">if (typeof(gem_fix_fullwidth_position) == \"function\") { gem_fix_fullwidth_position(document.getElementById(\"fullwidth-block-6a04995abbc2c\")); }<\/script><div class=\"fullwidth-block-inner\">[vc_empty_space height=&#8221;40px&#8221; el_class=&#8221;mobile-img&#8221;][vc_row_inner content_placement=&#8221;middle&#8221; el_class=&#8221;cat-row&#8221;][vc_column_inner width=&#8221;1\/2&#8243; css=&#8221;.vc_custom_1697797586585{background-color: rgba(255,255,255,0.01) !important;*background-color: rgb(255,255,255) !important;}&#8221;]<div class=\"gem-button-container gem-button-position-center thegem-button-6a04995abbc9d2793 gettimely-booking-button white-bdr guld-smykker\"  ><a class=\"gem-button gem-button-size-small gem-button-style-flat gem-button-text-weight-normal\" data-ll-effect=\"drop-right-without-wrap\" style=\"border-radius: 3px;background-color: #ffffff;color: #000000;\" onmouseleave=\"this.style.backgroundColor='#ffffff';this.style.color='#000000';\" onmouseenter=\"\" href=\"\" target=\"_self\">Massivt guld<\/a><\/div> [\/vc_column_inner][vc_column_inner width=&#8221;1\/2&#8243; css=&#8221;.vc_custom_1697797603617{background-color: rgba(255,255,255,0.01) !important;*background-color: rgb(255,255,255) !important;}&#8221;]<div class=\"gem-button-container gem-button-position-center thegem-button-6a04995abbcc27634 gettimely-booking-button white-bdr silver-jewellery\"  ><a class=\"gem-button gem-button-size-small gem-button-style-flat gem-button-text-weight-normal\" data-ll-effect=\"drop-right-without-wrap\" style=\"border-radius: 3px;background-color: #ffffff;color: #000000;\" onmouseleave=\"this.style.backgroundColor='#ffffff';this.style.color='#000000';\" onmouseenter=\"\" href=\"\" target=\"_self\">S\u00f8lv<\/a><\/div> [\/vc_column_inner][\/vc_row_inner]<\/div><\/div>[\/vc_column][\/vc_row][vc_row equal_height=&#8221;yes&#8221; content_placement=&#8221;middle&#8221; css=&#8221;.vc_custom_1705662077971{margin-bottom: 10px !important;}&#8221; el_class=&#8221;piercing-treat-feb&#8221;][vc_column width=&#8221;5\/12&#8243;][vc_single_image image=&#8221;71605&#8243; img_size=&#8221;full&#8221; alignment=&#8221;center&#8221; el_class=&#8221;respon-img fit-dt&#8221;][\/vc_column][vc_column width=&#8221;7\/12&#8243; disable_custom_paddings_mobile=&#8221;true&#8221;][vc_column_text el_class=&#8221;mobile-img&#8221;]<\/p>\n<h2 style=\"text-align: center;\">EKSKLUSIV piercing treat<\/h2>\n<p style=\"text-align: center;\">Udfordr dit look med en ny klassiker og f\u00e5 piercingsmykket i s\u00f8lv titanium gratis, som nyt eller eksisterende medlem af vores<br \/>\n\u2764\ufe0fMEMBERS\u2019 CLUB\u2764\ufe0f[\/vc_column_text][vc_column_text el_class=&#8221;desktop-img&#8221;]<\/p>\n<h2 style=\"text-align: center;\">EKSKLUSIV piercing treat<\/h2>\n<p style=\"text-align: center;\">Udfordr dit look med en ny klassiker og f\u00e5 piercingsmykket i s\u00f8lv titanium gratis, som nyt eller eksisterende medlem af vores \u2764\ufe0fMEMBERS\u2019 CLUB\u2764\ufe0f<\/p>\n<p>[\/vc_column_text]<div class=\"gem-button-container gem-button-position-center thegem-button-6a04995abbd015823 gettimely-booking-button\"  ><a title=\"NYHEDER\" class=\"gem-button gem-button-size-small gem-button-style-flat gem-button-text-weight-normal\" data-ll-effect=\"drop-right-without-wrap\" style=\"border-radius: 3px;\" onmouseleave=\"\" onmouseenter=\"\" href=\"https:\/\/www.linehallberg.com\/da\/book-the-new-classics\/\" target=\"_self\">UDFORSK<\/a><\/div> [\/vc_column][\/vc_row][vc_row equal_height=&#8221;yes&#8221; content_placement=&#8221;middle&#8221; css=&#8221;.vc_custom_1701450569593{margin-bottom: 10px !important;}&#8221;][vc_column width=&#8221;7\/12&#8243; disable_custom_paddings_mobile=&#8221;true&#8221;][vc_raw_html el_class=&#8221;mobile-img&#8221;]JTNDZGl2JTIwY2xhc3MlM0QlMjdlbWJlZC1jb250YWluZXIlMjclM0UlM0NpZnJhbWUlMjBzcmMlM0QlMjJodHRwcyUzQSUyRiUyRnBsYXllci52aW1lby5jb20lMkZ2aWRlbyUyRjkwMDc0NjcwMiUzRmJhY2tncm91bmQlM0QxJTI2YXV0b3BsYXklM0QxJTI2bG9vcCUzRDElMjZhdXRvcGF1c2UlM0QwJTIyJTIwZnJhbWVib3JkZXIlM0QlMjIwJTIyJTIwd2lkdGglM0QlMjIxMDAlMjUlMjIlMjBoZWlnaHQlM0QlMjI0NDBweCUyMiUyMGFsbG93JTNEJTIyYXV0b3BsYXklM0IlMjBmdWxsc2NyZWVuJTIyJTIwYWxsb3dmdWxsc2NyZWVuJTIwd2Via2l0YWxsb3dmdWxsc2NyZWVuJTIwbW96YWxsb3dmdWxsc2NyZWVuJTNFJTNDJTJGaWZyYW1lJTNFJTNDJTJGZGl2JTNF[\/vc_raw_html][vc_column_text el_class=&#8221;cta-text mobile-img&#8221; css=&#8221;.vc_custom_1704704753018{padding-right: 10px !important;padding-left: 10px !important;}&#8221;]&nbsp;<\/p>\n<p style=\"text-align: center;\">Udforsk de nyeste tilf\u00f8jelser til LINE&amp;JO universet.<\/p>\n<p>[\/vc_column_text][vc_column_text el_class=&#8221;cta-text desktop-img&#8221; css=&#8221;.vc_custom_1706530630426{padding-right: 10px !important;padding-left: 10px !important;}&#8221;]<\/p>\n<h2 style=\"text-align: center;\">NYHEDER<\/h2>\n<p style=\"text-align: center;\">Udforsk de nyeste tilf\u00f8jelser til LINE&amp;JO universet.<\/p>\n<p>[\/vc_column_text]<div class=\"gem-button-container gem-button-position-center thegem-button-6a04995abbd205497 gettimely-booking-button\"  ><a title=\"NYHEDER\" class=\"gem-button gem-button-size-small gem-button-style-flat gem-button-text-weight-normal\" data-ll-effect=\"drop-right-without-wrap\" style=\"border-radius: 3px;\" onmouseleave=\"\" onmouseenter=\"\" href=\"https:\/\/www.linehallberg.com\/da\/nyheder\/\" target=\"_self\">UDFORSK<\/a><\/div> [\/vc_column][vc_column width=&#8221;5\/12&#8243;][vc_raw_html el_class=&#8221;desktop-img&#8221;]JTNDaWZyYW1lJTIwc3JjJTNEJTIyaHR0cHMlM0ElMkYlMkZwbGF5ZXIudmltZW8uY29tJTJGdmlkZW8lMkY5MDA3NDc4NjUlM0ZiYWNrZ3JvdW5kJTNEMSUyNmF1dG9wbGF5JTNEMSUyNmxvb3AlM0QxJTI2YXV0b3BhdXNlJTNEMCUyMiUyMHdpZHRoJTNEJTIyNDk5JTIyJTIwaGVpZ2h0JTNEJTIyNDk5JTIyJTIwZnJhbWVib3JkZXIlM0QlMjIwJTIyJTIwYWxsb3clM0QlMjJhdXRvcGxheSUzQiUyMGZ1bGxzY3JlZW4lMjIlMjBhbGxvd2Z1bGxzY3JlZW4lM0UlM0MlMkZpZnJhbWUlM0U=[\/vc_raw_html][\/vc_column][\/vc_row][vc_row equal_height=&#8221;yes&#8221; content_placement=&#8221;middle&#8221; css=&#8221;.vc_custom_1701450569593{margin-bottom: 10px !important;}&#8221;][vc_column width=&#8221;5\/12&#8243;][vc_single_image image=&#8221;70966&#8243; img_size=&#8221;full&#8221; alignment=&#8221;center&#8221; onclick=&#8221;custom_link&#8221; el_class=&#8221;fit-dt&#8221; link=&#8221;https:\/\/www.linehallberg.com\/da\/pearls\/&#8221;][\/vc_column][vc_column width=&#8221;7\/12&#8243; disable_custom_paddings_mobile=&#8221;true&#8221;][vc_column_text el_class=&#8221;cta-text&#8221;]<\/p>\n<h2 style=\"text-align: center;\">PERLER<\/h2>\n<p style=\"text-align: center;\">Omfavn klassiske perlers bl\u00f8de og i\u00f8jnefaldende elegance. Skabt af omhyggeligt h\u00e5ndplukkede ferskvandsperler sammensat med kontrasterende sterlings\u00f8lv og 14 karat massivt guld.<\/p>\n<p>[\/vc_column_text]<div class=\"gem-button-container gem-button-position-center thegem-button-6a04995abbd3a5556 gettimely-booking-button\"  ><a title=\"JULEGAVEGUIDE\" class=\"gem-button gem-button-size-small gem-button-style-flat gem-button-text-weight-normal\" data-ll-effect=\"drop-right-without-wrap\" style=\"border-radius: 3px;\" onmouseleave=\"\" onmouseenter=\"\" href=\"https:\/\/www.linehallberg.com\/da\/pearls\/\" target=\"_self\">UDFORSK<\/a><\/div> [\/vc_column][\/vc_row][vc_row equal_height=&#8221;yes&#8221; content_placement=&#8221;middle&#8221; css=&#8221;.vc_custom_1701450600910{margin-bottom: 10px !important;}&#8221;][vc_column width=&#8221;7\/12&#8243; disable_custom_paddings_mobile=&#8221;true&#8221;][vc_single_image image=&#8221;70137&#8243; img_size=&#8221;full&#8221; alignment=&#8221;center&#8221; el_class=&#8221;respon-img mobile-img&#8221; css=&#8221;.vc_custom_1700050110771{padding-right: 20px !important;padding-left: 20px !important;}&#8221;][vc_column_text el_class=&#8221;cta-text&#8221;]<\/p>\n<h2 style=\"text-align: center;\">Bag om h\u00e5ndv\u00e6rket:<br \/>\nFRAGMENTS OF SICILY<\/h2>\n<p style=\"text-align: center;\">I samarbejde med <a href=\"https:\/\/www.eurowoman.dk\/\">EUROWOMAN<\/a> har vi snakket med guldsmed og creative director Line Hallberg om designprocessen bag hendes seneste kollektion <a href=\"https:\/\/www.linehallberg.com\/da\/collections\/fragments-of-sicily\/\">FRAGMENTS OF SICILY<\/a>.<\/p>\n<p>[\/vc_column_text]<div class=\"gem-button-container gem-button-position-center thegem-button-6a04995abbd533510 gettimely-booking-button\"  ><a class=\"gem-button gem-button-size-small gem-button-style-flat gem-button-text-weight-normal\" data-ll-effect=\"drop-right-without-wrap\" style=\"border-radius: 3px;\" onmouseleave=\"\" onmouseenter=\"\" href=\"https:\/\/www.linehallberg.com\/da\/bag-om-haandvaerket\/\" target=\"_self\">L\u00c6S MERE<\/a><\/div> [\/vc_column][vc_column width=&#8221;5\/12&#8243;][vc_single_image image=&#8221;69500&#8243; img_size=&#8221;full&#8221; alignment=&#8221;center&#8221; el_class=&#8221;desktop-img giffy&#8221;][\/vc_column][\/vc_row][vc_row equal_height=&#8221;yes&#8221; content_placement=&#8221;middle&#8221; css=&#8221;.vc_custom_1701450569593{margin-bottom: 10px !important;}&#8221;][vc_column width=&#8221;5\/12&#8243;][vc_single_image image=&#8221;71135&#8243; img_size=&#8221;full&#8221; alignment=&#8221;center&#8221; onclick=&#8221;custom_link&#8221; el_class=&#8221;fit-dt&#8221; link=&#8221;https:\/\/www.linehallberg.com\/da\/diamanter\/&#8221;][\/vc_column][vc_column width=&#8221;7\/12&#8243; disable_custom_paddings_mobile=&#8221;true&#8221;][vc_column_text el_class=&#8221;cta-text&#8221; css=&#8221;.vc_custom_1707300524953{padding-right: 10px !important;padding-left: 10px !important;}&#8221;]<\/p>\n<h2 style=\"text-align: center;\">Diamanter<\/h2>\n<p style=\"text-align: center;\">Skinnende &amp; skarpe. Lys hverdagen op med vores eksklusive udvalg af \u00e6gte diamanter sat i massivt guld.<\/p>\n<p>[\/vc_column_text]<div class=\"gem-button-container gem-button-position-center thegem-button-6a04995abbd6d7231 gettimely-booking-button\"  ><a title=\"DIAMANTER\" class=\"gem-button gem-button-size-small gem-button-style-flat gem-button-text-weight-normal\" data-ll-effect=\"drop-right-without-wrap\" style=\"border-radius: 3px;\" onmouseleave=\"\" onmouseenter=\"\" href=\"https:\/\/www.linehallberg.com\/da\/diamanter\/\" target=\"_self\">UDFORSK<\/a><\/div> [\/vc_column][\/vc_row][vc_row equal_height=&#8221;yes&#8221; content_placement=&#8221;middle&#8221;][vc_column width=&#8221;7\/12&#8243; disable_custom_paddings_mobile=&#8221;true&#8221;][vc_single_image image=&#8221;70139&#8243; img_size=&#8221;full&#8221; alignment=&#8221;center&#8221; el_class=&#8221;respon-img gif-img mobile-img&#8221; css=&#8221;.vc_custom_1700050456283{padding-right: 20px !important;padding-left: 20px !important;}&#8221;][vc_column_text el_class=&#8221;cta-text&#8221;]<\/p>\n<h2 style=\"text-align: center;\">FRAGMENTS OF COPENHAGEN<\/h2>\n<p>Et fornyet k\u00e6rlighedsbrev til K\u00f8benhavn og den ikoniske MINI FRAGMENT-kollektion i nye st\u00f8rre dimensioner med cool h\u00f8jpolerede overflader.[\/vc_column_text]<div class=\"gem-button-container gem-button-position-center thegem-button-6a04995abbd841963 gettimely-booking-button\"  ><a title=\"FRAGMENTS\" class=\"gem-button gem-button-size-small gem-button-style-flat gem-button-text-weight-normal\" data-ll-effect=\"drop-right-without-wrap\" style=\"border-radius: 3px;\" onmouseleave=\"\" onmouseenter=\"\" href=\"https:\/\/www.linehallberg.com\/da\/fragmenter-2\/\" target=\"_self\">UDFORSK<\/a><\/div> [\/vc_column][vc_column width=&#8221;5\/12&#8243;][vc_raw_html el_class=&#8221;top-vid desktop-img&#8221;]JTNDaWZyYW1lJTIwc3JjJTNEJTIyaHR0cHMlM0ElMkYlMkZwbGF5ZXIudmltZW8uY29tJTJGdmlkZW8lMkY4NzQ3MjUzNjAlM0ZiYWNrZ3JvdW5kJTNEMSUyNmF1dG9wbGF5JTNEMSUyNmxvb3AlM0QxJTI2YXV0b3BhdXNlJTNEMCUyMiUyMHdpZHRoJTNEJTIyNTA0JTIyJTIwaGVpZ2h0JTNEJTIyNTA1JTIyJTIwZnJhbWVib3JkZXIlM0QlMjIwJTIyJTIwYWxsb3clM0QlMjJhdXRvcGxheSUzQiUyMGZ1bGxzY3JlZW4lMjIlMjBhbGxvd2Z1bGxzY3JlZW4lM0UlM0MlMkZpZnJhbWUlM0U=[\/vc_raw_html][\/vc_column][\/vc_row][vc_row equal_height=&#8221;yes&#8221; content_placement=&#8221;middle&#8221; el_class=&#8221;hidden&#8221;][vc_column width=&#8221;7\/12&#8243; disable_custom_paddings_mobile=&#8221;true&#8221;][vc_single_image image=&#8221;69233&#8243; img_size=&#8221;full&#8221; alignment=&#8221;center&#8221; el_class=&#8221;respon-img mobile-img&#8221; css=&#8221;.vc_custom_1694178916240{padding-right: 20px !important;padding-left: 20px !important;}&#8221;][vc_column_text el_class=&#8221;cta-text&#8221;]<\/p>\n<h2 style=\"text-align: center;\">LINE&amp;JO STORIES<\/h2>\n<div class=\"content-area__text cta-black\" style=\"text-align: center;\">\n<div class=\"content-area__text \">\n<div class=\"content-area__text \">Fra Islands dybe ro til det travle K\u00f8benhavn &#8211; m\u00f8d vores piercingelev og Lyngby-favorit, \u00d3l\u00f6f!<\/div>\n<\/div>\n<\/div>\n<p>[\/vc_column_text]<div class=\"gem-button-container gem-button-position-center thegem-button-6a04995abbd9d1885 gettimely-booking-button\"  ><a title=\"FRAGMENT KOLLEKTION\" class=\"gem-button gem-button-size-small gem-button-style-flat gem-button-text-weight-normal\" data-ll-effect=\"drop-right-without-wrap\" style=\"border-radius: 3px;\" onmouseleave=\"\" onmouseenter=\"\" href=\"https:\/\/www.linehallberg.com\/da\/linejo-stories\/\" target=\"_self\">L\u00c6S MERE<\/a><\/div> [\/vc_column][vc_column width=&#8221;5\/12&#8243;][vc_single_image image=&#8221;69233&#8243; img_size=&#8221;height: 500px;&#8221; alignment=&#8221;center&#8221; el_class=&#8221;desktop-img&#8221;][\/vc_column][\/vc_row][vc_row equal_height=&#8221;yes&#8221; content_placement=&#8221;middle&#8221; el_class=&#8221;hidden&#8221;][vc_column width=&#8221;7\/12&#8243;][vc_raw_html el_class=&#8221;.desktop-img&#8221; css=&#8221;.vc_custom_1687170132013{background-color: #000000 !important;}&#8221;]JTNDaWZyYW1lJTIwc3JjJTNEJTIyaHR0cHMlM0ElMkYlMkZwbGF5ZXIudmltZW8uY29tJTJGdmlkZW8lMkY1NjEyNDEzNDQlM0ZiYWNrZ3JvdW5kJTNEMSUyNmF1dG9wbGF5JTNEMSUyNmxvb3AlM0QxJTI2YXV0b3BhdXNlJTNEMCUyMiUyMHdpZHRoJTNEJTIyNjQ3JTIyJTIwaGVpZ2h0JTNEJTIyNDUwJTIyJTIwZnJhbWVib3JkZXIlM0QlMjIwJTIyJTIwYWxsb3clM0QlMjJhdXRvcGxheSUzQiUyMGZ1bGxzY3JlZW4lMjIlMjBhbGxvd2Z1bGxzY3JlZW4lM0UlM0MlMkZpZnJhbWUlM0U=[\/vc_raw_html][\/vc_column][vc_column width=&#8221;5\/12&#8243; disable_custom_paddings_mobile=&#8221;true&#8221;][vc_raw_html el_class=&#8221;respon-img mobile-img vimeo-vid&#8221; css=&#8221;.vc_custom_1686729017777{background-color: #000000 !important;}&#8221;]JTNDaWZyYW1lJTIwc3JjJTNEJTIyaHR0cHMlM0ElMkYlMkZwbGF5ZXIudmltZW8uY29tJTJGdmlkZW8lMkY1NjEyNDEzNDQlM0ZiYWNrZ3JvdW5kJTNEMSUyNmF1dG9wbGF5JTNEMSUyNmxvb3AlM0QxJTI2YXV0b3BhdXNlJTNEMCUyMiUyMGZyYW1lYm9yZGVyJTNEJTIyMCUyMiUyMGFsbG93JTNEJTIyYXV0b3BsYXklM0IlMjBmdWxsc2NyZWVuJTIyJTIwYWxsb3dmdWxsc2NyZWVuJTNFJTNDJTJGaWZyYW1lJTNF[\/vc_raw_html][vc_column_text el_class=&#8221;cta-text&#8221;]<\/p>\n<h2 style=\"text-align: center;\">Styling salon<\/h2>\n<div class=\"content-area__text cta-black\" style=\"text-align: center;\">\n<div class=\"content-area__text cta-black\">\n<div class=\"content-area__text \">\n<div class=\"content-area__text \">Book en tid hos en af vores dygtige medarbejdere, som vil guide dig til, hvordan du styler dine smykker og arvestykker sammen med vores univers.<\/div>\n<\/div>\n<\/div>\n<\/div>\n<p>[\/vc_column_text]<div class=\"gem-button-container gem-button-position-center thegem-button-6a04995abbdb35524 gettimely-booking-button\"  ><a title=\"FRAGMENT KOLLEKTION\" class=\"gem-button gem-button-size-small gem-button-style-flat gem-button-text-weight-normal\" data-ll-effect=\"drop-right-without-wrap\" style=\"border-radius: 3px;\" onmouseleave=\"\" onmouseenter=\"\" href=\"https:\/\/www.linehallberg.com\/da\/styling-salon\/\" target=\"_self\">BOOK DIN STYLING SESSION<\/a><\/div> [\/vc_column][\/vc_row]<\/p>\n","protected":false},"excerpt":{"rendered":"<p>[vc_row content_placement=&#8221;middle&#8221;][vc_column css=&#8221;.vc_custom_1697797556402{background-color: rgba(255,255,255,0.01) !important;*background-color: rgb(255,255,255) !important;}&#8221;][\/vc_column][\/vc_row][vc_row equal_height=&#8221;yes&#8221; content_placement=&#8221;middle&#8221; css=&#8221;.vc_custom_1705662077971{margin-bottom: 10px !important;}&#8221; el_class=&#8221;piercing-treat-feb&#8221;][vc_column width=&#8221;5\/12&#8243;][vc_single_image image=&#8221;71605&#8243; img_size=&#8221;full&#8221; alignment=&#8221;center&#8221; el_class=&#8221;respon-img fit-dt&#8221;][\/vc_column][vc_column width=&#8221;7\/12&#8243;&#8230;<\/p>\n","protected":false},"author":62,"featured_media":0,"parent":0,"menu_order":0,"comment_status":"closed","ping_status":"closed","template":"","meta":[],"yst_prominent_words":[2428,2429,2412,2430],"acf":[],"_links":{"self":[{"href":"https:\/\/www.linehallberg.com\/da\/wp-json\/wp\/v2\/pages\/68431"}],"collection":[{"href":"https:\/\/www.linehallberg.com\/da\/wp-json\/wp\/v2\/pages"}],"about":[{"href":"https:\/\/www.linehallberg.com\/da\/wp-json\/wp\/v2\/types\/page"}],"author":[{"embeddable":true,"href":"https:\/\/www.linehallberg.com\/da\/wp-json\/wp\/v2\/users\/62"}],"replies":[{"embeddable":true,"href":"https:\/\/www.linehallberg.com\/da\/wp-json\/wp\/v2\/comments?post=68431"}],"version-history":[{"count":114,"href":"https:\/\/www.linehallberg.com\/da\/wp-json\/wp\/v2\/pages\/68431\/revisions"}],"predecessor-version":[{"id":71667,"href":"https:\/\/www.linehallberg.com\/da\/wp-json\/wp\/v2\/pages\/68431\/revisions\/71667"}],"wp:attachment":[{"href":"https:\/\/www.linehallberg.com\/da\/wp-json\/wp\/v2\/media?parent=68431"}],"wp:term":[{"taxonomy":"yst_prominent_words","embeddable":true,"href":"https:\/\/www.linehallberg.com\/da\/wp-json\/wp\/v2\/yst_prominent_words?post=68431"}],"curies":[{"name":"wp","href":"https:\/\/api.w.org\/{rel}","templated":true}]}}