{"id":69235,"date":"2023-09-08T13:34:05","date_gmt":"2023-09-08T11:34:05","guid":{"rendered":"https:\/\/www.lineandjo.com\/da\/?page_id=69235"},"modified":"2025-08-13T13:43:10","modified_gmt":"2025-08-13T11:43:10","slug":"behind-linejo-olof","status":"publish","type":"page","link":"https:\/\/www.linehallberg.com\/da\/linejo-stories\/behind-linejo-olof\/","title":{"rendered":"Behind LINE&#038;JO: Piercingelev, \u00d3l\u00f6f"},"content":{"rendered":"<p>[vc_row][vc_column][vc_column_text]<\/p>\n<h1 style=\"text-align: center;\">BEHIND LINE&amp;JO:<br \/>\nProfessionel piercer, \u00d3l\u00f6f<\/h1>\n<p style=\"text-align: center;\">Fra Islands dybe ro til det travle K\u00f8benhavn &#8211; m\u00f8d vores professionelle piercer, \u00d3l\u00f6f!<\/p>\n<p>[\/vc_column_text][vc_row_inner][vc_column_inner][vc_single_image image=&#8221;69233&#8243; img_size=&#8221;full&#8221; alignment=&#8221;center&#8221; el_class=&#8221;respon-img top-img&#8221; css=&#8221;.vc_custom_1702048244739{padding-right: 20px !important;padding-left: 20px !important;}&#8221;][vc_empty_space height=&#8221;20px&#8221;][vc_column_text]<\/p>\n<p style=\"text-align: left;\">H\u00e5ndv\u00e6rk, respekt for materialer og traditioner ligger dybt i LINE&amp;JOs DNA, og det har ikke v\u00e6ret nogen undtagelse i skabelsen af vores piercing-team. At kunne omfavne og bygge bro mellem den udtryksfulde piercing-verden og de eksklusive smykker kr\u00e6ver et helt s\u00e6rligt s\u00e6t f\u00e6rdigheder, der skal mestres for at skabe oprigtige og unikke oplevelser for hver person, der tr\u00e6der ind i vores univers. Disse v\u00e6rdier, kombineret med en st\u00e6rk passion for at levere den h\u00f8jeste service samt en l\u00e6ngsel efter et fordybende og dybtf\u00f8lt h\u00e5ndv\u00e6rk, er det, der g\u00f8r \u00d3l\u00f6f til en uundv\u00e6rlig og naturlig del af vores team.<\/p>\n<p>[\/vc_column_text][\/vc_column_inner][\/vc_row_inner][\/vc_column][\/vc_row][vc_row el_disable_mobile=&#8221;1&#8243;][vc_column][vc_row_inner gap=&#8221;35&#8243;][vc_column_inner width=&#8221;1\/2&#8243; offset=&#8221;vc_hidden-xs&#8221;][vc_column_text css=&#8221;.vc_custom_1729082195741{margin-right: 10px !important;margin-left: 10px !important;}&#8221;]<\/p>\n<p style=\"text-align: left;\"><strong>Hvad er din baggrund?<\/strong><\/p>\n<p style=\"text-align: left;\">Jeg kommer oprindeligt fra Island og har boet der st\u00f8rstedelen af mit liv. Efter at have f\u00e6rdiggjort en grundl\u00e6ggende kunstuddannelse, valgte jeg at udforske diverse jobs \u2013 prim\u00e6rt i restaurationsbranchen, hvor jeg blev de efterf\u00f8lgende 13 \u00e5r. Det var ogs\u00e5 restaurationsbranchen der i 2018 f\u00f8rte mig til K\u00f8benhavn og efter et par \u00e5r fyldt med muligheder, jeg aldrig havde turdet dr\u00f8mme om derhjemme, tog jeg chancen i en helt ny branche som piercer hos LINE&amp;JO.<\/p>\n<p style=\"text-align: left;\"><strong>Hvordan begyndte du at pierce?<\/strong><\/p>\n<p style=\"text-align: left;\">Qua min opv\u00e6kst i Island, har jeg altid v\u00e6ret omgivet af storsl\u00e5ede landskaber og natur, der fra en tidlig alder aff\u00f8dte et behov for at finde en kreative niche, hvor jeg kunne omdanne mit milj\u00f8 til kunst. I min s\u00f8gen efter nye muligheder i K\u00f8benhavn virkede d\u00e9t at uddanne mig som piercer hos LINE&amp;JO som en naturlig udvikling, hvorfor jeg s\u00f8gte om en l\u00e6replads hos Filipa, Head of Piercings hos LINE&amp;JO.<\/p>\n<p style=\"text-align: left;\">Siden jeg tr\u00e5dte ind i faget, har Filipa l\u00e6rt mig vigtigheden af hands-on tr\u00e6ning og erfaring, samtidig med at have l\u00e6rt mig de tekniske f\u00e6rdigheder og uundv\u00e6rligheden ved hygiejne, sikkerhedsprotokoler og kundepleje.<\/p>\n<p>[\/vc_column_text][vc_empty_space height=&#8221;30px&#8221;][vc_single_image image=&#8221;69232&#8243; img_size=&#8221;full&#8221; alignment=&#8221;center&#8221; onclick=&#8221;custom_link&#8221; link=&#8221;https:\/\/www.linehallberg.com\/linejo-stories\/behind-linejo-head-of-piercings-filipa\/&#8221;][vc_column_text]<\/p>\n<p style=\"text-align: left;\"><em>\u00d3l\u00f6fs styling af eget \u00f8re<br \/>\n<\/em><em>\u00d8reringe: EVERY, <a href=\"https:\/\/www.linehallberg.com\/da\/vare\/miss-emmi-gold-dia\/\"><span style=\"text-decoration: underline;\">EMMI<\/span><\/a>, <a href=\"https:\/\/www.linehallberg.com\/da\/vare\/miss-elly-two-gold\/\"><span style=\"text-decoration: underline;\">ELLY TWO<\/span><\/a> with <span style=\"text-decoration: underline;\"><a href=\"https:\/\/www.linehallberg.com\/da\/vare\/miss-peason-gold-round-til-oreringe\/\">MINI PEASON<\/a><\/span>, <span style=\"text-decoration: underline;\"><a href=\"https:\/\/www.linehallberg.com\/da\/vare\/oerering-ella-two-poleret-guld\/\">ELLA TWO<\/a><\/span>, <a href=\"https:\/\/www.linehallberg.com\/da\/vare\/oerering-ella-three-poleret-guld\/\"><span style=\"text-decoration: underline;\">ELLA THREE<\/span><\/a><\/em><\/p>\n<p>[\/vc_column_text]<div class=\"gem-button-container gem-button-position-center thegem-button-6a034884b1a677175 gettimely-booking-button\"  ><a class=\"gem-button gem-button-size-small gem-button-style-flat gem-button-text-weight-normal\" data-ll-effect=\"drop-right-without-wrap\" style=\"border-radius: 3px;\" onmouseleave=\"\" onmouseenter=\"\" href=\"https:\/\/bookings.gettimely.com\/linejo\/bb\/book?staff=433588\" target=\"_self\">Book \u00d3l\u00f6f<\/a><\/div> [\/vc_column_inner][vc_column_inner width=&#8221;1\/2&#8243; offset=&#8221;vc_hidden-xs&#8221;][vc_single_image image=&#8221;69231&#8243; img_size=&#8221;full&#8221; alignment=&#8221;center&#8221; onclick=&#8221;custom_link&#8221; link=&#8221;https:\/\/www.linehallberg.com\/linejo-stories\/my-piercing-salon-story-veneda-terry\/&#8221;][vc_empty_space height=&#8221;30px&#8221;][vc_column_text css=&#8221;.vc_custom_1729082203536{margin-right: 10px !important;margin-left: 10px !important;}&#8221;]<\/p>\n<div class=\"\" style=\"text-align: center;\">\n<p style=\"text-align: left;\"><strong>Hvad er den bedste del af dit arbejde?<\/strong><\/p>\n<p style=\"text-align: left;\">Det bedste ved at v\u00e6re piercer er muligheden for at skabe sm\u00e5 unikke kunstv\u00e6rker. Hver eneste kunde, der tr\u00e6der ind, pr\u00e6senterer et helt nyt kanvas. Det er utroligt givende for mig at se deres begejstring og gl\u00e6de, n\u00e5r de g\u00e5r herfra med en fuldkommen personlig ear curation. D\u00e9t at kunne kombinere min kunstneriske side med den tekniske pr\u00e6cision piercingfaget kr\u00e6ver, g\u00f8r, at jeg er i stand til konstant at udfordre mig selv og flytte gr\u00e6nser. Den evige udvikling, indl\u00e6ring og innovation, branchen kr\u00e6ver, er det, der inspirerer og motiverer mig, samtidigt med, at jeg er i stand til at s\u00f8ge meningsfulde relationer. Det handler ikke bare om at skabe smukke piercinger; det handler om at etablere tillid, lytte til fort\u00e6llinger og kreere et sikkert rum til selvudfoldelse.<\/p>\n<\/div>\n<p>[\/vc_column_text][\/vc_column_inner][\/vc_row_inner][vc_empty_space][\/vc_column][\/vc_row][vc_row el_disable_desktop=&#8221;1&#8243; el_disable_tablet=&#8221;1&#8243;][vc_column][vc_single_image image=&#8221;69231&#8243; img_size=&#8221;full&#8221; alignment=&#8221;center&#8221; onclick=&#8221;custom_link&#8221; link=&#8221;https:\/\/www.linehallberg.com\/linejo-stories\/behind-linejo-head-of-piercings-filipa\/&#8221; el_class=&#8221;respon-img&#8221;][vc_empty_space height=&#8221;30px&#8221;][vc_column_text]<\/p>\n<p style=\"text-align: left;\"><strong>Hvad er din baggrund?<\/strong><\/p>\n<p style=\"text-align: left;\">Jeg kommer oprindeligt fra Island og har boet der st\u00f8rstedelen af mit liv. Efter at have f\u00e6rdiggjort den grundl\u00e6ggende del af min kunstuddannelse, valgte jeg at udforske diverse jobs \u2013 prim\u00e6rt i restaurationsbranchen, hvor jeg blev de efterf\u00f8lgende 13 \u00e5r. Det var ogs\u00e5 restaurationsbranchen der i 2018 f\u00f8rte mig til K\u00f8benhavn og efter et par \u00e5r fyldt med muligheder, jeg aldrig havde turdet dr\u00f8mme om derhjemme, tog jeg chancen i en helt ny branche som piercer hos LINE&amp;JO.<\/p>\n<p style=\"text-align: left;\"><strong>Hvordan begyndte du at pierce?<\/strong><\/p>\n<p style=\"text-align: left;\">Qua min opv\u00e6kst i Island, har jeg altid v\u00e6ret omgivet af storsl\u00e5ede landskaber og natur, der fra en tidlig alder aff\u00f8dte et behov for at finde en kreative niche, hvor jeg kunne omdanne mit milj\u00f8 til kunst. I min s\u00f8gen efter nye muligheder i K\u00f8benhavn virkede d\u00e9t at uddanne mig som piercer hos LINE&amp;JO som en naturlig udvikling, hvorfor jeg s\u00f8gte om en l\u00e6replads hos Filipa, Head of Piercings hos LINE&amp;JO.<\/p>\n<p style=\"text-align: left;\">Siden jeg tr\u00e5dte ind i faget, har Filipa l\u00e6rt mig vigtigheden af hands-on tr\u00e6ning og erfaring, samtidig med at have l\u00e6rt mig de tekniske f\u00e6rdigheder og uundv\u00e6rligheden ved hygiejne, sikkerhedsprotokoler og kundepleje.<\/p>\n<p>[\/vc_column_text][vc_empty_space height=&#8221;30px&#8221;][vc_single_image image=&#8221;69232&#8243; img_size=&#8221;full&#8221; alignment=&#8221;center&#8221; onclick=&#8221;custom_link&#8221; link=&#8221;https:\/\/www.linehallberg.com\/linejo-stories\/my-piercing-salon-story-veneda-terry\/&#8221; el_class=&#8221;respon-img&#8221;][vc_column_text]<\/p>\n<p style=\"text-align: left;\"><em>\u00d3l\u00f6fs styling af sit eget \u00f8re<br \/>\n<\/em><em>\u00d8reringe: EVERY (udg\u00e5et), <a href=\"https:\/\/www.linehallberg.com\/da\/vare\/miss-emmi-gold-dia\/\"><span style=\"text-decoration: underline;\">EMMI<\/span><\/a>, <a href=\"https:\/\/www.linehallberg.com\/da\/vare\/miss-elly-two-gold\/\"><span style=\"text-decoration: underline;\">ELLY TWO<\/span><\/a> with <span style=\"text-decoration: underline;\"><a href=\"https:\/\/www.linehallberg.com\/da\/vare\/miss-peason-gold-round-til-oreringe\/\">MINI PEASON<\/a><\/span>, <span style=\"text-decoration: underline;\"><a href=\"https:\/\/www.linehallberg.com\/da\/vare\/oerering-ella-two-poleret-guld\/\">ELLA TWO<\/a><\/span>, <a href=\"https:\/\/www.linehallberg.com\/da\/vare\/oerering-ella-three-poleret-guld\/\"><span style=\"text-decoration: underline;\">ELLA THREE<\/span><\/a><\/em>[\/vc_column_text][vc_column_text]<\/p>\n<div class=\"\" style=\"text-align: center;\">\n<p style=\"text-align: left;\"><strong>Hvad er den bedste del af dit arbejde?<\/strong><\/p>\n<p style=\"text-align: left;\">Det bedste ved at v\u00e6re piercer er muligheden for at skabe sm\u00e5 unikke kunstv\u00e6rker. Hver eneste kunde, der tr\u00e6der ind, pr\u00e6senterer et helt nyt kanvas, der g\u00f8r det utroligt givende for mig at se deres begejstring og gl\u00e6de, n\u00e5r de g\u00e5r herfra med en fuldkommen personlig ear curation. D\u00e9t at kunne kombinere min kunstneriske side med den tekniske pr\u00e6cision piercingfaget kr\u00e6ver, g\u00f8r, at jeg er i stand til konstant at udfordre mig selv og flytte gr\u00e6nser. Den evige udvikling, indl\u00e6ring og innovation, branchen kr\u00e6ver, er det, der inspirerer og motiverer mig, samtidigt med at jeg er i stand til at s\u00f8ge meningsfulde relationer. Det handler ikke bare om at skabe smukke piercinger; det handler om at etablere tillid, lytte til fort\u00e6llinger og kreere et sikkert rum til selvudfoldelse.<\/p>\n<\/div>\n<p>[\/vc_column_text]<div class=\"gem-button-container gem-button-position-center thegem-button-6a034884b1a904068 gettimely-booking-button\"  ><a class=\"gem-button gem-button-size-small gem-button-style-flat gem-button-text-weight-normal\" data-ll-effect=\"drop-right-without-wrap\" style=\"border-radius: 3px;\" onmouseleave=\"\" onmouseenter=\"\" href=\"https:\/\/bookings.gettimely.com\/linejo\/bb\/book?staff=433588\" target=\"_self\">Book \u00d3l\u00f6f<\/a><\/div> [\/vc_column][\/vc_row]<\/p>\n","protected":false},"excerpt":{"rendered":"<p>[vc_row][vc_column][vc_column_text] BEHIND LINE&amp;JO: Professionel piercer, \u00d3l\u00f6f Fra Islands dybe ro til det travle K\u00f8benhavn &#8211; m\u00f8d vores professionelle piercer, \u00d3l\u00f6f!&#8230;<\/p>\n","protected":false},"author":62,"featured_media":0,"parent":65045,"menu_order":0,"comment_status":"closed","ping_status":"closed","template":"","meta":[],"yst_prominent_words":[1909,1671,1264,1282,2067,2070,1278,2068,2069,1508,1270,1520,1658,2065,1660,1269],"acf":[],"_links":{"self":[{"href":"https:\/\/www.linehallberg.com\/da\/wp-json\/wp\/v2\/pages\/69235"}],"collection":[{"href":"https:\/\/www.linehallberg.com\/da\/wp-json\/wp\/v2\/pages"}],"about":[{"href":"https:\/\/www.linehallberg.com\/da\/wp-json\/wp\/v2\/types\/page"}],"author":[{"embeddable":true,"href":"https:\/\/www.linehallberg.com\/da\/wp-json\/wp\/v2\/users\/62"}],"replies":[{"embeddable":true,"href":"https:\/\/www.linehallberg.com\/da\/wp-json\/wp\/v2\/comments?post=69235"}],"version-history":[{"count":31,"href":"https:\/\/www.linehallberg.com\/da\/wp-json\/wp\/v2\/pages\/69235\/revisions"}],"predecessor-version":[{"id":80596,"href":"https:\/\/www.linehallberg.com\/da\/wp-json\/wp\/v2\/pages\/69235\/revisions\/80596"}],"up":[{"embeddable":true,"href":"https:\/\/www.linehallberg.com\/da\/wp-json\/wp\/v2\/pages\/65045"}],"wp:attachment":[{"href":"https:\/\/www.linehallberg.com\/da\/wp-json\/wp\/v2\/media?parent=69235"}],"wp:term":[{"taxonomy":"yst_prominent_words","embeddable":true,"href":"https:\/\/www.linehallberg.com\/da\/wp-json\/wp\/v2\/yst_prominent_words?post=69235"}],"curies":[{"name":"wp","href":"https:\/\/api.w.org\/{rel}","templated":true}]}}