{"id":69492,"date":"2023-10-05T16:24:35","date_gmt":"2023-10-05T14:24:35","guid":{"rendered":"https:\/\/www.lineandjo.com\/da\/?page_id=69492"},"modified":"2024-05-27T14:26:17","modified_gmt":"2024-05-27T12:26:17","slug":"bag-om-haandvaerket","status":"publish","type":"page","link":"https:\/\/www.linehallberg.com\/da\/bag-om-haandvaerket\/","title":{"rendered":"BAG OM H\u00c5NDV\u00c6RKET"},"content":{"rendered":"<p>[vc_row][vc_column][vc_column_text]<\/p>\n<h1 style=\"text-align: center;\">Bag om h\u00e5ndv\u00e6rket:<br \/>\nFRAGMENTS OF SICILY<\/h1>\n<p>[\/vc_column_text][vc_empty_space height=&#8221;25px&#8221;][vc_single_image image=&#8221;74020&#8243; img_size=&#8221;full&#8221; alignment=&#8221;center&#8221; el_class=&#8221;respon-img gif-img&#8221;][vc_column_text el_class=&#8221;billedtekst&#8221;]<\/p>\n<p style=\"text-align: center;\">RICILY TWO i 18 karat massivt guld med 1 stk. 0,21 ct tw vvs og 26 stk. 0,01 ct tw vvs brillanter.<\/p>\n<p>[\/vc_column_text][vc_empty_space][vc_column_text]<\/p>\n<p style=\"text-align: center;\">Guldsmed Line Hallberg tegner et billede af smykketendenserne anno 2023.<\/p>\n<p style=\"text-align: center;\">Delikate perlehalsk\u00e6der, edgy ringe og eksklusive piercingsmykker \u2013 alle items, der tegner et billede af den tendens, vi ser i gadebilledet. Men hvordan bliver tidens smykketendenser egentlig til? Hvordan opst\u00e5r inspiration bag, og hvad giver id\u00e9 til de unikke formgivninger? Guldsmed og stifter af det k\u00f8benhavnske smykkebrand LINE&amp;JO, Line Hallberg, l\u00f8fter her sl\u00f8ret for, hvordan hun finder sin inspiration og udfordrer sit h\u00e5ndv\u00e6rk, der tager udgangspunkt i gamle europ\u00e6iske smykketraditioner.<\/p>\n<p>[\/vc_column_text][vc_empty_space]<div class=\"woocommerce columns-4 \">    <div class=\"products row inline-row\">\n<div class=\"inline-column col-sm-3 col-xs-6 col-md-4 first post-68440 product type-product status-publish has-post-thumbnail product_cat-atelier-ringe-18-karat-massivt-guld product_cat-atelier-ringe product_tag-forlovelsesringe-da pa_precious-stones-diamanter collections-fragments-of-sicily\">\n\t<div class=\"product-inner centered-box \"   style=\"background:url('')\" >\n\n\t\t\t\t<div class=\"product-sub\">\n\t\t\t<div class=\"product-sub-title\">\n\t\t\t\t\t\t\t\t\t\t\t<p class=\"product-collection-name\">FRAGMENTS OF SICILY<\/p>\n\t\t\t\t\t\t\t<p class=\"product-sub-descriptor\">Collection<\/p>\n\t\t\t\t\t\t\t\t\t<\/div>\n\t\t<\/div>\n\t\t<a href=\"https:\/\/www.linehallberg.com\/da\/vare\/ring-ricily-one-guld-diamant\/\" class=\"product-image\" data-product-id=\"68440\">\n\t\t\t<div class=\"product-labels\"><span class=\"out-of-stock-label title-h6\">Out <span class=\"small\">of stock<\/span><\/span><\/div>\n\t\t\t\t\t\t\t<span class=\"product-image-inner\"><img width=\"900\" height=\"900\" src=\"https:\/\/www.linehallberg.com\/da\/wp-content\/uploads\/2023\/06\/SICILY-TWO-gold-diamond-900x900.png\" class=\"attachment-woocommerce_thumbnail size-woocommerce_thumbnail\" alt=\"Ring &lt;br&gt; RICILY ONE guld diamant\" loading=\"eager\" \/><img width=\"900\" height=\"900\" src=\"https:\/\/www.linehallberg.com\/da\/wp-content\/uploads\/2023\/06\/SICILY-TWO-gold-diamond-B-900x900.png\" class=\"attachment woo-product-hover\" alt=\"Ring &lt;br&gt; RICILY ONE guld diamant\" loading=\"eager\" \/><\/span>\n\t\t\t\t\t<\/a>\n\n\t\t<div class=\"product-info clearfix\">\n\t\t\t<div class=\"product-info-cont\">\n\t\t\t\t\t\t\t\t<div class=\"product-title title-h6\"><a href=\"https:\/\/www.linehallberg.com\/da\/vare\/ring-ricily-one-guld-diamant\/\">Ring <br> RICILY ONE guld diamant<\/a><\/div>\n\t\t\t\t\n\t\t\t\t<p>18 KARAT MASSIVT GULD<\/p>\n\t\t\t\t\t\t\t\t\t<p>Pris p\u00e5 foresp\u00f8rgsel<\/p>\n\t\t\t\t\t\t\t<\/div>\n\t\t<\/div>\n\n\t<\/div>\n<\/div><div class=\"inline-column col-sm-3 col-xs-6 col-md-4 post-68415 product type-product status-publish has-post-thumbnail product_cat-atelier-ringe-18-karat-massivt-guld product_cat-atelier-ringe product_tag-forlovelsesringe-da pa_precious-stones-diamanter collections-fragments-of-sicily\">\n\t<div class=\"product-inner centered-box \"   style=\"background:url('')\" >\n\n\t\t\t\t<div class=\"product-sub\">\n\t\t\t<div class=\"product-sub-title\">\n\t\t\t\t\t\t\t\t\t\t\t<p class=\"product-collection-name\">FRAGMENTS OF SICILY<\/p>\n\t\t\t\t\t\t\t<p class=\"product-sub-descriptor\">Collection<\/p>\n\t\t\t\t\t\t\t\t\t<\/div>\n\t\t<\/div>\n\t\t<a href=\"https:\/\/www.linehallberg.com\/da\/vare\/ring-ricily-two-guld-diamant\/\" class=\"product-image\" data-product-id=\"68415\">\n\t\t\t<div class=\"product-labels\"><span class=\"out-of-stock-label title-h6\">Out <span class=\"small\">of stock<\/span><\/span><\/div>\n\t\t\t\t\t\t\t<span class=\"product-image-inner\"><img width=\"900\" height=\"900\" src=\"https:\/\/www.linehallberg.com\/da\/wp-content\/uploads\/2023\/06\/SICILY-ONE-gold-diamond-900x900.png\" class=\"attachment-woocommerce_thumbnail size-woocommerce_thumbnail\" alt=\"Ring &lt;br&gt; RICILY TWO guld diamant\" loading=\"eager\" \/><img width=\"900\" height=\"900\" src=\"https:\/\/www.linehallberg.com\/da\/wp-content\/uploads\/2023\/06\/SICILY-ONE-gold-diamond-B-900x900.png\" class=\"attachment woo-product-hover\" alt=\"Ring &lt;br&gt; RICILY TWO guld diamant\" loading=\"eager\" \/><\/span>\n\t\t\t\t\t<\/a>\n\n\t\t<div class=\"product-info clearfix\">\n\t\t\t<div class=\"product-info-cont\">\n\t\t\t\t\t\t\t\t<div class=\"product-title title-h6\"><a href=\"https:\/\/www.linehallberg.com\/da\/vare\/ring-ricily-two-guld-diamant\/\">Ring <br> RICILY TWO guld diamant<\/a><\/div>\n\t\t\t\t\n\t\t\t\t<p>18 KARAT MASSIVT GULD<\/p>\n\t\t\t\t\t\t\t\t\t<p>Pris p\u00e5 foresp\u00f8rgsel<\/p>\n\t\t\t\t\t\t\t<\/div>\n\t\t<\/div>\n\n\t<\/div>\n<\/div>    <\/div>\n<\/div>[vc_column_text]<\/p>\n<h3 style=\"text-align: center;\">Det unikke h\u00e5ndv\u00e6rk bag smykket<\/h3>\n<p style=\"text-align: center;\">Smykker er i dag en uundg\u00e5elig del af det danske modebillede og i h\u00f8j grad ogs\u00e5 en forl\u00e6ngelse af vores egen personlige stil fyldt med sm\u00e5 historier og minder. Alligevel er det ikke helt tilf\u00e6ldigt, hvad vi dekorerer os med s\u00e6son efter s\u00e6son. For bag hvert smykke sidder der en guldsmed, der har skitseret og formgivet for til sidst at kunne skabe d\u00e9t yndlingssmykke, du if\u00f8rer dig, og som er med til at sende et signal om din personlige stil. D\u00e9n proces inviteres du nu med ind i af guldsmed, Line Hallberg, der med sin formative kollektion,\u00a0FRAGMENTS OF SICILY, s\u00e6tter fokus p\u00e5 netop dette her:<\/p>\n<p style=\"text-align: center;\"><em>\u201cI kollektionen FRAGMENTS OF SICILY er jeg dykket ned i det k\u00e6mpe overfl\u00f8dighedshorn af arkitektur, der fort\u00e6ller historien om Sicilien. En opdagelsesrejse i den formgivning og symbolik, der pryder \u00f8ens bygninger og samtidigt stadf\u00e6ster den dybe kulturarv, der gemmer sig.\u201d<\/em>\u00a0fort\u00e6ller guldsmeden.<\/p>\n<p>[\/vc_column_text][vc_empty_space height=&#8221;15px&#8221;][vc_empty_space][vc_single_image image=&#8221;74007&#8243; img_size=&#8221;full&#8221; alignment=&#8221;center&#8221; el_class=&#8221;respon-img gif-img&#8221;][vc_column_text el_class=&#8221;billedtekst&#8221;]<\/p>\n<p style=\"text-align: center;\"><em>Ornamenter fra Sicilianske bygningss\u00f8ljer fotograferet af Line Hallberg under hendes seneste bes\u00f8g til \u00f8en.<\/em><\/p>\n<p>[\/vc_column_text][vc_empty_space height=&#8221;15px&#8221;][vc_empty_space height=&#8221;15px&#8221;][vc_column_text]<\/p>\n<h3 style=\"text-align: center;\">Prikke til en dansk kassekultur<\/h3>\n<p style=\"text-align: center;\">Line Hallberg skaber sine smykker ud fra en dyb passion for materialer, europ\u00e6iske h\u00e5ndv\u00e6rksteknikker og \u00e6stetik, kombineret med lysten til at prikke til den danske kassekultur, der i disse \u00e5r udfordres af modebranchen.<\/p>\n<p style=\"text-align: center;\"><em>\u201dJeg elsker, at vi lever i en tid med disruption og opg\u00f8r med gammeldags regler, hvilket moden tydeligt viser gennem den sammensmeltning, der foreg\u00e5r p\u00e5 tv\u00e6rs af samfundskonstruktioner. Af samme grund har jeg med min seneste kollektion valgt at s\u00f8ge tilbage til civilisationens begyndelse og sat den i en nutidig kontekst. Jeg har med mine h\u00e6nder formgivet to ringe i guld, der snor sig som en lille skulptur om fingeren. Begge elegant afsluttet med brillanter, der tr\u00e6kker p\u00e5 de ypperste traditioner inden for stenfatning og viser, hvordan harmoni opst\u00e5r, n\u00e5r man formgiver i h\u00e5nden.\u201d<\/em> fort\u00e6ller Line Hallberg.<\/p>\n<p>&nbsp;[\/vc_column_text][vc_column_text]<\/p>\n<p style=\"text-align: center;\">At guldsmedens seneste kollektion udspringer af lige pr\u00e6cis Sicilien, vidner derfor om langt mere end blot en solrig feriedestination- den vidner om en lang kultur indenfor arkitektur og design, der peger tilbage i tid og p\u00e5 menneskets sans for det gode h\u00e5ndv\u00e6rk.<\/p>\n<p style=\"text-align: center;\"><em>\u201dDesign er en dimension, jeg konstant forholder mig til. En fundamental m\u00e5de at se verden p\u00e5, hvor jeg ubevidst analyserer mine omgivelser helt ned i detaljen. Jeg f\u00f8ler mig utroligt privilegeret over at have l\u00e6rt et traditionelt h\u00e5ndv\u00e6rk fra bunden, en kunstform, der er blevet videregivet gennem generationer. Noget, der desv\u00e6rre er ved at forsvinde i dag i kraft af 3D-tegninger og -print, som samtidigt g\u00f8r, at jeg f\u00f8ler mig mere forbundet med mit h\u00e5ndv\u00e6rk og d\u00e9t at kunne tilf\u00f8re mine smykker sj\u00e6l og eksistensberettigelse gennem den fysiske formgivning.\u201d<\/em><\/p>\n<p>&nbsp;[\/vc_column_text][vc_single_image image=&#8221;69509&#8243; img_size=&#8221;full&#8221; alignment=&#8221;center&#8221; el_class=&#8221;respon-img gif-img&#8221;][vc_column_text el_class=&#8221;billedtekst&#8221;]<\/p>\n<p style=\"text-align: center;\">Ligesom spiralens symbolske betydning, er RICILY ONE\u00a0og TWO skabt til at kunne b\u00e6res p\u00e5 flere m\u00e5der, alt efter hvordan de betragtes.<\/p>\n<p>[\/vc_column_text][vc_empty_space][vc_column_text]<\/p>\n<h3 style=\"text-align: center;\">Kulturel nysgerrighed<\/h3>\n<p style=\"text-align: center;\">Det er blandt andet d\u00e9t, kombineret med nysgerrigheden for andre kulturers lokale traditioner, der g\u00f8r, at inspirationen hos smykkedesigneren kan findes gennem finurlige glasperler og beslag p\u00e5 d\u00f8re og vinduer. Alt sammen genstande, der i det lille k\u00f8benhavnske v\u00e6rksted omdannes til funklende smykker og stadf\u00e6ster h\u00e5ndv\u00e6rkets evne til at bringe mennesker, historie og natur sammen \u2013 elementer, der ogs\u00e5 afspejler sig tydeligt i kollektionens designs.<\/p>\n<p style=\"text-align: center;\"><em>\u201dFascinationen af spiraler har v\u00e6ret gennemg\u00e5ende p\u00e5 tv\u00e6rs af verdensdele b\u00e5de symbolsk og \u00e6stetisk. Formen stammer fra naturen og ses i alt fra sneglehuse til bregneblade og himmelrummet og kan till\u00e6gges flere betydninger, s\u00e5som udvikling, livscyklus og optimisme. Af samme grund har spiralen, dens sk\u00f8nhed og de mange fort\u00e6llinger, der knytter sig til, som sm\u00e5 Guddommelige forbindelser, altid fascineret mig og influeret kollektionen.\u201d<\/em><\/p>\n<p>[\/vc_column_text][vc_empty_space][\/vc_column][\/vc_row]<\/p>\n","protected":false},"excerpt":{"rendered":"<p>[vc_row][vc_column][vc_column_text] Bag om h\u00e5ndv\u00e6rket: FRAGMENTS OF SICILY [\/vc_column_text][vc_empty_space height=&#8221;25px&#8221;][vc_single_image image=&#8221;74020&#8243; img_size=&#8221;full&#8221; alignment=&#8221;center&#8221; el_class=&#8221;respon-img gif-img&#8221;][vc_column_text el_class=&#8221;billedtekst&#8221;] RICILY TWO i 18 karat&#8230;<\/p>\n","protected":false},"author":62,"featured_media":0,"parent":0,"menu_order":0,"comment_status":"closed","ping_status":"closed","template":"","meta":[],"yst_prominent_words":[],"acf":[],"_links":{"self":[{"href":"https:\/\/www.linehallberg.com\/da\/wp-json\/wp\/v2\/pages\/69492"}],"collection":[{"href":"https:\/\/www.linehallberg.com\/da\/wp-json\/wp\/v2\/pages"}],"about":[{"href":"https:\/\/www.linehallberg.com\/da\/wp-json\/wp\/v2\/types\/page"}],"author":[{"embeddable":true,"href":"https:\/\/www.linehallberg.com\/da\/wp-json\/wp\/v2\/users\/62"}],"replies":[{"embeddable":true,"href":"https:\/\/www.linehallberg.com\/da\/wp-json\/wp\/v2\/comments?post=69492"}],"version-history":[{"count":17,"href":"https:\/\/www.linehallberg.com\/da\/wp-json\/wp\/v2\/pages\/69492\/revisions"}],"predecessor-version":[{"id":74021,"href":"https:\/\/www.linehallberg.com\/da\/wp-json\/wp\/v2\/pages\/69492\/revisions\/74021"}],"wp:attachment":[{"href":"https:\/\/www.linehallberg.com\/da\/wp-json\/wp\/v2\/media?parent=69492"}],"wp:term":[{"taxonomy":"yst_prominent_words","embeddable":true,"href":"https:\/\/www.linehallberg.com\/da\/wp-json\/wp\/v2\/yst_prominent_words?post=69492"}],"curies":[{"name":"wp","href":"https:\/\/api.w.org\/{rel}","templated":true}]}}