{"id":71176,"date":"2023-12-08T16:44:32","date_gmt":"2023-12-08T15:44:32","guid":{"rendered":"https:\/\/www.lineandjo.com\/da\/?page_id=71176"},"modified":"2024-10-17T12:01:38","modified_gmt":"2024-10-17T10:01:38","slug":"my-piercing-salon-story-line-hallberg","status":"publish","type":"page","link":"https:\/\/www.linehallberg.com\/da\/linejo-stories\/my-piercing-salon-story-line-hallberg\/","title":{"rendered":"My Piercing Salon story: Line Hallberg"},"content":{"rendered":"<p>[vc_row][vc_column][vc_column_text]<\/p>\n<h1 style=\"text-align: center;\">MY PIERCING SALON STORY:<br \/>\nLine Hallberg<\/h1>\n<p style=\"text-align: left;\">Dette efter\u00e5r havde vores piercing team forn\u00f8jelse af at forny, guldsmed og kreativ direkt\u00f8r, Line Hallbergs ear curation med en elegant ekstra helix. En piercing, der rummer stor betydning for b\u00e5de Line og hendes unikke smykkeunivers.<\/p>\n<p style=\"text-align: left;\">L\u00e6s med og bliv klogere p\u00e5 tilblivelsen og udviklingen af Line Hallbergs personlige piercingrejse her.<\/p>\n<p>[\/vc_column_text][vc_empty_space][vc_single_image image=&#8221;71179&#8243; img_size=&#8221;full&#8221; alignment=&#8221;center&#8221; el_class=&#8221;respon-img top-img&#8221;][vc_empty_space][\/vc_column][\/vc_row][vc_row el_disable_mobile=&#8221;1&#8243; el_class=&#8221;hide-on-mob&#8221;][vc_column][vc_row_inner gap=&#8221;35&#8243;][vc_column_inner width=&#8221;1\/2&#8243;][vc_column_text]<\/p>\n<div class=\"\" style=\"text-align: center;\">\n<div class=\"\">\n<div class=\"\">\n<p style=\"text-align: left;\"><strong>Hvorn\u00e5r begyndte din piercingrejse?<\/strong><\/p>\n<p style=\"text-align: left;\">Da jeg var 10 \u00e5r gammel, fik min t\u00e6tteste veninde og jeg lov til at \u2019dele\u2019 et s\u00e6t huller i \u00f8rerne af vores for\u00e6ldre. Dengang kunne man kun f\u00e5 huller i \u00f8rene som par, s\u00e5 i mange \u00e5r havde jeg kun \u00e9t hul i \u00f8reflippen. Det bet\u00f8d ogs\u00e5, at vi oftest m\u00e5tte dele \u00f8reringe, da man dengang heller ikke kunne k\u00f8be \u00f8reringe enkeltvis. Det asymmetriske look var ikke rigtigt omfavnet kommercielt, s\u00e5 man var altid tvunget til at k\u00f8be i s\u00e6t. Heldigvis var vi begge meget optaget af at n\u00f8rkle kreative l\u00f8sninger og kunne i dagevis fordybe os i h\u00e5ndlavede smykker, ler mv. som frigav os fra det klassiske syn p\u00e5 huller i \u00f8rene. En tilgang, der har fulgt os begge ind i voksenlivet, da hun i dag er den ene halvdel af Stilleben. Sidenhen har min ear curation meget naturligt udviklet sig \u2013 senest med en ekstra helix, der komplementerer min nuv\u00e6rende og udg\u00f8r en dobbelt helix, som jeg fik dette efter\u00e5r.<\/p>\n<p style=\"text-align: left;\">\n<p style=\"text-align: left;\"><strong>Hvilken betydning har piercinger for dig?<\/strong><\/p>\n<p style=\"text-align: left;\">Piercinger har som udtryksform og h\u00e5ndv\u00e6rk altid haft en stor betydning for mig og min tilgang til smykker. Da jeg fik lavet min f\u00f8rste Helix piercing i Paris for 20 \u00e5r siden, \u00e5bnede der sig en helt ny verden for mig, som gjorde, at jeg fik \u00f8jnene op for de mange nye kombinationsmuligheder, det asymmetriske look i samspil med mine klassiske lobe piercinger medf\u00f8rte. P\u00e5 det tidspunkt havde jeg netop ogs\u00e5 f\u00f8dt mit f\u00f8rste barn og oplevet den fysiske transformation, man g\u00e5r igennem, for til sidst at kunne st\u00e5 med noget s\u00e5 utroligt fint, poetisk og k\u00e6rligt, der f\u00e5r dig til at f\u00f8le dig fuldkommen uovervindelig. En transformation, der p\u00e5 mange m\u00e5der kan tr\u00e6kke tr\u00e5de til piercinguniverset, der p\u00e5 samme vis kr\u00e6ver, at du giver dig hen til processen for til sidst at opn\u00e5 en f\u00f8lelse af selvforst\u00e6rkelse. Af samme grund vil lige netop den piercing og rejse, jeg i sin tid startede, altid have en speciel plads i mit hjerte med helt s\u00e6rlige historier og minder tilknyttet.<\/p>\n<\/div>\n<\/div>\n<\/div>\n<p>[\/vc_column_text][vc_empty_space height=&#8221;30px&#8221;][vc_single_image image=&#8221;71180&#8243; img_size=&#8221;full&#8221; alignment=&#8221;center&#8221; onclick=&#8221;custom_link&#8221; link=&#8221;https:\/\/www.linehallberg.com\/linejo-stories\/my-piercing-salon-story-veneda-terry\/&#8221;][vc_empty_space height=&#8221;30px&#8221;][\/vc_column_inner][vc_column_inner width=&#8221;1\/2&#8243;][vc_single_image image=&#8221;71181&#8243; img_size=&#8221;full&#8221; alignment=&#8221;center&#8221; onclick=&#8221;custom_link&#8221; link=&#8221;https:\/\/www.linehallberg.com\/linejo-stories\/my-piercing-salon-story-veneda-terry\/&#8221;][vc_empty_space height=&#8221;30px&#8221;][vc_column_text]<\/p>\n<div class=\"\" style=\"text-align: center;\">\n<div class=\"\">\n<div class=\"\">\n<p style=\"text-align: left;\"><strong>Hvorfor valgte du en dobbelt helix?<\/strong><\/p>\n<p style=\"text-align: left;\">Efter 20 \u00e5r med \u00e9t signatur-look tr\u00e6ngte jeg til at flytte fokus fra mine \u00f8reflipper l\u00e6ngere op ad \u00f8ret. Jeg har l\u00e6nge haft en lille dans med den klassiske m\u00e5de at b\u00e6re \u00f8reringe i s\u00e6t p\u00e5 og d\u00e9t at kunne b\u00e6re forskellige i hver \u00f8reflip og havde derfor brug for fornyelse. Valget faldt p\u00e5 en ekstra helix, der gav mig mulighed for at opn\u00e5 en dobbelt helix, hvilket er meget mere mig. Det skaber en super flot kontrast og et forfriskende look, som samtidigt giver mig mulighed for at genfinde k\u00e6rligheden til min eksisterende helix og lobe piercinger. Det er det gode ved piercinger \u2013 der er ingen facit, og man kan kontinuerligt f\u00e5 lov til at v\u00e6re legende og udfordre sig selv og sit udtryk. For at skabe blikfang og balance har jeg valgt at blive piercet med <a href=\"https:\/\/www.linehallberg.com\/da\/vare\/l-eldridge02-gold-diamond\/\">L. ELDRIDGE 02<\/a> fra vores <a href=\"https:\/\/www.linehallberg.com\/da\/collections\/l\/\">L. COLLECTION<\/a>, der er et delikat piercingsmykke i 14 karat massivt guld med en skarp femkantet brillant. Et smykke, der elegant komplementerer min anden helix, hvor jeg typisk b\u00e6rer en lille guld <a href=\"https:\/\/www.linehallberg.com\/da\/vare\/miss-elly-one-gold\/\">ELLY twist \u00f8rering<\/a> med et matchende <a href=\"https:\/\/www.linehallberg.com\/da\/vare\/vedhaeng-til-oerering-mini-paisley-guld-rundt-lille-oesken\/\">PAISLEY-vedh\u00e6ng<\/a>.<\/p>\n<p style=\"text-align: left;\">\n<p style=\"text-align: left;\">Det er virkelig interessant, hvad en enkelt piercing kan bringe med sig af overvejelser og fort\u00e6llinger, s\u00e5 er man en af dem, der overvejer at begynde eller forts\u00e6tte sin egen rejse, kan jeg kun anbefale at springe ud i det. Ogs\u00e5 selvom det for nogle af os kan tage mange \u00e5r. Piercinger har ingen alder, og i min verden er det ekstra hul med den helt rigtige placering et must.\u00a0Den gl\u00e6de og de muligheder, der f\u00f8lger dig til b\u00e5de hverdag og fest, skaber en helt ny og ubetinget k\u00e6rlighed til dit smykkeskrin.<\/p>\n<\/div>\n<\/div>\n<\/div>\n<p>[\/vc_column_text]<div class=\"gem-button-container gem-button-position-center thegem-button-69dca7d5a69028095 gettimely-booking-button\"  ><a title=\"BOOK\" class=\"gem-button gem-button-size-small gem-button-style-flat gem-button-text-weight-normal\" data-ll-effect=\"drop-right-without-wrap\" style=\"border-radius: 3px;\" onmouseleave=\"\" onmouseenter=\"\" href=\"https:\/\/www.linehallberg.com\/da\/book-en-piercing\/\" target=\"_self\">Book piercing<\/a><\/div> <div class=\"gem-button-container gem-button-position-center thegem-button-69dca7d5a692f1086 gettimely-booking-button\"  ><a title=\"Helix styling\" class=\"gem-button gem-button-size-small gem-button-style-flat gem-button-text-weight-normal\" data-ll-effect=\"drop-right-without-wrap\" style=\"border-radius: 3px;\" onmouseleave=\"\" onmouseenter=\"\" href=\"https:\/\/www.linehallberg.com\/da\/shop-ud-fra-placering\/smykker-til-helix-piercinger\/\" target=\"_self\">Smykker til helix<\/a><\/div> [\/vc_column_inner][\/vc_row_inner][vc_empty_space][\/vc_column][\/vc_row][vc_row el_class=&#8221;mobile&#8221;][vc_column][vc_empty_space height=&#8221;20px&#8221;][vc_column_text css=&#8221;.vc_custom_1729158414516{margin-right: 10px !important;margin-left: 10px !important;}&#8221;]<\/p>\n<div class=\"\" style=\"text-align: center;\">\n<div class=\"\" style=\"text-align: center;\">\n<div class=\"\">\n<div class=\"\" style=\"text-align: center;\">\n<div class=\"\">\n<div class=\"\">\n<div class=\"\" style=\"text-align: center;\">\n<div class=\"\">\n<div class=\"\">\n<p style=\"text-align: left;\"><strong>Hvorn\u00e5r begyndte din piercingrejse?<\/strong><\/p>\n<p style=\"text-align: left;\">Da jeg var 10 \u00e5r gammel, fik min t\u00e6tteste veninde og jeg lov til at \u2019dele\u2019 et s\u00e6t huller i \u00f8rerne af vores for\u00e6ldre. Dengang kunne man kun f\u00e5 huller i \u00f8rene som par, s\u00e5 i mange \u00e5r havde jeg kun \u00e9t hul i \u00f8reflippen. Det bet\u00f8d ogs\u00e5, at vi oftest m\u00e5tte dele \u00f8reringe, da man dengang heller ikke kunne k\u00f8be \u00f8reringe enkeltvis. Det asymmetriske look var ikke rigtigt omfavnet kommercielt, s\u00e5 man var altid tvunget til at k\u00f8be i s\u00e6t. Heldigvis var vi begge meget optaget af at n\u00f8rkle kreative l\u00f8sninger og kunne i dagevis fordybe os i h\u00e5ndlavede smykker, ler mv. som frigav os fra det klassiske syn p\u00e5 huller i \u00f8rene. En tilgang, der har fulgt os begge ind i voksenlivet, da hun i dag er den ene halvdel af Stilleben. Sidenhen har min ear curation meget naturligt udviklet sig \u2013 senest med en ekstra helix, der komplementerer min nuv\u00e6rende og udg\u00f8r en dobbelt helix, som jeg fik dette efter\u00e5r.<\/p>\n<p style=\"text-align: left;\">\n<p style=\"text-align: left;\"><strong>Hvilken betydning har piercinger for dig?<\/strong><\/p>\n<p style=\"text-align: left;\">Piercinger har som udtryksform og h\u00e5ndv\u00e6rk altid haft en stor betydning for mig og min tilgang til smykker. Da jeg fik lavet min f\u00f8rste Helix piercing i Paris for 20 \u00e5r siden, \u00e5bnede der sig en helt ny verden for mig, som gjorde, at jeg fik \u00f8jnene op for de mange nye kombinationsmuligheder, det asymmetriske look i samspil med mine klassiske lobe piercinger medf\u00f8rte. P\u00e5 det tidspunkt havde jeg netop ogs\u00e5 f\u00f8dt mit f\u00f8rste barn og oplevet den fysiske transformation, man g\u00e5r igennem, for til sidst at kunne st\u00e5 med noget s\u00e5 utroligt fint, poetisk og k\u00e6rligt, der f\u00e5r dig til at f\u00f8le dig fuldkommen uovervindelig. En transformation, der p\u00e5 mange m\u00e5der kan tr\u00e6kke tr\u00e5de til piercinguniverset, der p\u00e5 samme vis kr\u00e6ver, at du giver dig hen til processen for til sidst at opn\u00e5 en f\u00f8lelse af selvforst\u00e6rkelse. Af samme grund vil lige netop den piercing og rejse, jeg i sin tid startede, altid have en speciel plads i mit hjerte med helt s\u00e6rlige historier og minder tilknyttet.<\/p>\n<\/div>\n<\/div>\n<\/div>\n<\/div>\n<\/div>\n<\/div>\n<\/div>\n<\/div>\n<\/div>\n<p>[\/vc_column_text][vc_empty_space height=&#8221;30px&#8221;][vc_single_image image=&#8221;71181&#8243; img_size=&#8221;full&#8221; alignment=&#8221;center&#8221; onclick=&#8221;custom_link&#8221; link=&#8221;https:\/\/www.linehallberg.com\/linejo-stories\/behind-linejo-head-of-piercings-filipa\/&#8221; el_class=&#8221;respon-img&#8221;][vc_column_text css=&#8221;.vc_custom_1729158460292{margin-top: 40px !important;margin-right: 10px !important;margin-left: 10px !important;}&#8221;]<\/p>\n<div class=\"\" style=\"text-align: center;\">\n<div class=\"\">\n<div class=\"\">\n<p style=\"text-align: left;\"><strong>Hvorfor valgte du en dobbelt helix?<\/strong><\/p>\n<p style=\"text-align: left;\">Efter 20 \u00e5r med \u00e9t signatur-look tr\u00e6ngte jeg til at flytte fokus fra mine \u00f8reflipper l\u00e6ngere op ad \u00f8ret. Jeg har l\u00e6nge haft en lille dans med den klassiske m\u00e5de at b\u00e6re \u00f8reringe i s\u00e6t p\u00e5 og d\u00e9t at kunne b\u00e6re forskellige i hver \u00f8reflip og havde derfor brug for fornyelse. Valget faldt p\u00e5 en ekstra helix, der gav mig mulighed for at opn\u00e5 en dobbelt helix, hvilket er meget mere mig. Det skaber en super flot kontrast og et forfriskende look, som samtidigt giver mig mulighed for at genfinde k\u00e6rligheden til min eksisterende helix og lobe piercinger. Det er det gode ved piercinger \u2013 der er ingen facit, og man kan kontinuerligt f\u00e5 lov til at v\u00e6re legende og udfordre sig selv og sit udtryk. For at skabe blikfang og balance har jeg valgt at blive piercet med <a href=\"https:\/\/www.linehallberg.com\/da\/vare\/l-eldridge02-gold-diamond\/\">L. ELDRIDGE 02<\/a> fra vores <a href=\"https:\/\/www.linehallberg.com\/da\/collections\/l\/\">L. COLLECTION<\/a>, der er et delikat piercingsmykke i 14 karat massivt guld med en skarp femkantet brillant. Et smykke, der elegant komplementerer min anden helix, hvor jeg typisk b\u00e6rer en <a href=\"https:\/\/www.linehallberg.com\/da\/vare\/miss-elly-one-gold\/\">lille guld ELLY twist \u00f8rering<\/a> med et matchende <a href=\"https:\/\/www.linehallberg.com\/da\/vare\/vedhaeng-til-oerering-mini-paisley-guld-rundt-lille-oesken\/\">PAISLEY-vedh\u00e6ng<\/a>.<\/p>\n<p style=\"text-align: left;\">\n<p style=\"text-align: left;\">Det er virkelig interessant, hvad en enkelt piercing kan bringe med sig af overvejelser og fort\u00e6llinger, s\u00e5 er man en af dem, der overvejer at begynde eller forts\u00e6tte sin egen rejse, kan jeg kun anbefale at springe ud i det. Ogs\u00e5 selvom det for nogle af os kan tage mange \u00e5r. Piercinger har ingen alder, og i min verden er det ekstra hul med den helt rigtige placering et must.\u00a0Den gl\u00e6de og de muligheder, der f\u00f8lger dig til b\u00e5de hverdag og fest, skaber en helt ny og ubetinget k\u00e6rlighed til dit smykkeskrin.<\/p>\n<\/div>\n<\/div>\n<\/div>\n<p>[\/vc_column_text][vc_single_image image=&#8221;71180&#8243; img_size=&#8221;full&#8221; alignment=&#8221;center&#8221; el_class=&#8221;respon-img&#8221;]<div class=\"gem-button-container gem-button-position-center thegem-button-69dca7d5a694c4122 gettimely-booking-button\"  ><a class=\"gem-button gem-button-size-small gem-button-style-flat gem-button-text-weight-normal\" data-ll-effect=\"drop-right-without-wrap\" style=\"border-radius: 3px;\" onmouseleave=\"\" onmouseenter=\"\" href=\"https:\/\/www.linehallberg.com\/da\/book-en-piercing\/\" target=\"_self\">Book piercing<\/a><\/div> <div class=\"gem-button-container gem-button-position-center thegem-button-69dca7d5a69656729 gettimely-booking-button\"  ><a title=\"Helix styling\" class=\"gem-button gem-button-size-small gem-button-style-flat gem-button-text-weight-normal\" data-ll-effect=\"drop-right-without-wrap\" style=\"border-radius: 3px;\" onmouseleave=\"\" onmouseenter=\"\" href=\"https:\/\/www.linehallberg.com\/da\/shop-ud-fra-placering\/smykker-til-helix-piercinger\/\" target=\"_self\">Smykker til helix<\/a><\/div> [\/vc_column][\/vc_row]<\/p>\n","protected":false},"excerpt":{"rendered":"<p>[vc_row][vc_column][vc_column_text] MY PIERCING SALON STORY: Line Hallberg Dette efter\u00e5r havde vores piercing team forn\u00f8jelse af at forny, guldsmed og kreativ&#8230;<\/p>\n","protected":false},"author":62,"featured_media":0,"parent":65045,"menu_order":0,"comment_status":"closed","ping_status":"closed","template":"","meta":[],"yst_prominent_words":[1909,1671,1264,1282,2067,2070,1278,2068,2069,1508,1270,1520,1658,2065,1660,1269],"acf":[],"_links":{"self":[{"href":"https:\/\/www.linehallberg.com\/da\/wp-json\/wp\/v2\/pages\/71176"}],"collection":[{"href":"https:\/\/www.linehallberg.com\/da\/wp-json\/wp\/v2\/pages"}],"about":[{"href":"https:\/\/www.linehallberg.com\/da\/wp-json\/wp\/v2\/types\/page"}],"author":[{"embeddable":true,"href":"https:\/\/www.linehallberg.com\/da\/wp-json\/wp\/v2\/users\/62"}],"replies":[{"embeddable":true,"href":"https:\/\/www.linehallberg.com\/da\/wp-json\/wp\/v2\/comments?post=71176"}],"version-history":[{"count":10,"href":"https:\/\/www.linehallberg.com\/da\/wp-json\/wp\/v2\/pages\/71176\/revisions"}],"predecessor-version":[{"id":75918,"href":"https:\/\/www.linehallberg.com\/da\/wp-json\/wp\/v2\/pages\/71176\/revisions\/75918"}],"up":[{"embeddable":true,"href":"https:\/\/www.linehallberg.com\/da\/wp-json\/wp\/v2\/pages\/65045"}],"wp:attachment":[{"href":"https:\/\/www.linehallberg.com\/da\/wp-json\/wp\/v2\/media?parent=71176"}],"wp:term":[{"taxonomy":"yst_prominent_words","embeddable":true,"href":"https:\/\/www.linehallberg.com\/da\/wp-json\/wp\/v2\/yst_prominent_words?post=71176"}],"curies":[{"name":"wp","href":"https:\/\/api.w.org\/{rel}","templated":true}]}}