{"id":72778,"date":"2024-02-16T15:54:54","date_gmt":"2024-02-16T14:54:54","guid":{"rendered":"https:\/\/www.lineandjo.com\/da\/?page_id=72778"},"modified":"2024-10-17T12:59:39","modified_gmt":"2024-10-17T10:59:39","slug":"behind-linejo-martha","status":"publish","type":"page","link":"https:\/\/www.linehallberg.com\/da\/linejo-stories\/behind-linejo-martha\/","title":{"rendered":"Behind LINE&#038;JO: Professionel piercer, Martha"},"content":{"rendered":"<p>[vc_row][vc_column][vc_column_text]<\/p>\n<h1 style=\"text-align: center;\">BEHIND LINE&amp;JO:<br \/>\nProfessionel piercer, Martha<\/h1>\n<p style=\"text-align: left;\">Hos LINE&amp;JO Piercing Salon \u00f8nsker vi kontinuerligt at tilbyde den h\u00f8jeste service og viden inden for piercing industrien, hvorfor en udvikling af b\u00e5de team, erfaring og praksis er essentiel for os. Af samme grund har vi nyligt budt velkommen til vores nye piercer Martha &#8211; f\u00f8dt og opvokset i hjertet af K\u00f8benhavn med en baggrund inden for \u00e6stetik og p\u00e6dagogik, samt et \u00f8nske om at skabe behagelige og autentiske oplevelser for alle, der s\u00e6tter sig i hendes piercing stol.<\/p>\n<p>[\/vc_column_text][vc_empty_space height=&#8221;30px&#8221;][vc_row_inner][vc_column_inner][vc_single_image image=&#8221;72780&#8243; img_size=&#8221;full&#8221; alignment=&#8221;center&#8221; el_class=&#8221;respon-img top-img&#8221; css=&#8221;.vc_custom_1708094856119{padding-right: 20px !important;padding-left: 20px !important;}&#8221;][vc_empty_space height=&#8221;30px&#8221;][\/vc_column_inner][\/vc_row_inner][\/vc_column][\/vc_row][vc_row el_disable_mobile=&#8221;1&#8243;][vc_column][vc_row_inner gap=&#8221;35&#8243;][vc_column_inner width=&#8221;1\/2&#8243; offset=&#8221;vc_hidden-xs&#8221;][vc_column_text css=&#8221;.vc_custom_1729081776454{margin-right: 10px !important;margin-left: 10px !important;}&#8221;]<\/p>\n<p style=\"text-align: left;\"><strong>Hvad er din baggrund?<\/strong><\/p>\n<p style=\"text-align: left;\">Jeg er f\u00f8dt og opvokset i Nyhavn, hjertet af K\u00f8benhavn, og har gennem min opv\u00e6kst altid v\u00e6ret draget af at udtrykke mig kreativt. En interesse der i sin tid fik mig til at s\u00f8ge ind p\u00e5 et kunstakademi oppe nord p\u00e5, hvor jeg havde mulighed for at udforske mine evner inden for tegning og maling og dyrke \u00e6stetik.<\/p>\n<p style=\"text-align: left;\">Sidenhen har jeg valgt at overf\u00f8re selvsamme interesser til piercing faget og er samtidigt ogs\u00e5 begyndt at uddanne mig som p\u00e6dagog, da jeg virkelig nyder at arbejde med mennesker og indg\u00e5 i nye relationer. P\u00e5 den m\u00e5de f\u00e5r jeg ogs\u00e5 mulighed for at styrke mine kompetencer og viderebringe det bedste fra hvert felt p\u00e5 tv\u00e6rs af mit arbejde, samtidigt med at jeg stadig f\u00e5r mulighed for at udfordre min interesse for \u00e6stetik. Det er netop utroligt vigtigt for mig at kunne skabe et \u00e5bent, roligt og inspirerende rum, hvor alle f\u00f8ler sig trygge, set og h\u00f8rt, da der i arbejdet med mennesker ikke findes \u00e9n rigtig l\u00f8sning. Det kr\u00e6ver b\u00e5de tid og forst\u00e5else samt evnen til at kunne relatere til den, der sidder i piercing stolen, s\u00e5 hver oplevelse bliver personlig.<\/p>\n<p>[\/vc_column_text][vc_empty_space height=&#8221;30px&#8221;][vc_single_image image=&#8221;72781&#8243; img_size=&#8221;full&#8221; alignment=&#8221;center&#8221; onclick=&#8221;custom_link&#8221; link=&#8221;https:\/\/www.linehallberg.com\/linejo-stories\/behind-linejo-head-of-piercings-filipa\/&#8221;][vc_empty_space height=&#8221;30px&#8221;][vc_column_text css=&#8221;.vc_custom_1729081794737{margin-right: 10px !important;margin-left: 10px !important;}&#8221;]<\/p>\n<div class=\"\" style=\"text-align: center;\">\n<p style=\"text-align: left;\"><strong>Hvad er den bedste del ved dit arbejde?<\/strong><\/p>\n<p style=\"text-align: left;\">Selvom det at kunne skabe nye relationer og v\u00e6re med til at lave et trygt rum for selvudfoldelse er noget af det bedste ved at arbejde som piercer, s\u00e5 m\u00e5 min foretrukne del helt klart at opleve den fysiske og mentale transformation man g\u00e5r igennem, n\u00e5r man bliver piercet.<\/p>\n<p style=\"text-align: left;\">Dette er is\u00e6r tydeligt hos dem, der kommer ind med et \u00f8nske om at fremh\u00e6ve s\u00e6rlige dele af deres udseende eller booste deres selvtillid, hvilket ogs\u00e5 er hvorfor jeg elsker at lave n\u00e6sefl\u00f8jspiercinger og nipple piercinger. Det er virkelig et privilegium at f\u00e5 lov til at opn\u00e5 den form for tillid og v\u00e6re en del af som piercer.<\/p>\n<\/div>\n<p>[\/vc_column_text]<div class=\"gem-button-container gem-button-position-center thegem-button-69f8c16c3b13a3184 gettimely-booking-button\"  ><a class=\"gem-button gem-button-size-small gem-button-style-flat gem-button-text-weight-normal\" data-ll-effect=\"drop-right-without-wrap\" style=\"border-radius: 3px;\" onmouseleave=\"\" onmouseenter=\"\" href=\"https:\/\/bookings.gettimely.com\/linejo\/bb\/book?staff=540060\" target=\"_self\">Book Martha<\/a><\/div> [\/vc_column_inner][vc_column_inner width=&#8221;1\/2&#8243; offset=&#8221;vc_hidden-xs&#8221;][vc_single_image image=&#8221;72783&#8243; img_size=&#8221;full&#8221; alignment=&#8221;center&#8221; onclick=&#8221;custom_link&#8221; link=&#8221;https:\/\/www.linehallberg.com\/linejo-stories\/my-piercing-salon-story-veneda-terry\/&#8221;][vc_empty_space height=&#8221;30px&#8221;][vc_column_text css=&#8221;.vc_custom_1729081965394{margin-right: 10px !important;margin-left: 10px !important;}&#8221;]<\/p>\n<div class=\"\" style=\"text-align: center;\">\n<p style=\"text-align: left;\"><strong>Hvordan begyndte du at pierce?<\/strong><\/p>\n<p style=\"text-align: left;\">Jeg fik min f\u00f8rste piercing som 15-\u00e5rig og har lige siden v\u00e6ret fascineret af h\u00e5ndv\u00e6rket og den \u00e6stetiske tilgang til kropsudsmykning. Det bet\u00f8d ogs\u00e5, at jeg, efter at have v\u00e6ret stamkunde hos en af K\u00f8benhavns f\u00f8rende piercing studier i mange \u00e5r, p\u00e5begyndte mit eget elev-forl\u00f8b som piercer i 2020, inden jeg startede hos LINE&amp;JO i 2023.<\/p>\n<\/div>\n<p>[\/vc_column_text][vc_empty_space height=&#8221;30px&#8221;][vc_single_image image=&#8221;72784&#8243; img_size=&#8221;full&#8221; alignment=&#8221;center&#8221; onclick=&#8221;custom_link&#8221; link=&#8221;https:\/\/www.linehallberg.com\/linejo-stories\/my-piercing-salon-story-veneda-terry\/&#8221;][\/vc_column_inner][\/vc_row_inner][vc_empty_space][\/vc_column][\/vc_row][vc_row el_disable_desktop=&#8221;1&#8243; el_disable_tablet=&#8221;1&#8243;][vc_column][vc_empty_space height=&#8221;30px&#8221;][vc_column_text]<\/p>\n<p style=\"text-align: left;\"><strong>Hvad er din baggrund?<\/strong><\/p>\n<p style=\"text-align: left;\">Jeg er f\u00f8dt og opvokset i Nyhavn, hjertet af K\u00f8benhavn, og har gennem min opv\u00e6kst altid v\u00e6ret draget af at udtrykke migselv kreativt. En interesse der i sin tid fik mig til at s\u00f8ge ind p\u00e5 et kunstakademi oppe nord p\u00e5, hvor jeg havde mulighed for at udforske mine evner inden for tegning og maling og dyrke \u00e6stetik.<\/p>\n<p style=\"text-align: left;\">Sidenhen har jeg valgt at overf\u00f8re selvsamme interesser til piercing faget og er samtidigt ogs\u00e5 begyndt at uddanne mig som p\u00e6dagog, da jeg virkelig nyder at arbejde med mennesker og indg\u00e5 i nye relationer. P\u00e5 den m\u00e5de f\u00e5r jeg ogs\u00e5 mulighed for at styrke mine kompetencer og viderebringe det bedste fra hvert felt p\u00e5 tv\u00e6rs af mit arbejde, samtidigt med at jeg stadig f\u00e5r mulighed for at udfordre min interesse for \u00e6stetik. Det er netop utroligt vigtigt for mig at kunne skabe et \u00e5bent, roligt og inspirerende rum, hvor alle f\u00f8ler sig trygge, set og h\u00f8rt, da der i arbejdet med mennesker ikke findes \u00e9n rigtig l\u00f8sning. Det kr\u00e6ver b\u00e5de tid og forst\u00e5else samt evnen til at kunne relatere til den, der sidder i piercing stolen, s\u00e5 hver oplevelse bliver personlig.<\/p>\n<p>[\/vc_column_text][vc_empty_space height=&#8221;30px&#8221;][vc_single_image image=&#8221;72783&#8243; img_size=&#8221;full&#8221; alignment=&#8221;center&#8221; onclick=&#8221;custom_link&#8221; link=&#8221;https:\/\/www.linehallberg.com\/linejo-stories\/behind-linejo-head-of-piercings-filipa\/&#8221; el_class=&#8221;respon-img&#8221;][vc_empty_space height=&#8221;30px&#8221;][vc_column_text]<\/p>\n<div class=\"\" style=\"text-align: center;\">\n<p style=\"text-align: left;\"><strong>Hvordan begyndte du at pierce?<\/strong><\/p>\n<p style=\"text-align: left;\">Jeg fik min f\u00f8rste piercing som 15-\u00e5rig og har lige siden v\u00e6ret fascineret af h\u00e5ndv\u00e6rket og den \u00e6stetiske tilgang til kropsudsmykning. Det bet\u00f8d ogs\u00e5, at jeg, efter at have v\u00e6ret stamkunde hos en af K\u00f8benhavns f\u00f8rende piercing studier i mange \u00e5r, p\u00e5begyndte mit eget elev-forl\u00f8b som piercer i 2020, inden jeg startede hos LINE&amp;JO i 2023.<\/p>\n<\/div>\n<p>[\/vc_column_text][vc_empty_space][vc_single_image image=&#8221;72781&#8243; img_size=&#8221;full&#8221; alignment=&#8221;center&#8221; onclick=&#8221;custom_link&#8221; link=&#8221;https:\/\/www.linehallberg.com\/linejo-stories\/my-piercing-salon-story-veneda-terry\/&#8221; el_class=&#8221;respon-img&#8221;][vc_empty_space][vc_column_text]<\/p>\n<div class=\"\" style=\"text-align: center;\">\n<p style=\"text-align: left;\"><strong>Hvad er den bedste del ved dit arbejde?<\/strong><\/p>\n<p style=\"text-align: left;\">Selvom det at kunne skabe nye relationer og v\u00e6re med til at lave et trygt rum for selvudfoldelse er noget af det bedste ved at arbejde som piercer, s\u00e5 m\u00e5 min foretrukne del helt klart at opleve den fysiske og mentale transformation man g\u00e5r igennem, n\u00e5r man bliver piercet. Dette er is\u00e6r tydeligt hos dem, der kommer ind med et \u00f8nske om at fremh\u00e6ve s\u00e6rlige dele af deres udseende eller booste deres selvtillid, hvilket ogs\u00e5 er hvorfor jeg elsker at lave n\u00e6sefl\u00f8jspiercinger og nipple piercinger. Det er virkelig et privilegium at f\u00e5 lov til at opn\u00e5 den form for tillid og v\u00e6re en del af som piercer.<\/p>\n<\/div>\n<p>[\/vc_column_text][vc_empty_space][vc_single_image image=&#8221;72784&#8243; img_size=&#8221;full&#8221; alignment=&#8221;center&#8221; onclick=&#8221;custom_link&#8221; link=&#8221;https:\/\/www.linehallberg.com\/linejo-stories\/my-piercing-salon-story-veneda-terry\/&#8221; el_class=&#8221;respon-img&#8221;]<div class=\"gem-button-container gem-button-position-center thegem-button-69f8c16c3b16f1019 gettimely-booking-button\"  ><a class=\"gem-button gem-button-size-small gem-button-style-flat gem-button-text-weight-normal\" data-ll-effect=\"drop-right-without-wrap\" style=\"border-radius: 3px;\" onmouseleave=\"\" onmouseenter=\"\" href=\"https:\/\/bookings.gettimely.com\/linejo\/bb\/book?staff=540060\" target=\"_self\">Book Martha<\/a><\/div> [\/vc_column][\/vc_row]<\/p>\n","protected":false},"excerpt":{"rendered":"<p>[vc_row][vc_column][vc_column_text] BEHIND LINE&amp;JO: Professionel piercer, Martha Hos LINE&amp;JO Piercing Salon \u00f8nsker vi kontinuerligt at tilbyde den h\u00f8jeste service og viden&#8230;<\/p>\n","protected":false},"author":62,"featured_media":0,"parent":65045,"menu_order":0,"comment_status":"closed","ping_status":"closed","template":"","meta":[],"yst_prominent_words":[1909,1671,1264,1282,2067,2070,1278,2068,2069,1508,1270,1520,1658,2065,1660,1269],"acf":[],"_links":{"self":[{"href":"https:\/\/www.linehallberg.com\/da\/wp-json\/wp\/v2\/pages\/72778"}],"collection":[{"href":"https:\/\/www.linehallberg.com\/da\/wp-json\/wp\/v2\/pages"}],"about":[{"href":"https:\/\/www.linehallberg.com\/da\/wp-json\/wp\/v2\/types\/page"}],"author":[{"embeddable":true,"href":"https:\/\/www.linehallberg.com\/da\/wp-json\/wp\/v2\/users\/62"}],"replies":[{"embeddable":true,"href":"https:\/\/www.linehallberg.com\/da\/wp-json\/wp\/v2\/comments?post=72778"}],"version-history":[{"count":11,"href":"https:\/\/www.linehallberg.com\/da\/wp-json\/wp\/v2\/pages\/72778\/revisions"}],"predecessor-version":[{"id":75950,"href":"https:\/\/www.linehallberg.com\/da\/wp-json\/wp\/v2\/pages\/72778\/revisions\/75950"}],"up":[{"embeddable":true,"href":"https:\/\/www.linehallberg.com\/da\/wp-json\/wp\/v2\/pages\/65045"}],"wp:attachment":[{"href":"https:\/\/www.linehallberg.com\/da\/wp-json\/wp\/v2\/media?parent=72778"}],"wp:term":[{"taxonomy":"yst_prominent_words","embeddable":true,"href":"https:\/\/www.linehallberg.com\/da\/wp-json\/wp\/v2\/yst_prominent_words?post=72778"}],"curies":[{"name":"wp","href":"https:\/\/api.w.org\/{rel}","templated":true}]}}