{"id":73572,"date":"2024-03-26T15:55:02","date_gmt":"2024-03-26T14:55:02","guid":{"rendered":"https:\/\/www.lineandjo.com\/?page_id=73422"},"modified":"2024-11-20T10:02:56","modified_gmt":"2024-11-20T09:02:56","slug":"behind-linejo-piercing-salon-the-piercing-team","status":"publish","type":"page","link":"https:\/\/www.linehallberg.com\/da\/linejo-stories\/behind-linejo-piercing-salon-the-piercing-team\/","title":{"rendered":"Behind LINE&#038;JO PIERCING SALON: Piercing teamet"},"content":{"rendered":"<p>[vc_row][vc_column][vc_column_text css=&#8221;.vc_custom_1712054152963{margin-right: 10px !important;margin-left: 10px !important;}&#8221;]<\/p>\n<h1 style=\"text-align: center;\">Behind LINE&amp;JO Piercing Salon:<br \/>\npiercing teamet<\/h1>\n<p>[\/vc_column_text][vc_single_image image=&#8221;73577&#8243; img_size=&#8221;full&#8221; alignment=&#8221;center&#8221; el_class=&#8221;respon-img&#8221; css=&#8221;.vc_custom_1712054100889{padding-right: 20px !important;padding-left: 20px !important;}&#8221;][vc_column_text]<\/p>\n<p style=\"text-align: left;\">I en s\u00f8gen p\u00e5 kontinuerligt at skubbe til branchens gr\u00e6nser p\u00e5begyndte LINE&amp;JO i 2019 en rejse ind i piercingkunstens verden, da de etablerede deres f\u00f8rste piercingsalon og -team. Et univers, hvor kun fantasien s\u00e6tter gr\u00e6nser, og hvor hver piercing kurateres til den enkelte. Sidenhen har LINE&amp;JO udviddet b\u00e5de salon og team med \u00f8nsket om at at inspirere og \u00e6ndre den m\u00e5de, folk b\u00e6rer smykker p\u00e5 gennem unikke stylingmuligheder og piercingplaceringer. Dette, kombineret med en evig trang til at tilbyde det h\u00f8jeste niveau af kvalitet og service inden for begge brancher, er hvad der i dag udg\u00f8r \u200b\u200bLINE&amp;JO piercingsalon.<\/p>\n<p style=\"text-align: left;\">\u201dJeg tiltr\u00e6kkes af mods\u00e6tninger n\u00e6ret af sk\u00f8nhed, fantasi og menneskets forskelligheder. Jeg \u00f8nsker at skabe et rum, hvor man kan styrke sin individualitet gennem smykker, et sted hvor man m\u00e6rker den store forskel, der ligger i d\u00e9t ekstra hul i \u00f8ret, som g\u00f8r udtrykket s\u00e5 meget mere sp\u00e6ndende og samtidigt skaber en indre kraft og stemme, der er uundg\u00e5elig for beskueren.\u201d<\/p>\n<p style=\"text-align: left;\">\u2013 Guldsmed &amp; kreativ direkt\u00f8r, Line Hallberg<\/p>\n<p>[\/vc_column_text][\/vc_column][\/vc_row][vc_row][vc_column][vc_single_image image=&#8221;73576&#8243; img_size=&#8221;full&#8221; alignment=&#8221;center&#8221; el_class=&#8221;respon-img two-pics&#8221;][vc_column_text]<\/p>\n<h2 style=\"margin: 0cm; line-height: 150%; text-align: left;\">FILIPA, HEAD OF PIERCINGS<\/h2>\n<p style=\"text-align: left;\">M\u00f8d Filipa \u2013 f\u00f8dt og opvokset i Portugal med en altomgivende passion for at pierce og skabe kreative kropsmodifikationer. Filipa begyndte sin karriere i 2015 som l\u00e6rling hos en af \u200b\u200bLissabons mest anerkendte piercere, inden hun flyttede til K\u00f8benhavn og fortsatte sin rejse for at blive professionel piercer. Med sin kreative og vision\u00e6re tilgang til faget blev hun i 2019 ansat af Line Hallberg og var med til at grundl\u00e6gge \u200b\u200bLINE&amp;JO piercingsalon, som hun i dag driver med sit team. Filipa kan assistere dig p\u00e5 engelsk, portugisisk, spansk og en lille smule dansk.<\/p>\n<p>[\/vc_column_text]<div class=\"gem-button-container gem-button-position-left thegem-button-69fa1836396625991 gettimely-booking-button\"  ><a class=\"gem-button gem-button-size-small gem-button-style-flat gem-button-text-weight-normal\" data-ll-effect=\"drop-right-without-wrap\" style=\"border-radius: 3px;\" onmouseleave=\"\" onmouseenter=\"\" href=\"https:\/\/bookings.gettimely.com\/linejo\/bb\/book?staff=320952\" target=\"_self\">Book Filipa<\/a><\/div> [vc_single_image image=&#8221;73575&#8243; img_size=&#8221;full&#8221; alignment=&#8221;center&#8221; el_class=&#8221;respon-img two-pics&#8221;][vc_column_text]<\/p>\n<h2 style=\"margin: 0cm; line-height: 150%; text-align: left;\">\u00d3l\u00f6f, professionel PIERCer<\/h2>\n<p style=\"text-align: left;\">M\u00f8d \u00d3l\u00f6f \u2013 oprindeligt fra Island med en baggrund indenfor kunst og service erhvervet hos nogle af K\u00f8benhavns mest anerkendte restauranter. \u00d3l\u00f6f begyndte sin rejse som piercingl\u00e6rling hos LINE&amp;JO tilbage i 2021 og er qua sin gennemg\u00e5ende passion for service samt personligt h\u00e5ndv\u00e6rk, blevet en uvurderlig del af vores Lyngby-salon. \u00d3l\u00f6f kan assistere dig p\u00e5 engelsk og islandsk, men forst\u00e5r ogs\u00e5 dansk.<\/p>\n<p>[\/vc_column_text]<div class=\"gem-button-container gem-button-position-left thegem-button-69fa18363968e4602 gettimely-booking-button\"  ><a class=\"gem-button gem-button-size-small gem-button-style-flat gem-button-text-weight-normal\" data-ll-effect=\"drop-right-without-wrap\" style=\"border-radius: 3px;\" onmouseleave=\"\" onmouseenter=\"\" href=\"https:\/\/bookings.gettimely.com\/linejo\/bb\/book?staff=433588\" target=\"_self\">Book \u00d3l\u00f6f<\/a><\/div> [\/vc_column][\/vc_row]<\/p>\n","protected":false},"excerpt":{"rendered":"<p>[vc_row][vc_column][vc_column_text css=&#8221;.vc_custom_1712054152963{margin-right: 10px !important;margin-left: 10px !important;}&#8221;] Behind LINE&amp;JO Piercing Salon: piercing teamet [\/vc_column_text][vc_single_image image=&#8221;73577&#8243; img_size=&#8221;full&#8221; alignment=&#8221;center&#8221; el_class=&#8221;respon-img&#8221; css=&#8221;.vc_custom_1712054100889{padding-right: 20px !important;padding-left:&#8230;<\/p>\n","protected":false},"author":62,"featured_media":0,"parent":65045,"menu_order":38,"comment_status":"closed","ping_status":"closed","template":"","meta":[],"yst_prominent_words":[2430,2510,1520,1658,1509],"acf":[],"_links":{"self":[{"href":"https:\/\/www.linehallberg.com\/da\/wp-json\/wp\/v2\/pages\/73572"}],"collection":[{"href":"https:\/\/www.linehallberg.com\/da\/wp-json\/wp\/v2\/pages"}],"about":[{"href":"https:\/\/www.linehallberg.com\/da\/wp-json\/wp\/v2\/types\/page"}],"author":[{"embeddable":true,"href":"https:\/\/www.linehallberg.com\/da\/wp-json\/wp\/v2\/users\/62"}],"replies":[{"embeddable":true,"href":"https:\/\/www.linehallberg.com\/da\/wp-json\/wp\/v2\/comments?post=73572"}],"version-history":[{"count":6,"href":"https:\/\/www.linehallberg.com\/da\/wp-json\/wp\/v2\/pages\/73572\/revisions"}],"predecessor-version":[{"id":76736,"href":"https:\/\/www.linehallberg.com\/da\/wp-json\/wp\/v2\/pages\/73572\/revisions\/76736"}],"up":[{"embeddable":true,"href":"https:\/\/www.linehallberg.com\/da\/wp-json\/wp\/v2\/pages\/65045"}],"wp:attachment":[{"href":"https:\/\/www.linehallberg.com\/da\/wp-json\/wp\/v2\/media?parent=73572"}],"wp:term":[{"taxonomy":"yst_prominent_words","embeddable":true,"href":"https:\/\/www.linehallberg.com\/da\/wp-json\/wp\/v2\/yst_prominent_words?post=73572"}],"curies":[{"name":"wp","href":"https:\/\/api.w.org\/{rel}","templated":true}]}}