{"id":75353,"date":"2024-09-13T14:16:59","date_gmt":"2024-09-13T12:16:59","guid":{"rendered":"https:\/\/www.linehallberg.com\/?page_id=75353"},"modified":"2024-10-03T11:15:41","modified_gmt":"2024-10-03T09:15:41","slug":"i-hjertet-af-koebenhavn","status":"publish","type":"page","link":"https:\/\/www.linehallberg.com\/da\/home-line-hallberg\/i-hjertet-af-koebenhavn\/","title":{"rendered":"I hjertet af K\u00f8benhavn"},"content":{"rendered":"<p>[vc_row][vc_column][vc_column_text]<\/p>\n<h1 style=\"text-align: center;\">I hjertet af K\u00f8benhavn<\/h1>\n<p style=\"text-align: center;\">P\u00e5 bes\u00f8g hos Line Hallberg<\/p>\n<p style=\"text-align: center;\"><i>\u201cJeg betragter mit hjem som et smykkeskrin\u201d<\/i><\/p>\n<p>[\/vc_column_text][\/vc_column][\/vc_row][vc_row][vc_column][vc_single_image image=&#8221;75376&#8243; img_size=&#8221;full&#8221; alignment=&#8221;center&#8221; el_class=&#8221;respon-img&#8221;][vc_column_text]<\/p>\n<p class=\"billedtxt-top\" style=\"text-align: left;\">Foto: Mikkel Tjellesen<\/p>\n<p>[\/vc_column_text][vc_empty_space height=&#8221;20px&#8221;][vc_column_text]<\/p>\n<p style=\"text-align: left;\">I hjertet af K\u00f8benhavn, blot et stenkast fra hendes egen barndomsvej, finder du stifter, guldsmed og kreativ direkt\u00f8r Line Hallbergs hjem.<\/p>\n<p style=\"text-align: left;\">I en \u00e6ldre herskabslejlighed i Frederiksstaden har Line Hallberg og hendes familie skabt en base med rent kreativt og bogstaveligt h\u00f8jt til loftet, der giver masser af plads til at omfavne fortiden, nutiden og fremtiden. N\u00e5r man tr\u00e6der ind i det f\u00e6lles hjem, er det et virvar af personlige minder, antik historie og uds\u00f8gt h\u00e5ndv\u00e6rk, man m\u00f8des af. Et m\u00f8de der giver et klart indblik i kvinden bag det ikoniske LINE&#038;JO univers.<\/p>\n<p>[\/vc_column_text][\/vc_column][\/vc_row][vc_row gap=&#8221;35&#8243; content_placement=&#8221;top&#8221; el_class=&#8221;pics&#8221;][vc_column width=&#8221;1\/2&#8243;][vc_single_image image=&#8221;75373&#8243; img_size=&#8221;full&#8221; alignment=&#8221;center&#8221; el_class=&#8221;respon-img&#8221;][vc_column_text]<\/p>\n<p class=\"billedtekst\" style=\"text-align: left;\">Foto: Mikkel Tjellesen<\/p>\n<p>[\/vc_column_text][\/vc_column][vc_column width=&#8221;1\/2&#8243;][vc_single_image image=&#8221;75357&#8243; img_size=&#8221;full&#8221; alignment=&#8221;center&#8221; el_class=&#8221;respon-img&#8221;][\/vc_column][\/vc_row][vc_row][vc_column][vc_column_text]<\/p>\n<p style=\"text-align: left;\">Som stifter, guldsmed og kreativ direkt\u00f8r, f\u00e5r arbejdet ofte lov til at komme med hjem. P\u00e5 skrivebordet i arbejdsv\u00e6relset udg\u00f8r skitser, forme og prototyper deres eget lille stilleben oplyst af Artemides Tolomeo lamperne, der sammen med den hvide Ghost l\u00e6nestol af Paolo Navone for Gersavoni skaber rammerne for fordybelse.<\/p>\n<p>[\/vc_column_text][\/vc_column][\/vc_row][vc_row gap=&#8221;35&#8243; el_class=&#8221;pics&#8221;][vc_column width=&#8221;1\/2&#8243;][vc_single_image image=&#8221;75369&#8243; img_size=&#8221;full&#8221; alignment=&#8221;center&#8221; el_class=&#8221;respon-img&#8221;][vc_column_text]<\/p>\n<p class=\"billedtekst\" style=\"text-align: left;\">Foto: Mikkel Tjellesen<\/p>\n<p>[\/vc_column_text][\/vc_column][vc_column width=&#8221;1\/2&#8243;][vc_single_image image=&#8221;75358&#8243; img_size=&#8221;full&#8221; alignment=&#8221;center&#8221; el_class=&#8221;respon-img&#8221;][\/vc_column][\/vc_row][vc_row][vc_column][vc_column_text]<\/p>\n<p style=\"text-align: left;\">Ved siden af og modsat skrivebordet i arbejdsv\u00e6relset h\u00e6nger et endnu-ikke-indrammet v\u00e6rk af Jacob Tekiela samt en simpel bogreol fra Think Wood fyldt med magasiner, \u00e6sker og andre pyntegenstande. Begge elementer i Lines indretning understreger en vis ro og afslappethed.<\/p>\n<p>[\/vc_column_text][\/vc_column][\/vc_row][vc_row gap=&#8221;35&#8243; el_class=&#8221;pics&#8221;][vc_column width=&#8221;1\/2&#8243;][vc_single_image image=&#8221;75366&#8243; img_size=&#8221;full&#8221; alignment=&#8221;center&#8221; el_class=&#8221;respon-img&#8221;][vc_column_text]<\/p>\n<p class=\"billedtekst\" style=\"text-align: left;\">Foto: Mikkel Tjellesen<\/p>\n<p>[\/vc_column_text][\/vc_column][vc_column width=&#8221;1\/2&#8243;][vc_single_image image=&#8221;75368&#8243; img_size=&#8221;full&#8221; alignment=&#8221;center&#8221; el_class=&#8221;respon-img&#8221;][\/vc_column][\/vc_row][vc_row][vc_column][vc_column_text]<\/p>\n<p style=\"text-align: left;\">I forl\u00e6ngelse af arbejdsv\u00e6relset, badet i sollys, finder man stuen. Et sted for fordybelse og afslapning, hvor Cocker Doodlen Freja s\u00e6rligt nyder at holde til. Indretningen tager sin form omkring to hvide Ghost sofaer, et v\u00e6rk af Jakob Steen samt en Akari papirslampe af Isamu Noguchi, der elegant kontrasterer det massive betonbord af Georg Mengel. Ved siden af Freja er en vintage bambusstol designet i 60\u2019erne af den italienske arkitekt og designer Franco Albini placeret, der vidner om og understreger den h\u00f8je taktilitet i guldsmedens hjem.<\/p>\n<p>[\/vc_column_text][\/vc_column][\/vc_row][vc_row gap=&#8221;35&#8243; el_class=&#8221;pics&#8221;][vc_column width=&#8221;1\/2&#8243;][vc_single_image image=&#8221;75361&#8243; img_size=&#8221;full&#8221; alignment=&#8221;center&#8221; el_class=&#8221;respon-img&#8221;][vc_column_text]<\/p>\n<p class=\"billedtekst\" style=\"text-align: left;\">Foto: Mikkel Tjellesen<\/p>\n<p>[\/vc_column_text][\/vc_column][vc_column width=&#8221;1\/2&#8243;][vc_single_image image=&#8221;75370&#8243; img_size=&#8221;full&#8221; alignment=&#8221;center&#8221; el_class=&#8221;respon-img&#8221;][\/vc_column][\/vc_row][vc_row][vc_column][vc_column_text]<\/p>\n<p style=\"text-align: left;\">Det sorte konsolbord i pianolak er designet af Line og skaber plads til en stor gr\u00f8n vase fra K\u00e4hler samt en lampe af Cathrine Raben Davidsen. Bagved sofaen st\u00e5r et antikt fransk jernstativ, der tidligere har v\u00e6ret brugt til at udstille smykker i LINE&#038;JO butikkerne.<\/p>\n<p>[\/vc_column_text][\/vc_column][\/vc_row][vc_row gap=&#8221;35&#8243; el_class=&#8221;pics&#8221;][vc_column width=&#8221;1\/2&#8243;][vc_single_image image=&#8221;75362&#8243; img_size=&#8221;full&#8221; alignment=&#8221;center&#8221; el_class=&#8221;respon-img&#8221;][vc_column_text]<\/p>\n<p class=\"billedtekst\" style=\"text-align: left;\">Foto: Mikkel Tjellesen<\/p>\n<p>[\/vc_column_text][\/vc_column][vc_column width=&#8221;1\/2&#8243;][vc_single_image image=&#8221;75359&#8243; img_size=&#8221;full&#8221; alignment=&#8221;center&#8221; el_class=&#8221;respon-img&#8221;][\/vc_column][\/vc_row][vc_row][vc_column][vc_column_text]<\/p>\n<p style=\"text-align: left;\">P\u00e5 vej ind mod spisestuen m\u00f8des man af en dyb vindueskarm prydet af diverse pyntegenstande samt et vintage bambus bord med en Ingo Maurer lampe og en gr\u00f8n keramik sk\u00e5l fundet i Vallauris i Frankrig.<\/p>\n<p>[\/vc_column_text][\/vc_column][\/vc_row][vc_row gap=&#8221;35&#8243; el_class=&#8221;pics&#8221;][vc_column width=&#8221;1\/2&#8243;][vc_single_image image=&#8221;75365&#8243; img_size=&#8221;full&#8221; alignment=&#8221;center&#8221; el_class=&#8221;respon-img&#8221;][vc_column_text]<\/p>\n<p class=\"billedtekst\" style=\"text-align: left;\">Foto: Mikkel Tjellesen<\/p>\n<p>[\/vc_column_text][\/vc_column][vc_column width=&#8221;1\/2&#8243;][vc_single_image image=&#8221;75371&#8243; img_size=&#8221;full&#8221; alignment=&#8221;center&#8221; el_class=&#8221;respon-img&#8221;][\/vc_column][\/vc_row][vc_row][vc_column][vc_column_text]<\/p>\n<p style=\"text-align: left;\">I spisestuen f\u00e5r et massivt betonbord fra Georg Mengel lov til at agere samlingspunkt for de n\u00f8je udvalgte Fratelli Levaggi stole, der smukt komplementerer den transparente Murano glaslampe ovenover. P\u00e5 v\u00e6ggen h\u00e6nger et romersk relief dateret 400 f.kr. &#8211; et v\u00e6rk der understreger Line Hallbergs evige fascination af Italien og dets indflydelse p\u00e5 b\u00e5de design process og familieferier.<\/p>\n<p>[\/vc_column_text][\/vc_column][\/vc_row][vc_row gap=&#8221;35&#8243; el_class=&#8221;pics&#8221;][vc_column width=&#8221;1\/2&#8243;][vc_single_image image=&#8221;75364&#8243; img_size=&#8221;full&#8221; alignment=&#8221;center&#8221; el_class=&#8221;respon-img&#8221;][vc_column_text]<\/p>\n<p class=\"billedtekst\" style=\"text-align: left;\">Foto: Mikkel Tjellesen<\/p>\n<p>[\/vc_column_text][\/vc_column][vc_column width=&#8221;1\/2&#8243;][vc_single_image image=&#8221;75374&#8243; img_size=&#8221;full&#8221; alignment=&#8221;center&#8221; el_class=&#8221;respon-img&#8221;][\/vc_column][\/vc_row][vc_row][vc_column][vc_column_text]<\/p>\n<p style=\"text-align: left;\">Fra spisestuens modst\u00e5ende v\u00e6g pynter et lyser\u00f8dt fotografi, der afbilleder to 18 karat RICILY ringe fra kollektionen <a href=\"https:\/\/www.linehallberg.com\/da\/collections\/fragments-of-sicily\/\"><strong>FRAGMENTS OF SICILY<\/strong><\/a> designet af Line Hallberg. En kollektion inspireret af Sicilien og dens barokke og ornamentale arkitekturskatte. Ved siden af st\u00e5r endnu et kreativt projekt og tager form gennem en afrikansk maske, der endnu mangler den helt rette lampesk\u00e6rm. Et projekt Line \u00f8nsker at lancere engang i fremtiden. Et gipshestehoved samt en stor konkylie fra en vitage butik fuldf\u00f8rer konsolbordets udstilling, mens en samling af de italienske Fratelli Levaggi fletstole fra Nuvole i K\u00f8benhavn udg\u00f8r forgrunden med farver, der matcher den industrielle Toio standerlampe fra Flos designet af Achille &amp; Pier Castiglioni samt den bl\u00e5 Fronzoni \u201864 stol fra Cappellini.<\/p>\n<p>[\/vc_column_text][\/vc_column][\/vc_row][vc_row gap=&#8221;35&#8243; el_class=&#8221;pics&#8221;][vc_column width=&#8221;1\/2&#8243;][vc_single_image image=&#8221;75375&#8243; img_size=&#8221;full&#8221; alignment=&#8221;center&#8221; el_class=&#8221;respon-img&#8221;][vc_column_text]<\/p>\n<p class=\"billedtekst\" style=\"text-align: left;\">Foto: Mikkel Tjellesen<\/p>\n<p>[\/vc_column_text][\/vc_column][vc_column width=&#8221;1\/2&#8243;][vc_single_image image=&#8221;75360&#8243; img_size=&#8221;full&#8221; alignment=&#8221;center&#8221; el_class=&#8221;respon-img&#8221;][\/vc_column][\/vc_row][vc_row][vc_column][vc_column_text]<\/p>\n<p style=\"text-align: left;\">I hj\u00f8rnet af spisestuen kaster endnu en Cathrine Raben Davidsen lampe sit lys. Placeret ved siden af er et Finn Juhl postkort fra Design Museum Danmark samt et udvalg af afrikanske masker og andet kuriosa samlet gennem tiden.<\/p>\n<p>[\/vc_column_text][\/vc_column][\/vc_row][vc_row gap=&#8221;35&#8243; el_class=&#8221;pics&#8221;][vc_column width=&#8221;1\/2&#8243;][vc_single_image image=&#8221;75372&#8243; img_size=&#8221;full&#8221; alignment=&#8221;center&#8221; el_class=&#8221;respon-img&#8221;][vc_column_text]<\/p>\n<p class=\"billedtekst\" style=\"text-align: left;\">Foto: Mikkel Tjellesen<\/p>\n<p>[\/vc_column_text][\/vc_column][vc_column width=&#8221;1\/2&#8243;][vc_single_image image=&#8221;75367&#8243; img_size=&#8221;full&#8221; alignment=&#8221;center&#8221; el_class=&#8221;respon-img&#8221;][\/vc_column][\/vc_row][vc_row][vc_column][vc_column_text]<\/p>\n<p style=\"text-align: left;\">Vigtigst for Line er dog sovev\u00e6relset samt den lille f\u00e6lles spisekrog indrettet i k\u00f8kkenet. Spejlet i sovev\u00e6relset er italiensk og fundet i en gammel antikbutik for mange \u00e5r siden. Ved siden af pryder en Beetle stol designet af GamFratesi i blomstret tekstil fra Dedar samt en lampe af Cathrine Raben Davidsen.<\/p>\n<p style=\"text-align: left;\">I k\u00f8kkenet er der lige akkurat plads til en spisekrog, hvor familien samles til morgenmad omkring et snedkerbord og b\u00e6nk lavet af Lars Bj\u00f8rn fra Deplace Furniture samt et s\u00e6t amerikanske Cherner stole tegnet af Norman Cherner i 1958.<\/p>\n<p style=\"text-align: left;\">L\u00e6r mere om Line Hallberg og hendes h\u00e5ndv\u00e6rk i fort\u00e6llingen bagom FRAGMENTS OF SICILY kollektionen.<\/p>\n<p>[\/vc_column_text]<div class=\"gem-button-container gem-button-position-center thegem-button-69fcc0d223a1f2192 gettimely-booking-button\"  ><a title=\"Behind the craft\" class=\"gem-button gem-button-size-small gem-button-style-flat gem-button-text-weight-normal\" data-ll-effect=\"drop-right-without-wrap\" style=\"border-radius: 3px;\" onmouseleave=\"\" onmouseenter=\"\" href=\"https:\/\/www.linehallberg.com\/da\/bag-om-haandvaerket\/\" target=\"_self\">L\u00e6s story<\/a><\/div> [\/vc_column][\/vc_row][vc_row][vc_column][vc_column_text]<\/p>\n<p style=\"font-size: 10px; text-align: center;\"><em>Udarbejdet i samarbejde med EUROWOMAN. Find fysisk eksemplar eksklusivt i udgave nr 312 fra januar 2024.<br \/>\n<\/em>[\/vc_column_text][\/vc_column][\/vc_row]<\/p>\n","protected":false},"excerpt":{"rendered":"<p>[vc_row][vc_column][vc_column_text] I hjertet af K\u00f8benhavn P\u00e5 bes\u00f8g hos Line Hallberg \u201cJeg betragter mit hjem som et smykkeskrin\u201d [\/vc_column_text][\/vc_column][\/vc_row][vc_row][vc_column][vc_single_image image=&#8221;75376&#8243; img_size=&#8221;full&#8221;&#8230;<\/p>\n","protected":false},"author":62,"featured_media":0,"parent":73010,"menu_order":0,"comment_status":"closed","ping_status":"closed","template":"","meta":[],"yst_prominent_words":[],"acf":[],"_links":{"self":[{"href":"https:\/\/www.linehallberg.com\/da\/wp-json\/wp\/v2\/pages\/75353"}],"collection":[{"href":"https:\/\/www.linehallberg.com\/da\/wp-json\/wp\/v2\/pages"}],"about":[{"href":"https:\/\/www.linehallberg.com\/da\/wp-json\/wp\/v2\/types\/page"}],"author":[{"embeddable":true,"href":"https:\/\/www.linehallberg.com\/da\/wp-json\/wp\/v2\/users\/62"}],"replies":[{"embeddable":true,"href":"https:\/\/www.linehallberg.com\/da\/wp-json\/wp\/v2\/comments?post=75353"}],"version-history":[{"count":8,"href":"https:\/\/www.linehallberg.com\/da\/wp-json\/wp\/v2\/pages\/75353\/revisions"}],"predecessor-version":[{"id":75639,"href":"https:\/\/www.linehallberg.com\/da\/wp-json\/wp\/v2\/pages\/75353\/revisions\/75639"}],"up":[{"embeddable":true,"href":"https:\/\/www.linehallberg.com\/da\/wp-json\/wp\/v2\/pages\/73010"}],"wp:attachment":[{"href":"https:\/\/www.linehallberg.com\/da\/wp-json\/wp\/v2\/media?parent=75353"}],"wp:term":[{"taxonomy":"yst_prominent_words","embeddable":true,"href":"https:\/\/www.linehallberg.com\/da\/wp-json\/wp\/v2\/yst_prominent_words?post=75353"}],"curies":[{"name":"wp","href":"https:\/\/api.w.org\/{rel}","templated":true}]}}