{"id":75781,"date":"2024-10-11T10:21:45","date_gmt":"2024-10-11T08:21:45","guid":{"rendered":"https:\/\/www.linehallberg.com\/da\/?page_id=75781"},"modified":"2025-07-30T14:48:28","modified_gmt":"2025-07-30T12:48:28","slug":"piercing-salon-philosophy","status":"publish","type":"page","link":"https:\/\/www.linehallberg.com\/da\/piercing-salon\/piercing-salon-philosophy\/","title":{"rendered":"Piercing Salon Filosofi"},"content":{"rendered":"<p>[vc_row][vc_column]<div id=\"fullwidth-block-69fe0e61b2cb6\" class=\"fullwidth-block clearfix\"  style=\"\"><script type=\"text\/javascript\">if (typeof(gem_fix_fullwidth_position) == \"function\") { gem_fix_fullwidth_position(document.getElementById(\"fullwidth-block-69fe0e61b2cb6\")); }<\/script><div class=\"fullwidth-block-background\" style=\"background-image: url(https:\/\/www.linehallberg.com\/da\/wp-content\/uploads\/2024\/03\/Bla\u030a-v2.png);background-repeat: no-repeat; background-size: cover;background-position: center top;\"><\/div><div class=\"fullwidth-block-inner\">[vc_column_text]<\/p>\n<h1 style=\"text-align: center;\">FILOSOFI<\/h1>\n<p>[\/vc_column_text]<\/div><\/div>[vc_empty_space height=&#8221;20px&#8221;][\/vc_column][\/vc_row][vc_row][vc_column][vc_column_text]<\/p>\n<p style=\"text-align: left;\">Min filosofi er at kombinere h\u00e5ndv\u00e6rket fra en moderne guldsmed med piercinguniverset. Jeg \u00f8nsker at skabe en luksuri\u00f8s piercing salon, hvor du kan blive inspireret, taget h\u00e5nd om og f\u00e5 den h\u00f8jeste standard af service, n\u00e5r du f\u00e5r huller i \u00f8rerne.<\/p>\n<p style=\"text-align: left;\">Jeg \u00f8nsker at \u00e6ndre den m\u00e5de, folk b\u00e6rer deres smykker p\u00e5 og udvide deres horisont inden for piercinguniverset, og hvilken bedre m\u00e5de at g\u00f8re d\u00e9t p\u00e5, end at skabe smykker og piercinger samme sted.<\/p>\n<p>&nbsp;<\/p>\n<p style=\"text-align: center;\"><img class=\" wp-image-58961 aligncenter\" src=\"https:\/\/www.linehallberg.com\/da\/wp-content\/uploads\/2022\/07\/version-1.4.png\" alt=\"With love, Line Hallberg signature\" width=\"253\" \/><\/p>\n<p>[\/vc_column_text][vc_empty_space][\/vc_column][\/vc_row][vc_row][vc_column][vc_single_image image=&#8221;57517&#8243; img_size=&#8221;full&#8221; alignment=&#8221;center&#8221; el_class=&#8221;respon-img&#8221; css=&#8221;.vc_custom_1732199929132{margin-right: 20px !important;margin-left: 20px !important;}&#8221;][\/vc_column][\/vc_row][vc_row][vc_column][vc_column_text css=&#8221;.vc_custom_1733148220676{padding-bottom: 40px !important;}&#8221;]<\/p>\n<h2 style=\"text-align: left;\">KONCEPT<\/h2>\n<p style=\"text-align: left;\">Vi \u00f8nsker at skabe en unik oplevelse omkring eksklusive piercinger inden for LINE HALLBERG universet i samspil med vores smykkeudvalg. Vi tilbyder to former for bookinger: konsultationer og stylingsessioner, begge koncepter, der er designet til bedre at hj\u00e6lpe dig med dine specifikke behov. Vi piercer kun med n\u00e5le, og ikke med piercing-pistol. Vi bruger kun sterile og engangsudstyr, som er egnet til kropspiercinger og det samme g\u00e6lder materialer.<\/p>\n<p>[\/vc_column_text][vc_column_text]<\/p>\n<h2 style=\"text-align: left;\">Piercing konsultation<\/h2>\n<p style=\"text-align: left;\">Du kan booke en konsultation, som er en dybdeg\u00e5ende snak om dine piercingmuligheder. Denne form for bookning kan v\u00e6re yderst nyttig, hvis du ikke er helt sikker p\u00e5, hvilke piercinger der er bedst for netop dig, i forhold til din anatomi og\/eller personlige stil, om det s\u00e5 omhandler piercinger p\u00e5 kroppen, i ansigtet eller huller i \u00f8rerne. Konsultationen er 40 minutter lang, hvilket ogs\u00e5 giver tid til at udf\u00f8re den \u00f8nskede valgte piercing efter vores snak, hvis dette \u00f8nskes.<\/p>\n<p>[\/vc_column_text]<div class=\"gem-button-container gem-button-position-left thegem-button-69fe0e61b2d2d8906 gettimely-booking-button\"  ><a class=\"gem-button gem-button-size-small gem-button-style-flat gem-button-text-weight-normal\" data-ll-effect=\"drop-right-without-wrap\" style=\"border-radius: 3px;\" onmouseleave=\"\" onmouseenter=\"\" href=\"https:\/\/bookings.gettimely.com\/linejo\/bb\/book?product=2471294%3ASV\" target=\"_self\">Book konsultation<\/a><\/div> [vc_column_text css=&#8221;.vc_custom_1728635786695{padding-top: 40px !important;}&#8221;]<\/p>\n<h2 style=\"text-align: left;\">Styling Session<\/h2>\n<p style=\"text-align: left;\">For dig, der allerede har hul i \u00f8ret, tilbyder vi piercing styling sessioner, som best\u00e5r i at v\u00e6lge et smykke, til din allerede helede piercing. I dette tilf\u00e6lde vil vores dialog v\u00e6re baseret p\u00e5, hvilke smykker, der ville v\u00e6re egnede til dine piercinger baseret p\u00e5 stil, farve, budget og unikhed. Styling-sessionen er 20 minutter lang, hvilket giver os tid til at finde de smykker, der passer dig bedst, samt ogs\u00e5 at s\u00e6tte smykkerne i sammen.<\/p>\n<p>[\/vc_column_text]<div class=\"gem-button-container gem-button-position-left thegem-button-69fe0e61b2d597664 gettimely-booking-button\"  ><a class=\"gem-button gem-button-size-small gem-button-style-flat gem-button-text-weight-normal\" data-ll-effect=\"drop-right-without-wrap\" style=\"border-radius: 3px;\" onmouseleave=\"\" onmouseenter=\"\" href=\"https:\/\/bookings.gettimely.com\/linejo\/bb\/book?product=2612049%3ASV\" target=\"_self\">Book styling<\/a><\/div> [\/vc_column][\/vc_row]<\/p>\n","protected":false},"excerpt":{"rendered":"<p>[vc_row][vc_column][vc_empty_space height=&#8221;20px&#8221;][\/vc_column][\/vc_row][vc_row][vc_column][vc_column_text] Min filosofi er at kombinere h\u00e5ndv\u00e6rket fra en moderne guldsmed med piercinguniverset. Jeg \u00f8nsker at skabe en luksuri\u00f8s&#8230;<\/p>\n","protected":false},"author":62,"featured_media":0,"parent":44820,"menu_order":0,"comment_status":"closed","ping_status":"closed","template":"","meta":[],"yst_prominent_words":[2412,1520],"acf":[],"_links":{"self":[{"href":"https:\/\/www.linehallberg.com\/da\/wp-json\/wp\/v2\/pages\/75781"}],"collection":[{"href":"https:\/\/www.linehallberg.com\/da\/wp-json\/wp\/v2\/pages"}],"about":[{"href":"https:\/\/www.linehallberg.com\/da\/wp-json\/wp\/v2\/types\/page"}],"author":[{"embeddable":true,"href":"https:\/\/www.linehallberg.com\/da\/wp-json\/wp\/v2\/users\/62"}],"replies":[{"embeddable":true,"href":"https:\/\/www.linehallberg.com\/da\/wp-json\/wp\/v2\/comments?post=75781"}],"version-history":[{"count":18,"href":"https:\/\/www.linehallberg.com\/da\/wp-json\/wp\/v2\/pages\/75781\/revisions"}],"predecessor-version":[{"id":80475,"href":"https:\/\/www.linehallberg.com\/da\/wp-json\/wp\/v2\/pages\/75781\/revisions\/80475"}],"up":[{"embeddable":true,"href":"https:\/\/www.linehallberg.com\/da\/wp-json\/wp\/v2\/pages\/44820"}],"wp:attachment":[{"href":"https:\/\/www.linehallberg.com\/da\/wp-json\/wp\/v2\/media?parent=75781"}],"wp:term":[{"taxonomy":"yst_prominent_words","embeddable":true,"href":"https:\/\/www.linehallberg.com\/da\/wp-json\/wp\/v2\/yst_prominent_words?post=75781"}],"curies":[{"name":"wp","href":"https:\/\/api.w.org\/{rel}","templated":true}]}}