{"id":76510,"date":"2024-11-08T13:34:58","date_gmt":"2024-11-08T12:34:58","guid":{"rendered":"https:\/\/www.linehallberg.com\/da\/?page_id=76510"},"modified":"2024-11-15T13:44:28","modified_gmt":"2024-11-15T12:44:28","slug":"dem-der-inspirerer-georg-mengel","status":"publish","type":"page","link":"https:\/\/www.linehallberg.com\/da\/linejo-stories\/dem-der-inspirerer-georg-mengel\/","title":{"rendered":"Dem, der inspirerer &#8211; Georg Mengel"},"content":{"rendered":"<p>[vc_row][vc_column][vc_column_text]<\/p>\n<h1 style=\"text-align: left;\">Dem, der inspirerer &#8211;<br \/>\nGeorg Mengel<\/h1>\n<p>[\/vc_column_text][\/vc_column][\/vc_row][vc_row][vc_column][vc_column_text]<\/p>\n<p style=\"text-align: left;\">Med afs\u00e6t i egen tilgang til h\u00e5ndv\u00e6rk, \u00e6stetik og formgivning, s\u00e6tter Line Hallberg fokus p\u00e5 nogle af de inspirerende pionerer, der med deres personlige smag pr\u00e6ger designverden p\u00e5 tv\u00e6rs af fag. De, der bev\u00e6ger sig under radaren, men som er med til at definere nogle af tidens st\u00f8rste tendenser. De, der form\u00e5r at omdanne deres passion til fort\u00e6llinger, der dyrker energien i skabelsen, nysgerrigheden og historien, og som Line Hallberg selv inspireres af.<\/p>\n<p>[\/vc_column_text][vc_column_text]<\/p>\n<p style=\"text-align: left;\"><i>\u201cMit h\u00e5b er at \u00e5bne en lille d\u00f8r ind til den vidunderlige forbundne verden, vi mennesker bliver medskaber af, n\u00e5r vi st\u00e5r p\u00e5 skuldrene af tidligere generationer og forfiner det h\u00e5ndv\u00e6rk og den formgivning, der var. At fremh\u00e6ve v\u00e6rdien i at tage sig god tid, fordybe og perfektionere sig, for p\u00e5 den m\u00e5de at kunne skubbe gr\u00e6nser og frembringe det sublime. Som en ode til de, der lader sig overgive til processen og dyrker n\u00e6rv\u00e6ret i kunst og design. Qua mit virke som guldsmed er jeg en enorm beundrer af de mennesker, der helt kompromisl\u00f8st vier deres liv til at \u00e5bne min fantasi og v\u00e6kke mine sanser gennem deres egen formidling og materialisering af h\u00e5ndv\u00e6rkets eksistensberettigelse\u201d<br \/>\n<\/i>&#8211; Line Hallberg<\/p>\n<p>&nbsp;[\/vc_column_text][vc_empty_space height=&#8221;20px&#8221;][vc_single_image image=&#8221;76527&#8243; img_size=&#8221;full&#8221; alignment=&#8221;center&#8221; el_class=&#8221;respon-img&#8221; css=&#8221;.vc_custom_1731674162976{margin-right: 20px !important;margin-left: 20px !important;}&#8221;][vc_column_text css=&#8221;.vc_custom_1731146264870{margin-top: 17.5px !important;}&#8221;]<\/p>\n<p style=\"text-align: left;\">Foto: Mikkel Tjellesen &amp; Fritz Buziek. Det skulpturelle MENGEL <a href=\"https:\/\/mengel.co\/DINING-TABLE\">Dining Table<\/a> og <a href=\"https:\/\/mengel.co\/RECTANGULAR-COFFEE-TABLE-1\">Rectangular Coffee Table<\/a> i Line Hallbergs hjem.<\/p>\n<p>&nbsp;[\/vc_column_text][vc_empty_space height=&#8221;20px&#8221;][vc_column_text]<\/p>\n<p style=\"text-align: left;\">Som guldsmed, er h\u00e5ndv\u00e6rk, materialitet og historie ikke blot noget, Line Hallberg besk\u00e6ftiger sig med, men ogs\u00e5 noget hun drages af. Dette er evident, n\u00e5r man tr\u00e6der ind i hendes hjem, hvor s\u00e6rligt \u00e9n m\u00f8beldesigner skiller sig ud &#8211; Georg Mengel.<\/p>\n<p style=\"text-align: left;\">Georg Mengel er oprindeligt uddannet ingeni\u00f8r og har i st\u00f8rstedelen af sin karriere besk\u00e6ftiget sig med cement. Dette blev i 2022 vejen ind i m\u00f8belbranchen, hvor han efter n\u00f8je udvikling i eget betonv\u00e6rksted lancerede en kollektion af m\u00f8bler under navnet <a href=\"https:\/\/mengel.co\/\">MENGEL<\/a>. Denne blev fremvist under Salone Satellite, p\u00e5 Salone Del Mobile i Milano, og senere hen i forbindelse med Ark Journals f\u00f8rste kuraterede udstilling under 3 Days of Design i 2024. Begge udstillinger, der i h\u00f8j grad fremh\u00e6ver MENGELs inspirerende og unikke univers.<\/p>\n<p style=\"text-align: left;\"><i>\u201cNoget af d\u00e9t, der fanger mig allermest, n\u00e5r jeg ser og lever med Georgs m\u00f8bler, er det enkeltst\u00e5ende design i al sin simpelhed. Fladernes dimensioner elegant udf\u00f8rt i beton, der skaber et legende udtryk med spor af en naturskabt struktur, som f\u00e5r det til at leve. Jeg elsker og fascineres af det h\u00e5ndv\u00e6rk, der ligger i at kunne skabe store flader i beton uden den mindste revne eller livl\u00f8shed. Det minder p\u00e5 mange m\u00e5der om \u00e6delmetaller, da det kr\u00e6ver erfaring at kunne transformere et uregerligt materiale til en menneskeskabt form.\u201d<br \/>\n<\/i> &#8211; Line Hallberg<\/p>\n<p>&nbsp;[\/vc_column_text][\/vc_column][\/vc_row][vc_row content_placement=&#8221;top&#8221;][vc_column el_class=&#8221;flexi&#8221;][vc_single_image image=&#8221;76505&#8243; img_size=&#8221;full&#8221; alignment=&#8221;center&#8221; el_class=&#8221;respon-img big-img&#8221;][vc_column_text el_class=&#8221;big-img-txt&#8221; css=&#8221;.vc_custom_1731146273688{margin-top: 17.5px !important;}&#8221;]<\/p>\n<p class=\"billedtekst\" style=\"text-align: left;\">Foto: Fritz Buziek. M\u00f8beldesigner og ingeni\u00f8r, Georg Mengel.<\/p>\n<p>&nbsp;[\/vc_column_text][\/vc_column][\/vc_row][vc_row][vc_column][vc_column_text]<\/p>\n<p style=\"text-align: left;\"><strong>Hvad betyder h\u00e5ndv\u00e6rk for dig, og hvad optager dig mest ved at skabe m\u00f8bler?<br \/>\n<\/strong><\/p>\n<p style=\"text-align: left;\">H\u00e5ndv\u00e6rk er super vigtigt. Det kan v\u00e6re det helt simple, men veludf\u00f8rte &#8211; som fx et sekskantet sk\u00e6fte p\u00e5 en kokkekniv. S\u00e5 l\u00e6nge det er \u00e6rligt og lavet med respekt for funktion og materialer.<\/p>\n<p style=\"text-align: left;\">Balance, relevans og bidrag er tre ord, der driver mig. For mig, er det vigtigt at skabe objekter, som giver mening. De skal udfylde en funktion, som er tydelig og n\u00f8dvendig. Det er udgangspunktet for min proces. Det kan v\u00e6re sm\u00e5 iterationer p\u00e5 kendte former, som skaber en anden oplevelse med nye sider af det eksisterende design. Andre gange kan det v\u00e6re helt nye tilgange, materialer eller greb. Det centrale er at skabe balance mellem funktion, intention, udf\u00f8relse og materialevalg. I det sp\u00e6ndingsfelt, \u00e5bnes mulighederne for at overraske og skubbe til opfattelse og forst\u00e5else af produkter og materialer.<\/p>\n<p>[\/vc_column_text][\/vc_column][\/vc_row][vc_row el_class=&#8221;pics&#8221; css=&#8221;.vc_custom_1731674077552{margin-right: 20px !important;margin-left: 20px !important;}&#8221;][vc_column width=&#8221;1\/2&#8243; el_class=&#8221;flexi&#8221;][vc_single_image image=&#8221;76501&#8243; img_size=&#8221;full&#8221; alignment=&#8221;center&#8221; el_class=&#8221;respon-img&#8221; css=&#8221;.vc_custom_1731674091716{padding-right: 10px !important;}&#8221;][\/vc_column][vc_column width=&#8221;1\/2&#8243; el_class=&#8221;flexi&#8221; css=&#8221;.vc_custom_1731674099590{padding-left: 10px !important;}&#8221;][vc_single_image image=&#8221;76504&#8243; img_size=&#8221;full&#8221; alignment=&#8221;center&#8221; el_class=&#8221;respon-img&#8221;][\/vc_column][\/vc_row][vc_row][vc_column][vc_column_text css=&#8221;.vc_custom_1731146199702{margin-bottom: 40px !important;}&#8221;]<\/p>\n<p class=\"billedtekst\" style=\"text-align: left;\">Foto: Sofie Staunsager. Georg Mengels tre grundpiller &#8211; balance, relevans og bidrag tydeligt eksemplificeret gennem det elegante <a href=\"https:\/\/mengel.co\/STOOL-SIDE-TABLE\">01 Side Table<\/a>. Med referencer til gamle japanske tr\u00e6stole tjener den unikke betonstol fra MENGEL form\u00e5let som b\u00e5de siddeplads og opbevaring.<\/p>\n<p>&nbsp;[\/vc_column_text][vc_column_text]<\/p>\n<p style=\"text-align: left;\"><strong>Hvordan er din arbejdsproces fra id\u00e9 til f\u00e6rdigt produkt?<br \/>\n<\/strong><\/p>\n<p style=\"text-align: left;\">Jeg arbejder som regel fra flere vinkler igennem min designproces. Fra den tidlige id\u00e9, der skabes ud fra en opgave, et behov eller bensp\u00e6nd, til en f\u00e6rdig prototype st\u00e5r klar, kan der v\u00e6re mange iterationer. Typisk formes en id\u00e9 med flere mulige l\u00f8sninger p\u00e5 de konstruktionsm\u00e6ssige problematikker designet indeholder. Jeg udforsker disse og ser dem som muligheder for at udfordre og lege med vores generelle opfattelse af det valgte materiale eller produkt. N\u00e5r de fundamentale funktioner er l\u00f8st, kan \u00e6stetikken optimeres rundt om dette. Samspillet mellem materialer, funktion, l\u00f8sninger p\u00e5 designudfordringer og \u00e6stetik er helt centralt og s\u00e5 at sige d\u00e9t, der guider processen. Hvad sker der, hvis vi anvender et andet materiale? Eller en anden konstruktionsl\u00f8sning? Hvad nu, hvis vi udvider vores krav til funktion, eller reducerer dem?<\/p>\n<p style=\"text-align: left;\">Generelt kan jeg godt lide at arbejde med bensp\u00e6nd. Det er ikke noget, jeg har v\u00e6ret ultra bevidst om altid. Det er kommet som en forst\u00e5elseskonsekvens af, at jeg gerne ville noget specifikt. Fx at skabe et spisebord i store dimensioner, som b\u00e5de har en ro, tyngde og \u00e6stetik, som g\u00f8r, at vi f\u00f8ler os trygge og velkomne omkring bordet. Samtidigt med, at det fremst\u00e5r let, enkelt og elegant. Det udfordrer vores forst\u00e5else af, hvad materialet beton kan. Kombinationen af de elementer, og den interne balance mellem dem, g\u00f8r designet.<\/p>\n<p>&nbsp;[\/vc_column_text][vc_column_text]<\/p>\n<p style=\"text-align: left;\"><strong>Hvorn\u00e5r begyndte din interesse for \u00e6stetik, materialitet og solidt h\u00e5ndv\u00e6rk, og hvordan opstod ideen til dit f\u00f8rste m\u00f8bel?<\/strong><\/p>\n<p style=\"text-align: left;\">Jeg har altid interesseret mig for design og arkitektur. Det er kommet ind fra barndommen, min mor ville gerne have v\u00e6ret arkitekt og har derfor haft en stor interesse, der helt sikkert er smittet af p\u00e5 mig. I mit barndomshjem er der klassikere, men ogs\u00e5 meget gamle m\u00f8bler, hvor det er muligt at g\u00e5 p\u00e5 opdagelse og afl\u00e6se og forst\u00e5 konstruktionerne ved at udforske m\u00f8blerne \u2013 det har jeg altid gjort. P\u00e5 samme m\u00e5de har jeg ogs\u00e5 lavet m\u00f8bler, siden jeg var en lille dreng. Borde, taburetter osv.<\/p>\n<p style=\"text-align: left;\">Mit f\u00f8rste m\u00f8bel er MENGEL <a href=\"https:\/\/mengel.co\/DINING-TABLE\">Dining Table (DT<\/a>) og <a href=\"https:\/\/mengel.co\/COFFEE-TABLE\">Coffee Table (CT)<\/a> i de originale st\u00f8rrelser; DT240 \u2013 2,4 m x 0,9 m og CT120 1,2 m x 1,2 m. De blev skabt parallelt med hinanden og stod p\u00e5 et fundament af materialekendskab og \u00f8nsket om at skabe noget unikt, som samtidigt var relevant og vakte nysgerrighed.<\/p>\n<p>[\/vc_column_text][\/vc_column][\/vc_row][vc_row content_placement=&#8221;top&#8221;][vc_column][vc_single_image image=&#8221;76503&#8243; img_size=&#8221;full&#8221; alignment=&#8221;center&#8221; el_class=&#8221;respon-img big-img&#8221;][vc_column_text el_class=&#8221;big-img-txt&#8221; css=&#8221;.vc_custom_1731146207784{margin-top: 17.5px !important;}&#8221;]<\/p>\n<p class=\"billedtekst\" style=\"text-align: left;\">Foto: Sofie Staunsager. Udsnit af det skarpe og r\u00e5 MENGEL <a href=\"https:\/\/mengel.co\/COFFEE-TABLE\">Coffee Table<\/a>, der balancerer diskret lethed med massivt h\u00e5ndv\u00e6rk.<\/p>\n<p>&nbsp;[\/vc_column_text][\/vc_column][\/vc_row][vc_row][vc_column][vc_column_text]<\/p>\n<p style=\"text-align: left;\"><strong>Hvordan har overgangen fra ingeni\u00f8r til m\u00f8beldesigner v\u00e6ret, og hvordan har du forenet de to verdener?<br \/>\n<\/strong><\/p>\n<p style=\"text-align: left;\">Fantastisk! Der er s\u00e5 mange vekselvirkninger, og p\u00e5 den m\u00e5de giver det bare super god mening. Det har v\u00e6ret en forl\u00f8sning at f\u00e5 lov til at arbejde med h\u00e5ndv\u00e6rk igen \u2013 der er noget utrolig tilfredsstillende ved den proces. Som ingeni\u00f8r er jeg kommet rigtig t\u00e6t p\u00e5 cement og cementproduktion. Det har \u00e5bnet mine \u00f8jne for de mange muligheder, der ligger i beton ved brug af nye teknikker. Udover brutalist bev\u00e6gelsen, ses beton sj\u00e6ldent i en hjemlig setting. Det er sp\u00e6ndende at skabe en dialog omkring materialer og fokus p\u00e5 d\u00e9t, vi har omkring os, set i et andet lys. Vi udforsker i \u00f8jeblikket bl.a. aluminium, og s\u00e5 har vi l\u00f8bende arbejdet i tr\u00e6 og for nylig lanceret produkter kun i tr\u00e6 fx vores <a href=\"https:\/\/mengel.co\/MA-STOOL-1\">MA Stool<\/a>.<\/p>\n<p>[\/vc_column_text][\/vc_column][\/vc_row][vc_row el_class=&#8221;pics&#8221; css=&#8221;.vc_custom_1731674182382{margin-right: 20px !important;margin-left: 20px !important;}&#8221;][vc_column width=&#8221;1\/2&#8243; el_class=&#8221;flexi&#8221; css=&#8221;.vc_custom_1731674194382{padding-right: 10px !important;}&#8221;][vc_single_image image=&#8221;76506&#8243; img_size=&#8221;full&#8221; alignment=&#8221;center&#8221; el_class=&#8221;respon-img&#8221;][\/vc_column][vc_column width=&#8221;1\/2&#8243; el_class=&#8221;flexi&#8221; css=&#8221;.vc_custom_1731674200806{padding-left: 10px !important;}&#8221;][vc_single_image image=&#8221;76509&#8243; img_size=&#8221;full&#8221; alignment=&#8221;center&#8221; el_class=&#8221;respon-img&#8221;][\/vc_column][\/vc_row][vc_row][vc_column][vc_column_text]<\/p>\n<p class=\"billedtekst\" style=\"text-align: left;\">Foto: Sofie Staunsager. Den delikate MENGEL <a href=\"https:\/\/mengel.co\/MA-STOOL-1\">MA Stool<\/a> i fyrretr\u00e6 med det kontrasterende <a href=\"https:\/\/mengel.co\/ROUND-TABLE\">Round Table<\/a> i fiberforst\u00e6rket beton og eg.<\/p>\n<p>&nbsp;[\/vc_column_text][vc_empty_space height=&#8221;20px&#8221;][vc_column_text]<\/p>\n<p style=\"text-align: left;\"><strong>Er der et m\u00f8bel i din kollektion, der er dit foretrukne?<br \/>\n<\/strong><\/p>\n<p style=\"text-align: left;\">Det er sv\u00e6rt. Jeg er glad for alle de m\u00f8bler, jeg har lavet, men jeg er utrolig glad for det store <a href=\"https:\/\/mengel.co\/COFFEE-TABLE\">Coffee Table<\/a>. Det kan noget i kraft af sin st\u00f8rrelse, og samtidigt er det et ydmygt m\u00f8bel, som ikke larmer og r\u00e5ber op for at f\u00e5 opm\u00e6rksomhed. Det er en kvalitet, jeg er glad for og stolt af.<\/p>\n<p>[\/vc_column_text][\/vc_column][\/vc_row][vc_row content_placement=&#8221;top&#8221;][vc_column][vc_single_image image=&#8221;76508&#8243; img_size=&#8221;full&#8221; alignment=&#8221;center&#8221; el_class=&#8221;respon-img big-img&#8221;][vc_column_text el_class=&#8221;big-img-txt&#8221; css=&#8221;.vc_custom_1731146223285{margin-top: 17.5px !important;}&#8221;]<\/p>\n<p class=\"billedtekst\" style=\"text-align: left;\">Foto: Sofie Staunsager. MENGEL <a href=\"https:\/\/mengel.co\/COFFEE-TABLE\">Coffee Table<\/a> fremstillet af fiberforst\u00e6rket beton og eg.<\/p>\n<p>&nbsp;[\/vc_column_text][\/vc_column][\/vc_row][vc_row][vc_column][vc_column_text]<\/p>\n<p style=\"text-align: left;\"><strong>Hvilken indflydelse har K\u00f8benhavn p\u00e5 dit h\u00e5ndv\u00e6rk\/MENGELs design?<br \/>\n<\/strong><\/p>\n<p style=\"text-align: left;\">K\u00f8benhavn har haft en stor indflydelse. Det er her, jeg er fra, og det er den by, jeg har kigget mest p\u00e5. Det er is\u00e6r ikoniske bygningsv\u00e6rker, jeg har med mig, og som har kvaliteter, jeg selv s\u00f8ger i mit arbejde. Det er referencer, men ogs\u00e5 et sprog og en f\u00f8lelse af at h\u00f8re til og v\u00e6re hjemme.<\/p>\n<p>[\/vc_column_text][vc_single_image image=&#8221;76530&#8243; img_size=&#8221;full&#8221; alignment=&#8221;center&#8221; el_class=&#8221;respon-img gif-img&#8221; css=&#8221;.vc_custom_1731073004029{margin-top: 20px !important;margin-bottom: 20px !important;}&#8221;][vc_column_text]<\/p>\n<p style=\"text-align: left;\"><em>Kombinationsmuligheder med vedh\u00e6ng og hoop-\u00f8reringe fra Line Hallbergs ikoniske <a href=\"https:\/\/www.linehallberg.com\/da\/fragment-kollektion\/\">FRAGMENTS OF COPENHAGEN<\/a> kollektion. En kollektion, der lig Georg Mengels arbejde, er inspireret af K\u00f8benhavns arkitektoniske historie og unikke vartegn.<\/em><\/p>\n<p>&nbsp;[\/vc_column_text][\/vc_column][\/vc_row][vc_row][vc_column][vc_column_text]<\/p>\n<p style=\"text-align: left;\"><b>Hvorn\u00e5r stiftede du bekendtskab med Line Hallberg og hendes h\u00e5ndv\u00e6rk?<\/b><\/p>\n<p style=\"text-align: left;\">Line er jo en smykkedesigner, som er et solidt navn og har v\u00e6ret det i mange \u00e5r. Jeg har kendt til LINE&amp;JO i mange \u00e5r og har stor respekt for Lines arbejde. Line arbejder med materialitet, sensibilitet og struktur p\u00e5 en m\u00e5de, som tiltaler mig meget. Balancen hvor det fine og exceptionelle h\u00e5ndv\u00e6rk kommer frem &#8211; det er smukt, \u00e6rligt, forfinet og r\u00e5t.<\/p>\n<p>&nbsp;<\/p>\n<p style=\"text-align: left;\"><b>Er der noget, du \u00f8nsker at kunne videregive til de kommende generationer og deres tilgang til h\u00e5ndv\u00e6rk og design?<br \/>\n<\/b><\/p>\n<p style=\"text-align: left;\">K\u00e6mpe klich\u00e9 \u2013 der skal jord under neglene, og s\u00e5 skal tingene bare pr\u00f8ves af. Alt for mange s\u00e6tter begr\u00e6nsninger for sig selv i form af \u00f8nsker og ambitioner, der ender med at blokere. S\u00e5, tag nogle chancer, pr\u00f8v tingene af og bliv ved med at l\u00e6re!<\/p>\n<p>[\/vc_column_text][\/vc_column][\/vc_row][vc_row el_class=&#8221;pics&#8221; css=&#8221;.vc_custom_1731674343860{padding-right: 20px !important;padding-left: 20px !important;}&#8221;][vc_column width=&#8221;1\/2&#8243; el_class=&#8221;flexi&#8221; css=&#8221;.vc_custom_1731674356096{padding-right: 10px !important;}&#8221;][vc_single_image image=&#8221;76502&#8243; img_size=&#8221;full&#8221; alignment=&#8221;center&#8221; el_class=&#8221;respon-img&#8221;][\/vc_column][vc_column width=&#8221;1\/2&#8243; el_class=&#8221;flexi&#8221;][vc_single_image image=&#8221;76512&#8243; img_size=&#8221;full&#8221; alignment=&#8221;center&#8221; el_class=&#8221;respon-img&#8221; css=&#8221;.vc_custom_1731674363081{padding-left: 10px !important;}&#8221;][\/vc_column][\/vc_row][vc_row][vc_column][vc_column_text]<\/p>\n<p class=\"billedtekst\" style=\"text-align: left;\">Foto: Fritz Buziek. Med en gennemg\u00e5ende respekt for h\u00e5ndv\u00e6rk, en nysgerrighed p\u00e5 materialer, teknik og historie, skaber Georg Mengel m\u00f8bler, der er t\u00e6nkt langt ind i fremtiden.<\/p>\n<p>&nbsp;[\/vc_column_text][vc_empty_space height=&#8221;20px&#8221;][vc_column_text]<\/p>\n<p style=\"text-align: left;\"><b>3 brands, Georg elsker at f\u00f8lge med hos<\/b><\/p>\n<ul>\n<li style=\"text-align: left;\"><a href=\"https:\/\/www.instagram.com\/takuwoodcraft\">Takuwoodcraft<\/a>\u00a0&#8211; jeg elsker at f\u00e5 inspiration herfra til m\u00e5der at arbejde med tr\u00e6. Specielt samlinger, teknikker og opstillinger.<\/li>\n<li style=\"text-align: left;\"><a href=\"https:\/\/enzomari.com\/\">Enzo Mari<\/a><\/li>\n<li style=\"text-align: left;\"><a href=\"https:\/\/www.tadao-ando.com\/\">Tadao Ando<\/a><\/li>\n<\/ul>\n<p>[\/vc_column_text][vc_empty_space height=&#8221;40px&#8221;][vc_column_text]<\/p>\n<p class=\"billedtekst\" style=\"text-align: left;\">Oplev Georg Mengels unikke m\u00f8bler i Line Hallbergs egen lejlighed i den personlige boligreportage lavet i samarbejde med EUROWOMAN.<\/p>\n<p>[\/vc_column_text]<div class=\"gem-button-container gem-button-position-left thegem-button-69fcb433cca584345 gettimely-booking-button\"  ><a title=\"I hjertet af K\u00f8benhavn\" class=\"gem-button gem-button-size-small gem-button-style-flat gem-button-text-weight-normal\" data-ll-effect=\"drop-right-without-wrap\" style=\"border-radius: 3px;\" onmouseleave=\"\" onmouseenter=\"\" href=\"https:\/\/www.linehallberg.com\/da\/home-line-hallberg\/i-hjertet-af-koebenhavn\/\" target=\"_self\">Udforsk<\/a><\/div> [\/vc_column][\/vc_row]<\/p>\n","protected":false},"excerpt":{"rendered":"<p>[vc_row][vc_column][vc_column_text] Dem, der inspirerer &#8211; Georg Mengel [\/vc_column_text][\/vc_column][\/vc_row][vc_row][vc_column][vc_column_text] Med afs\u00e6t i egen tilgang til h\u00e5ndv\u00e6rk, \u00e6stetik og formgivning, s\u00e6tter Line&#8230;<\/p>\n","protected":false},"author":62,"featured_media":0,"parent":65045,"menu_order":0,"comment_status":"closed","ping_status":"closed","template":"","meta":[],"yst_prominent_words":[],"acf":[],"_links":{"self":[{"href":"https:\/\/www.linehallberg.com\/da\/wp-json\/wp\/v2\/pages\/76510"}],"collection":[{"href":"https:\/\/www.linehallberg.com\/da\/wp-json\/wp\/v2\/pages"}],"about":[{"href":"https:\/\/www.linehallberg.com\/da\/wp-json\/wp\/v2\/types\/page"}],"author":[{"embeddable":true,"href":"https:\/\/www.linehallberg.com\/da\/wp-json\/wp\/v2\/users\/62"}],"replies":[{"embeddable":true,"href":"https:\/\/www.linehallberg.com\/da\/wp-json\/wp\/v2\/comments?post=76510"}],"version-history":[{"count":42,"href":"https:\/\/www.linehallberg.com\/da\/wp-json\/wp\/v2\/pages\/76510\/revisions"}],"predecessor-version":[{"id":76670,"href":"https:\/\/www.linehallberg.com\/da\/wp-json\/wp\/v2\/pages\/76510\/revisions\/76670"}],"up":[{"embeddable":true,"href":"https:\/\/www.linehallberg.com\/da\/wp-json\/wp\/v2\/pages\/65045"}],"wp:attachment":[{"href":"https:\/\/www.linehallberg.com\/da\/wp-json\/wp\/v2\/media?parent=76510"}],"wp:term":[{"taxonomy":"yst_prominent_words","embeddable":true,"href":"https:\/\/www.linehallberg.com\/da\/wp-json\/wp\/v2\/yst_prominent_words?post=76510"}],"curies":[{"name":"wp","href":"https:\/\/api.w.org\/{rel}","templated":true}]}}