{"id":78311,"date":"2024-12-20T12:39:59","date_gmt":"2024-12-20T11:39:59","guid":{"rendered":"https:\/\/www.linehallberg.com\/?page_id=78311"},"modified":"2025-01-17T17:22:42","modified_gmt":"2025-01-17T16:22:42","slug":"dem-der-inspirerer-lotte-barnholdt-mahony","status":"publish","type":"page","link":"https:\/\/www.linehallberg.com\/da\/linejo-stories\/dem-der-inspirerer-lotte-barnholdt-mahony\/","title":{"rendered":"Dem, der inspirerer &#8211; Lotte Barnholdt Mahony"},"content":{"rendered":"<p>[vc_row][vc_column][vc_column_text]<\/p>\n<h1 style=\"text-align: center;\">Dem, der inspirerer &#8211;<br \/>\nLotte Barnholdt Mahony<\/h1>\n<p>[\/vc_column_text][\/vc_column][\/vc_row][vc_row][vc_column][vc_column_text]<\/p>\n<p style=\"text-align: left;\">Et nyt \u00e5r er begyndt, og det giver anledning til ro, fordybelse og fornyelse. Hos Line Hallberg betyder det bl.a. at genbes\u00f8ge gode rutiner, prioritere kvalitet og dyrke vinterm\u00e5nedernes kald p\u00e5 selvomsorg og velv\u00e6re.<\/p>\n<p style=\"text-align: left;\">Til dette vil Line omgive sig med nogle af sine favorit beauty items, der v\u00e6kker sanserne, favner h\u00e5ndv\u00e6rket og cementerer vigtigheden af n\u00e6rver &#8211; og et af de items er den uundv\u00e6rlige <a href=\"https:\/\/thebeautysleeper.com\/collections\/silk-sleep-mask-collection\">Sleep Mask<\/a> fra Lotte Barnholdt Mahonys magiske univers <a href=\"https:\/\/thebeautysleeper.com\/\">The Beauty Sleeper<\/a>. Et univers, Line l\u00e6nge har fulgt og v\u00e6ret fascineret af, og som omfavner og understreger den beundringsv\u00e6rdige pioner, <a href=\"https:\/\/thebeautysleeper.com\/pages\/about\">Lotte Barnholdt Mahony<\/a>\u00a0er inden for livsstil og sk\u00f8nhed. En pioner, der med sin unikke vision, p\u00e5 egen h\u00e5nd s\u00e5vel som i samspil med manden <a href=\"https:\/\/studiocimmahony.com\/\">Cim Mahony<\/a>, har taget beauty til et nyt niveau. \u00c9n der, med sin viden og k\u00e6rlighed til h\u00e5ndv\u00e6rket bag, inspirerer Line.<\/p>\n<p>[\/vc_column_text][vc_empty_space height=&#8221;20px&#8221;][vc_single_image image=&#8221;78317&#8243; img_size=&#8221;full&#8221; alignment=&#8221;center&#8221; el_class=&#8221;respon-img&#8221; css=&#8221;.vc_custom_1736505392858{margin-right: 20px !important;margin-left: 20px !important;}&#8221;][vc_column_text css=&#8221;.vc_custom_1737130760926{margin-top: 17.5px !important;}&#8221;]<\/p>\n<p style=\"text-align: left;\">Foto: <a href=\"https:\/\/caspersejersen.com\/\">Casper Sejersen<\/a>. Med \u00f8nsket om at forbedre s\u00f8vnkvalitet, sundhed og velv\u00e6re &#8211; g\u00e5 p\u00e5 opdagelse i <a href=\"https:\/\/thebeautysleeper.com\/pages\/about\">Lotte Barnholdt Mahony<\/a>s magiske verden <a href=\"https:\/\/thebeautysleeper.com\/\">the Beauty Sleeper<\/a>.<\/p>\n<p>[\/vc_column_text][vc_empty_space height=&#8221;20px&#8221;][vc_column_text]<\/p>\n<p style=\"text-align: left;\"><em>\u201cFra f\u00f8rste gang jeg blev pr\u00e6senteret for Lotte Barnholdt Mahony og hendes mand Cim Mahonys <a href=\"https:\/\/studiocimmahony.com\/\">unikke beauty universer<\/a> har jeg v\u00e6ret en trofast beundre af deres evne til at selektere i en jungle af beauty-produkter til h\u00e5r og hud. De har altid st\u00e5et som en toenighed, selvom de h\u00e5ndv\u00e6rksm\u00e6ssigt kommer fra forskellige verdner, og forst\u00e5r om nogen at udv\u00e6lge og sammens\u00e6tte dufte og de ypperste kvalitetsm\u00e6rker, hvor b\u00e5de h\u00e5ndv\u00e6rk og \u00e6stetik forenes helt naturligt. Cim har arbejdet med de dygtigste modeller, internationale modehuse og stjernefotografer gennem de seneste 30 \u00e5r og er den ypperste fris\u00f8r med ultra god smag, og jeg elsker deres f\u00e6lles dans, n\u00e5r de skaber beauty universer sammen. Det er s\u00e5 forfriskende og udansk p\u00e5 den allerbedste m\u00e5de. <\/em><\/p>\n<p style=\"text-align: left;\"><em>Jeg dr\u00f8mmer om et ophold et sted, hvor de har udvalgt m\u00f8bler, kunst, dufte &#8211; et sted, hvor jeg kan blive pakket ind i deres verden. Med <a href=\"https:\/\/thebeautysleeper.com\/\">The Beauty Sleeper<\/a> har Lotte skabt noget virkelig enest\u00e5ende, som ogs\u00e5 er blevet udn\u00e6vnt af Britisk Vogue som Rolls Royce\u2019n inden for sovemasker, og nu hvor vi st\u00e5r overfor et nyt \u00e5r, er det et fantastisk tidspunkt at investere i sin s\u00f8vn. P\u00e5 mange m\u00e5der f\u00f8ler jeg mig besl\u00e6gtet Lottes tilgang &#8211; at prioritere f\u00e5 men gode produkter, dyrke det enkelte og de gode rutiner, om s\u00e5 det g\u00e6lder smykker eller beauty.\u201d<\/em> &#8211; Line Hallberg<\/p>\n<p>&nbsp;[\/vc_column_text][\/vc_column][\/vc_row][vc_row content_placement=&#8221;top&#8221;][vc_column el_class=&#8221;flexi&#8221;][vc_single_image image=&#8221;78321&#8243; img_size=&#8221;full&#8221; alignment=&#8221;center&#8221; el_class=&#8221;respon-img big-img&#8221;][vc_column_text el_class=&#8221;big-img-txt&#8221; css=&#8221;.vc_custom_1736526926743{margin-top: 17.5px !important;}&#8221;]<\/p>\n<p style=\"text-align: left;\">Privat foto: Den pionere sk\u00f8nheds- og livsstilsekspert <a href=\"https:\/\/thebeautysleeper.com\/pages\/about\">Lotte Barnholdt Mahony<\/a>.<\/p>\n<p>[\/vc_column_text][\/vc_column][\/vc_row][vc_row][vc_column][vc_column_text]<\/p>\n<p style=\"text-align: left;\"><b>Hvad betyder h\u00e5ndv\u00e6rk for dig?<br \/>\n<\/b><\/p>\n<p style=\"text-align: left;\">For mig handler h\u00e5ndv\u00e6rk om at hylde de traditioner, der ligger til grund for d\u00e9t at skabe med egne h\u00e6nder. At bruge sin kreativitet til at skabe objekter, der med deres unikke funktion eller sk\u00f8nhed, beriger livet.<\/p>\n<p style=\"text-align: left;\">Jeg er en stor beundrer af dem der, med simple redskaber og materialer, kan skabe noget ekstraordin\u00e6rt. Hvad end det er funklende smykker formgivet af Line Hallberg, en perfekt klipning af min mand, <a href=\"https:\/\/studiocimmahony.com\/\">Cim<\/a>, eller et par h\u00e5ndlavede sko fra min yndlingsskomager i London. Alt dette er essensen af h\u00e5ndv\u00e6rk for mig.<\/p>\n<p>&nbsp;[\/vc_column_text][vc_column_text]<\/p>\n<p style=\"text-align: left;\"><strong><b>Hvorn\u00e5r begyndte din interesse for kvalitet og b\u00e6redygtighed?<\/b><\/strong><\/p>\n<p style=\"text-align: left;\">Jeg har altid haft stor interesse for kvalitet. Lige siden jeg var barn og betragtede mine for\u00e6ldre og deres evne til at p\u00e5sk\u00f8nne kvaliteten i alt det, de tilegnede og foretog sig. De prioriterede at investere i kvalitetsm\u00f8bler og -t\u00f8j, som de mixede med vintage genstande, dog uden at kalde det b\u00e6redygtigt &#8211; det var bare s\u00e5dan, de levede. Ved at k\u00f8be f\u00e6rre men mere holdbare ting, der var skabt til at blive brugt og elsket gennem hele livet.<\/p>\n<p style=\"text-align: left;\">Det eneste punkt, hvor dette ikke gjaldt, var deres bil. En lysende orange Citro\u00ebn 2CV, der var s\u00e5 slidt, at man kunne se vejen gennem sm\u00e5 huller i gulvet.<\/p>\n<p>[\/vc_column_text][\/vc_column][\/vc_row][vc_row content_placement=&#8221;top&#8221;][vc_column][vc_single_image image=&#8221;78315&#8243; img_size=&#8221;full&#8221; alignment=&#8221;center&#8221; el_class=&#8221;respon-img&#8221; css=&#8221;.vc_custom_1736505424447{margin-right: 20px !important;margin-left: 20px !important;}&#8221;][vc_column_text css=&#8221;.vc_custom_1736506386277{margin-top: 17.5px !important;}&#8221;]<\/p>\n<p style=\"text-align: left;\">Privat foto: <a href=\"https:\/\/thebeautysleeper.com\/products\/silk-sleep-mask-i-white-pearl\">The Silk Mask &#8211; Wild Chamomile<\/a>. Lavet af 100% Mulberry silke, der passer p\u00e5 b\u00e5de hud og h\u00e5r ved at mindske friktion, forebygge rynker, holde huden hydreret og minimere h\u00e5rskade i nattens l\u00f8b.<\/p>\n<p>[\/vc_column_text][\/vc_column][\/vc_row][vc_row][vc_column][vc_column_text]<\/p>\n<p style=\"text-align: left;\"><b>Kan du huske det f\u00f8rste sk\u00f8nhedsprodukt, du k\u00f8bte til dig selv?<br \/>\n<\/b><\/p>\n<p style=\"text-align: left;\">Jeg husker stadig den store plakat, der hang i udstillingsvinduet hos det lokale parfumeri med Pam Ewing (Victoria Principal) fra Dallas, der reklamerede for en shampoo, som lovede de samme store, smukke kr\u00f8ller, hun havde. Jeg var nok kun 10 \u00e5r gammel, men sammen med min kusine, som ogs\u00e5 havde kr\u00f8ller, gik vi ind og k\u00f8bte shampooen og skyndte os begejstret hjem for at pr\u00f8ve den. Vi vaskede vores h\u00e5r og ventede i sp\u00e6nding p\u00e5 den store forvandling\u2026 men til vores skuffelse, forblev vores h\u00e5r pr\u00e6cis som f\u00f8r.<\/p>\n<p style=\"text-align: left;\">N\u00e5r jeg ser tilbage, bliver jeg klar over, hvordan det var mit f\u00f8rste rigtige m\u00f8de med den illusion, som sk\u00f8nhedsindustrien ofte \u00f8nsker at s\u00e6lge en. Det handler i virkeligheden ikke om et magisk produkt, men om at opbygge og opretholde gode rutiner: at bruge f\u00e5 men gode produkter, spise afbalanceret og f\u00e5 nok s\u00f8vn.<\/p>\n<p>[\/vc_column_text][\/vc_column][\/vc_row][vc_row el_class=&#8221;pics&#8221; css=&#8221;.vc_custom_1731675737955{margin-right: 20px !important;margin-left: 20px !important;}&#8221;][vc_column width=&#8221;1\/2&#8243; el_class=&#8221;flexi&#8221; css=&#8221;.vc_custom_1731675744774{padding-right: 10px !important;}&#8221;][vc_single_image image=&#8221;78319&#8243; img_size=&#8221;full&#8221; alignment=&#8221;center&#8221; el_class=&#8221;respon-img&#8221;][\/vc_column][vc_column width=&#8221;1\/2&#8243; el_class=&#8221;flexi&#8221; css=&#8221;.vc_custom_1731675752409{padding-left: 10px !important;}&#8221;][vc_single_image image=&#8221;78318&#8243; img_size=&#8221;full&#8221; alignment=&#8221;center&#8221; el_class=&#8221;respon-img&#8221;][\/vc_column][\/vc_row][vc_row][vc_column][vc_column_text css=&#8221;.vc_custom_1737130774533{margin-top: 17.5px !important;}&#8221;]<\/p>\n<p style=\"text-align: left;\">Foto: <a href=\"https:\/\/caspersejersen.com\/\">Casper Sejersen<\/a>. Med fokus p\u00e5 enkelthed og funktionalitet er <a href=\"https:\/\/thebeautysleeper.com\/collections\/silk-sleep-mask-collection\">the Beauty Sleeper&#8217;s delikate silke masker<\/a> designet til hj\u00e6lpe dig med at opn\u00e5 en dybere og mere uforstyrret s\u00f8vn, s\u00e5 du kan mindske stress og f\u00f8le dig mere veludhvilet om dagen.<\/p>\n<p>[\/vc_column_text][vc_empty_space height=&#8221;40px&#8221;][vc_column_text]<\/p>\n<p style=\"text-align: left;\"><strong><b>Hvordan blev The Beauty Sleeper til?<br \/>\n<\/b><\/strong><\/p>\n<p style=\"text-align: left;\">I mange \u00e5r b\u00f8vlede jeg med at finde ro og f\u00e5 en god nats s\u00f8vn. Oftest var det fordi min mand rejste 200 dage om \u00e5ret med arbejde, hvilket efterlod mig derhjemme og i konstant alarmberedskab over for enhver lyd, der kunne indikere en indbrudstyv. Foruden det, var og er jeg fortsat meget sensitiv over for lys.<\/p>\n<p style=\"text-align: left;\">En sommer begyndte jeg s\u00e5 at bruge en af de der sm\u00e5 spinkle sovemasker, man f\u00e5r fra flyselskaber, som min mand havde haft med hjem fra en af sine rejser. Det gik hurtigt op for mig, at d\u00e9t at d\u00e6kke mine \u00f8jne med en maske gjorde en forskel. Den fik mit nervesystem til at slappe af, og jeg f\u00f8lte mig pludselig mere rolig.<\/p>\n<p style=\"text-align: left;\">Desv\u00e6rre var maskerne altid for sm\u00e5, d\u00e6kkede ikke mine \u00f8jne ordentligt og var lavet af d\u00e5rlige materialer. Det bet\u00f8d ogs\u00e5, at de nemt r\u00f8g af i nattens l\u00f8b, hvilket irriterede mig. Med en baggrund i modebranchen f\u00f8ltes det naturligt at fokusere p\u00e5 og arbejde med hver en lille detalje og funktion. Jeg \u00f8nskede at skabe masker, der ikke kun virkede, men som ogs\u00e5 var s\u00e5 smukke, at man ikke havde lyst til at gemme dem v\u00e6k i en skuffe.<\/p>\n<p style=\"text-align: left;\">Det var derfor jeg skabte <a href=\"https:\/\/thebeautysleeper.com\/\">The Beauty Sleeper<\/a> &#8211; for at designe sovemasker, der im\u00f8dekom alle mine behov, kombinerede \u00e6stetik med kvalitet og som oprigtigt forbedrede min s\u00f8vn. Jeg \u00f8nskede ogs\u00e5 at inspirere andre til at opn\u00e5 en bedre s\u00f8vn og dele mine egne oplevelser: at en sovemaske er den mest simple, mest effektive m\u00e5de at opn\u00e5 bedre s\u00f8vn &#8211; hver nat.<\/p>\n<p style=\"text-align: left;\">Ved at skabe <a href=\"https:\/\/thebeautysleeper.com\/\">The Beauty Sleeper<\/a>, h\u00e5bede jeg p\u00e5 at g\u00f8re en forskel for alle dem, der gennemg\u00e5r de samme s\u00f8vnproblemer, jeg gjorde.<\/p>\n<p>[\/vc_column_text][\/vc_column][\/vc_row][vc_row el_class=&#8221;pics&#8221; css=&#8221;.vc_custom_1731675737955{margin-right: 20px !important;margin-left: 20px !important;}&#8221;][vc_column width=&#8221;1\/2&#8243; el_class=&#8221;flexi&#8221; css=&#8221;.vc_custom_1731675744774{padding-right: 10px !important;}&#8221;][vc_single_image image=&#8221;78314&#8243; img_size=&#8221;full&#8221; alignment=&#8221;center&#8221; el_class=&#8221;respon-img&#8221;][\/vc_column][vc_column width=&#8221;1\/2&#8243; el_class=&#8221;flexi&#8221; css=&#8221;.vc_custom_1731675752409{padding-left: 10px !important;}&#8221;][vc_single_image image=&#8221;78316&#8243; img_size=&#8221;full&#8221; alignment=&#8221;center&#8221; el_class=&#8221;respon-img&#8221;][\/vc_column][\/vc_row][vc_row][vc_column][vc_column_text css=&#8221;.vc_custom_1736587192592{margin-top: 17.5px !important;}&#8221;]<\/p>\n<p style=\"text-align: left;\">Privat foto: For at understrege Lotte Barnholdt Mahoney\u2019s passion for \u00e6stetik og kvalitet er hver silkemaske k\u00e6rligt h\u00e5ndlavet og designet med prints eksklusivt udviklet til <a href=\"https:\/\/thebeautysleeper.com\/\">the Beauty Sleepers univers<\/a>.<\/p>\n<p>[\/vc_column_text][vc_empty_space height=&#8221;40px&#8221;][vc_column_text]<\/p>\n<p style=\"text-align: left;\"><strong><b>Er der et produkt eller brand fra dit univers, du er s\u00e6rligt stolt af?<br \/>\n<\/b><\/strong><\/p>\n<p style=\"text-align: left;\">Ja, helt bestemt. Jeg er s\u00e6rligt stolt af mine <a href=\"https:\/\/thebeautysleeper.com\/collections\/silk-sleep-mask-collection\">Sleep Masks<\/a>. Ikke fordi jeg har opfundet dem &#8211; de har eksisteret i mange udgaver, former og kvaliteter i \u00e5revis. D\u00e9t, der g\u00f8r mig s\u00e6rligt stolt, er det h\u00e5ndv\u00e6rk og den detaljegrad, der ligger bag hver enkelt maske. De har et finish, som overg\u00e5r enhver anden sovemaske, jeg har fundet p\u00e5 min vej (og jeg har testet en hel del gennem tiden).<\/p>\n<p style=\"text-align: left;\">Hver <a href=\"https:\/\/thebeautysleeper.com\/collections\/silk-sleep-mask-collection\">Sleep Mask<\/a> er m\u00f8jsommeligt h\u00e5ndlavet i et lille sy-studie, der drives af en utrolig dygtig kvinde, som har en virkelig unik sans for detalje og design. Vogue UK har endda beskrevet dem som \u201csovemaskernes Rolls Royce\u201d, hvilket er en k\u00e6mpe \u00e6re. Men det der g\u00f8r mig allermest stolt, er den feedback, jeg f\u00e5r fra dem, der bruger mine Sleep Masks og som oplever at deres s\u00f8vnkvalitet er forbedret. Det er utroligt givende at kunne tage et simpelt koncept og udvikle det perfektion.<\/p>\n<p>[\/vc_column_text][\/vc_column][\/vc_row][vc_row][vc_column][vc_single_image image=&#8221;78313&#8243; img_size=&#8221;full&#8221; alignment=&#8221;center&#8221; el_class=&#8221;respon-img&#8221; css=&#8221;.vc_custom_1736505503951{margin-right: 20px !important;margin-left: 20px !important;}&#8221;][vc_column_text css=&#8221;.vc_custom_1736587431896{margin-top: 17.5px !important;}&#8221;]<\/p>\n<p style=\"text-align: left;\">Privat foto: Ved at forene sk\u00f8nhed, viden og sundhed, s\u00f8ger Lotte Barnholdt Mahony kontinuerligt at g\u00f8re folk klogere p\u00e5 vigtigheden af gode s\u00f8vnrutiner, der understreger <a href=\"https:\/\/thebeautysleeper.com\/\">The Beauty Sleeper\u2019s<\/a> evne til at skabe community.<\/p>\n<p>[\/vc_column_text][vc_empty_space height=&#8221;40px&#8221;][vc_column_text]<\/p>\n<p style=\"text-align: left;\"><strong><b>Hvad inspirerer dig og dit arbejde med storytelling?<br \/>\n<\/b><\/strong><\/p>\n<p style=\"text-align: left;\">Jeg finder inspiration i de mange facetter, mit liv rummer. S\u00e6rligt de mennesker, steder og oplevelser, som har v\u00e6ret med til at forme mig gennem tiden.<\/p>\n<p style=\"text-align: left;\">At passe p\u00e5 sig selv er noget af det vigtigste her i livet og noget, vi ofte glemmer. S\u00f8vn er afg\u00f8rende for vores sundhed og spiller ogs\u00e5 en v\u00e6sentlig rolle i self-care. N\u00e5r jeg befinder mig i vores sommerhus i Svanninge Bakker, oplever jeg en dyb indre ro. Det er en konstant kilde til ro og kreativitet. Naturen, dens evige foranderlige s\u00e6soner og beroligende atmosf\u00e6re skaber altid nye ideer. Den storsl\u00e5ede kunst, der findes p\u00e5 Faaborg Museum i min hjemby, minder mig om vigtigheden i sk\u00f8nheden, enkeltheden og arven, i alt det jeg foretager mig.<\/p>\n<p style=\"text-align: left;\">Mine rejser spiller ogs\u00e5 en stor rolle i mine fort\u00e6llinger. Jeg f\u00f8ler mig altid s\u00e5 inspireret og fri, n\u00e5r jeg tr\u00e6der v\u00e6k fra mit skrivebord. De \u00e5r jeg boede i London, gav mig en ubetinget k\u00e6rlighed og respekt for h\u00e5ndv\u00e6rk, design og d\u00e9t at kunne mikse gammelt med nyt. Jeg elsker England &#8211; menneskene, humoren &#8211; og der er ikke noget, der g\u00f8r mig s\u00e5 begejstret som at modtage min m\u00e5nedlige udgave af House &amp; Garden. Det siger m\u00e5ske noget om min alder, men det har jeg det helt fint med!<\/p>\n<p style=\"text-align: left;\">I sidste ende h\u00e5ber jeg at mine fort\u00e6llinger afspejler den k\u00e6rlighed, jeg har til min familie, mine hunde, naturen, kunsten, rejser og arv &#8211; og at de kan inspirere andre til at finde gl\u00e6den ved det, de s\u00e6tter pris p\u00e5 og finder sk\u00f8nhed i, i livets sm\u00e5 \u00f8jeblikke.<\/p>\n<p>[\/vc_column_text][vc_single_image image=&#8221;78320&#8243; img_size=&#8221;full&#8221; alignment=&#8221;center&#8221; el_class=&#8221;respon-img&#8221; css=&#8221;.vc_custom_1736505519669{margin-right: 20px !important;margin-left: 20px !important;}&#8221;][vc_column_text css=&#8221;.vc_custom_1737130789593{margin-top: 17.5px !important;}&#8221;]<\/p>\n<p style=\"text-align: left;\">Foto: <a href=\"https:\/\/caspersejersen.com\/\">Casper Sejersen<\/a>. <a href=\"https:\/\/thebeautysleeper.com\/products\/silk-sleep-mask-i-dark-moss\">Silk Sleep Mask Forest Floor<\/a> sammen med elementer fra den unikke indpakning, der viser Lotte Barnholdt Mahonys h\u00f8je detaljegrad og gennemt\u00e6nkte storytelling.<\/p>\n<p>[\/vc_column_text][\/vc_column][\/vc_row][vc_row][vc_column][vc_column_text]<\/p>\n<p style=\"text-align: left;\"><b>Hvorn\u00e5r stiftede du bekendtskab med Line Hallberg og hendes h\u00e5ndv\u00e6rk?<\/b><\/p>\n<p style=\"text-align: left;\">Jeg har beundret Line Hallbergs arbejde i mange \u00e5r og husker stadig \u00e5bningen af den allerf\u00f8rste LINE&amp;JO boutique i Gothersgade. For 15 \u00e5r siden var jeg s\u00e5 heldig at f\u00e5 den smukkeste diamantring fra LINE&amp;JO i julegave, en ring jeg siden den juleaften har g\u00e5et med hver dag. Den er blevet en del af mig, og der er stadig folk, der sp\u00f8rger mig, hvor den er fra den dag i dag.<\/p>\n<p style=\"text-align: left;\">Det der g\u00f8r ringen s\u00e5 speciel er dens tidl\u00f8shed &#8211; den tilh\u00f8rer ikke en bestemt \u00e6ra. Den er klassisk og et smykke, jeg vil passe p\u00e5 og b\u00e6re resten af livet. Jeg ved ogs\u00e5, hvis finger, den vil komme til at hvile p\u00e5, n\u00e5r jeg ikke l\u00e6ngere er her, og d\u00e9t at jeg ved, at Lines design vil best\u00e5 og blive elsket i generationer er virkelig noget helt specielt.<\/p>\n<p>[\/vc_column_text][vc_single_image image=&#8221;78322&#8243; img_size=&#8221;full&#8221; el_class=&#8221;respon-img gif-img&#8221;][vc_column_text]<\/p>\n<p style=\"text-align: left;\">G\u00e5 p\u00e5 opdagelse i Line Hallbergs tidl\u00f8se <a href=\"https:\/\/www.linehallberg.com\/da\/vare-kategori\/atelier-ringe\/\">unika ringe<\/a>  der med en dyb k\u00e6rlighed til h\u00e5ndv\u00e6rk og kvalitet er skabt til at forblive klassikere.<\/p>\n<p>[\/vc_column_text]<div class=\"gem-button-container gem-button-position-left thegem-button-6a03901f8def35264 gettimely-booking-button\"  ><a class=\"gem-button gem-button-size-small gem-button-style-flat gem-button-text-weight-normal\" data-ll-effect=\"drop-right-without-wrap\" style=\"border-radius: 3px;\" onmouseleave=\"\" onmouseenter=\"\" href=\"https:\/\/www.linehallberg.com\/da\/vare-kategori\/atelier-ringe\/\" target=\"_self\">UDFORSK UNIKA RINGE<\/a><\/div> [\/vc_column][\/vc_row]<\/p>\n","protected":false},"excerpt":{"rendered":"<p>[vc_row][vc_column][vc_column_text] Dem, der inspirerer &#8211; Lotte Barnholdt Mahony [\/vc_column_text][\/vc_column][\/vc_row][vc_row][vc_column][vc_column_text] Et nyt \u00e5r er begyndt, og det giver anledning til ro,&#8230;<\/p>\n","protected":false},"author":62,"featured_media":0,"parent":65045,"menu_order":0,"comment_status":"closed","ping_status":"closed","template":"","meta":[],"yst_prominent_words":[],"acf":[],"_links":{"self":[{"href":"https:\/\/www.linehallberg.com\/da\/wp-json\/wp\/v2\/pages\/78311"}],"collection":[{"href":"https:\/\/www.linehallberg.com\/da\/wp-json\/wp\/v2\/pages"}],"about":[{"href":"https:\/\/www.linehallberg.com\/da\/wp-json\/wp\/v2\/types\/page"}],"author":[{"embeddable":true,"href":"https:\/\/www.linehallberg.com\/da\/wp-json\/wp\/v2\/users\/62"}],"replies":[{"embeddable":true,"href":"https:\/\/www.linehallberg.com\/da\/wp-json\/wp\/v2\/comments?post=78311"}],"version-history":[{"count":18,"href":"https:\/\/www.linehallberg.com\/da\/wp-json\/wp\/v2\/pages\/78311\/revisions"}],"predecessor-version":[{"id":78401,"href":"https:\/\/www.linehallberg.com\/da\/wp-json\/wp\/v2\/pages\/78311\/revisions\/78401"}],"up":[{"embeddable":true,"href":"https:\/\/www.linehallberg.com\/da\/wp-json\/wp\/v2\/pages\/65045"}],"wp:attachment":[{"href":"https:\/\/www.linehallberg.com\/da\/wp-json\/wp\/v2\/media?parent=78311"}],"wp:term":[{"taxonomy":"yst_prominent_words","embeddable":true,"href":"https:\/\/www.linehallberg.com\/da\/wp-json\/wp\/v2\/yst_prominent_words?post=78311"}],"curies":[{"name":"wp","href":"https:\/\/api.w.org\/{rel}","templated":true}]}}