{"id":79090,"date":"2025-02-14T14:58:08","date_gmt":"2025-02-14T13:58:08","guid":{"rendered":"https:\/\/www.linehallberg.com\/?page_id=79090"},"modified":"2025-02-14T15:15:57","modified_gmt":"2025-02-14T14:15:57","slug":"guide-saadan-reparerer-du-din-klik-oerering","status":"publish","type":"page","link":"https:\/\/www.linehallberg.com\/da\/guide-saadan-reparerer-du-din-klik-oerering\/","title":{"rendered":"Guide: S\u00e5dan reparerer du din klik-\u00f8rering"},"content":{"rendered":"<p>[vc_row][vc_column][vc_column_text]<\/p>\n<h1 style=\"text-align: center;\">Guide: S\u00e5dan reparerer du din klik-\u00f8rering<\/h1>\n<p style=\"text-align: center;\"><span style=\"font-weight: 400;\">Har du problemer med l\u00e5semekanismen i din klik-\u00f8rering? Her er en guide til, hvordan du selv kan reparere den.<br \/>\n<\/span><\/p>\n<p>[\/vc_column_text][vc_empty_space height=&#8221;60px&#8221;][vc_column_text]<\/p>\n<h4 style=\"text-align: left;\"><span style=\"font-weight: 400;\">Tr\u00e5den p\u00e5 klik-\u00f8rering kan ikke klikkes i l\u00e5s.<br \/>\n<\/span><\/h4>\n<p>[\/vc_column_text][vc_single_image image=&#8221;79095&#8243; img_size=&#8221;full&#8221; el_class=&#8221;respon-img&#8221;][vc_empty_space height=&#8221;60px&#8221;][vc_column_text]<\/p>\n<p style=\"text-align: left;\"><strong>Step 1<\/strong><\/p>\n<p style=\"text-align: left;\">Pres n\u00e6nsomt med din negl ned eller op p\u00e5 tr\u00e5den af click-\u00f8reringen, afh\u00e6ngigt af hvordan den er placeret. Er tr\u00e5den placeret over l\u00e5sens indgang, pres da ned. Er tr\u00e5den placeret under l\u00e5sens indgang, pres da op.\n<\/p>\n<p>[\/vc_column_text][vc_single_image image=&#8221;79096&#8243; img_size=&#8221;full&#8221; el_class=&#8221;respon-img&#8221;][vc_empty_space height=&#8221;60px&#8221;][vc_column_text]<\/p>\n<p style=\"text-align: left;\"><strong>Step 2<\/strong><\/p>\n<p style=\"text-align: left;\">Test nu om tr\u00e5den p\u00e5 klik-\u00f8reringen kan klikkes i l\u00e5s. Hvis ikke, gentag step 1.\n<\/p>\n<p style=\"text-align: left;\">Tillykke, l\u00e5sen p\u00e5 din klik-\u00f8rering er nu repareret!<\/p>\n<p>[\/vc_column_text][vc_single_image image=&#8221;79094&#8243; img_size=&#8221;full&#8221; el_class=&#8221;respon-img&#8221;][vc_empty_space height=&#8221;60px&#8221;][vc_column_text]<\/p>\n<h4 style=\"text-align: left;\">Tr\u00e5den p\u00e5 klik-\u00f8rering vil ikke tage fat inde i l\u00e5sen<\/h4>\n<p>[\/vc_column_text][vc_single_image image=&#8221;79092&#8243; img_size=&#8221;full&#8221; el_class=&#8221;respon-img&#8221;][vc_empty_space height=&#8221;60px&#8221;][vc_column_text]<\/p>\n<p style=\"text-align: left;\"><strong>Step 1<\/strong><\/p>\n<p style=\"text-align: left;\">Pres n\u00e6nsomt med din negl ned p\u00e5 tr\u00e5den af click-\u00f8reringen for at centrere tr\u00e5dens position. <\/p>\n<p>[\/vc_column_text][vc_single_image image=&#8221;79093&#8243; img_size=&#8221;full&#8221; el_class=&#8221;respon-img&#8221;][vc_empty_space height=&#8221;60px&#8221;][vc_column_text]<\/p>\n<p style=\"text-align: left;\"><strong>Step 2<\/strong><\/p>\n<p style=\"text-align: left;\">Test nu om tr\u00e5den p\u00e5 klik-\u00f8reringen tager fat inde i l\u00e5sen. Hvis ikke, gentag step 1.<\/p>\n<p style=\"text-align: left;\">Tillykke, l\u00e5sen p\u00e5 din klik-\u00f8rering er nu repareret!\n<\/p>\n<p>[\/vc_column_text][vc_single_image image=&#8221;79094&#8243; img_size=&#8221;full&#8221; el_class=&#8221;respon-img&#8221;][\/vc_column][\/vc_row]<\/p>\n","protected":false},"excerpt":{"rendered":"<p>[vc_row][vc_column][vc_column_text] Guide: S\u00e5dan reparerer du din klik-\u00f8rering Har du problemer med l\u00e5semekanismen i din klik-\u00f8rering? Her er en guide til,&#8230;<\/p>\n","protected":false},"author":62,"featured_media":0,"parent":0,"menu_order":0,"comment_status":"closed","ping_status":"closed","template":"","meta":[],"yst_prominent_words":[],"acf":[],"_links":{"self":[{"href":"https:\/\/www.linehallberg.com\/da\/wp-json\/wp\/v2\/pages\/79090"}],"collection":[{"href":"https:\/\/www.linehallberg.com\/da\/wp-json\/wp\/v2\/pages"}],"about":[{"href":"https:\/\/www.linehallberg.com\/da\/wp-json\/wp\/v2\/types\/page"}],"author":[{"embeddable":true,"href":"https:\/\/www.linehallberg.com\/da\/wp-json\/wp\/v2\/users\/62"}],"replies":[{"embeddable":true,"href":"https:\/\/www.linehallberg.com\/da\/wp-json\/wp\/v2\/comments?post=79090"}],"version-history":[{"count":2,"href":"https:\/\/www.linehallberg.com\/da\/wp-json\/wp\/v2\/pages\/79090\/revisions"}],"predecessor-version":[{"id":79097,"href":"https:\/\/www.linehallberg.com\/da\/wp-json\/wp\/v2\/pages\/79090\/revisions\/79097"}],"wp:attachment":[{"href":"https:\/\/www.linehallberg.com\/da\/wp-json\/wp\/v2\/media?parent=79090"}],"wp:term":[{"taxonomy":"yst_prominent_words","embeddable":true,"href":"https:\/\/www.linehallberg.com\/da\/wp-json\/wp\/v2\/yst_prominent_words?post=79090"}],"curies":[{"name":"wp","href":"https:\/\/api.w.org\/{rel}","templated":true}]}}