{"id":79454,"date":"2025-02-27T12:40:02","date_gmt":"2025-02-27T11:40:02","guid":{"rendered":"https:\/\/www.linehallberg.com\/?page_id=79454"},"modified":"2025-10-23T13:50:23","modified_gmt":"2025-10-23T11:50:23","slug":"globe-kollektion","status":"publish","type":"page","link":"https:\/\/www.linehallberg.com\/da\/globe-kollektion\/","title":{"rendered":"GLOBE kollektion"},"content":{"rendered":"<p>[vc_row][vc_column][vc_column_text]<\/p>\n<h1>Globe Kollektion<\/h1>\n<p>GLOBE kollektionen er udforskningen af den bl\u00f8de og runde globus-form. Glober af funklende diamanter og sterling s\u00f8lv kombineres med lange grafiske k\u00e6der og skaber et moderne look med historiske referencer.[\/vc_column_text][vc_empty_space][vc_column_text]<\/p>\n<h3 style=\"text-align: left;\">\u00d8RERINGE<\/h3>\n<p>[\/vc_column_text]<div class=\"woocommerce columns-4 \">    <div class=\"products row inline-row\">\n<div class=\"inline-column col-sm-3 col-xs-6 col-md-4 first post-61965 product type-product status-publish has-post-thumbnail product_cat-oereringe product_cat-poleret-sterlingsolv-da product_tag-oerestikkere product_tag-oereflip-smykker product_tag-soelv-oereringe product_tag-soelv-oerestikkere pa_materials-poleret-sterlingsolv new_arrival-no collections-globe-da\">\n\t<div class=\"product-inner centered-box \"   style=\"background:url('')\" >\n\n\t\t\t\t<div class=\"product-sub\">\n\t\t\t<div class=\"product-sub-title\">\n\t\t\t\t\t\t\t\t\t\t\t<p class=\"product-collection-name\">GLOBE<\/p>\n\t\t\t\t\t\t\t<p class=\"product-sub-descriptor\">Collection<\/p>\n\t\t\t\t\t\t\t\t\t<\/div>\n\t\t<\/div>\n\t\t<a href=\"https:\/\/www.linehallberg.com\/da\/vare\/miss-etu-antique\/\" class=\"product-image\" data-product-id=\"61965\">\n\t\t\t<div class=\"product-labels\"><\/div>\n\t\t\t\t\t\t\t<span class=\"product-image-inner\"><img width=\"900\" height=\"900\" src=\"https:\/\/www.linehallberg.com\/da\/wp-content\/uploads\/2022\/07\/MISS-ETU-antique-900x900.png\" class=\"attachment-woocommerce_thumbnail size-woocommerce_thumbnail\" alt=\"\u00d8restik&lt;br&gt; ETU antik sterlings\u00f8lv\" loading=\"eager\" \/><span class=\"woo-product-overlay\"><\/span><\/span>\n\t\t\t\t\t<\/a>\n\n\t\t<div class=\"product-info clearfix\">\n\t\t\t<div class=\"product-info-cont\">\n\t\t\t\t\t\t\t\t<div class=\"product-title title-h6\"><a href=\"https:\/\/www.linehallberg.com\/da\/vare\/miss-etu-antique\/\">\u00d8restik<br> ETU antik sterlings\u00f8lv<\/a><\/div>\n\t\t\t\t\n\t<div class=\"product-price\"><span class=\"price\"><span class=\"woocommerce-Price-amount\"><bdi><span class=\"woocommerce-Price-currencySymbol\">kr.<\/span>375.00<\/bdi><\/span><\/span><\/div>\n\t\t\t\t<p>POLERET STERLINGS\u00f8LV<\/p>\n\t\t\t\t\t\t\t\t\t<div class=\"product-price-wrapper\">\n\t\t\t\t\t\t\t\t\t\t<span class=\"woocommerce-Price-amount\"><bdi><span class=\"woocommerce-Price-currencySymbol\">kr.<\/span>375.00<\/bdi><\/span>        <\/div>\n\t\t\t\t\t\t\t<\/div>\n\t\t<\/div>\n\n\t<\/div>\n<\/div><div class=\"inline-column col-sm-3 col-xs-6 col-md-4 post-61967 product type-product status-publish has-post-thumbnail product_cat-oereringe product_cat-poleret-sterlingsolv-da product_tag-oerestikkere product_tag-oereflip-smykker product_tag-soelv-oereringe product_tag-soelv-oerestikkere pa_materials-poleret-sterlingsolv new_arrival-no collections-globe-da\">\n\t<div class=\"product-inner centered-box \"   style=\"background:url('')\" >\n\n\t\t\t\t<div class=\"product-sub\">\n\t\t\t<div class=\"product-sub-title\">\n\t\t\t\t\t\t\t\t\t\t\t<p class=\"product-collection-name\">GLOBE<\/p>\n\t\t\t\t\t\t\t<p class=\"product-sub-descriptor\">Collection<\/p>\n\t\t\t\t\t\t\t\t\t<\/div>\n\t\t<\/div>\n\t\t<a href=\"https:\/\/www.linehallberg.com\/da\/vare\/miss-ethenia-antique\/\" class=\"product-image\" data-product-id=\"61967\">\n\t\t\t<div class=\"product-labels\"><\/div>\n\t\t\t\t\t\t\t<span class=\"product-image-inner\"><img width=\"900\" height=\"900\" src=\"https:\/\/www.linehallberg.com\/da\/wp-content\/uploads\/2017\/11\/ETHENIA-V3-900x900.jpg\" class=\"attachment-woocommerce_thumbnail size-woocommerce_thumbnail\" alt=\"\u00d8restik&lt;br&gt; ETHENIA antik sterlings\u00f8lv\" loading=\"eager\" \/><span class=\"woo-product-overlay\"><\/span><\/span>\n\t\t\t\t\t<\/a>\n\n\t\t<div class=\"product-info clearfix\">\n\t\t\t<div class=\"product-info-cont\">\n\t\t\t\t\t\t\t\t<div class=\"product-title title-h6\"><a href=\"https:\/\/www.linehallberg.com\/da\/vare\/miss-ethenia-antique\/\">\u00d8restik<br> ETHENIA antik sterlings\u00f8lv<\/a><\/div>\n\t\t\t\t\n\t<div class=\"product-price\"><span class=\"price\"><span class=\"woocommerce-Price-amount\"><bdi><span class=\"woocommerce-Price-currencySymbol\">kr.<\/span>800.00<\/bdi><\/span><\/span><\/div>\n\t\t\t\t<p>POLERET STERLINGS\u00f8LV<\/p>\n\t\t\t\t\t\t\t\t\t<div class=\"product-price-wrapper\">\n\t\t\t\t\t\t\t\t\t\t<span class=\"woocommerce-Price-amount\"><bdi><span class=\"woocommerce-Price-currencySymbol\">kr.<\/span>800.00<\/bdi><\/span>        <\/div>\n\t\t\t\t\t\t\t<\/div>\n\t\t<\/div>\n\n\t<\/div>\n<\/div><div class=\"inline-column col-sm-3 col-xs-6 col-md-4 post-62058 product type-product status-publish has-post-thumbnail product_cat-oereringe product_cat-oereringe-silkemat-sterlingsolv-da product_tag-oerestikkere product_tag-oereflip-smykker product_tag-soelv-oereringe product_tag-soelv-oerestikkere pa_materials-silkemat-sterlingsolv pa_precious-stones-diamanter new_arrival-no collections-globe-da\">\n\t<div class=\"product-inner centered-box \"   style=\"background:url('')\" >\n\n\t\t\t\t<div class=\"product-sub\">\n\t\t\t<div class=\"product-sub-title\">\n\t\t\t\t\t\t\t\t\t\t\t<p class=\"product-collection-name\">GLOBE<\/p>\n\t\t\t\t\t\t\t<p class=\"product-sub-descriptor\">Collection<\/p>\n\t\t\t\t\t\t\t\t\t<\/div>\n\t\t<\/div>\n\t\t<a href=\"https:\/\/www.linehallberg.com\/da\/vare\/miss-ediana-grey-diamond\/\" class=\"product-image\" data-product-id=\"62058\">\n\t\t\t<div class=\"product-labels\"><\/div>\n\t\t\t\t\t\t\t<span class=\"product-image-inner\"><img width=\"900\" height=\"900\" src=\"https:\/\/www.linehallberg.com\/da\/wp-content\/uploads\/2017\/11\/EDIANA-grey-900x900.png\" class=\"attachment-woocommerce_thumbnail size-woocommerce_thumbnail\" alt=\"\u00d8restik&lt;br&gt; EDIANA gr\u00e5t sterlings\u00f8lv diamant\" loading=\"eager\" \/><span class=\"woo-product-overlay\"><\/span><\/span>\n\t\t\t\t\t<\/a>\n\n\t\t<div class=\"product-info clearfix\">\n\t\t\t<div class=\"product-info-cont\">\n\t\t\t\t\t\t\t\t<div class=\"product-title title-h6\"><a href=\"https:\/\/www.linehallberg.com\/da\/vare\/miss-ediana-grey-diamond\/\">\u00d8restik<br> EDIANA gr\u00e5t sterlings\u00f8lv diamant<\/a><\/div>\n\t\t\t\t\n\t<div class=\"product-price\"><span class=\"price\"><span class=\"woocommerce-Price-amount\"><bdi><span class=\"woocommerce-Price-currencySymbol\">kr.<\/span>850.00<\/bdi><\/span><\/span><\/div>\n\t\t\t\t<p>SILKEMAT STERLINGS\u00f8LV<\/p>\n\t\t\t\t\t\t\t\t\t<div class=\"product-price-wrapper\">\n\t\t\t\t\t\t\t\t\t\t<span class=\"woocommerce-Price-amount\"><bdi><span class=\"woocommerce-Price-currencySymbol\">kr.<\/span>850.00<\/bdi><\/span>        <\/div>\n\t\t\t\t\t\t\t<\/div>\n\t\t<\/div>\n\n\t<\/div>\n<\/div><div class=\"inline-column col-sm-3 col-xs-6 col-md-4 last post-63220 product type-product status-publish has-post-thumbnail product_cat-oereringe product_cat-oereringe-silkemat-sterlingsolv-da product_tag-hoops-da product_tag-soelv-hoops product_tag-soelv-oereringe product_tag-soelv-twist-oereringe product_tag-soelv-twist-oereringe-globe product_tag-twistoereringe pa_materials-silkemat-sterlingsolv pa_precious-stones-diamanter new_arrival-no collections-globe-da\">\n\t<div class=\"product-inner centered-box \"   style=\"background:url('')\" >\n\n\t\t\t\t<div class=\"product-sub\">\n\t\t\t<div class=\"product-sub-title\">\n\t\t\t\t\t\t\t\t\t\t\t<p class=\"product-collection-name\">GLOBE<\/p>\n\t\t\t\t\t\t\t<p class=\"product-sub-descriptor\">Collection<\/p>\n\t\t\t\t\t\t\t\t\t<\/div>\n\t\t<\/div>\n\t\t<a href=\"https:\/\/www.linehallberg.com\/da\/vare\/miss-enna-two-grey-diamond\/\" class=\"product-image\" data-product-id=\"63220\">\n\t\t\t<div class=\"product-labels\"><\/div>\n\t\t\t\t\t\t\t<span class=\"product-image-inner\"><img width=\"900\" height=\"900\" src=\"https:\/\/www.linehallberg.com\/da\/wp-content\/uploads\/2019\/10\/ENNA-grey-diamond-DA-900x900.jpg\" class=\"attachment-woocommerce_thumbnail size-woocommerce_thumbnail\" alt=\"Twist hoop&lt;br&gt; ENNA THREE gr\u00e5t sterlings\u00f8lv diamant\" loading=\"eager\" \/><img width=\"900\" height=\"900\" src=\"https:\/\/www.linehallberg.com\/da\/wp-content\/uploads\/2024\/02\/ENNA-TRAGUS-900x900.jpg\" class=\"attachment woo-product-hover\" alt=\"Twist hoop&lt;br&gt; ENNA THREE gr\u00e5t sterlings\u00f8lv diamant\" loading=\"eager\" \/><\/span>\n\t\t\t\t\t<\/a>\n\n\t\t<div class=\"product-info clearfix\">\n\t\t\t<div class=\"product-info-cont\">\n\t\t\t\t\t\t\t\t<div class=\"product-title title-h6\"><a href=\"https:\/\/www.linehallberg.com\/da\/vare\/miss-enna-two-grey-diamond\/\">Twist hoop<br> ENNA THREE gr\u00e5t sterlings\u00f8lv diamant<\/a><\/div>\n\t\t\t\t\n\t<div class=\"product-price\"><span class=\"price\"><span class=\"woocommerce-Price-amount\"><bdi><span class=\"woocommerce-Price-currencySymbol\">kr.<\/span>1,600.00<\/bdi><\/span><\/span><\/div>\n\t\t\t\t<p>SILKEMAT STERLINGS\u00f8LV<\/p>\n\t\t\t\t\t\t\t\t\t<div class=\"product-price-wrapper\">\n\t\t\t\t\t\t\t\t\t\t<span class=\"woocommerce-Price-amount\"><bdi><span class=\"woocommerce-Price-currencySymbol\">kr.<\/span>1,600.00<\/bdi><\/span>        <\/div>\n\t\t\t\t\t\t\t<\/div>\n\t\t<\/div>\n\n\t<\/div>\n<\/div>    <\/div>\n<\/div>[vc_column_text]<\/p>\n<h3 style=\"text-align: left;\">RINGE<\/h3>\n<p>[\/vc_column_text]<div class=\"woocommerce columns-4 \">    <div class=\"products row inline-row\">\n<div class=\"inline-column col-sm-3 col-xs-6 col-md-4 first post-60324 product type-product status-publish has-post-thumbnail product_cat-ringe-poleret-sterlingsolv-da-3 product_cat-ringe product_tag-konfirmation-soelv product_tag-soelv-ringe pa_materials-poleret-sterlingsolv new_arrival-no collections-globe-da\">\n\t<div class=\"product-inner centered-box \"   style=\"background:url('')\" >\n\n\t\t\t\t<div class=\"product-sub\">\n\t\t\t<div class=\"product-sub-title\">\n\t\t\t\t\t\t\t\t\t\t\t<p class=\"product-collection-name\">GLOBE<\/p>\n\t\t\t\t\t\t\t<p class=\"product-sub-descriptor\">Collection<\/p>\n\t\t\t\t\t\t\t\t\t<\/div>\n\t\t<\/div>\n\t\t<a href=\"https:\/\/www.linehallberg.com\/da\/vare\/miss-roseni-antique\/\" class=\"product-image\" data-product-id=\"60324\">\n\t\t\t<div class=\"product-labels\"><\/div>\n\t\t\t\t\t\t\t<span class=\"product-image-inner\"><img width=\"900\" height=\"900\" src=\"https:\/\/www.linehallberg.com\/da\/wp-content\/uploads\/2017\/11\/Roseni-ant-A-900x900.jpg\" class=\"attachment-woocommerce_thumbnail size-woocommerce_thumbnail\" alt=\"Ring&lt;br&gt; ROSENI antik sterlings\u00f8lv\" loading=\"eager\" \/><img width=\"900\" height=\"900\" src=\"https:\/\/www.linehallberg.com\/da\/wp-content\/uploads\/2017\/11\/Roseni-ant-B-900x900.jpg\" class=\"attachment woo-product-hover\" alt=\"Ring&lt;br&gt; ROSENI antik sterlings\u00f8lv\" loading=\"eager\" \/><\/span>\n\t\t\t\t\t<\/a>\n\n\t\t<div class=\"product-info clearfix\">\n\t\t\t<div class=\"product-info-cont\">\n\t\t\t\t\t\t\t\t<div class=\"product-title title-h6\"><a href=\"https:\/\/www.linehallberg.com\/da\/vare\/miss-roseni-antique\/\">Ring<br> ROSENI antik sterlings\u00f8lv<\/a><\/div>\n\t\t\t\t\n\t<div class=\"product-price\"><span class=\"price\"><span class=\"woocommerce-Price-amount\"><bdi><span class=\"woocommerce-Price-currencySymbol\">kr.<\/span>950.00<\/bdi><\/span><\/span><\/div>\n\t\t\t\t<p>POLERET STERLINGS\u00f8LV<\/p>\n\t\t\t\t\t\t\t\t\t<div class=\"product-price-wrapper\">\n\t\t\t\t\t\t\t\t\t\t<span class=\"woocommerce-Price-amount\"><bdi><span class=\"woocommerce-Price-currencySymbol\">kr.<\/span>950.00<\/bdi><\/span>        <\/div>\n\t\t\t\t\t\t\t<\/div>\n\t\t<\/div>\n\n\t<\/div>\n<\/div><div class=\"inline-column col-sm-3 col-xs-6 col-md-4 post-60336 product type-product status-publish has-post-thumbnail product_cat-ringe-poleret-sterlingsolv-da-3 product_cat-ringe product_tag-konfirmation-soelv product_tag-soelv-ringe pa_materials-poleret-sterlingsolv new_arrival-no collections-globe-da\">\n\t<div class=\"product-inner centered-box \"   style=\"background:url('')\" >\n\n\t\t\t\t<div class=\"product-sub\">\n\t\t\t<div class=\"product-sub-title\">\n\t\t\t\t\t\t\t\t\t\t\t<p class=\"product-collection-name\">GLOBE<\/p>\n\t\t\t\t\t\t\t<p class=\"product-sub-descriptor\">Collection<\/p>\n\t\t\t\t\t\t\t\t\t<\/div>\n\t\t<\/div>\n\t\t<a href=\"https:\/\/www.linehallberg.com\/da\/vare\/miss-ratio-antique\/\" class=\"product-image\" data-product-id=\"60336\">\n\t\t\t<div class=\"product-labels\"><\/div>\n\t\t\t\t\t\t\t<span class=\"product-image-inner\"><img width=\"900\" height=\"900\" src=\"https:\/\/www.linehallberg.com\/da\/wp-content\/uploads\/2017\/11\/Ratio-antique-A-900x900.jpg\" class=\"attachment-woocommerce_thumbnail size-woocommerce_thumbnail\" alt=\"Ring&lt;br&gt; RATIO antik sterlings\u00f8lv\" loading=\"eager\" \/><img width=\"900\" height=\"900\" src=\"https:\/\/www.linehallberg.com\/da\/wp-content\/uploads\/2017\/11\/Ratio-antique-B-900x900.jpg\" class=\"attachment woo-product-hover\" alt=\"Ring&lt;br&gt; RATIO antik sterlings\u00f8lv\" loading=\"eager\" \/><\/span>\n\t\t\t\t\t<\/a>\n\n\t\t<div class=\"product-info clearfix\">\n\t\t\t<div class=\"product-info-cont\">\n\t\t\t\t\t\t\t\t<div class=\"product-title title-h6\"><a href=\"https:\/\/www.linehallberg.com\/da\/vare\/miss-ratio-antique\/\">Ring<br> RATIO antik sterlings\u00f8lv<\/a><\/div>\n\t\t\t\t\n\t<div class=\"product-price\"><span class=\"price\"><span class=\"woocommerce-Price-amount\"><bdi><span class=\"woocommerce-Price-currencySymbol\">kr.<\/span>1,450.00<\/bdi><\/span><\/span><\/div>\n\t\t\t\t<p>POLERET STERLINGS\u00f8LV<\/p>\n\t\t\t\t\t\t\t\t\t<div class=\"product-price-wrapper\">\n\t\t\t\t\t\t\t\t\t\t<span class=\"woocommerce-Price-amount\"><bdi><span class=\"woocommerce-Price-currencySymbol\">kr.<\/span>1,450.00<\/bdi><\/span>        <\/div>\n\t\t\t\t\t\t\t<\/div>\n\t\t<\/div>\n\n\t<\/div>\n<\/div>    <\/div>\n<\/div>[\/vc_column][\/vc_row][vc_row][vc_column][\/vc_column][\/vc_row]<\/p>\n","protected":false},"excerpt":{"rendered":"<p>[vc_row][vc_column][vc_column_text] Globe Kollektion GLOBE kollektionen er udforskningen af den bl\u00f8de og runde globus-form. Glober af funklende diamanter og sterling s\u00f8lv&#8230;<\/p>\n","protected":false},"author":62,"featured_media":0,"parent":0,"menu_order":0,"comment_status":"closed","ping_status":"closed","template":"","meta":[],"yst_prominent_words":[],"acf":[],"_links":{"self":[{"href":"https:\/\/www.linehallberg.com\/da\/wp-json\/wp\/v2\/pages\/79454"}],"collection":[{"href":"https:\/\/www.linehallberg.com\/da\/wp-json\/wp\/v2\/pages"}],"about":[{"href":"https:\/\/www.linehallberg.com\/da\/wp-json\/wp\/v2\/types\/page"}],"author":[{"embeddable":true,"href":"https:\/\/www.linehallberg.com\/da\/wp-json\/wp\/v2\/users\/62"}],"replies":[{"embeddable":true,"href":"https:\/\/www.linehallberg.com\/da\/wp-json\/wp\/v2\/comments?post=79454"}],"version-history":[{"count":7,"href":"https:\/\/www.linehallberg.com\/da\/wp-json\/wp\/v2\/pages\/79454\/revisions"}],"predecessor-version":[{"id":80994,"href":"https:\/\/www.linehallberg.com\/da\/wp-json\/wp\/v2\/pages\/79454\/revisions\/80994"}],"wp:attachment":[{"href":"https:\/\/www.linehallberg.com\/da\/wp-json\/wp\/v2\/media?parent=79454"}],"wp:term":[{"taxonomy":"yst_prominent_words","embeddable":true,"href":"https:\/\/www.linehallberg.com\/da\/wp-json\/wp\/v2\/yst_prominent_words?post=79454"}],"curies":[{"name":"wp","href":"https:\/\/api.w.org\/{rel}","templated":true}]}}