{"id":79701,"date":"2025-03-27T14:17:20","date_gmt":"2025-03-27T13:17:20","guid":{"rendered":"https:\/\/www.linehallberg.com\/da\/?page_id=79701"},"modified":"2025-03-27T14:17:20","modified_gmt":"2025-03-27T13:17:20","slug":"bag-om-kollektionen-murano-glass-beads","status":"publish","type":"page","link":"https:\/\/www.linehallberg.com\/da\/linejo-stories\/bag-om-kollektionen-murano-glass-beads\/","title":{"rendered":"Bag om kollektionen &#8211; MURANO GLASS BEADS"},"content":{"rendered":"<p>[vc_row][vc_column][vc_column_text]<\/p>\n<h1 style=\"text-align: center;\">Bag om kollektionen &#8211;<br \/>\nMURANO GLASS BEADS<\/h1>\n<p>[\/vc_column_text][\/vc_column][\/vc_row][vc_row][vc_column][vc_column_text]<\/p>\n<p style=\"text-align: left;\">Lad dig fordybe og inspirere denne vinter med et eksklusivt indblik ind i tilblivelsen af vores unikke h\u00e5ndlavede Murano glasperler, og bliv klogere p\u00e5 historien og h\u00e5ndv\u00e6rket bag.<\/p>\n<p>[\/vc_column_text][vc_empty_space height=&#8221;20px&#8221;][vc_single_image image=&#8221;79703&#8243; img_size=&#8221;full&#8221; alignment=&#8221;center&#8221; el_class=&#8221;respon-img&#8221; css=&#8221;.vc_custom_1743073295381{margin-right: 20px !important;margin-left: 20px !important;}&#8221;][vc_column_text css=&#8221;.vc_custom_1743079213121{margin-top: 17.5px !important;}&#8221;]<\/p>\n<p style=\"text-align: left;\">Foto: De farvestr\u00e5elende h\u00e5ndlavede Murano glasperlevedh\u00e6ng med et \u00f8sken 14 karat massivt guld, designet til at pryde den klassiske <a href=\"https:\/\/www.linehallberg.com\/da\/fragments-of-cph\/\">FRAGMENTS OF COPENHAGEN kollektion<\/a>. Hver perle er et unika med delikate forskelle, der fremh\u00e6ver Line Hallberg og <a href=\"https:\/\/www.instagram.com\/popkova_maria\/\">Maria Popkovas<\/a> h\u00e5ndv\u00e6rk.<\/p>\n<p>[\/vc_column_text][vc_empty_space height=&#8221;20px&#8221;][vc_column_text]<\/p>\n<h4 style=\"text-align: left;\"><em><strong>Line Hallberg, Guldsmed, om hvad der inspirerede hendes kollektion og samarbejde med Maria<\/strong><\/em><\/h4>\n<p style=\"text-align: left;\"><em>&#8220;De f\u00f8rste glasperler blev fremstillet i mellem\u00f8sten og oldtidens Egypten omkring 4000 \u00e5r f.kr.. og har haft en afg\u00f8rende rolle for kunsth\u00e5ndv\u00e6rkets historie, hvilket jeg altid har v\u00e6ret utroligt fascineret af. Tanken om at kunne omdanne et naturmateriale til noget, der har en struktur, der bliver s\u00e5 markant anderledes, n\u00e5r man arbejder med det, er virkelig magisk. Det understreger, hvad det vil sige at mestre et h\u00e5ndv\u00e6rk samt materialets evne til at lade sig forme, n\u00e5r h\u00e5ndv\u00e6rk og \u00e6stetik smelter sammen i \u00e9n fort\u00e6lling. En fort\u00e6lling der, gennem et smykke, kan samle fortid og nutid og blive en del af ens personlige udtryk.<\/em><\/p>\n<p><em>I forbindelse med lanceringen af mine <a href=\"https:\/\/www.linehallberg.com\/da\/murano-glass-beads-composer\/\">Murano glasperler<\/a> har jeg v\u00e6ret s\u00e5 heldig at arbejde sammen med en dygtig ung glaskunstner, <a href=\"https:\/\/www.instagram.com\/popkova_maria\/\">Maria Popkova<\/a>, der i samspil med mit smykkeunivers, har skabt en hyldest til h\u00e5ndv\u00e6rket og individualiteten. Med s\u00e5 meget kaos i verden er det vigtigt at huske p\u00e5 alt det, der bringer gl\u00e6de &#8211; hverdagens sm\u00e5 ritualer og sk\u00f8nheden i dem. Det er i virkeligheden d\u00e9t, jeg \u00f8nsker med mine farverige <a href=\"https:\/\/www.linehallberg.com\/da\/murano-glass-beads-composer\/\">Murano glasperler<\/a>; at skabe en p\u00e5mindelse om gl\u00e6den og h\u00e5bet ved de simple ting i livet.&#8221;<\/em> &#8211; Line Hallberg[\/vc_column_text][\/vc_column][\/vc_row][vc_row el_class=&#8221;pics&#8221; css=&#8221;.vc_custom_1731675737955{margin-right: 20px !important;margin-left: 20px !important;}&#8221;][vc_column width=&#8221;1\/2&#8243; el_class=&#8221;flexi&#8221; css=&#8221;.vc_custom_1731675744774{padding-right: 10px !important;}&#8221;][vc_single_image image=&#8221;79704&#8243; img_size=&#8221;full&#8221; alignment=&#8221;center&#8221; el_class=&#8221;respon-img&#8221;][\/vc_column][vc_column width=&#8221;1\/2&#8243; el_class=&#8221;flexi&#8221; css=&#8221;.vc_custom_1731675752409{padding-left: 10px !important;}&#8221;][vc_single_image image=&#8221;79705&#8243; img_size=&#8221;full&#8221; alignment=&#8221;center&#8221; el_class=&#8221;respon-img&#8221;][\/vc_column][\/vc_row][vc_row][vc_column][vc_column_text css=&#8221;.vc_custom_1743079483326{margin-top: 17.5px !important;}&#8221;]<\/p>\n<p style=\"text-align: left;\">Foto: Style Murano glasperlerne med de klassiske <a href=\"https:\/\/www.linehallberg.com\/da\/fragments-of-cph\/\">FRAGMENTS OF COPENHAGEN<\/a> og tilf\u00f8r et unik farvestrejf til dit look.<\/p>\n<p>&nbsp;[\/vc_column_text][vc_column_text]<em>\u201cJeg beundrer virkelig Marias evne til at skabe og transformere abstrakte ideer til delikate glasperler. Hun har en helt s\u00e6rlig \u00e5ben og kreativ tilgang, som er utroligt sp\u00e6ndende at v\u00e6re en del af. Det er en helt unik evne at besidde, en evne der bygger p\u00e5 gr\u00e6nsel\u00f8s fantasi og teksnisk viden.<\/em><\/p>\n<p><em>Jeg elsker hendes m\u00e5de at omdanne mine ideer og forene vores h\u00e5ndv\u00e6rk i en glasperle, der skal leve i perfekt harmoni og kontrast med mit smykkeunivers. Hun har en detaljegrad og kulturforst\u00e5else, der g\u00f8r hende i stand til at indkapsle europ\u00e6isk kulturarv, hvilket er helt magisk. Det kr\u00e6ver et utrolig niveau af teknik, viden og \u00f8velse at forst\u00e5 hvordan glas arbejer &#8211; dimensionerne og formsproget.<\/em><\/p>\n<p><em>Jeg elsker hvordan man ved at kombinere teknikker, farve og dimensioner, kan skabe et helt nyt udtryk, der rykker gr\u00e6nserne for design og tilf\u00f8rer uendelige nye stylingmuligheder til et eksisterende smykkeunivers.<\/em><em>\u201d <\/em>\u2013 Line Hallberg<\/p>\n<p>&nbsp;[\/vc_column_text][vc_single_image image=&#8221;79706&#8243; img_size=&#8221;full&#8221; alignment=&#8221;center&#8221; el_class=&#8221;respon-img big-img&#8221;][vc_column_text el_class=&#8221;big-img-txt&#8221; css=&#8221;.vc_custom_1743078882473{margin-top: 17.5px !important;}&#8221;]<\/p>\n<p style=\"text-align: left;\">Foto: Glaskunstner Maria Popkova <a href=\"https:\/\/www.instagram.com\/popkova_maria\/\">@popkova_maria<\/a><\/p>\n<p>&nbsp;[\/vc_column_text][vc_column_text]Med hver deres unikke tilgang, var det kreative samarbejde mellem Line Hallberg og <a href=\"https:\/\/www.instagram.com\/popkova_maria\/\">Maria Popkova<\/a> en helt naturlig udvikling, der opstod i kraft af deres f\u00e6lles passion for h\u00e5ndv\u00e6rk og historie. Nysgerrig p\u00e5 at vide mere om Marias baggrund og arbejde som glaskunstner,\u00a0 inviterede vi os selv med ind til et kig bag hendes design proces og for at h\u00f8re mere om, hvad der inspirerer hende.<\/p>\n<p>&nbsp;[\/vc_column_text][vc_column_text]<\/p>\n<h4 style=\"text-align: left;\"><strong><em>Maria Popkova, Glaskunstner, om hendes h\u00e5ndv\u00e6rk, kreative proces og inspiration<\/em><\/strong><\/h4>\n<p style=\"text-align: left;\"><b>Hvad betyder h\u00e5ndv\u00e6rk for dig?<br \/>\n<\/b><\/p>\n<p style=\"text-align: left;\">For mig er h\u00e5ndv\u00e6rk kunsten at kunne omdanne sin indre verden, sine tanker og forestillinger til fysiske udtryk &#8211; friheden i at kunne transformere et materiale som glas ved hj\u00e6lp af historier, f\u00f8lelser, passion og kunst. Det er en rejse i konstant udvikling, hvor hvert stykke glas, jeg formgiver, afspejler min udvikling, vision og forbundethed med et medie s\u00e5 tidl\u00f8st.<\/p>\n<p>&nbsp;[\/vc_column_text][vc_column_text]<\/p>\n<p style=\"text-align: left;\"><strong><b>Hvad inspirerer dig og dit arbejde med glas og glasperler?<\/b><\/strong><\/p>\n<p style=\"text-align: left;\">Jeg inspireres af naturens sk\u00f8nhed, dens rummelighed og menneskene deri. Nogle gange kan inspirationen opst\u00e5 i de mest uventede \u00f8jeblikke, som i en scene fra en film, en person p\u00e5 gaden eller en pludselig detalje, der fanger mit blik. De \u00f8jeblikke s\u00f8ger jeg at bevare og omdanne til noget helt unikt. De b\u00e6rer en energi og kraft, der har en s\u00e6rlig plads i mit hjerte.<\/p>\n<p>[\/vc_column_text][\/vc_column][\/vc_row][vc_row content_placement=&#8221;top&#8221;][vc_column el_class=&#8221;flexi&#8221;][\/vc_column][\/vc_row][vc_row content_placement=&#8221;top&#8221;][vc_column][vc_single_image image=&#8221;79707&#8243; img_size=&#8221;full&#8221; alignment=&#8221;center&#8221; el_class=&#8221;respon-img&#8221; css=&#8221;.vc_custom_1743073564191{margin-right: 20px !important;margin-left: 20px !important;}&#8221;][vc_column_text css=&#8221;.vc_custom_1743078098056{margin-top: 17.5px !important;}&#8221;]<\/p>\n<p style=\"text-align: left;\">Video: Maria Popkova\u00a0<a href=\"https:\/\/www.instagram.com\/popkova_maria\/\">@popkova_maria<\/a>. Hver enkelt glasperle har sit eget unikke udtryk og formsprog, der omfavner naturens forskelligheder.<\/p>\n<p>[\/vc_column_text][\/vc_column][\/vc_row][vc_row][vc_column][vc_column_text]<\/p>\n<p style=\"text-align: left;\"><b>Hvorn\u00e5r opstod din interesse for glasperle og er der en s\u00e6rlig tidsperiode, et land eller kultur, hvor glasperler blev lavet\/handlet med, som du er fascineret af?<br \/>\n<\/b><\/p>\n<p style=\"text-align: left;\">Jeg har altid gerne villet have en hobby, der kunne udligne mit meget praktiske arbejde, men der var aldrig rigtigt noget, der gav mening. En dag, da jeg var p\u00e5 udkig efter noget nyt at give mig i kast med, opdagede jeg glasperler. Jeg kunne slet ikke forst\u00e5, hvordan det var muligt at udforme s\u00e5 sm\u00e5 glasperler med fisk indeni og s\u00e5 endda h\u00e5ndlavet! Nysgerrig fandt jeg en kusntner og tog et introkursus, og fra allerf\u00f8rste lektion dr\u00f8mte jeg om, hvordan jeg kunne g\u00f8re det til mit arbejde. Jeg var s\u00e6rligt inspireret af en Russisk kunstner, der lavede de her helt utroligt detaljerede perler med vandm\u00e6nd indeni. De var s\u00e5 komplekse, at det n\u00e6sten synes umuligt. D\u00e9t at kunne skabe s\u00e5 sm\u00e5 og perfekte kunstv\u00e6rker blev drivkraften bag mit arbejde med glasperler.<\/p>\n<p>[\/vc_column_text][\/vc_column][\/vc_row][vc_row][vc_column][vc_empty_space height=&#8221;40px&#8221;][vc_column_text]<\/p>\n<p style=\"text-align: left;\"><strong><b>Kan du huske, den f\u00f8rste perle eller det f\u00f8rste stykke glaskunst, du formgav?<br \/>\n<\/b><\/strong><\/p>\n<p style=\"text-align: left;\">Jeg mindes, at min allerf\u00f8rste perle faktisk var ret grim. Der er dog \u00e9n perle, fra min f\u00f8rste dag ved glasbr\u00e6nderen, som jeg tydeligt husker. Den havde en dyb bl\u00e5 farve med s\u00f8lv accenter, der mindede mig om havet med sm\u00e5 \u00f8er af sand.<\/p>\n<p>[\/vc_column_text][\/vc_column][\/vc_row][vc_row][vc_column][vc_empty_space height=&#8221;40px&#8221;][\/vc_column][\/vc_row][vc_row][vc_column][vc_single_image image=&#8221;79708&#8243; img_size=&#8221;full&#8221; alignment=&#8221;center&#8221; el_class=&#8221;respon-img&#8221; css=&#8221;.vc_custom_1743073732032{margin-right: 20px !important;margin-left: 20px !important;}&#8221;][vc_column_text css=&#8221;.vc_custom_1743077977692{margin-top: 17.5px !important;}&#8221;]<\/p>\n<p style=\"text-align: left;\">Video: Maria Popkova\u00a0<a href=\"https:\/\/www.instagram.com\/popkova_maria\/\">@popkova_maria<\/a>. Med sin honning-lignende tekstur, former Maria farverige stave af massivt glas, der senere omdannes til unika glasperler.<\/p>\n<p>&nbsp;[\/vc_column_text][vc_column_text]<\/p>\n<p style=\"text-align: left;\"><strong><b>Er der et v\u00e6rk eller en genstand, du er s\u00e6rligt stolt af at have formgivet?<br \/>\n<\/b><\/strong><\/p>\n<p style=\"text-align: left;\">Jeg er stolt af mange af mine perler, men mine glas galaxer har en s\u00e6rlig betydning mig. Det var en vanskelig proces at finde de helt rigtige farver til at skabe den rette dybde i perlerne uden at kopiere andre kustneres arbejde eller opskrifter. Jeg er ogs\u00e5 utroligt stolt af mine sm\u00e5 bl\u00e6ste bobler. Det er de mindste, jeg nogensinde har set, og jeg tror ikke, at der er nogen andre, der har lavet bl\u00e6ste bobler i den st\u00f8rrelsesskala f\u00f8r. Jeg elsker generelt alle mine v\u00e6rker. Det er sv\u00e6rt ikke at holde af dem trods fejl og mangler &#8211; nogle gange bliver resultatet ogs\u00e5 langt bedre end man forventer. Ligesom med naturen og dens ufuldkommenhed, omfavner mine perler ogs\u00e5 deres.<\/p>\n<p>[\/vc_column_text][vc_empty_space height=&#8221;40px&#8221;][vc_column_text]<\/p>\n<p style=\"text-align: left;\"><strong><b>Hvordan er det at arbejde med et materiale som glas, der er s\u00e5 st\u00e6rkt og alligevel s\u00e5 skr\u00f8beligt?<\/b><\/strong><\/p>\n<p style=\"text-align: left;\">Sp\u00e6ndende og udfordrende &#8211; s\u00e6rligt hvad ang\u00e5r formgivningen og farvevalg. At formgive glas er vanskeligt, for n\u00e5r det er flydende, vil glas naturligt altid s\u00f8ge at skabe en rund form p\u00e5 grund af kapill\u00e6rkraften. Hvad ang\u00e5r farvevalg er det s\u00e6rligt vanskeligt at opn\u00e5 den \u00f8nskede farve. Modsat maling, s\u00e5 er stammer farven p\u00e5 glas fra metaloxider indeni materialet. N\u00e5r man blander farver, kan disse oxider reagere med hinanden, hvilket afgiver uventede farver eller m\u00f8nstre. Nogle gange resulterer dette sig i den farve, man oprindeligt havde forestillet sig, og andre gange frembringes der en helt anden farve, som aff\u00f8der en ny og kreativ id\u00e9. Det er en dynamisk proces, som tilf\u00f8rer arbejdet et ekstra lag af sp\u00e6ndening og innovation.<\/p>\n<p>&nbsp;[\/vc_column_text][vc_single_image image=&#8221;79709&#8243; img_size=&#8221;full&#8221; alignment=&#8221;center&#8221; el_class=&#8221;respon-img&#8221; css=&#8221;.vc_custom_1743073817733{margin-right: 20px !important;margin-left: 20px !important;}&#8221;][vc_column_text css=&#8221;.vc_custom_1743076419505{margin-top: 17.5px !important;}&#8221;]<\/p>\n<p style=\"text-align: left;\">Foto: Med sine farvestr\u00e5lende glasperler s\u00f8ger Maria at indfange et \u00f8jebliksbillede, der, lig Line Hallbergs <a href=\"https:\/\/www.linehallberg.com\/da\/fragments-of-cph\/\">FRAGMENTS OF COPENHAGEN kollektion<\/a>, skaber en unik synergi deres universer imellem.<\/p>\n<p>&nbsp;[\/vc_column_text][\/vc_column][\/vc_row][vc_row][vc_column][vc_column_text]<\/p>\n<p style=\"text-align: left;\"><b>Hvad fascinerer dig mest ved arbejdet med et fysisk h\u00e5ndv\u00e6rk?<\/b><\/p>\n<p style=\"text-align: left;\">D\u00e9t, der fascinerer mig mest ved at arbejde med glas, er den n\u00e6rmest mytiske transformation, der opst\u00e5r i arbejdet med materialet. Man starter med en massiv stav af glas, som s\u00e5 smeltes om til en honninglingende masse, der kan formgives til et nyt massivt objekt, der er ligedele skr\u00f8beligt og st\u00e6rkt. Det er en process, der p\u00e5 mange m\u00e5der f\u00f8les magisk.<\/p>\n<p>&nbsp;[\/vc_column_text][vc_column_text]<\/p>\n<p style=\"text-align: left;\"><b>Er der noget, du \u00f8nsker at kunne videregive til de kommende generationer og deres tilgang til kunsth\u00e5ndv\u00e6rk?<\/b><\/p>\n<p style=\"text-align: left;\">Jeg s\u00f8ger altid at videregive et meget simpelt men vigtigt budskab, og det er ikke at v\u00e6re bange for glassmykker. Selvom det synes skr\u00f8beligt, besidder materialet et helt utroligt potentiale for sk\u00f8nhed og kreativitet. Jeg \u00f8nsker at dele min passion for glas og inspirere andre til at udforske dets muligheder, og h\u00e5ber, at jeg gennem min arbejde kan f\u00e5 andre folks \u00f8jne op for glas og blive ved med at udvikle og skubbe gr\u00e6nserne inden for h\u00e5ndv\u00e6rk.<\/p>\n<p>[\/vc_column_text][vc_single_image image=&#8221;79109&#8243; img_size=&#8221;full&#8221; el_class=&#8221;respon-img gif-img&#8221;][vc_column_text]<\/p>\n<p style=\"text-align: left;\">Oplev det unikke samarbejde mellem Line Hallberg og <a href=\"https:\/\/www.instagram.com\/popkova_maria\/\">Maria Popkova<\/a> og deres enest\u00e5ende h\u00e5ndv\u00e6rk.<\/p>\n<p>[\/vc_column_text]<div class=\"gem-button-container gem-button-position-left thegem-button-6a03901f2c4d25387 gettimely-booking-button\"  ><a class=\"gem-button gem-button-size-small gem-button-style-flat gem-button-text-weight-normal\" data-ll-effect=\"drop-right-without-wrap\" style=\"border-radius: 3px;\" onmouseleave=\"\" onmouseenter=\"\" href=\"https:\/\/www.linehallberg.com\/da\/murano-glass-beads-composer\/\" target=\"_self\">UDFORSK KOLLEKTIONEN<\/a><\/div> [vc_column_text]&nbsp;<\/p>\n<p style=\"text-align: left;\"><b>3 kunstnere\/brands, Maria elsker at f\u00f8lge med hos<\/b><\/p>\n<p style=\"text-align: left;\"><a href=\"https:\/\/www.muchafoundation.org\/en\">Alphonse Mucha<\/a><br \/>\n<a href=\"https:\/\/fr.lalique.com\/en\">Lalique<\/a><br \/>\n<a href=\"https:\/\/blowfishglassart.com\/\">Elliot Walker<\/a>[\/vc_column_text][\/vc_column][\/vc_row]<\/p>\n","protected":false},"excerpt":{"rendered":"<p>[vc_row][vc_column][vc_column_text] Bag om kollektionen &#8211; MURANO GLASS BEADS [\/vc_column_text][\/vc_column][\/vc_row][vc_row][vc_column][vc_column_text] Lad dig fordybe og inspirere denne vinter med et eksklusivt indblik&#8230;<\/p>\n","protected":false},"author":70,"featured_media":0,"parent":65045,"menu_order":0,"comment_status":"closed","ping_status":"closed","template":"","meta":[],"yst_prominent_words":[],"acf":[],"_links":{"self":[{"href":"https:\/\/www.linehallberg.com\/da\/wp-json\/wp\/v2\/pages\/79701"}],"collection":[{"href":"https:\/\/www.linehallberg.com\/da\/wp-json\/wp\/v2\/pages"}],"about":[{"href":"https:\/\/www.linehallberg.com\/da\/wp-json\/wp\/v2\/types\/page"}],"author":[{"embeddable":true,"href":"https:\/\/www.linehallberg.com\/da\/wp-json\/wp\/v2\/users\/70"}],"replies":[{"embeddable":true,"href":"https:\/\/www.linehallberg.com\/da\/wp-json\/wp\/v2\/comments?post=79701"}],"version-history":[{"count":11,"href":"https:\/\/www.linehallberg.com\/da\/wp-json\/wp\/v2\/pages\/79701\/revisions"}],"predecessor-version":[{"id":79719,"href":"https:\/\/www.linehallberg.com\/da\/wp-json\/wp\/v2\/pages\/79701\/revisions\/79719"}],"up":[{"embeddable":true,"href":"https:\/\/www.linehallberg.com\/da\/wp-json\/wp\/v2\/pages\/65045"}],"wp:attachment":[{"href":"https:\/\/www.linehallberg.com\/da\/wp-json\/wp\/v2\/media?parent=79701"}],"wp:term":[{"taxonomy":"yst_prominent_words","embeddable":true,"href":"https:\/\/www.linehallberg.com\/da\/wp-json\/wp\/v2\/yst_prominent_words?post=79701"}],"curies":[{"name":"wp","href":"https:\/\/api.w.org\/{rel}","templated":true}]}}