{"id":81847,"date":"2026-01-07T12:19:02","date_gmt":"2026-01-07T11:19:02","guid":{"rendered":"https:\/\/www.linehallberg.com\/da\/?page_id=81847"},"modified":"2026-01-07T12:19:02","modified_gmt":"2026-01-07T11:19:02","slug":"bespoke-creations-2","status":"publish","type":"page","link":"https:\/\/www.linehallberg.com\/da\/bespoke-creations-2\/","title":{"rendered":"BESPOKE CREATIONS"},"content":{"rendered":"<p>[vc_row][vc_column][vc_column_text]<\/p>\n<h1>BESPOKE CREATIONS<\/h1>\n<p>&nbsp;<\/p>\n<p style=\"text-align: left;\">One-of-a-kind smykker, h\u00e5ndlavet af Line Hallberg.<\/p>\n<p>[\/vc_column_text][vc_empty_space height=&#8221;40px&#8221;][vc_single_image image=&#8221;81849&#8243; img_size=&#8221;full&#8221; alignment=&#8221;center&#8221;][vc_empty_space height=&#8221;40px&#8221;][\/vc_column][\/vc_row][vc_row][vc_column][vc_column_text]<\/p>\n<h3 style=\"text-align: left;\">DREAMCATCHERS KOLLEKTIONEN<\/h3>\n<p>[\/vc_column_text][vc_empty_space height=&#8221;20px&#8221;][vc_column_text]Dr\u00f8mmende og unik. Hver \u00f8rering er n\u00f8je sammensat i en kombination af 18 karat guld, funklende diamanter, bl\u00f8de turkiser og dyb bl\u00e5 lapis lazuli.<\/p>\n<p>Alle DREAMCATCHERS er prydet med eksklusive keshiperler, havets egen skat, og g\u00f8r hvert smykke til et enest\u00e5ende kunstv\u00e6rk.[\/vc_column_text][vc_empty_space][vc_column_text]<\/p>\n<h4 style=\"text-align: left;\">BESPOKE \u00d8RERINGE<\/h4>\n<p>[\/vc_column_text]<div class=\"woocommerce columns-4 \">    <div class=\"products row inline-row\">\n<div class=\"inline-column col-sm-3 col-xs-6 col-md-4 first post-63808 product type-product status-publish has-post-thumbnail product_cat-atelier-oereringe-18-karat-massivt-guld product_cat-atelier-oereringe product_tag-the-sea-col product_tag-unika-spiral-oereringe pa_precious-stones-keshi-da pa_precious-stones-lapis-lazuli-da pa_precious-stones-perler new_arrival-no collections-line-and-jo-and-the-sea-da\">\n\t<div class=\"product-inner centered-box \"   style=\"background:url('')\" >\n\n\t\t\t\t<div class=\"product-sub\">\n\t\t\t<div class=\"product-sub-title\">\n\t\t\t\t\t\t\t\t\t\t\t<p class=\"product-collection-name\">DREAMCATCHERS<\/p>\n\t\t\t\t\t\t\t<p class=\"product-sub-descriptor\">Collection<\/p>\n\t\t\t\t\t\t\t\t\t<\/div>\n\t\t<\/div>\n\t\t<a href=\"https:\/\/www.linehallberg.com\/da\/vare\/dream-catcher-lapis-gold-no-5\/\" class=\"product-image\" data-product-id=\"63808\">\n\t\t\t<div class=\"product-labels\"><span class=\"out-of-stock-label title-h6\">Out <span class=\"small\">of stock<\/span><\/span><\/div>\n\t\t\t\t\t\t\t<span class=\"product-image-inner\"><img width=\"900\" height=\"900\" src=\"https:\/\/www.linehallberg.com\/da\/wp-content\/uploads\/2022\/07\/UNIKA-DCL-4-c-900x900.jpg\" class=\"attachment-woocommerce_thumbnail size-woocommerce_thumbnail\" alt=\"\u00d8rering&lt;br&gt; DREAM CATCHER lapis guld no. 5\" loading=\"eager\" \/><span class=\"woo-product-overlay\"><\/span><\/span>\n\t\t\t\t\t<\/a>\n\n\t\t<div class=\"product-info clearfix\">\n\t\t\t<div class=\"product-info-cont\">\n\t\t\t\t\t\t\t\t<div class=\"product-title title-h6\"><a href=\"https:\/\/www.linehallberg.com\/da\/vare\/dream-catcher-lapis-gold-no-5\/\">\u00d8rering<br> DREAM CATCHER lapis guld no. 5<\/a><\/div>\n\t\t\t\t\n\t<div class=\"product-price\"><span class=\"price\"><span class=\"woocommerce-Price-amount\"><bdi><span class=\"woocommerce-Price-currencySymbol\">kr.<\/span>20,000.00<\/bdi><\/span><\/span><\/div>\n\t\t\t\t<p>18 KARAT MASSIVT GULD<\/p>\n\t\t\t\t\t\t\t\t\t<div class=\"product-price-wrapper\">\n\t\t\t\t\t\t\t\t\t\t<span class=\"woocommerce-Price-amount\"><bdi><span class=\"woocommerce-Price-currencySymbol\">kr.<\/span>20,000.00<\/bdi><\/span>        <\/div>\n\t\t\t\t\t\t\t<\/div>\n\t\t<\/div>\n\n\t<\/div>\n<\/div><div class=\"inline-column col-sm-3 col-xs-6 col-md-4 post-63732 product type-product status-publish has-post-thumbnail product_cat-atelier-oereringe-18-karat-massivt-guld product_cat-atelier-oereringe product_tag-the-sea-col product_tag-unika-spiral-oereringe pa_precious-stones-keshi-da pa_precious-stones-lapis-lazuli-da pa_precious-stones-perler new_arrival-no collections-line-and-jo-and-the-sea-da\">\n\t<div class=\"product-inner centered-box \"   style=\"background:url('')\" >\n\n\t\t\t\t<div class=\"product-sub\">\n\t\t\t<div class=\"product-sub-title\">\n\t\t\t\t\t\t\t\t\t\t\t<p class=\"product-collection-name\">DREAMCATCHERS<\/p>\n\t\t\t\t\t\t\t<p class=\"product-sub-descriptor\">Collection<\/p>\n\t\t\t\t\t\t\t\t\t<\/div>\n\t\t<\/div>\n\t\t<a href=\"https:\/\/www.linehallberg.com\/da\/vare\/dream-catcher-lapis-gold-no-4\/\" class=\"product-image\" data-product-id=\"63732\">\n\t\t\t<div class=\"product-labels\"><span class=\"out-of-stock-label title-h6\">Out <span class=\"small\">of stock<\/span><\/span><\/div>\n\t\t\t\t\t\t\t<span class=\"product-image-inner\"><img width=\"900\" height=\"900\" src=\"https:\/\/www.linehallberg.com\/da\/wp-content\/uploads\/2022\/07\/UNIKA-DCL-4-900x900.jpg\" class=\"attachment-woocommerce_thumbnail size-woocommerce_thumbnail\" alt=\"\u00d8rering&lt;br&gt; DREAM CATCHER lapis guld no. 4\" loading=\"eager\" \/><span class=\"woo-product-overlay\"><\/span><\/span>\n\t\t\t\t\t<\/a>\n\n\t\t<div class=\"product-info clearfix\">\n\t\t\t<div class=\"product-info-cont\">\n\t\t\t\t\t\t\t\t<div class=\"product-title title-h6\"><a href=\"https:\/\/www.linehallberg.com\/da\/vare\/dream-catcher-lapis-gold-no-4\/\">\u00d8rering<br> DREAM CATCHER lapis guld no. 4<\/a><\/div>\n\t\t\t\t\n\t<div class=\"product-price\"><span class=\"price\"><span class=\"woocommerce-Price-amount\"><bdi><span class=\"woocommerce-Price-currencySymbol\">kr.<\/span>20,000.00<\/bdi><\/span><\/span><\/div>\n\t\t\t\t<p>18 KARAT MASSIVT GULD<\/p>\n\t\t\t\t\t\t\t\t\t<div class=\"product-price-wrapper\">\n\t\t\t\t\t\t\t\t\t\t<span class=\"woocommerce-Price-amount\"><bdi><span class=\"woocommerce-Price-currencySymbol\">kr.<\/span>20,000.00<\/bdi><\/span>        <\/div>\n\t\t\t\t\t\t\t<\/div>\n\t\t<\/div>\n\n\t<\/div>\n<\/div><div class=\"inline-column col-sm-3 col-xs-6 col-md-4 post-62316 product type-product status-publish has-post-thumbnail product_cat-atelier-oereringe-18-karat-massivt-guld product_cat-atelier-oereringe product_tag-the-sea-col product_tag-unika-spiral-oereringe pa_precious-stones-keshi-da pa_precious-stones-lapis-lazuli-da pa_precious-stones-perler new_arrival-no collections-line-and-jo-and-the-sea-da\">\n\t<div class=\"product-inner centered-box \"   style=\"background:url('')\" >\n\n\t\t\t\t<div class=\"product-sub\">\n\t\t\t<div class=\"product-sub-title\">\n\t\t\t\t\t\t\t\t\t\t\t<p class=\"product-collection-name\">DREAMCATCHERS<\/p>\n\t\t\t\t\t\t\t<p class=\"product-sub-descriptor\">Collection<\/p>\n\t\t\t\t\t\t\t\t\t<\/div>\n\t\t<\/div>\n\t\t<a href=\"https:\/\/www.linehallberg.com\/da\/vare\/dream-catcher-lapis-gold-no-1\/\" class=\"product-image\" data-product-id=\"62316\">\n\t\t\t<div class=\"product-labels\"><\/div>\n\t\t\t\t\t\t\t<span class=\"product-image-inner\"><img width=\"900\" height=\"905\" src=\"https:\/\/www.linehallberg.com\/da\/wp-content\/uploads\/2022\/07\/DC-LAPIS-1-900x905.jpg\" class=\"attachment-woocommerce_thumbnail size-woocommerce_thumbnail\" alt=\"\u00d8rering&lt;br&gt; DREAM CATCHER lapis guld no. 1\" loading=\"eager\" \/><span class=\"woo-product-overlay\"><\/span><\/span>\n\t\t\t\t\t<\/a>\n\n\t\t<div class=\"product-info clearfix\">\n\t\t\t<div class=\"product-info-cont\">\n\t\t\t\t\t\t\t\t<div class=\"product-title title-h6\"><a href=\"https:\/\/www.linehallberg.com\/da\/vare\/dream-catcher-lapis-gold-no-1\/\">\u00d8rering<br> DREAM CATCHER lapis guld no. 1<\/a><\/div>\n\t\t\t\t\n\t<div class=\"product-price\"><span class=\"price\"><span class=\"woocommerce-Price-amount\"><bdi><span class=\"woocommerce-Price-currencySymbol\">kr.<\/span>16,000.00<\/bdi><\/span><\/span><\/div>\n\t\t\t\t<p>18 KARAT MASSIVT GULD<\/p>\n\t\t\t\t\t\t\t\t\t<div class=\"product-price-wrapper\">\n\t\t\t\t\t\t\t\t\t\t<span class=\"woocommerce-Price-amount\"><bdi><span class=\"woocommerce-Price-currencySymbol\">kr.<\/span>16,000.00<\/bdi><\/span>        <\/div>\n\t\t\t\t\t\t\t<\/div>\n\t\t<\/div>\n\n\t<\/div>\n<\/div><div class=\"inline-column col-sm-3 col-xs-6 col-md-4 last post-74945 product type-product status-publish has-post-thumbnail product_cat-atelier-oereringe-18-karat-massivt-guld product_cat-atelier-oereringe product_tag-the-sea-col product_tag-unika-spiral-oereringe pa_precious-stones-keshi-da pa_precious-stones-perler pa_precious-stones-turkiser collections-line-and-jo-and-the-sea-da\">\n\t<div class=\"product-inner centered-box \"   style=\"background:url('')\" >\n\n\t\t\t\t<div class=\"product-sub\">\n\t\t\t<div class=\"product-sub-title\">\n\t\t\t\t\t\t\t\t\t\t\t<p class=\"product-collection-name\">DREAMCATCHERS<\/p>\n\t\t\t\t\t\t\t<p class=\"product-sub-descriptor\">Collection<\/p>\n\t\t\t\t\t\t\t\t\t<\/div>\n\t\t<\/div>\n\t\t<a href=\"https:\/\/www.linehallberg.com\/da\/vare\/oerering-dream-catcher-turquoise-gold-no-2\/\" class=\"product-image\" data-product-id=\"74945\">\n\t\t\t<div class=\"product-labels\"><\/div>\n\t\t\t\t\t\t\t<span class=\"product-image-inner\"><img width=\"900\" height=\"900\" src=\"https:\/\/www.linehallberg.com\/da\/wp-content\/uploads\/2024\/09\/DREAM-CATCHER-TURQUOISE-8-gold-900x900.jpg\" class=\"attachment-woocommerce_thumbnail size-woocommerce_thumbnail\" alt=\"\u00d8rering&lt;br&gt; DREAM CATCHER turquoise gold no. 2\" loading=\"eager\" \/><span class=\"woo-product-overlay\"><\/span><\/span>\n\t\t\t\t\t<\/a>\n\n\t\t<div class=\"product-info clearfix\">\n\t\t\t<div class=\"product-info-cont\">\n\t\t\t\t\t\t\t\t<div class=\"product-title title-h6\"><a href=\"https:\/\/www.linehallberg.com\/da\/vare\/oerering-dream-catcher-turquoise-gold-no-2\/\">\u00d8rering<br> DREAM CATCHER turquoise gold no. 2<\/a><\/div>\n\t\t\t\t\n\t<div class=\"product-price\"><span class=\"price\"><span class=\"woocommerce-Price-amount\"><bdi><span class=\"woocommerce-Price-currencySymbol\">kr.<\/span>16,300.00<\/bdi><\/span><\/span><\/div>\n\t\t\t\t<p>18 KARAT MASSIVT GULD<\/p>\n\t\t\t\t\t\t\t\t\t<div class=\"product-price-wrapper\">\n\t\t\t\t\t\t\t\t\t\t<span class=\"woocommerce-Price-amount\"><bdi><span class=\"woocommerce-Price-currencySymbol\">kr.<\/span>16,300.00<\/bdi><\/span>        <\/div>\n\t\t\t\t\t\t\t<\/div>\n\t\t<\/div>\n\n\t<\/div>\n<\/div>    <\/div>\n<\/div>[vc_empty_space height=&#8221;40px&#8221;][vc_column_text]<\/p>\n<h3 style=\"text-align: left;\">FRAGMENTS OF SICILY KOLLEKTIONEN<\/h3>\n<p>[\/vc_column_text][vc_empty_space height=&#8221;20px&#8221;][vc_column_text]<\/p>\n<p style=\"text-align: left;\">Inspireret af Siciliens arkitektoniske skatte.<\/p>\n<p style=\"text-align: left;\"><em>&#8220;At g\u00e5 p\u00e5 opdagelse i det sicilianske skattekammer af silhuetter, arkitektur og fort\u00e6llinger er en k\u00e6mpe inspiration til at skabe smykker. Figurerne repr\u00e6senterer for mig konkrete motiver i den fysiske verden, hvor teknologi ikke findes og alt, der blev bygget, blev gjort af menneskeh\u00e6nder.<\/em><\/p>\n<h4 style=\"text-align: left;\">&#8211; Line Hallberg<\/h4>\n<p>[\/vc_column_text][vc_empty_space][vc_column_text]<\/p>\n<h4 style=\"text-align: left;\">BESPOKE RINGE<\/h4>\n<p>[\/vc_column_text]<div class=\"woocommerce columns-4 \">    <div class=\"products row inline-row\">\n<div class=\"inline-column col-sm-3 col-xs-6 col-md-4 first post-68440 product type-product status-publish has-post-thumbnail product_cat-atelier-ringe-18-karat-massivt-guld product_cat-atelier-ringe product_tag-forlovelsesringe-da pa_precious-stones-diamanter collections-fragments-of-sicily\">\n\t<div class=\"product-inner centered-box \"   style=\"background:url('')\" >\n\n\t\t\t\t<div class=\"product-sub\">\n\t\t\t<div class=\"product-sub-title\">\n\t\t\t\t\t\t\t\t\t\t\t<p class=\"product-collection-name\">FRAGMENTS OF SICILY<\/p>\n\t\t\t\t\t\t\t<p class=\"product-sub-descriptor\">Collection<\/p>\n\t\t\t\t\t\t\t\t\t<\/div>\n\t\t<\/div>\n\t\t<a href=\"https:\/\/www.linehallberg.com\/da\/vare\/ring-ricily-one-guld-diamant\/\" class=\"product-image\" data-product-id=\"68440\">\n\t\t\t<div class=\"product-labels\"><span class=\"out-of-stock-label title-h6\">Out <span class=\"small\">of stock<\/span><\/span><\/div>\n\t\t\t\t\t\t\t<span class=\"product-image-inner\"><img width=\"900\" height=\"900\" src=\"https:\/\/www.linehallberg.com\/da\/wp-content\/uploads\/2023\/06\/SICILY-TWO-gold-diamond-900x900.png\" class=\"attachment-woocommerce_thumbnail size-woocommerce_thumbnail\" alt=\"Ring &lt;br&gt; RICILY ONE guld diamant\" loading=\"eager\" \/><img width=\"900\" height=\"900\" src=\"https:\/\/www.linehallberg.com\/da\/wp-content\/uploads\/2023\/06\/SICILY-TWO-gold-diamond-B-900x900.png\" class=\"attachment woo-product-hover\" alt=\"Ring &lt;br&gt; RICILY ONE guld diamant\" loading=\"eager\" \/><\/span>\n\t\t\t\t\t<\/a>\n\n\t\t<div class=\"product-info clearfix\">\n\t\t\t<div class=\"product-info-cont\">\n\t\t\t\t\t\t\t\t<div class=\"product-title title-h6\"><a href=\"https:\/\/www.linehallberg.com\/da\/vare\/ring-ricily-one-guld-diamant\/\">Ring <br> RICILY ONE guld diamant<\/a><\/div>\n\t\t\t\t\n\t\t\t\t<p>18 KARAT MASSIVT GULD<\/p>\n\t\t\t\t\t\t\t\t\t<p>Pris p\u00e5 foresp\u00f8rgsel<\/p>\n\t\t\t\t\t\t\t<\/div>\n\t\t<\/div>\n\n\t<\/div>\n<\/div><div class=\"inline-column col-sm-3 col-xs-6 col-md-4 post-68415 product type-product status-publish has-post-thumbnail product_cat-atelier-ringe-18-karat-massivt-guld product_cat-atelier-ringe product_tag-forlovelsesringe-da pa_precious-stones-diamanter collections-fragments-of-sicily\">\n\t<div class=\"product-inner centered-box \"   style=\"background:url('')\" >\n\n\t\t\t\t<div class=\"product-sub\">\n\t\t\t<div class=\"product-sub-title\">\n\t\t\t\t\t\t\t\t\t\t\t<p class=\"product-collection-name\">FRAGMENTS OF SICILY<\/p>\n\t\t\t\t\t\t\t<p class=\"product-sub-descriptor\">Collection<\/p>\n\t\t\t\t\t\t\t\t\t<\/div>\n\t\t<\/div>\n\t\t<a href=\"https:\/\/www.linehallberg.com\/da\/vare\/ring-ricily-two-guld-diamant\/\" class=\"product-image\" data-product-id=\"68415\">\n\t\t\t<div class=\"product-labels\"><span class=\"out-of-stock-label title-h6\">Out <span class=\"small\">of stock<\/span><\/span><\/div>\n\t\t\t\t\t\t\t<span class=\"product-image-inner\"><img width=\"900\" height=\"900\" src=\"https:\/\/www.linehallberg.com\/da\/wp-content\/uploads\/2023\/06\/SICILY-ONE-gold-diamond-900x900.png\" class=\"attachment-woocommerce_thumbnail size-woocommerce_thumbnail\" alt=\"Ring &lt;br&gt; RICILY TWO guld diamant\" loading=\"eager\" \/><img width=\"900\" height=\"900\" src=\"https:\/\/www.linehallberg.com\/da\/wp-content\/uploads\/2023\/06\/SICILY-ONE-gold-diamond-B-900x900.png\" class=\"attachment woo-product-hover\" alt=\"Ring &lt;br&gt; RICILY TWO guld diamant\" loading=\"eager\" \/><\/span>\n\t\t\t\t\t<\/a>\n\n\t\t<div class=\"product-info clearfix\">\n\t\t\t<div class=\"product-info-cont\">\n\t\t\t\t\t\t\t\t<div class=\"product-title title-h6\"><a href=\"https:\/\/www.linehallberg.com\/da\/vare\/ring-ricily-two-guld-diamant\/\">Ring <br> RICILY TWO guld diamant<\/a><\/div>\n\t\t\t\t\n\t\t\t\t<p>18 KARAT MASSIVT GULD<\/p>\n\t\t\t\t\t\t\t\t\t<p>Pris p\u00e5 foresp\u00f8rgsel<\/p>\n\t\t\t\t\t\t\t<\/div>\n\t\t<\/div>\n\n\t<\/div>\n<\/div>    <\/div>\n<\/div>[vc_empty_space height=&#8221;50px&#8221;][vc_empty_space height=&#8221;50px&#8221;][\/vc_column][\/vc_row][vc_row el_class=&#8221;hidden&#8221;][vc_column][vc_tta_accordion section_title_tag=&#8221;h2&#8243; style=&#8221;modern&#8221; shape=&#8221;square&#8221; color=&#8221;white&#8221; c_align=&#8221;center&#8221; active_section=&#8221;10000&#8243; collapsible_all=&#8221;true&#8221; el_class=&#8221;piercing-jwlry&#8221;][vc_tta_section title=&#8221;L. COLLECTION&#8221; tab_id=&#8221;1721049814656-ff351dbb-ff6b&#8221;][vc_column_text]<\/p>\n<p style=\"text-align: center;\">The L. Collection consist of a selection of our signature designs. The balance between simplistic, sparkling diamonds and new shapes are turned into jewellery you can be pierced with right away in our Piercing Salon, or use in your healed piercings as they have a flat-back stem for optimal comfort.<\/p>\n<p>[\/vc_column_text]<div class=\"woocommerce columns-4 \">    <div class=\"products row inline-row\">\n<div class=\"inline-column col-sm-3 col-xs-6 col-md-4 first post-73117 product type-product status-publish has-post-thumbnail product_cat-massivt-hvidguld product_cat-piercingsmykker product_tag-guld-oereringe product_tag-guld-piercing-smykker product_tag-piercingsmykker product_tag-smykker-til-helede-piercinger pa_materials-18-karat-hvidguld collections-l-piercingsmykker\">\n\t<div class=\"product-inner centered-box \"   style=\"background:url('')\" >\n\n\t\t\t\t<div class=\"product-sub\">\n\t\t\t<div class=\"product-sub-title\">\n\t\t\t\t\t\t\t\t\t\t\t<p class=\"product-collection-name\">L.<\/p>\n\t\t\t\t\t\t\t<p class=\"product-sub-descriptor\">Collection<\/p>\n\t\t\t\t\t\t\t\t\t<\/div>\n\t\t<\/div>\n\t\t<a href=\"https:\/\/www.linehallberg.com\/da\/vare\/piercingoerering-l-ediamond-x5-hvidguld-diamant-inklusive-stem-two\/\" class=\"product-image\" data-product-id=\"73117\">\n\t\t\t<div class=\"product-labels\"><\/div>\n\t\t\t\t\t\t\t<span class=\"product-image-inner\"><img width=\"900\" height=\"900\" src=\"https:\/\/www.linehallberg.com\/da\/wp-content\/uploads\/2024\/03\/L.-EDIAMOND-X5_A-wg-900x900.jpg\" class=\"attachment-woocommerce_thumbnail size-woocommerce_thumbnail\" alt=\"Flat back piercingsmykke&lt;br&gt; L. EDIAMOND x5 hvidguld diamant inklusiv STEM TWO\" loading=\"eager\" \/><img width=\"1500\" height=\"1500\" src=\"https:\/\/www.linehallberg.com\/da\/wp-content\/uploads\/2024\/03\/L.-EDIAMOND-X5_B-wg.jpg\" class=\"attachment woo-product-hover\" alt=\"Flat back piercingsmykke&lt;br&gt; L. EDIAMOND x5 hvidguld diamant inklusiv STEM TWO\" loading=\"eager\" \/><\/span>\n\t\t\t\t\t<\/a>\n\n\t\t<div class=\"product-info clearfix\">\n\t\t\t<div class=\"product-info-cont\">\n\t\t\t\t\t\t\t\t<div class=\"product-title title-h6\"><a href=\"https:\/\/www.linehallberg.com\/da\/vare\/piercingoerering-l-ediamond-x5-hvidguld-diamant-inklusive-stem-two\/\">Flat back piercingsmykke<br> L. EDIAMOND x5 hvidguld diamant inklusiv STEM TWO<\/a><\/div>\n\t\t\t\t\n\t\t\t\t<p>14 KARAT MASSIVT HVIDGULD<\/p>\n\t\t\t\t\t\t\t\t\t<p>Pris p\u00e5 foresp\u00f8rgsel<\/p>\n\t\t\t\t\t\t\t<\/div>\n\t\t<\/div>\n\n\t<\/div>\n<\/div><div class=\"inline-column col-sm-3 col-xs-6 col-md-4 post-73123 product type-product status-publish has-post-thumbnail product_cat-massivt-hvidguld product_cat-piercingsmykker product_tag-guld-oereringe product_tag-guld-piercing-smykker product_tag-piercingsmykker product_tag-smykker-til-helede-piercinger pa_materials-18-karat-hvidguld collections-l-piercingsmykker\">\n\t<div class=\"product-inner centered-box \"   style=\"background:url('')\" >\n\n\t\t\t\t<div class=\"product-sub\">\n\t\t\t<div class=\"product-sub-title\">\n\t\t\t\t\t\t\t\t\t\t\t<p class=\"product-collection-name\">L.<\/p>\n\t\t\t\t\t\t\t<p class=\"product-sub-descriptor\">Collection<\/p>\n\t\t\t\t\t\t\t\t\t<\/div>\n\t\t<\/div>\n\t\t<a href=\"https:\/\/www.linehallberg.com\/da\/vare\/piercingoerering-l-eldridge-02-hvidguld-diamant-inklusive-stem-one\/\" class=\"product-image\" data-product-id=\"73123\">\n\t\t\t<div class=\"product-labels\"><\/div>\n\t\t\t\t\t\t\t<span class=\"product-image-inner\"><img width=\"900\" height=\"900\" src=\"https:\/\/www.linehallberg.com\/da\/wp-content\/uploads\/2024\/03\/L.-ELDRIDGE-2_A-wg-900x900.jpg\" class=\"attachment-woocommerce_thumbnail size-woocommerce_thumbnail\" alt=\"Flat back piercingsmykke \/ F\u00e5s som \u00f8restik&lt;br&gt; L. ELDRIDGE 02 hvidguld diamant inklusiv STEM ONE\" loading=\"eager\" \/><img width=\"1500\" height=\"1500\" src=\"https:\/\/www.linehallberg.com\/da\/wp-content\/uploads\/2024\/03\/L.-ELDRIDGE-02_B-wg.jpg\" class=\"attachment woo-product-hover\" alt=\"Flat back piercingsmykke \/ F\u00e5s som \u00f8restik&lt;br&gt; L. ELDRIDGE 02 hvidguld diamant inklusiv STEM ONE\" loading=\"eager\" \/><\/span>\n\t\t\t\t\t<\/a>\n\n\t\t<div class=\"product-info clearfix\">\n\t\t\t<div class=\"product-info-cont\">\n\t\t\t\t\t\t\t\t<div class=\"product-title title-h6\"><a href=\"https:\/\/www.linehallberg.com\/da\/vare\/piercingoerering-l-eldridge-02-hvidguld-diamant-inklusive-stem-one\/\">Flat back piercingsmykke \/ F\u00e5s som \u00f8restik<br> L. ELDRIDGE 02 hvidguld diamant inklusiv STEM ONE<\/a><\/div>\n\t\t\t\t\n\t\t\t\t<p>14 KARAT MASSIVT HVIDGULD<\/p>\n\t\t\t\t\t\t\t\t\t<p>Pris p\u00e5 foresp\u00f8rgsel<\/p>\n\t\t\t\t\t\t\t<\/div>\n\t\t<\/div>\n\n\t<\/div>\n<\/div>    <\/div>\n<\/div>[\/vc_tta_section][vc_tta_section title=&#8221;TITANIUM RINGS&#8221; tab_id=&#8221;1721049814656-dd3599eb-7bb1&#8243;][vc_column_text]Titanium is a biocompatible metal, which means that you can get pierced directly with it without your body rejecting it. These pieces are not LINE&amp;JO design, but you can get pierced with them in a septum or daith piercing. The jewellery go through a long cleaning and sterilization process before it is inserted in a fresh piercing. The rings can also be used in healed piercings.[\/vc_column_text]<div class=\"woocommerce columns-4 \"><\/div>[\/vc_tta_section][vc_tta_section title=&#8221;TITANIUM STUDS&#8221; tab_id=&#8221;1721049892027-664171d8-6fbc&#8221;][vc_column_text]<\/p>\n<div>Titanium is a biocompatible metal, which means that you can get pierced directly with these piece in the LINE&amp;JO Piercing Salon. These pieces are not LINE&amp;JO design and is available exclusively when getting pierced and cannot be purchased separately.<\/div>\n<p>[\/vc_column_text]<div class=\"woocommerce columns-4 \"><\/div>[\/vc_tta_section][\/vc_tta_accordion][\/vc_column][\/vc_row]<\/p>\n","protected":false},"excerpt":{"rendered":"<p>[vc_row][vc_column][vc_column_text] BESPOKE CREATIONS &nbsp; One-of-a-kind smykker, h\u00e5ndlavet af Line Hallberg. [\/vc_column_text][vc_empty_space height=&#8221;40px&#8221;][vc_single_image image=&#8221;81849&#8243; img_size=&#8221;full&#8221; alignment=&#8221;center&#8221;][vc_empty_space height=&#8221;40px&#8221;][\/vc_column][\/vc_row][vc_row][vc_column][vc_column_text] DREAMCATCHERS KOLLEKTIONEN [\/vc_column_text][vc_empty_space height=&#8221;20px&#8221;][vc_column_text]Dr\u00f8mmende&#8230;<\/p>\n","protected":false},"author":70,"featured_media":0,"parent":0,"menu_order":0,"comment_status":"closed","ping_status":"closed","template":"","meta":[],"yst_prominent_words":[1658],"acf":[],"_links":{"self":[{"href":"https:\/\/www.linehallberg.com\/da\/wp-json\/wp\/v2\/pages\/81847"}],"collection":[{"href":"https:\/\/www.linehallberg.com\/da\/wp-json\/wp\/v2\/pages"}],"about":[{"href":"https:\/\/www.linehallberg.com\/da\/wp-json\/wp\/v2\/types\/page"}],"author":[{"embeddable":true,"href":"https:\/\/www.linehallberg.com\/da\/wp-json\/wp\/v2\/users\/70"}],"replies":[{"embeddable":true,"href":"https:\/\/www.linehallberg.com\/da\/wp-json\/wp\/v2\/comments?post=81847"}],"version-history":[{"count":2,"href":"https:\/\/www.linehallberg.com\/da\/wp-json\/wp\/v2\/pages\/81847\/revisions"}],"predecessor-version":[{"id":81850,"href":"https:\/\/www.linehallberg.com\/da\/wp-json\/wp\/v2\/pages\/81847\/revisions\/81850"}],"wp:attachment":[{"href":"https:\/\/www.linehallberg.com\/da\/wp-json\/wp\/v2\/media?parent=81847"}],"wp:term":[{"taxonomy":"yst_prominent_words","embeddable":true,"href":"https:\/\/www.linehallberg.com\/da\/wp-json\/wp\/v2\/yst_prominent_words?post=81847"}],"curies":[{"name":"wp","href":"https:\/\/api.w.org\/{rel}","templated":true}]}}