{"id":59683,"date":"2017-11-30T18:50:03","date_gmt":"2017-11-30T17:50:03","guid":{"rendered":"http:\/\/lineandjo.chost.cloud\/da\/vare\/miss-bara-pagoria-grey\/"},"modified":"2026-01-16T13:43:50","modified_gmt":"2026-01-16T12:43:50","slug":"miss-bara-pagoria-grey","status":"publish","type":"product","link":"https:\/\/www.linehallberg.com\/da\/vare\/miss-bara-pagoria-grey\/","title":{"rendered":"K\u00e6de armb\u00e5nd<br> BARA PAGORIA gr\u00e5t sterlings\u00f8lv"},"content":{"rendered":"","protected":false},"excerpt":{"rendered":"","protected":false},"featured_media":80709,"template":"","meta":[],"product_cat":[1318,1427],"product_tag":[2369,2372,2517,2432,2452],"collections":[1402],"bundle_layout":"","bundle_add_to_cart_form_location":"","bundle_editable_in_cart":false,"bundle_sold_individually_context":"","bundle_item_grouping":"","bundle_min_size":"","bundle_max_size":"","bundled_by":[],"bundled_items":[],"acf":[],"_links":{"self":[{"href":"https:\/\/www.linehallberg.com\/da\/wp-json\/wp\/v2\/product\/59683"}],"collection":[{"href":"https:\/\/www.linehallberg.com\/da\/wp-json\/wp\/v2\/product"}],"about":[{"href":"https:\/\/www.linehallberg.com\/da\/wp-json\/wp\/v2\/types\/product"}],"wp:featuredmedia":[{"embeddable":true,"href":"https:\/\/www.linehallberg.com\/da\/wp-json\/wp\/v2\/media\/80709"}],"wp:attachment":[{"href":"https:\/\/www.linehallberg.com\/da\/wp-json\/wp\/v2\/media?parent=59683"}],"wp:term":[{"taxonomy":"product_cat","embeddable":true,"href":"https:\/\/www.linehallberg.com\/da\/wp-json\/wp\/v2\/product_cat?post=59683"},{"taxonomy":"product_tag","embeddable":true,"href":"https:\/\/www.linehallberg.com\/da\/wp-json\/wp\/v2\/product_tag?post=59683"},{"taxonomy":"collections","embeddable":true,"href":"https:\/\/www.linehallberg.com\/da\/wp-json\/wp\/v2\/collections?post=59683"}],"curies":[{"name":"wp","href":"https:\/\/api.w.org\/{rel}","templated":true}]}}