{"id":61537,"date":"2018-10-25T12:15:12","date_gmt":"2018-10-25T10:15:12","guid":{"rendered":"http:\/\/lineandjo.chost.cloud\/da\/vare\/miss-palvi-grey-rund-til-oereringe\/"},"modified":"2026-04-28T15:00:56","modified_gmt":"2026-04-28T13:00:56","slug":"miss-palvi-grey-rund-til-oereringe","status":"publish","type":"product","link":"https:\/\/www.linehallberg.com\/da\/vare\/miss-palvi-grey-rund-til-oereringe\/","title":{"rendered":"Vedh\u00e6ng til \u00f8rering<br> MINI PALVI gr\u00e5t sterlings\u00f8lv (rundt lille \u00f8sken)"},"content":{"rendered":"","protected":false},"excerpt":{"rendered":"","protected":false},"featured_media":83059,"template":"","meta":[],"product_cat":[1444,1441],"product_tag":[2414,2485,2440,2480,2442,2415],"collections":[2502],"bundle_layout":"","bundle_add_to_cart_form_location":"","bundle_editable_in_cart":false,"bundle_sold_individually_context":"","bundle_item_grouping":"","bundle_min_size":"","bundle_max_size":"","bundled_by":["66989","67019"],"bundled_items":[],"acf":[],"_links":{"self":[{"href":"https:\/\/www.linehallberg.com\/da\/wp-json\/wp\/v2\/product\/61537"}],"collection":[{"href":"https:\/\/www.linehallberg.com\/da\/wp-json\/wp\/v2\/product"}],"about":[{"href":"https:\/\/www.linehallberg.com\/da\/wp-json\/wp\/v2\/types\/product"}],"wp:featuredmedia":[{"embeddable":true,"href":"https:\/\/www.linehallberg.com\/da\/wp-json\/wp\/v2\/media\/83059"}],"wp:attachment":[{"href":"https:\/\/www.linehallberg.com\/da\/wp-json\/wp\/v2\/media?parent=61537"}],"wp:term":[{"taxonomy":"product_cat","embeddable":true,"href":"https:\/\/www.linehallberg.com\/da\/wp-json\/wp\/v2\/product_cat?post=61537"},{"taxonomy":"product_tag","embeddable":true,"href":"https:\/\/www.linehallberg.com\/da\/wp-json\/wp\/v2\/product_tag?post=61537"},{"taxonomy":"collections","embeddable":true,"href":"https:\/\/www.linehallberg.com\/da\/wp-json\/wp\/v2\/collections?post=61537"}],"curies":[{"name":"wp","href":"https:\/\/api.w.org\/{rel}","templated":true}]}}