{"id":61614,"date":"2019-06-13T15:17:56","date_gmt":"2019-06-13T13:17:56","guid":{"rendered":"http:\/\/lineandjo.chost.cloud\/da\/vare\/miss-palfrey-grey-oval-til-halskaeder\/"},"modified":"2025-10-08T15:42:58","modified_gmt":"2025-10-08T13:42:58","slug":"miss-palfrey-grey-oval-til-halskaeder","status":"publish","type":"product","link":"https:\/\/www.linehallberg.com\/da\/vare\/miss-palfrey-grey-oval-til-halskaeder\/","title":{"rendered":"Vedh\u00e6ng til halsk\u00e6de<br> MINI PALFREY gr\u00e5t sterlings\u00f8lv (oval)"},"content":{"rendered":"","protected":false},"excerpt":{"rendered":"","protected":false},"featured_media":61615,"template":"","meta":[],"product_cat":[1444,1441],"product_tag":[2440,2444,2417],"collections":[2502],"bundle_layout":"","bundle_add_to_cart_form_location":"","bundle_editable_in_cart":false,"bundle_sold_individually_context":"","bundle_item_grouping":"","bundle_min_size":"","bundle_max_size":"","bundled_by":[],"bundled_items":[],"acf":[],"_links":{"self":[{"href":"https:\/\/www.linehallberg.com\/da\/wp-json\/wp\/v2\/product\/61614"}],"collection":[{"href":"https:\/\/www.linehallberg.com\/da\/wp-json\/wp\/v2\/product"}],"about":[{"href":"https:\/\/www.linehallberg.com\/da\/wp-json\/wp\/v2\/types\/product"}],"wp:featuredmedia":[{"embeddable":true,"href":"https:\/\/www.linehallberg.com\/da\/wp-json\/wp\/v2\/media\/61615"}],"wp:attachment":[{"href":"https:\/\/www.linehallberg.com\/da\/wp-json\/wp\/v2\/media?parent=61614"}],"wp:term":[{"taxonomy":"product_cat","embeddable":true,"href":"https:\/\/www.linehallberg.com\/da\/wp-json\/wp\/v2\/product_cat?post=61614"},{"taxonomy":"product_tag","embeddable":true,"href":"https:\/\/www.linehallberg.com\/da\/wp-json\/wp\/v2\/product_tag?post=61614"},{"taxonomy":"collections","embeddable":true,"href":"https:\/\/www.linehallberg.com\/da\/wp-json\/wp\/v2\/collections?post=61614"}],"curies":[{"name":"wp","href":"https:\/\/api.w.org\/{rel}","templated":true}]}}