{"id":61760,"date":"2017-11-30T18:50:12","date_gmt":"2017-11-30T17:50:12","guid":{"rendered":"http:\/\/lineandjo.chost.cloud\/da\/vare\/miss-panewell-gold-rund-til-oereringe\/"},"modified":"2025-02-17T13:19:22","modified_gmt":"2025-02-17T12:19:22","slug":"miss-panewell-gold-rund-til-oereringe","status":"publish","type":"product","link":"https:\/\/www.linehallberg.com\/da\/vare\/miss-panewell-gold-rund-til-oereringe\/","title":{"rendered":"Vedh\u00e6ng til \u00f8rering<br> MINI PANEWELL guld (rundt lille \u00f8sken)"},"content":{"rendered":"","protected":false},"excerpt":{"rendered":"","protected":false},"featured_media":74162,"template":"","meta":[],"product_cat":[1445,1441],"product_tag":[2416,2441,2482,2443,2485,2415],"collections":[2502],"bundle_layout":"","bundle_add_to_cart_form_location":"","bundle_editable_in_cart":false,"bundle_sold_individually_context":"","bundle_item_grouping":"","bundle_min_size":"","bundle_max_size":"","bundled_by":[],"bundled_items":[],"acf":[],"_links":{"self":[{"href":"https:\/\/www.linehallberg.com\/da\/wp-json\/wp\/v2\/product\/61760"}],"collection":[{"href":"https:\/\/www.linehallberg.com\/da\/wp-json\/wp\/v2\/product"}],"about":[{"href":"https:\/\/www.linehallberg.com\/da\/wp-json\/wp\/v2\/types\/product"}],"wp:featuredmedia":[{"embeddable":true,"href":"https:\/\/www.linehallberg.com\/da\/wp-json\/wp\/v2\/media\/74162"}],"wp:attachment":[{"href":"https:\/\/www.linehallberg.com\/da\/wp-json\/wp\/v2\/media?parent=61760"}],"wp:term":[{"taxonomy":"product_cat","embeddable":true,"href":"https:\/\/www.linehallberg.com\/da\/wp-json\/wp\/v2\/product_cat?post=61760"},{"taxonomy":"product_tag","embeddable":true,"href":"https:\/\/www.linehallberg.com\/da\/wp-json\/wp\/v2\/product_tag?post=61760"},{"taxonomy":"collections","embeddable":true,"href":"https:\/\/www.linehallberg.com\/da\/wp-json\/wp\/v2\/collections?post=61760"}],"curies":[{"name":"wp","href":"https:\/\/api.w.org\/{rel}","templated":true}]}}