{"id":61926,"date":"2020-09-29T20:29:46","date_gmt":"2020-09-29T18:29:46","guid":{"rendered":"http:\/\/lineandjo.chost.cloud\/da\/vare\/miss-palori-high-polished-round-for-earrings\/"},"modified":"2026-04-28T14:32:29","modified_gmt":"2026-04-28T12:32:29","slug":"miss-palori-high-polished-round-for-earrings","status":"publish","type":"product","link":"https:\/\/www.linehallberg.com\/da\/vare\/miss-palori-high-polished-round-for-earrings\/","title":{"rendered":"Vedh\u00e6ng til \u00f8rering<br> MINI PALORI poleret sterlings\u00f8lv (rundt lille \u00f8sken)"},"content":{"rendered":"","protected":false},"excerpt":{"rendered":"","protected":false},"featured_media":83055,"template":"","meta":[],"product_cat":[1443,1441],"product_tag":[2418,2485,2440,2480,2442,2503,2415],"collections":[2502],"bundle_layout":"","bundle_add_to_cart_form_location":"","bundle_editable_in_cart":false,"bundle_sold_individually_context":"","bundle_item_grouping":"","bundle_min_size":"","bundle_max_size":"","bundled_by":[],"bundled_items":[],"acf":[],"_links":{"self":[{"href":"https:\/\/www.linehallberg.com\/da\/wp-json\/wp\/v2\/product\/61926"}],"collection":[{"href":"https:\/\/www.linehallberg.com\/da\/wp-json\/wp\/v2\/product"}],"about":[{"href":"https:\/\/www.linehallberg.com\/da\/wp-json\/wp\/v2\/types\/product"}],"wp:featuredmedia":[{"embeddable":true,"href":"https:\/\/www.linehallberg.com\/da\/wp-json\/wp\/v2\/media\/83055"}],"wp:attachment":[{"href":"https:\/\/www.linehallberg.com\/da\/wp-json\/wp\/v2\/media?parent=61926"}],"wp:term":[{"taxonomy":"product_cat","embeddable":true,"href":"https:\/\/www.linehallberg.com\/da\/wp-json\/wp\/v2\/product_cat?post=61926"},{"taxonomy":"product_tag","embeddable":true,"href":"https:\/\/www.linehallberg.com\/da\/wp-json\/wp\/v2\/product_tag?post=61926"},{"taxonomy":"collections","embeddable":true,"href":"https:\/\/www.linehallberg.com\/da\/wp-json\/wp\/v2\/collections?post=61926"}],"curies":[{"name":"wp","href":"https:\/\/api.w.org\/{rel}","templated":true}]}}