{"id":62044,"date":"2017-11-30T18:50:05","date_gmt":"2017-11-30T17:50:05","guid":{"rendered":"http:\/\/lineandjo.chost.cloud\/da\/vare\/miss-eggert-grey\/"},"modified":"2026-04-20T08:29:16","modified_gmt":"2026-04-20T06:29:16","slug":"miss-eggert-grey","status":"publish","type":"product","link":"https:\/\/www.linehallberg.com\/da\/vare\/miss-eggert-grey\/","title":{"rendered":"\u00d8restik<br> EGGERT gr\u00e5t sterlings\u00f8lv"},"content":{"rendered":"","protected":false},"excerpt":{"rendered":"","protected":false},"featured_media":62045,"template":"","meta":[],"product_cat":[1319,1431],"product_tag":[2313,2535,2436,2455],"collections":[1403],"bundle_layout":"","bundle_add_to_cart_form_location":"","bundle_editable_in_cart":false,"bundle_sold_individually_context":"","bundle_item_grouping":"","bundle_min_size":"","bundle_max_size":"","bundled_by":[],"bundled_items":[],"acf":[],"_links":{"self":[{"href":"https:\/\/www.linehallberg.com\/da\/wp-json\/wp\/v2\/product\/62044"}],"collection":[{"href":"https:\/\/www.linehallberg.com\/da\/wp-json\/wp\/v2\/product"}],"about":[{"href":"https:\/\/www.linehallberg.com\/da\/wp-json\/wp\/v2\/types\/product"}],"wp:featuredmedia":[{"embeddable":true,"href":"https:\/\/www.linehallberg.com\/da\/wp-json\/wp\/v2\/media\/62045"}],"wp:attachment":[{"href":"https:\/\/www.linehallberg.com\/da\/wp-json\/wp\/v2\/media?parent=62044"}],"wp:term":[{"taxonomy":"product_cat","embeddable":true,"href":"https:\/\/www.linehallberg.com\/da\/wp-json\/wp\/v2\/product_cat?post=62044"},{"taxonomy":"product_tag","embeddable":true,"href":"https:\/\/www.linehallberg.com\/da\/wp-json\/wp\/v2\/product_tag?post=62044"},{"taxonomy":"collections","embeddable":true,"href":"https:\/\/www.linehallberg.com\/da\/wp-json\/wp\/v2\/collections?post=62044"}],"curies":[{"name":"wp","href":"https:\/\/api.w.org\/{rel}","templated":true}]}}