{"id":62052,"date":"2018-08-07T18:26:06","date_gmt":"2018-08-07T16:26:06","guid":{"rendered":"http:\/\/lineandjo.chost.cloud\/da\/vare\/miss-ecircle-grey\/"},"modified":"2026-04-20T08:30:38","modified_gmt":"2026-04-20T06:30:38","slug":"miss-ecircle-grey","status":"publish","type":"product","link":"https:\/\/www.linehallberg.com\/da\/vare\/miss-ecircle-grey\/","title":{"rendered":"\u00d8restik<br> ECIRCLE gr\u00e5t sterlings\u00f8lv diamant"},"content":{"rendered":"","protected":false},"excerpt":{"rendered":"","protected":false},"featured_media":62053,"template":"","meta":[],"product_cat":[1319,1431],"product_tag":[2313,2535,2436,2455],"collections":[1412],"bundle_layout":"","bundle_add_to_cart_form_location":"","bundle_editable_in_cart":false,"bundle_sold_individually_context":"","bundle_item_grouping":"","bundle_min_size":"","bundle_max_size":"","bundled_by":[],"bundled_items":[],"acf":[],"_links":{"self":[{"href":"https:\/\/www.linehallberg.com\/da\/wp-json\/wp\/v2\/product\/62052"}],"collection":[{"href":"https:\/\/www.linehallberg.com\/da\/wp-json\/wp\/v2\/product"}],"about":[{"href":"https:\/\/www.linehallberg.com\/da\/wp-json\/wp\/v2\/types\/product"}],"wp:featuredmedia":[{"embeddable":true,"href":"https:\/\/www.linehallberg.com\/da\/wp-json\/wp\/v2\/media\/62053"}],"wp:attachment":[{"href":"https:\/\/www.linehallberg.com\/da\/wp-json\/wp\/v2\/media?parent=62052"}],"wp:term":[{"taxonomy":"product_cat","embeddable":true,"href":"https:\/\/www.linehallberg.com\/da\/wp-json\/wp\/v2\/product_cat?post=62052"},{"taxonomy":"product_tag","embeddable":true,"href":"https:\/\/www.linehallberg.com\/da\/wp-json\/wp\/v2\/product_tag?post=62052"},{"taxonomy":"collections","embeddable":true,"href":"https:\/\/www.linehallberg.com\/da\/wp-json\/wp\/v2\/collections?post=62052"}],"curies":[{"name":"wp","href":"https:\/\/api.w.org\/{rel}","templated":true}]}}