{"id":62106,"date":"2017-11-30T18:50:29","date_gmt":"2017-11-30T17:50:29","guid":{"rendered":"http:\/\/lineandjo.chost.cloud\/da\/vare\/miss-eylam-grey\/"},"modified":"2026-04-20T08:30:49","modified_gmt":"2026-04-20T06:30:49","slug":"miss-eylam-grey","status":"publish","type":"product","link":"https:\/\/www.linehallberg.com\/da\/vare\/miss-eylam-grey\/","title":{"rendered":"\u00d8restik<br> EYLAM gr\u00e5t sterlings\u00f8lv"},"content":{"rendered":"","protected":false},"excerpt":{"rendered":"","protected":false},"featured_media":62107,"template":"","meta":[],"product_cat":[1319,1431],"product_tag":[2313,2535,2436,2455,2463],"collections":[1420],"bundle_layout":"","bundle_add_to_cart_form_location":"","bundle_editable_in_cart":false,"bundle_sold_individually_context":"","bundle_item_grouping":"","bundle_min_size":"","bundle_max_size":"","bundled_by":[],"bundled_items":[],"acf":[],"_links":{"self":[{"href":"https:\/\/www.linehallberg.com\/da\/wp-json\/wp\/v2\/product\/62106"}],"collection":[{"href":"https:\/\/www.linehallberg.com\/da\/wp-json\/wp\/v2\/product"}],"about":[{"href":"https:\/\/www.linehallberg.com\/da\/wp-json\/wp\/v2\/types\/product"}],"wp:featuredmedia":[{"embeddable":true,"href":"https:\/\/www.linehallberg.com\/da\/wp-json\/wp\/v2\/media\/62107"}],"wp:attachment":[{"href":"https:\/\/www.linehallberg.com\/da\/wp-json\/wp\/v2\/media?parent=62106"}],"wp:term":[{"taxonomy":"product_cat","embeddable":true,"href":"https:\/\/www.linehallberg.com\/da\/wp-json\/wp\/v2\/product_cat?post=62106"},{"taxonomy":"product_tag","embeddable":true,"href":"https:\/\/www.linehallberg.com\/da\/wp-json\/wp\/v2\/product_tag?post=62106"},{"taxonomy":"collections","embeddable":true,"href":"https:\/\/www.linehallberg.com\/da\/wp-json\/wp\/v2\/collections?post=62106"}],"curies":[{"name":"wp","href":"https:\/\/api.w.org\/{rel}","templated":true}]}}