{"id":63364,"date":"2019-12-04T18:07:28","date_gmt":"2019-12-04T17:07:28","guid":{"rendered":"http:\/\/lineandjo.chost.cloud\/da\/vare\/miss-esty-two-grey-diamond\/"},"modified":"2026-03-18T10:55:37","modified_gmt":"2026-03-18T09:55:37","slug":"miss-esty-two-grey-diamond","status":"publish","type":"product","link":"https:\/\/www.linehallberg.com\/da\/vare\/miss-esty-two-grey-diamond\/","title":{"rendered":"\u00d8restik<br> ESTY TWO gr\u00e5t sterlings\u00f8lv diamant"},"content":{"rendered":"","protected":false},"excerpt":{"rendered":"","protected":false},"featured_media":63365,"template":"","meta":[],"product_cat":[1319,1431],"product_tag":[2313,2535,2436,2455],"collections":[1412],"bundle_layout":"","bundle_add_to_cart_form_location":"","bundle_editable_in_cart":false,"bundle_sold_individually_context":"","bundle_item_grouping":"","bundle_min_size":"","bundle_max_size":"","bundled_by":[],"bundled_items":[],"acf":[],"_links":{"self":[{"href":"https:\/\/www.linehallberg.com\/da\/wp-json\/wp\/v2\/product\/63364"}],"collection":[{"href":"https:\/\/www.linehallberg.com\/da\/wp-json\/wp\/v2\/product"}],"about":[{"href":"https:\/\/www.linehallberg.com\/da\/wp-json\/wp\/v2\/types\/product"}],"wp:featuredmedia":[{"embeddable":true,"href":"https:\/\/www.linehallberg.com\/da\/wp-json\/wp\/v2\/media\/63365"}],"wp:attachment":[{"href":"https:\/\/www.linehallberg.com\/da\/wp-json\/wp\/v2\/media?parent=63364"}],"wp:term":[{"taxonomy":"product_cat","embeddable":true,"href":"https:\/\/www.linehallberg.com\/da\/wp-json\/wp\/v2\/product_cat?post=63364"},{"taxonomy":"product_tag","embeddable":true,"href":"https:\/\/www.linehallberg.com\/da\/wp-json\/wp\/v2\/product_tag?post=63364"},{"taxonomy":"collections","embeddable":true,"href":"https:\/\/www.linehallberg.com\/da\/wp-json\/wp\/v2\/collections?post=63364"}],"curies":[{"name":"wp","href":"https:\/\/api.w.org\/{rel}","templated":true}]}}