{"id":66288,"date":"2022-12-21T12:19:12","date_gmt":"2022-12-21T11:19:12","guid":{"rendered":"https:\/\/www.lineandjo.com\/da\/?post_type=product&#038;p=66288"},"modified":"2025-05-05T13:12:36","modified_gmt":"2025-05-05T11:12:36","slug":"vedhaeng-til-oerering-pagoria-two-poleret-sterlingsoelv-rund","status":"publish","type":"product","link":"https:\/\/www.linehallberg.com\/da\/vare\/vedhaeng-til-oerering-pagoria-two-poleret-sterlingsoelv-rund\/","title":{"rendered":"Vedh\u00e6ng<br> PAGORIA poleret sterlings\u00f8lv (rundt medium \u00f8sken)"},"content":{"rendered":"","protected":false},"excerpt":{"rendered":"","protected":false},"featured_media":67174,"template":"","meta":[],"product_cat":[1443,1441],"product_tag":[2420,2486,2440,2481,2444,2442,2417,2415],"collections":[1405],"bundle_layout":"","bundle_add_to_cart_form_location":"","bundle_editable_in_cart":false,"bundle_sold_individually_context":"","bundle_item_grouping":"","bundle_min_size":"","bundle_max_size":"","bundled_by":[],"bundled_items":[],"acf":[],"_links":{"self":[{"href":"https:\/\/www.linehallberg.com\/da\/wp-json\/wp\/v2\/product\/66288"}],"collection":[{"href":"https:\/\/www.linehallberg.com\/da\/wp-json\/wp\/v2\/product"}],"about":[{"href":"https:\/\/www.linehallberg.com\/da\/wp-json\/wp\/v2\/types\/product"}],"wp:featuredmedia":[{"embeddable":true,"href":"https:\/\/www.linehallberg.com\/da\/wp-json\/wp\/v2\/media\/67174"}],"wp:attachment":[{"href":"https:\/\/www.linehallberg.com\/da\/wp-json\/wp\/v2\/media?parent=66288"}],"wp:term":[{"taxonomy":"product_cat","embeddable":true,"href":"https:\/\/www.linehallberg.com\/da\/wp-json\/wp\/v2\/product_cat?post=66288"},{"taxonomy":"product_tag","embeddable":true,"href":"https:\/\/www.linehallberg.com\/da\/wp-json\/wp\/v2\/product_tag?post=66288"},{"taxonomy":"collections","embeddable":true,"href":"https:\/\/www.linehallberg.com\/da\/wp-json\/wp\/v2\/collections?post=66288"}],"curies":[{"name":"wp","href":"https:\/\/api.w.org\/{rel}","templated":true}]}}