{"id":69929,"date":"2023-11-10T15:12:58","date_gmt":"2023-11-10T14:12:58","guid":{"rendered":"https:\/\/www.lineandjo.com\/da\/?post_type=product&#038;p=69929"},"modified":"2025-09-08T12:54:12","modified_gmt":"2025-09-08T10:54:12","slug":"vedhaeng-pendul-two-graat-sterlingsoelv-rundt-medium-oesken","status":"publish","type":"product","link":"https:\/\/www.linehallberg.com\/da\/vare\/vedhaeng-pendul-two-graat-sterlingsoelv-rundt-medium-oesken\/","title":{"rendered":"Vedh\u00e6ng<br> PENDUL TWO poleret sterlings\u00f8lv (rundt medium \u00f8sken)"},"content":{"rendered":"","protected":false},"excerpt":{"rendered":"","protected":false},"featured_media":71481,"template":"","meta":[],"product_cat":[1443,1441],"product_tag":[2420,2486,2440,2444,2442,2417,2415],"collections":[1405],"bundle_layout":"","bundle_add_to_cart_form_location":"","bundle_editable_in_cart":false,"bundle_sold_individually_context":"","bundle_item_grouping":"","bundle_min_size":"","bundle_max_size":"","bundled_by":[],"bundled_items":[],"acf":[],"_links":{"self":[{"href":"https:\/\/www.linehallberg.com\/da\/wp-json\/wp\/v2\/product\/69929"}],"collection":[{"href":"https:\/\/www.linehallberg.com\/da\/wp-json\/wp\/v2\/product"}],"about":[{"href":"https:\/\/www.linehallberg.com\/da\/wp-json\/wp\/v2\/types\/product"}],"wp:featuredmedia":[{"embeddable":true,"href":"https:\/\/www.linehallberg.com\/da\/wp-json\/wp\/v2\/media\/71481"}],"wp:attachment":[{"href":"https:\/\/www.linehallberg.com\/da\/wp-json\/wp\/v2\/media?parent=69929"}],"wp:term":[{"taxonomy":"product_cat","embeddable":true,"href":"https:\/\/www.linehallberg.com\/da\/wp-json\/wp\/v2\/product_cat?post=69929"},{"taxonomy":"product_tag","embeddable":true,"href":"https:\/\/www.linehallberg.com\/da\/wp-json\/wp\/v2\/product_tag?post=69929"},{"taxonomy":"collections","embeddable":true,"href":"https:\/\/www.linehallberg.com\/da\/wp-json\/wp\/v2\/collections?post=69929"}],"curies":[{"name":"wp","href":"https:\/\/api.w.org\/{rel}","templated":true}]}}