{"id":70730,"date":"2023-11-30T13:25:59","date_gmt":"2023-11-30T12:25:59","guid":{"rendered":"https:\/\/www.lineandjo.com\/da\/?post_type=product&#038;p=70730"},"modified":"2026-03-04T14:17:05","modified_gmt":"2026-03-04T13:17:05","slug":"bracelet-beyard-two-grey-silver-0-05ct-diamond-dark-blue-string","status":"publish","type":"product","link":"https:\/\/www.linehallberg.com\/da\/vare\/bracelet-beyard-two-grey-silver-0-05ct-diamond-dark-blue-string\/","title":{"rendered":"Silkesnor armb\u00e5nd<br> BEYARD TWO gr\u00e5t sterlings\u00f8lv 0,05ct diamant<br> Dark blue string"},"content":{"rendered":"","protected":false},"excerpt":{"rendered":"","protected":false},"featured_media":71259,"template":"","meta":[],"product_cat":[1318,1427],"product_tag":[2493,2371,2460],"collections":[2560],"bundle_layout":"","bundle_add_to_cart_form_location":"","bundle_editable_in_cart":false,"bundle_sold_individually_context":"","bundle_item_grouping":"","bundle_min_size":"","bundle_max_size":"","bundled_by":[],"bundled_items":[],"acf":[],"_links":{"self":[{"href":"https:\/\/www.linehallberg.com\/da\/wp-json\/wp\/v2\/product\/70730"}],"collection":[{"href":"https:\/\/www.linehallberg.com\/da\/wp-json\/wp\/v2\/product"}],"about":[{"href":"https:\/\/www.linehallberg.com\/da\/wp-json\/wp\/v2\/types\/product"}],"wp:featuredmedia":[{"embeddable":true,"href":"https:\/\/www.linehallberg.com\/da\/wp-json\/wp\/v2\/media\/71259"}],"wp:attachment":[{"href":"https:\/\/www.linehallberg.com\/da\/wp-json\/wp\/v2\/media?parent=70730"}],"wp:term":[{"taxonomy":"product_cat","embeddable":true,"href":"https:\/\/www.linehallberg.com\/da\/wp-json\/wp\/v2\/product_cat?post=70730"},{"taxonomy":"product_tag","embeddable":true,"href":"https:\/\/www.linehallberg.com\/da\/wp-json\/wp\/v2\/product_tag?post=70730"},{"taxonomy":"collections","embeddable":true,"href":"https:\/\/www.linehallberg.com\/da\/wp-json\/wp\/v2\/collections?post=70730"}],"curies":[{"name":"wp","href":"https:\/\/api.w.org\/{rel}","templated":true}]}}