{"id":80329,"date":"2025-07-24T13:53:11","date_gmt":"2025-07-24T11:53:11","guid":{"rendered":"https:\/\/www.linehallberg.com\/da\/?post_type=product&#038;p=80329"},"modified":"2026-01-30T15:37:13","modified_gmt":"2026-01-30T14:37:13","slug":"vedhaeng-til-l-bracelet-star-one-antik-sterlingsoelv-groen-smaragd","status":"publish","type":"product","link":"https:\/\/www.linehallberg.com\/da\/vare\/vedhaeng-til-l-bracelet-star-one-antik-sterlingsoelv-groen-smaragd\/","title":{"rendered":"Vedh\u00e6ng til L-BRACELET<br> STAR ONE antik sterlings\u00f8lv gr\u00f8n smaragd"},"content":{"rendered":"","protected":false},"excerpt":{"rendered":"","protected":false},"featured_media":80333,"template":"","meta":[],"product_cat":[1090],"product_tag":[],"collections":[2545],"bundle_layout":"","bundle_add_to_cart_form_location":"","bundle_editable_in_cart":false,"bundle_sold_individually_context":"","bundle_item_grouping":"","bundle_min_size":"","bundle_max_size":"","bundled_by":[],"bundled_items":[],"acf":[],"_links":{"self":[{"href":"https:\/\/www.linehallberg.com\/da\/wp-json\/wp\/v2\/product\/80329"}],"collection":[{"href":"https:\/\/www.linehallberg.com\/da\/wp-json\/wp\/v2\/product"}],"about":[{"href":"https:\/\/www.linehallberg.com\/da\/wp-json\/wp\/v2\/types\/product"}],"wp:featuredmedia":[{"embeddable":true,"href":"https:\/\/www.linehallberg.com\/da\/wp-json\/wp\/v2\/media\/80333"}],"wp:attachment":[{"href":"https:\/\/www.linehallberg.com\/da\/wp-json\/wp\/v2\/media?parent=80329"}],"wp:term":[{"taxonomy":"product_cat","embeddable":true,"href":"https:\/\/www.linehallberg.com\/da\/wp-json\/wp\/v2\/product_cat?post=80329"},{"taxonomy":"product_tag","embeddable":true,"href":"https:\/\/www.linehallberg.com\/da\/wp-json\/wp\/v2\/product_tag?post=80329"},{"taxonomy":"collections","embeddable":true,"href":"https:\/\/www.linehallberg.com\/da\/wp-json\/wp\/v2\/collections?post=80329"}],"curies":[{"name":"wp","href":"https:\/\/api.w.org\/{rel}","templated":true}]}}