{"id":80334,"date":"2025-07-24T13:52:45","date_gmt":"2025-07-24T11:52:45","guid":{"rendered":"https:\/\/www.linehallberg.com\/da\/?post_type=product&#038;p=80334"},"modified":"2026-01-30T15:38:19","modified_gmt":"2026-01-30T14:38:19","slug":"vedhaeng-til-l-bracelet-star-one-antik-sterlingsoelv-lyseroed-safir","status":"publish","type":"product","link":"https:\/\/www.linehallberg.com\/da\/vare\/vedhaeng-til-l-bracelet-star-one-antik-sterlingsoelv-lyseroed-safir\/","title":{"rendered":"Vedh\u00e6ng til L-BRACELET<br> STAR ONE antik sterlings\u00f8lv lyser\u00f8d safir"},"content":{"rendered":"","protected":false},"excerpt":{"rendered":"","protected":false},"featured_media":80335,"template":"","meta":[],"product_cat":[1090],"product_tag":[],"collections":[2545],"bundle_layout":"","bundle_add_to_cart_form_location":"","bundle_editable_in_cart":false,"bundle_sold_individually_context":"","bundle_item_grouping":"","bundle_min_size":"","bundle_max_size":"","bundled_by":[],"bundled_items":[],"acf":[],"_links":{"self":[{"href":"https:\/\/www.linehallberg.com\/da\/wp-json\/wp\/v2\/product\/80334"}],"collection":[{"href":"https:\/\/www.linehallberg.com\/da\/wp-json\/wp\/v2\/product"}],"about":[{"href":"https:\/\/www.linehallberg.com\/da\/wp-json\/wp\/v2\/types\/product"}],"wp:featuredmedia":[{"embeddable":true,"href":"https:\/\/www.linehallberg.com\/da\/wp-json\/wp\/v2\/media\/80335"}],"wp:attachment":[{"href":"https:\/\/www.linehallberg.com\/da\/wp-json\/wp\/v2\/media?parent=80334"}],"wp:term":[{"taxonomy":"product_cat","embeddable":true,"href":"https:\/\/www.linehallberg.com\/da\/wp-json\/wp\/v2\/product_cat?post=80334"},{"taxonomy":"product_tag","embeddable":true,"href":"https:\/\/www.linehallberg.com\/da\/wp-json\/wp\/v2\/product_tag?post=80334"},{"taxonomy":"collections","embeddable":true,"href":"https:\/\/www.linehallberg.com\/da\/wp-json\/wp\/v2\/collections?post=80334"}],"curies":[{"name":"wp","href":"https:\/\/api.w.org\/{rel}","templated":true}]}}