{"id":82048,"date":"2026-01-30T13:00:06","date_gmt":"2026-01-30T12:00:06","guid":{"rendered":"https:\/\/www.linehallberg.com\/da\/?post_type=product&#038;p=82048"},"modified":"2026-02-05T11:57:52","modified_gmt":"2026-02-05T10:57:52","slug":"laederarmbaand-leather-bracelet-star-one-lyseroed-safir-antik-sterlingsoelv","status":"publish","type":"product","link":"https:\/\/www.linehallberg.com\/da\/vare\/laederarmbaand-leather-bracelet-star-one-lyseroed-safir-antik-sterlingsoelv\/","title":{"rendered":"L\u00e6derarmb\u00e5nd<br> LEATHER BRACELET STAR ONE (lyser\u00f8d safir) antik sterlings\u00f8lv"},"content":{"rendered":"","protected":false},"excerpt":{"rendered":"","protected":false},"featured_media":82135,"template":"","meta":[],"product_cat":[1318,1426,1320],"product_tag":[2546,2432],"collections":[2545],"bundle_layout":"","bundle_add_to_cart_form_location":"","bundle_editable_in_cart":false,"bundle_sold_individually_context":"","bundle_item_grouping":"","bundle_min_size":"","bundle_max_size":"","bundled_by":[],"bundled_items":[],"acf":[],"_links":{"self":[{"href":"https:\/\/www.linehallberg.com\/da\/wp-json\/wp\/v2\/product\/82048"}],"collection":[{"href":"https:\/\/www.linehallberg.com\/da\/wp-json\/wp\/v2\/product"}],"about":[{"href":"https:\/\/www.linehallberg.com\/da\/wp-json\/wp\/v2\/types\/product"}],"wp:featuredmedia":[{"embeddable":true,"href":"https:\/\/www.linehallberg.com\/da\/wp-json\/wp\/v2\/media\/82135"}],"wp:attachment":[{"href":"https:\/\/www.linehallberg.com\/da\/wp-json\/wp\/v2\/media?parent=82048"}],"wp:term":[{"taxonomy":"product_cat","embeddable":true,"href":"https:\/\/www.linehallberg.com\/da\/wp-json\/wp\/v2\/product_cat?post=82048"},{"taxonomy":"product_tag","embeddable":true,"href":"https:\/\/www.linehallberg.com\/da\/wp-json\/wp\/v2\/product_tag?post=82048"},{"taxonomy":"collections","embeddable":true,"href":"https:\/\/www.linehallberg.com\/da\/wp-json\/wp\/v2\/collections?post=82048"}],"curies":[{"name":"wp","href":"https:\/\/api.w.org\/{rel}","templated":true}]}}