{"id":82294,"date":"2026-02-09T16:38:14","date_gmt":"2026-02-09T15:38:14","guid":{"rendered":"https:\/\/www.linehallberg.com\/da\/?post_type=product&#038;p=82294"},"modified":"2026-04-09T13:35:07","modified_gmt":"2026-04-09T11:35:07","slug":"laederarmbaand-leather-bracelet-star-one-x3-blaa-safir-guld","status":"publish","type":"product","link":"https:\/\/www.linehallberg.com\/da\/vare\/laederarmbaand-leather-bracelet-star-one-x3-blaa-safir-guld\/","title":{"rendered":"L\u00e6derarmb\u00e5nd<br> LEATHER BRACELET STAR ONE x3 (bl\u00e5 safir) guld"},"content":{"rendered":"","protected":false},"excerpt":{"rendered":"","protected":false},"featured_media":82194,"template":"","meta":[],"product_cat":[1428,1318,1320],"product_tag":[2433,2546],"collections":[2545],"bundle_layout":"","bundle_add_to_cart_form_location":"","bundle_editable_in_cart":false,"bundle_sold_individually_context":"","bundle_item_grouping":"","bundle_min_size":"","bundle_max_size":"","bundled_by":[],"bundled_items":[],"acf":[],"_links":{"self":[{"href":"https:\/\/www.linehallberg.com\/da\/wp-json\/wp\/v2\/product\/82294"}],"collection":[{"href":"https:\/\/www.linehallberg.com\/da\/wp-json\/wp\/v2\/product"}],"about":[{"href":"https:\/\/www.linehallberg.com\/da\/wp-json\/wp\/v2\/types\/product"}],"wp:featuredmedia":[{"embeddable":true,"href":"https:\/\/www.linehallberg.com\/da\/wp-json\/wp\/v2\/media\/82194"}],"wp:attachment":[{"href":"https:\/\/www.linehallberg.com\/da\/wp-json\/wp\/v2\/media?parent=82294"}],"wp:term":[{"taxonomy":"product_cat","embeddable":true,"href":"https:\/\/www.linehallberg.com\/da\/wp-json\/wp\/v2\/product_cat?post=82294"},{"taxonomy":"product_tag","embeddable":true,"href":"https:\/\/www.linehallberg.com\/da\/wp-json\/wp\/v2\/product_tag?post=82294"},{"taxonomy":"collections","embeddable":true,"href":"https:\/\/www.linehallberg.com\/da\/wp-json\/wp\/v2\/collections?post=82294"}],"curies":[{"name":"wp","href":"https:\/\/api.w.org\/{rel}","templated":true}]}}